{"id":392951,"date":"2026-04-05T14:27:51","date_gmt":"2026-04-05T12:27:51","guid":{"rendered":"https:\/\/bogensportdiscount.ch\/produkt\/avalon-stabilizer-damper-maxx-19mm-1-4-5-16\/"},"modified":"2026-05-14T07:13:46","modified_gmt":"2026-05-14T05:13:46","slug":"avalon-stabilisator-daempfer-maxx-19mm-quarter-5-16","status":"publish","type":"product","link":"https:\/\/bogensportdiscount.ch\/fr\/produit\/avalon-stabilisator-daempfer-maxx-19mm-quarter-5-16\/","title":{"rendered":"AVALON STABILISATEUR DAMPER MAXX 19mm 1\/4&#8243; &#8211; 5\/16&#8243;"},"content":{"rendered":"<p>Le stabilisateur AVALON Maxx est sp\u00e9cialement con\u00e7u pour une utilisation sur les stabilisateurs d'arc d'un diam\u00e8tre de 19 mm. Il est compatible avec les filetages courants 1\/4&#8243; et 5\/16&#8243; et peut ainsi \u00eatre mont\u00e9 sur la plupart des stabilisateurs standard.<\/p>\n<p>L'amortisseur absorbe les vibrations et l'\u00e9nergie r\u00e9siduelle g\u00e9n\u00e9r\u00e9es lors du tir, contribuant ainsi \u00e0 un fonctionnement plus silencieux de l'arc et \u00e0 une sensation de tir plus agr\u00e9able. Il convient aux archers utilisant un arc classique ou un arc \u00e0 poulies qui souhaitent \u00e9quiper leur stabilisateur d'un \u00e9l\u00e9ment d'amortissement suppl\u00e9mentaire.<\/p>\n<ul>\n<li>Compatible avec les stabilisateurs d'un diam\u00e8tre de 19 mm<\/li>\n<li>Compatible avec les filetages 1\/4&#8243; et 5\/16&#8243;<\/li>\n<li>R\u00e9duit les vibrations apr\u00e8s le tir<\/li>\n<li>Montage simple sur le syst\u00e8me de stabilisation existant<\/li>\n<\/ul>","protected":false},"excerpt":{"rendered":"<p><strong>Diameter:<\/strong> 19 mm<br \/><strong>Thread Size:<\/strong> 1\/4&quot;<br \/><strong>mat\u00e9riel :<\/strong> Rubber\/metal vibration-dampening composite<br \/><strong>Type:<\/strong> Stabilizer damper<\/p>","protected":false},"featured_media":442093,"comment_status":"open","ping_status":"closed","template":"","meta":[],"product_brand":[449],"product_cat":[4128,4195,4197],"product_tag":[3546],"class_list":{"0":"post-392951","1":"product","2":"type-product","3":"status-publish","4":"has-post-thumbnail","6":"product_brand-avalon","7":"product_cat-bogen-zubehoer","8":"product_cat-daempfer","9":"product_cat-stabilisations-daempfer","10":"product_tag-neuheit","11":"product_shipping_class-bsd-standard","13":"first","14":"instock","15":"shipping-taxable","16":"purchasable","17":"product-type-simple"},"yoast_head":"<!-- This site is optimized with the Yoast SEO plugin v27.6 - https:\/\/yoast.com\/product\/yoast-seo-wordpress\/ -->\n<title>AVALON STABILISATOR DAMPER MAXX 19mm 1\/4&quot; - 5\/16&quot; - Bogensportdiscount \u2013 B\u00f6gen, Pfeile, Targets &amp; Zubeh\u00f6r<\/title>\n<meta name=\"description\" content=\"AVALON STABILISATOR DAMPER MAXX 19mm 1\/4&quot; - 5\/16&quot; g\u00fcnstig kaufen bei Bogensportdiscount \u2013 Top-Marken, schneller Versand aus der Schweiz.\" \/>\n<meta name=\"robots\" content=\"index, follow, max-snippet:-1, max-image-preview:large, max-video-preview:-1\" \/>\n<link rel=\"canonical\" href=\"https:\/\/bogensportdiscount.ch\/fr\/produit\/avalon-stabilisator-daempfer-maxx-19mm-quarter-5-16\/\" \/>\n<meta property=\"og:locale\" content=\"fr_FR\" \/>\n<meta property=\"og:type\" content=\"article\" \/>\n<meta property=\"og:title\" content=\"AVALON STABILISATOR DAMPER MAXX 19mm 1\/4&quot; - 5\/16&quot; - Bogensportdiscount \u2013 B\u00f6gen, Pfeile, Targets &amp; Zubeh\u00f6r\" \/>\n<meta property=\"og:description\" content=\"AVALON STABILISATOR DAMPER MAXX 19mm 1\/4&quot; - 5\/16&quot; g\u00fcnstig kaufen bei Bogensportdiscount \u2013 Top-Marken, schneller Versand aus der Schweiz.\" \/>\n<meta property=\"og:url\" content=\"https:\/\/bogensportdiscount.ch\/fr\/produit\/avalon-stabilisator-daempfer-maxx-19mm-quarter-5-16\/\" \/>\n<meta property=\"og:site_name\" content=\"Bogensportdiscount \u2013 B\u00f6gen, Pfeile, Targets &amp; Zubeh\u00f6r\" \/>\n<meta property=\"article:modified_time\" content=\"2026-05-14T05:13:46+00:00\" \/>\n<meta property=\"og:image\" content=\"https:\/\/bogensportdiscount.ch\/wp-content\/uploads\/bsm-images\/A057508_1.png\" \/>\n\t<meta property=\"og:image:width\" content=\"1416\" \/>\n\t<meta property=\"og:image:height\" content=\"1824\" \/>\n\t<meta property=\"og:image:type\" content=\"image\/png\" \/>\n<meta name=\"twitter:card\" content=\"summary_large_image\" \/>\n<meta name=\"twitter:label1\" content=\"Dur\u00e9e de lecture estim\u00e9e\" \/>\n\t<meta name=\"twitter:data1\" content=\"1 minute\" \/>\n<script type=\"application\/ld+json\" class=\"yoast-schema-graph\">{\"@context\":\"https:\\\/\\\/schema.org\",\"@graph\":[{\"@type\":\"WebPage\",\"@id\":\"https:\\\/\\\/bogensportdiscount.ch\\\/produkt\\\/avalon-stabilisator-daempfer-maxx-19mm-quarter-5-16\\\/\",\"url\":\"https:\\\/\\\/bogensportdiscount.ch\\\/produkt\\\/avalon-stabilisator-daempfer-maxx-19mm-quarter-5-16\\\/\",\"name\":\"AVALON STABILISATOR DAMPER MAXX 19mm 1\\\/4\\\" - 5\\\/16\\\" - Bogensportdiscount \u2013 B\u00f6gen, Pfeile, Targets &amp; Zubeh\u00f6r\",\"isPartOf\":{\"@id\":\"https:\\\/\\\/bogensportdiscount.ch\\\/#website\"},\"primaryImageOfPage\":{\"@id\":\"https:\\\/\\\/bogensportdiscount.ch\\\/produkt\\\/avalon-stabilisator-daempfer-maxx-19mm-quarter-5-16\\\/#primaryimage\"},\"image\":{\"@id\":\"https:\\\/\\\/bogensportdiscount.ch\\\/produkt\\\/avalon-stabilisator-daempfer-maxx-19mm-quarter-5-16\\\/#primaryimage\"},\"thumbnailUrl\":\"https:\\\/\\\/bogensportdiscount.ch\\\/wp-content\\\/uploads\\\/bsm-images\\\/A057508_1.png\",\"datePublished\":\"2026-04-05T12:27:51+00:00\",\"dateModified\":\"2026-05-14T05:13:46+00:00\",\"description\":\"AVALON STABILISATOR DAMPER MAXX 19mm 1\\\/4\\\" - 5\\\/16\\\" g\u00fcnstig kaufen bei Bogensportdiscount \u2013 Top-Marken, schneller Versand aus der Schweiz.\",\"breadcrumb\":{\"@id\":\"https:\\\/\\\/bogensportdiscount.ch\\\/produkt\\\/avalon-stabilisator-daempfer-maxx-19mm-quarter-5-16\\\/#breadcrumb\"},\"inLanguage\":\"fr-FR\",\"potentialAction\":[{\"@type\":\"ReadAction\",\"target\":[\"https:\\\/\\\/bogensportdiscount.ch\\\/produkt\\\/avalon-stabilisator-daempfer-maxx-19mm-quarter-5-16\\\/\"]}]},{\"@type\":\"ImageObject\",\"inLanguage\":\"fr-FR\",\"@id\":\"https:\\\/\\\/bogensportdiscount.ch\\\/produkt\\\/avalon-stabilisator-daempfer-maxx-19mm-quarter-5-16\\\/#primaryimage\",\"url\":\"https:\\\/\\\/bogensportdiscount.ch\\\/wp-content\\\/uploads\\\/bsm-images\\\/A057508_1.png\",\"contentUrl\":\"https:\\\/\\\/bogensportdiscount.ch\\\/wp-content\\\/uploads\\\/bsm-images\\\/A057508_1.png\",\"width\":1416,\"height\":1824},{\"@type\":\"BreadcrumbList\",\"@id\":\"https:\\\/\\\/bogensportdiscount.ch\\\/produkt\\\/avalon-stabilisator-daempfer-maxx-19mm-quarter-5-16\\\/#breadcrumb\",\"itemListElement\":[{\"@type\":\"ListItem\",\"position\":1,\"name\":\"Home\",\"item\":\"https:\\\/\\\/bogensportdiscount.ch\\\/\"},{\"@type\":\"ListItem\",\"position\":2,\"name\":\"Shop\",\"item\":\"https:\\\/\\\/bogensportdiscount.ch\\\/shop\\\/\"},{\"@type\":\"ListItem\",\"position\":3,\"name\":\"AVALON STABILIZER DAMPER MAXX 19mm 1\\\/4&#8243; &#8211; 5\\\/16&#8243;\"}]},{\"@type\":\"WebSite\",\"@id\":\"https:\\\/\\\/bogensportdiscount.ch\\\/#website\",\"url\":\"https:\\\/\\\/bogensportdiscount.ch\\\/\",\"name\":\"Bogensportdiscount\",\"description\":\"\",\"potentialAction\":[{\"@type\":\"SearchAction\",\"target\":{\"@type\":\"EntryPoint\",\"urlTemplate\":\"https:\\\/\\\/bogensportdiscount.ch\\\/?s={search_term_string}\"},\"query-input\":{\"@type\":\"PropertyValueSpecification\",\"valueRequired\":true,\"valueName\":\"search_term_string\"}}],\"inLanguage\":\"fr-FR\"}]}<\/script>\n<!-- \/ Yoast SEO plugin. -->","yoast_head_json":{"title":"AVALON STABILISATOR DAMPER MAXX 19mm 1\/4\" - 5\/16\" - Bogensportdiscount \u2013 B\u00f6gen, Pfeile, Targets &amp; Zubeh\u00f6r","description":"AVALON STABILISATOR DAMPER MAXX 19mm 1\/4\" - 5\/16\" g\u00fcnstig kaufen bei Bogensportdiscount \u2013 Top-Marken, schneller Versand aus der Schweiz.","robots":{"index":"index","follow":"follow","max-snippet":"max-snippet:-1","max-image-preview":"max-image-preview:large","max-video-preview":"max-video-preview:-1"},"canonical":"https:\/\/bogensportdiscount.ch\/fr\/produit\/avalon-stabilisator-daempfer-maxx-19mm-quarter-5-16\/","og_locale":"fr_FR","og_type":"article","og_title":"AVALON STABILISATOR DAMPER MAXX 19mm 1\/4\" - 5\/16\" - Bogensportdiscount \u2013 B\u00f6gen, Pfeile, Targets &amp; Zubeh\u00f6r","og_description":"AVALON STABILISATOR DAMPER MAXX 19mm 1\/4\" - 5\/16\" g\u00fcnstig kaufen bei Bogensportdiscount \u2013 Top-Marken, schneller Versand aus der Schweiz.","og_url":"https:\/\/bogensportdiscount.ch\/fr\/produit\/avalon-stabilisator-daempfer-maxx-19mm-quarter-5-16\/","og_site_name":"Bogensportdiscount \u2013 B\u00f6gen, Pfeile, Targets &amp; Zubeh\u00f6r","article_modified_time":"2026-05-14T05:13:46+00:00","og_image":[{"width":1416,"height":1824,"url":"https:\/\/bogensportdiscount.ch\/wp-content\/uploads\/bsm-images\/A057508_1.png","type":"image\/png"}],"twitter_card":"summary_large_image","twitter_misc":{"Dur\u00e9e de lecture estim\u00e9e":"1 minute"},"schema":{"@context":"https:\/\/schema.org","@graph":[{"@type":"WebPage","@id":"https:\/\/bogensportdiscount.ch\/produkt\/avalon-stabilisator-daempfer-maxx-19mm-quarter-5-16\/","url":"https:\/\/bogensportdiscount.ch\/produkt\/avalon-stabilisator-daempfer-maxx-19mm-quarter-5-16\/","name":"AVALON STABILISATOR DAMPER MAXX 19mm 1\/4\" - 5\/16\" - Bogensportdiscount \u2013 B\u00f6gen, Pfeile, Targets &amp; Zubeh\u00f6r","isPartOf":{"@id":"https:\/\/bogensportdiscount.ch\/#website"},"primaryImageOfPage":{"@id":"https:\/\/bogensportdiscount.ch\/produkt\/avalon-stabilisator-daempfer-maxx-19mm-quarter-5-16\/#primaryimage"},"image":{"@id":"https:\/\/bogensportdiscount.ch\/produkt\/avalon-stabilisator-daempfer-maxx-19mm-quarter-5-16\/#primaryimage"},"thumbnailUrl":"https:\/\/bogensportdiscount.ch\/wp-content\/uploads\/bsm-images\/A057508_1.png","datePublished":"2026-04-05T12:27:51+00:00","dateModified":"2026-05-14T05:13:46+00:00","description":"AVALON STABILISATOR DAMPER MAXX 19mm 1\/4\" - 5\/16\" g\u00fcnstig kaufen bei Bogensportdiscount \u2013 Top-Marken, schneller Versand aus der Schweiz.","breadcrumb":{"@id":"https:\/\/bogensportdiscount.ch\/produkt\/avalon-stabilisator-daempfer-maxx-19mm-quarter-5-16\/#breadcrumb"},"inLanguage":"fr-FR","potentialAction":[{"@type":"ReadAction","target":["https:\/\/bogensportdiscount.ch\/produkt\/avalon-stabilisator-daempfer-maxx-19mm-quarter-5-16\/"]}]},{"@type":"ImageObject","inLanguage":"fr-FR","@id":"https:\/\/bogensportdiscount.ch\/produkt\/avalon-stabilisator-daempfer-maxx-19mm-quarter-5-16\/#primaryimage","url":"https:\/\/bogensportdiscount.ch\/wp-content\/uploads\/bsm-images\/A057508_1.png","contentUrl":"https:\/\/bogensportdiscount.ch\/wp-content\/uploads\/bsm-images\/A057508_1.png","width":1416,"height":1824},{"@type":"BreadcrumbList","@id":"https:\/\/bogensportdiscount.ch\/produkt\/avalon-stabilisator-daempfer-maxx-19mm-quarter-5-16\/#breadcrumb","itemListElement":[{"@type":"ListItem","position":1,"name":"Home","item":"https:\/\/bogensportdiscount.ch\/"},{"@type":"ListItem","position":2,"name":"Shop","item":"https:\/\/bogensportdiscount.ch\/shop\/"},{"@type":"ListItem","position":3,"name":"AVALON STABILIZER DAMPER MAXX 19mm 1\/4&#8243; &#8211; 5\/16&#8243;"}]},{"@type":"WebSite","@id":"https:\/\/bogensportdiscount.ch\/#website","url":"https:\/\/bogensportdiscount.ch\/","name":"Bogensportdiscount","description":"","potentialAction":[{"@type":"SearchAction","target":{"@type":"EntryPoint","urlTemplate":"https:\/\/bogensportdiscount.ch\/?s={search_term_string}"},"query-input":{"@type":"PropertyValueSpecification","valueRequired":true,"valueName":"search_term_string"}}],"inLanguage":"fr-FR"}]}},"_links":{"self":[{"href":"https:\/\/bogensportdiscount.ch\/fr\/wp-json\/wp\/v2\/product\/392951","targetHints":{"allow":["GET"]}}],"collection":[{"href":"https:\/\/bogensportdiscount.ch\/fr\/wp-json\/wp\/v2\/product"}],"about":[{"href":"https:\/\/bogensportdiscount.ch\/fr\/wp-json\/wp\/v2\/types\/product"}],"replies":[{"embeddable":true,"href":"https:\/\/bogensportdiscount.ch\/fr\/wp-json\/wp\/v2\/comments?post=392951"}],"wp:featuredmedia":[{"embeddable":true,"href":"https:\/\/bogensportdiscount.ch\/fr\/wp-json\/wp\/v2\/media\/442093"}],"wp:attachment":[{"href":"https:\/\/bogensportdiscount.ch\/fr\/wp-json\/wp\/v2\/media?parent=392951"}],"wp:term":[{"taxonomy":"product_brand","embeddable":true,"href":"https:\/\/bogensportdiscount.ch\/fr\/wp-json\/wp\/v2\/product_brand?post=392951"},{"taxonomy":"product_cat","embeddable":true,"href":"https:\/\/bogensportdiscount.ch\/fr\/wp-json\/wp\/v2\/product_cat?post=392951"},{"taxonomy":"product_tag","embeddable":true,"href":"https:\/\/bogensportdiscount.ch\/fr\/wp-json\/wp\/v2\/product_tag?post=392951"}],"curies":[{"name":"wp","href":"https:\/\/api.w.org\/{rel}","templated":true}]}}