{"id":392943,"date":"2026-04-05T14:27:50","date_gmt":"2026-04-05T12:27:50","guid":{"rendered":"https:\/\/bogensportdiscount.ch\/produkt\/oak-ridge-grips-in-wood-bryon-rh-gray-black\/"},"modified":"2026-04-15T12:15:08","modified_gmt":"2026-04-15T10:15:08","slug":"oakridge-recurve-griff-bryon-rh-grau-schwarz-holz","status":"publish","type":"product","link":"https:\/\/bogensportdiscount.ch\/fr\/produit\/oakridge-recurve-griff-bryon-rh-grau-schwarz-holz\/","title":{"rendered":"OAK RIDGE GRIPS IN WOOD BRYON RH GRAY\/BLACK"},"content":{"rendered":"<p>Der OAKRIDGE Bryon ist ein Recurve-Griff aus Holz, erh\u00e4ltlich f\u00fcr Rechtsh\u00e4nder (RH) in der Farbkombination Grau\/Schwarz. Holzgriffe bieten eine nat\u00fcrliche Haptik und k\u00f6nnen das Schussverhalten durch ihre d\u00e4mpfenden Eigenschaften positiv beeinflussen.<\/p>\n<p>Der Griff ist als Ersatz- oder Upgradeteil f\u00fcr kompatible Recurve-B\u00f6gen konzipiert. Durch den Austausch des Originalgriffs l\u00e4sst sich die Passform und das Handling des Bogens an individuelle Bed\u00fcrfnisse anpassen.<\/p>\n<ul>\n<li>Material: Holz<\/li>\n<li>Ausf\u00fchrung: Rechtsh\u00e4nder (RH)<\/li>\n<li>Farbe: Grau\/Schwarz<\/li>\n<li>Verwendung: Recurve-B\u00f6gen<\/li>\n<\/ul>","protected":false},"excerpt":{"rendered":"<p><strong>Marque :<\/strong> Oak Ridge<br \/><strong>LH\/RH:<\/strong> RH<br \/><strong>Farbe:<\/strong> Schwarz<br \/><strong>Typ:<\/strong> Moyen<br \/><strong>GTIN:<\/strong> 6426002070096<\/p>","protected":false},"featured_media":447496,"comment_status":"open","ping_status":"closed","template":"","meta":[],"product_brand":[569],"product_cat":[4201],"product_tag":[3546],"class_list":{"0":"post-392943","1":"product","2":"type-product","3":"status-publish","4":"has-post-thumbnail","6":"product_brand-oakridge","7":"product_cat-recurve-griffe-griffe-bogen-zubehoer","8":"product_tag-neuheit","10":"first","11":"instock","12":"shipping-taxable","13":"purchasable","14":"product-type-simple"},"_links":{"self":[{"href":"https:\/\/bogensportdiscount.ch\/fr\/wp-json\/wp\/v2\/product\/392943","targetHints":{"allow":["GET"]}}],"collection":[{"href":"https:\/\/bogensportdiscount.ch\/fr\/wp-json\/wp\/v2\/product"}],"about":[{"href":"https:\/\/bogensportdiscount.ch\/fr\/wp-json\/wp\/v2\/types\/product"}],"replies":[{"embeddable":true,"href":"https:\/\/bogensportdiscount.ch\/fr\/wp-json\/wp\/v2\/comments?post=392943"}],"wp:featuredmedia":[{"embeddable":true,"href":"https:\/\/bogensportdiscount.ch\/fr\/wp-json\/wp\/v2\/media\/447496"}],"wp:attachment":[{"href":"https:\/\/bogensportdiscount.ch\/fr\/wp-json\/wp\/v2\/media?parent=392943"}],"wp:term":[{"taxonomy":"product_brand","embeddable":true,"href":"https:\/\/bogensportdiscount.ch\/fr\/wp-json\/wp\/v2\/product_brand?post=392943"},{"taxonomy":"product_cat","embeddable":true,"href":"https:\/\/bogensportdiscount.ch\/fr\/wp-json\/wp\/v2\/product_cat?post=392943"},{"taxonomy":"product_tag","embeddable":true,"href":"https:\/\/bogensportdiscount.ch\/fr\/wp-json\/wp\/v2\/product_tag?post=392943"}],"curies":[{"name":"wp","href":"https:\/\/api.w.org\/{rel}","templated":true}]}}