{"id":392927,"date":"2026-04-05T14:27:46","date_gmt":"2026-04-05T12:27:46","guid":{"rendered":"https:\/\/bogensportdiscount.ch\/produkt\/neet-quivers-for-traditional-hip-n-613-perforated-leather-blue-camo\/"},"modified":"2026-05-14T07:13:46","modified_gmt":"2026-05-14T05:13:46","slug":"neet-traditioneller-hueftkocher-n-613-perforiertes-leder-blau-camo","status":"publish","type":"product","link":"https:\/\/bogensportdiscount.ch\/fr\/produit\/neet-traditioneller-hueftkocher-n-613-perforiertes-leder-blau-camo\/","title":{"rendered":"NEET CARQUOIS POUR TRADITIONNEL CARQUOIS DE HANCHE N-613 CUIR PERFOR\u00c9 BLEU CAMO"},"content":{"rendered":"<p>Le carquois de hanche NEET N-613 s'adresse aux archers traditionnels qui souhaitent porter leurs fl\u00e8ches confortablement \u00e0 port\u00e9e de main \u00e0 la ceinture. Le cuir perfor\u00e9 assure une bonne ventilation et conf\u00e8re au carquois un aspect classique.<\/p>\n<p>Le motif camouflage bleu fait du N-613 un compagnon reconnaissable sur le stand de tir ou lors du tir en campagne. La fabrication en cuir promet une utilisation durable, m\u00eame lors d'un usage r\u00e9gulier.<\/p>\n<ul>\n<li>Mat\u00e9riau : Cuir perfor\u00e9<\/li>\n<li>Port : Hanche\/Ceinture<\/li>\n<li>Couleur : Camouflage bleu<\/li>\n<li>Adapt\u00e9 au tir \u00e0 l'arc traditionnel<\/li>\n<\/ul>","protected":false},"excerpt":{"rendered":"<table>\n<tr>\n<th>Propri\u00e9t\u00e9<\/th>\n<th>Valeur<\/th>\n<\/tr>\n<tr>\n<td>Marque<\/td>\n<td>Neet<\/td>\n<\/tr>\n<tr>\n<td>Type<\/td>\n<td>Carquois de hanche<\/td>\n<\/tr>\n<tr>\n<td>Couleur<\/td>\n<td>Camo<\/td>\n<\/tr>\n<tr>\n<td>Hand (LH\/RH)<\/td>\n<td>Ambidextre<\/td>\n<\/tr>\n<tr>\n<td>Pays d'origine<\/td>\n<td>USA<\/td>\n<\/tr>\n<tr>\n<td>GTIN<\/td>\n<td>046821061035<\/td>\n<\/tr>\n<\/table>","protected":false},"featured_media":446331,"comment_status":"open","ping_status":"closed","template":"","meta":[],"product_brand":[786],"product_cat":[4124,4145,4149],"product_tag":[3546],"class_list":{"0":"post-392927","1":"product","2":"type-product","3":"status-publish","4":"has-post-thumbnail","6":"product_brand-neet","7":"product_cat-bogenschuetzer-ausruestung","8":"product_cat-koecher-guerteltasche","9":"product_cat-traditioneller-koecher","10":"product_tag-neuheit","11":"product_shipping_class-bsd-standard","13":"first","14":"instock","15":"shipping-taxable","16":"purchasable","17":"product-type-simple"},"yoast_head":"<!-- This site is optimized with the Yoast SEO plugin v27.6 - https:\/\/yoast.com\/product\/yoast-seo-wordpress\/ -->\n<title>NEET K\u00d6CHER F\u00dcR TRADITIONELL H\u00dcFTK\u00d6CHER N-613 PERFORIERTES LEDER BLAU CAMO - Bogensportdiscount \u2013 B\u00f6gen, Pfeile, Targets &amp; Zubeh\u00f6r<\/title>\n<meta name=\"description\" content=\"NEET K\u00d6CHER F\u00dcR TRADITIONELL H\u00dcFTK\u00d6CHER N-613 PERFORIERTES LEDER BLAU CAMO g\u00fcnstig kaufen bei Bogensportdiscount \u2013 Top-Marken, schneller Versand aus der Schweiz.\" \/>\n<meta name=\"robots\" content=\"index, follow, max-snippet:-1, max-image-preview:large, max-video-preview:-1\" \/>\n<link rel=\"canonical\" href=\"https:\/\/bogensportdiscount.ch\/fr\/produit\/neet-traditioneller-hueftkocher-n-613-perforiertes-leder-blau-camo\/\" \/>\n<meta property=\"og:locale\" content=\"fr_FR\" \/>\n<meta property=\"og:type\" content=\"article\" \/>\n<meta property=\"og:title\" content=\"NEET K\u00d6CHER F\u00dcR TRADITIONELL H\u00dcFTK\u00d6CHER N-613 PERFORIERTES LEDER BLAU CAMO - Bogensportdiscount \u2013 B\u00f6gen, Pfeile, Targets &amp; Zubeh\u00f6r\" \/>\n<meta property=\"og:description\" content=\"NEET K\u00d6CHER F\u00dcR TRADITIONELL H\u00dcFTK\u00d6CHER N-613 PERFORIERTES LEDER BLAU CAMO g\u00fcnstig kaufen bei Bogensportdiscount \u2013 Top-Marken, schneller Versand aus der Schweiz.\" \/>\n<meta property=\"og:url\" content=\"https:\/\/bogensportdiscount.ch\/fr\/produit\/neet-traditioneller-hueftkocher-n-613-perforiertes-leder-blau-camo\/\" \/>\n<meta property=\"og:site_name\" content=\"Bogensportdiscount \u2013 B\u00f6gen, Pfeile, Targets &amp; Zubeh\u00f6r\" \/>\n<meta property=\"article:modified_time\" content=\"2026-05-14T05:13:46+00:00\" \/>\n<meta property=\"og:image\" content=\"https:\/\/bogensportdiscount.ch\/wp-content\/uploads\/bsm-images\/A057218_2.png\" \/>\n\t<meta property=\"og:image:width\" content=\"2204\" \/>\n\t<meta property=\"og:image:height\" content=\"3576\" \/>\n\t<meta property=\"og:image:type\" content=\"image\/png\" \/>\n<meta name=\"twitter:card\" content=\"summary_large_image\" \/>\n<script type=\"application\/ld+json\" class=\"yoast-schema-graph\">{\"@context\":\"https:\\\/\\\/schema.org\",\"@graph\":[{\"@type\":\"WebPage\",\"@id\":\"https:\\\/\\\/bogensportdiscount.ch\\\/produkt\\\/neet-traditioneller-hueftkocher-n-613-perforiertes-leder-blau-camo\\\/\",\"url\":\"https:\\\/\\\/bogensportdiscount.ch\\\/produkt\\\/neet-traditioneller-hueftkocher-n-613-perforiertes-leder-blau-camo\\\/\",\"name\":\"NEET K\u00d6CHER F\u00dcR TRADITIONELL H\u00dcFTK\u00d6CHER N-613 PERFORIERTES LEDER BLAU CAMO - Bogensportdiscount \u2013 B\u00f6gen, Pfeile, Targets &amp; Zubeh\u00f6r\",\"isPartOf\":{\"@id\":\"https:\\\/\\\/bogensportdiscount.ch\\\/#website\"},\"primaryImageOfPage\":{\"@id\":\"https:\\\/\\\/bogensportdiscount.ch\\\/produkt\\\/neet-traditioneller-hueftkocher-n-613-perforiertes-leder-blau-camo\\\/#primaryimage\"},\"image\":{\"@id\":\"https:\\\/\\\/bogensportdiscount.ch\\\/produkt\\\/neet-traditioneller-hueftkocher-n-613-perforiertes-leder-blau-camo\\\/#primaryimage\"},\"thumbnailUrl\":\"https:\\\/\\\/bogensportdiscount.ch\\\/wp-content\\\/uploads\\\/bsm-images\\\/A057218_2.png\",\"datePublished\":\"2026-04-05T12:27:46+00:00\",\"dateModified\":\"2026-05-14T05:13:46+00:00\",\"description\":\"NEET K\u00d6CHER F\u00dcR TRADITIONELL H\u00dcFTK\u00d6CHER N-613 PERFORIERTES LEDER BLAU CAMO g\u00fcnstig kaufen bei Bogensportdiscount \u2013 Top-Marken, schneller Versand aus der Schweiz.\",\"breadcrumb\":{\"@id\":\"https:\\\/\\\/bogensportdiscount.ch\\\/produkt\\\/neet-traditioneller-hueftkocher-n-613-perforiertes-leder-blau-camo\\\/#breadcrumb\"},\"inLanguage\":\"fr-FR\",\"potentialAction\":[{\"@type\":\"ReadAction\",\"target\":[\"https:\\\/\\\/bogensportdiscount.ch\\\/produkt\\\/neet-traditioneller-hueftkocher-n-613-perforiertes-leder-blau-camo\\\/\"]}]},{\"@type\":\"ImageObject\",\"inLanguage\":\"fr-FR\",\"@id\":\"https:\\\/\\\/bogensportdiscount.ch\\\/produkt\\\/neet-traditioneller-hueftkocher-n-613-perforiertes-leder-blau-camo\\\/#primaryimage\",\"url\":\"https:\\\/\\\/bogensportdiscount.ch\\\/wp-content\\\/uploads\\\/bsm-images\\\/A057218_2.png\",\"contentUrl\":\"https:\\\/\\\/bogensportdiscount.ch\\\/wp-content\\\/uploads\\\/bsm-images\\\/A057218_2.png\",\"width\":2204,\"height\":3576},{\"@type\":\"BreadcrumbList\",\"@id\":\"https:\\\/\\\/bogensportdiscount.ch\\\/produkt\\\/neet-traditioneller-hueftkocher-n-613-perforiertes-leder-blau-camo\\\/#breadcrumb\",\"itemListElement\":[{\"@type\":\"ListItem\",\"position\":1,\"name\":\"Home\",\"item\":\"https:\\\/\\\/bogensportdiscount.ch\\\/\"},{\"@type\":\"ListItem\",\"position\":2,\"name\":\"Shop\",\"item\":\"https:\\\/\\\/bogensportdiscount.ch\\\/shop\\\/\"},{\"@type\":\"ListItem\",\"position\":3,\"name\":\"NEET QUIVERS FOR TRADITIONAL HIP N-613 PERFORATED LEATHER BLUE CAMO\"}]},{\"@type\":\"WebSite\",\"@id\":\"https:\\\/\\\/bogensportdiscount.ch\\\/#website\",\"url\":\"https:\\\/\\\/bogensportdiscount.ch\\\/\",\"name\":\"Bogensportdiscount\",\"description\":\"\",\"potentialAction\":[{\"@type\":\"SearchAction\",\"target\":{\"@type\":\"EntryPoint\",\"urlTemplate\":\"https:\\\/\\\/bogensportdiscount.ch\\\/?s={search_term_string}\"},\"query-input\":{\"@type\":\"PropertyValueSpecification\",\"valueRequired\":true,\"valueName\":\"search_term_string\"}}],\"inLanguage\":\"fr-FR\"}]}<\/script>\n<!-- \/ Yoast SEO plugin. -->","yoast_head_json":{"title":"NEET K\u00d6CHER F\u00dcR TRADITIONELL H\u00dcFTK\u00d6CHER N-613 PERFORIERTES LEDER BLAU CAMO - Bogensportdiscount \u2013 B\u00f6gen, Pfeile, Targets &amp; Zubeh\u00f6r","description":"NEET K\u00d6CHER F\u00dcR TRADITIONELL H\u00dcFTK\u00d6CHER N-613 PERFORIERTES LEDER BLAU CAMO g\u00fcnstig kaufen bei Bogensportdiscount \u2013 Top-Marken, schneller Versand aus der Schweiz.","robots":{"index":"index","follow":"follow","max-snippet":"max-snippet:-1","max-image-preview":"max-image-preview:large","max-video-preview":"max-video-preview:-1"},"canonical":"https:\/\/bogensportdiscount.ch\/fr\/produit\/neet-traditioneller-hueftkocher-n-613-perforiertes-leder-blau-camo\/","og_locale":"fr_FR","og_type":"article","og_title":"NEET K\u00d6CHER F\u00dcR TRADITIONELL H\u00dcFTK\u00d6CHER N-613 PERFORIERTES LEDER BLAU CAMO - Bogensportdiscount \u2013 B\u00f6gen, Pfeile, Targets &amp; Zubeh\u00f6r","og_description":"NEET K\u00d6CHER F\u00dcR TRADITIONELL H\u00dcFTK\u00d6CHER N-613 PERFORIERTES LEDER BLAU CAMO g\u00fcnstig kaufen bei Bogensportdiscount \u2013 Top-Marken, schneller Versand aus der Schweiz.","og_url":"https:\/\/bogensportdiscount.ch\/fr\/produit\/neet-traditioneller-hueftkocher-n-613-perforiertes-leder-blau-camo\/","og_site_name":"Bogensportdiscount \u2013 B\u00f6gen, Pfeile, Targets &amp; Zubeh\u00f6r","article_modified_time":"2026-05-14T05:13:46+00:00","og_image":[{"url":"https:\/\/bogensportdiscount.ch\/wp-content\/uploads\/bsm-images\/A057218_2.png","width":2204,"height":3576,"type":"image\/png"}],"twitter_card":"summary_large_image","schema":{"@context":"https:\/\/schema.org","@graph":[{"@type":"WebPage","@id":"https:\/\/bogensportdiscount.ch\/produkt\/neet-traditioneller-hueftkocher-n-613-perforiertes-leder-blau-camo\/","url":"https:\/\/bogensportdiscount.ch\/produkt\/neet-traditioneller-hueftkocher-n-613-perforiertes-leder-blau-camo\/","name":"NEET K\u00d6CHER F\u00dcR TRADITIONELL H\u00dcFTK\u00d6CHER N-613 PERFORIERTES LEDER BLAU CAMO - Bogensportdiscount \u2013 B\u00f6gen, Pfeile, Targets &amp; Zubeh\u00f6r","isPartOf":{"@id":"https:\/\/bogensportdiscount.ch\/#website"},"primaryImageOfPage":{"@id":"https:\/\/bogensportdiscount.ch\/produkt\/neet-traditioneller-hueftkocher-n-613-perforiertes-leder-blau-camo\/#primaryimage"},"image":{"@id":"https:\/\/bogensportdiscount.ch\/produkt\/neet-traditioneller-hueftkocher-n-613-perforiertes-leder-blau-camo\/#primaryimage"},"thumbnailUrl":"https:\/\/bogensportdiscount.ch\/wp-content\/uploads\/bsm-images\/A057218_2.png","datePublished":"2026-04-05T12:27:46+00:00","dateModified":"2026-05-14T05:13:46+00:00","description":"NEET K\u00d6CHER F\u00dcR TRADITIONELL H\u00dcFTK\u00d6CHER N-613 PERFORIERTES LEDER BLAU CAMO g\u00fcnstig kaufen bei Bogensportdiscount \u2013 Top-Marken, schneller Versand aus der Schweiz.","breadcrumb":{"@id":"https:\/\/bogensportdiscount.ch\/produkt\/neet-traditioneller-hueftkocher-n-613-perforiertes-leder-blau-camo\/#breadcrumb"},"inLanguage":"fr-FR","potentialAction":[{"@type":"ReadAction","target":["https:\/\/bogensportdiscount.ch\/produkt\/neet-traditioneller-hueftkocher-n-613-perforiertes-leder-blau-camo\/"]}]},{"@type":"ImageObject","inLanguage":"fr-FR","@id":"https:\/\/bogensportdiscount.ch\/produkt\/neet-traditioneller-hueftkocher-n-613-perforiertes-leder-blau-camo\/#primaryimage","url":"https:\/\/bogensportdiscount.ch\/wp-content\/uploads\/bsm-images\/A057218_2.png","contentUrl":"https:\/\/bogensportdiscount.ch\/wp-content\/uploads\/bsm-images\/A057218_2.png","width":2204,"height":3576},{"@type":"BreadcrumbList","@id":"https:\/\/bogensportdiscount.ch\/produkt\/neet-traditioneller-hueftkocher-n-613-perforiertes-leder-blau-camo\/#breadcrumb","itemListElement":[{"@type":"ListItem","position":1,"name":"Home","item":"https:\/\/bogensportdiscount.ch\/"},{"@type":"ListItem","position":2,"name":"Shop","item":"https:\/\/bogensportdiscount.ch\/shop\/"},{"@type":"ListItem","position":3,"name":"NEET QUIVERS FOR TRADITIONAL HIP N-613 PERFORATED LEATHER BLUE CAMO"}]},{"@type":"WebSite","@id":"https:\/\/bogensportdiscount.ch\/#website","url":"https:\/\/bogensportdiscount.ch\/","name":"Bogensportdiscount","description":"","potentialAction":[{"@type":"SearchAction","target":{"@type":"EntryPoint","urlTemplate":"https:\/\/bogensportdiscount.ch\/?s={search_term_string}"},"query-input":{"@type":"PropertyValueSpecification","valueRequired":true,"valueName":"search_term_string"}}],"inLanguage":"fr-FR"}]}},"_links":{"self":[{"href":"https:\/\/bogensportdiscount.ch\/fr\/wp-json\/wp\/v2\/product\/392927","targetHints":{"allow":["GET"]}}],"collection":[{"href":"https:\/\/bogensportdiscount.ch\/fr\/wp-json\/wp\/v2\/product"}],"about":[{"href":"https:\/\/bogensportdiscount.ch\/fr\/wp-json\/wp\/v2\/types\/product"}],"replies":[{"embeddable":true,"href":"https:\/\/bogensportdiscount.ch\/fr\/wp-json\/wp\/v2\/comments?post=392927"}],"wp:featuredmedia":[{"embeddable":true,"href":"https:\/\/bogensportdiscount.ch\/fr\/wp-json\/wp\/v2\/media\/446331"}],"wp:attachment":[{"href":"https:\/\/bogensportdiscount.ch\/fr\/wp-json\/wp\/v2\/media?parent=392927"}],"wp:term":[{"taxonomy":"product_brand","embeddable":true,"href":"https:\/\/bogensportdiscount.ch\/fr\/wp-json\/wp\/v2\/product_brand?post=392927"},{"taxonomy":"product_cat","embeddable":true,"href":"https:\/\/bogensportdiscount.ch\/fr\/wp-json\/wp\/v2\/product_cat?post=392927"},{"taxonomy":"product_tag","embeddable":true,"href":"https:\/\/bogensportdiscount.ch\/fr\/wp-json\/wp\/v2\/product_tag?post=392927"}],"curies":[{"name":"wp","href":"https:\/\/api.w.org\/{rel}","templated":true}]}}