{"id":392918,"date":"2026-04-05T14:27:44","date_gmt":"2026-04-05T12:27:44","guid":{"rendered":"https:\/\/bogensportdiscount.ch\/produkt\/cold-steel-talwar-serrated-edge-overall-32-70cm\/"},"modified":"2026-04-17T13:05:01","modified_gmt":"2026-04-17T11:05:01","slug":"cold-steel-messer-talwar-serrated-edge-32-70cm","status":"publish","type":"product","link":"https:\/\/bogensportdiscount.ch\/fr\/produit\/cold-steel-messer-talwar-serrated-edge-32-70cm\/","title":{"rendered":"COLD STEEL TALWAR SERRATED EDGE - overall 32.70cm"},"content":{"rendered":"<p>Das Cold Steel Talwar Serrated Edge ist ein Feststehendmesser mit einer Gesamtl\u00e4nge von 32.70 cm. Die Klinge verf\u00fcgt \u00fcber eine S\u00e4geschliffkante, die beim Schneiden von Seilen, Riemen und anderen z\u00e4hen Materialien im Outdoor-Einsatz Vorteile bietet.<\/p>\n<p>Das Messer richtet sich an J\u00e4ger, Outdoor-Enthusiasten und alle, die ein verl\u00e4ssliches Werkzeug f\u00fcr schwierige Bedingungen suchen. Cold Steel ist bekannt f\u00fcr die Verwendung hochwertiger St\u00e4hle und robuster Griffmaterialien.<\/p>\n<ul>\n<li>Ges\u00e4gte Klinge f\u00fcr vielseitige Schneideaufgaben<\/li>\n<li>Gesamtl\u00e4nge: 32.70 cm<\/li>\n<li>Geeignet f\u00fcr Outdoor- und Jagdanwendungen<\/li>\n<li>Von Cold Steel, einem etablierten Messerhersteller<\/li>\n<\/ul>","protected":false},"excerpt":{"rendered":"<p><strong>Marque :<\/strong> Cold Steel<br \/><strong>L\u00e4nge (cm):<\/strong> 30,01-35<br \/><strong>Blade shape:<\/strong> Straight Back<\/p>","protected":false},"featured_media":446345,"comment_status":"open","ping_status":"closed","template":"","meta":[],"product_brand":[491],"product_cat":[4352],"product_tag":[3546],"class_list":{"0":"post-392918","1":"product","2":"type-product","3":"status-publish","4":"has-post-thumbnail","6":"product_brand-coldsteel","7":"product_cat-klappbare-klinge","8":"product_tag-neuheit","10":"first","11":"onbackorder","12":"shipping-taxable","13":"purchasable","14":"product-type-simple"},"_links":{"self":[{"href":"https:\/\/bogensportdiscount.ch\/fr\/wp-json\/wp\/v2\/product\/392918","targetHints":{"allow":["GET"]}}],"collection":[{"href":"https:\/\/bogensportdiscount.ch\/fr\/wp-json\/wp\/v2\/product"}],"about":[{"href":"https:\/\/bogensportdiscount.ch\/fr\/wp-json\/wp\/v2\/types\/product"}],"replies":[{"embeddable":true,"href":"https:\/\/bogensportdiscount.ch\/fr\/wp-json\/wp\/v2\/comments?post=392918"}],"wp:featuredmedia":[{"embeddable":true,"href":"https:\/\/bogensportdiscount.ch\/fr\/wp-json\/wp\/v2\/media\/446345"}],"wp:attachment":[{"href":"https:\/\/bogensportdiscount.ch\/fr\/wp-json\/wp\/v2\/media?parent=392918"}],"wp:term":[{"taxonomy":"product_brand","embeddable":true,"href":"https:\/\/bogensportdiscount.ch\/fr\/wp-json\/wp\/v2\/product_brand?post=392918"},{"taxonomy":"product_cat","embeddable":true,"href":"https:\/\/bogensportdiscount.ch\/fr\/wp-json\/wp\/v2\/product_cat?post=392918"},{"taxonomy":"product_tag","embeddable":true,"href":"https:\/\/bogensportdiscount.ch\/fr\/wp-json\/wp\/v2\/product_tag?post=392918"}],"curies":[{"name":"wp","href":"https:\/\/api.w.org\/{rel}","templated":true}]}}