{"id":392913,"date":"2026-04-05T14:27:43","date_gmt":"2026-04-05T12:27:43","guid":{"rendered":"https:\/\/bogensportdiscount.ch\/produkt\/coldsteel-hold-out-6-blade-plain-edge-overall-33-50cm\/"},"modified":"2026-04-17T13:05:03","modified_gmt":"2026-04-17T11:05:03","slug":"coldsteel-hold-out-klappmesser-6-zoll-plain-edge","status":"publish","type":"product","link":"https:\/\/bogensportdiscount.ch\/fr\/produit\/coldsteel-hold-out-klappmesser-6-zoll-plain-edge\/","title":{"rendered":"COLDSTEEL HOLD OUT 6\u2033 BLADE PLAIN EDGE - overall 33.50cm"},"content":{"rendered":"<p>Das COLDSTEEL Hold Out ist ein Klappmesser mit einer 6-Zoll-Klinge (ca. 15.2 cm) und glatter Schneide (Plain Edge). Die Gesamtl\u00e4nge betr\u00e4gt 33.50 cm, was dieses Messer zu einem der gr\u00f6sseren Modelle in der Hold-Out-Serie von COLDSTEEL macht.<\/p>\n<p>Das Messer richtet sich an Outdoor-Enthusiasten, J\u00e4ger und alle, die ein zuverl\u00e4ssiges Werkzeug mit langer Klinge ben\u00f6tigen. COLDSTEEL ist bekannt f\u00fcr die robuste Verarbeitung und Qualit\u00e4t seiner Klingen.<\/p>\n<ul>\n<li>Klingenl\u00e4nge: 6 Zoll (ca. 15.2 cm)<\/li>\n<li>Gesamtl\u00e4nge: 33.50 cm<\/li>\n<li>Glatte Schneide (Plain Edge)<\/li>\n<li>Geeignet f\u00fcr Outdoor- und Jagdanwendungen<\/li>\n<\/ul>","protected":false},"excerpt":{"rendered":"<p><strong>Marque :<\/strong> Cold Steel<br \/><strong>L\u00e4nge (cm):<\/strong> 30,01-35<br \/><strong>Blade shape:<\/strong> Spear Point<\/p>","protected":false},"featured_media":442113,"comment_status":"open","ping_status":"closed","template":"","meta":[],"product_brand":[491],"product_cat":[4352],"product_tag":[3546],"class_list":{"0":"post-392913","1":"product","2":"type-product","3":"status-publish","4":"has-post-thumbnail","6":"product_brand-coldsteel","7":"product_cat-klappbare-klinge","8":"product_tag-neuheit","10":"first","11":"instock","12":"shipping-taxable","13":"purchasable","14":"product-type-simple"},"_links":{"self":[{"href":"https:\/\/bogensportdiscount.ch\/fr\/wp-json\/wp\/v2\/product\/392913","targetHints":{"allow":["GET"]}}],"collection":[{"href":"https:\/\/bogensportdiscount.ch\/fr\/wp-json\/wp\/v2\/product"}],"about":[{"href":"https:\/\/bogensportdiscount.ch\/fr\/wp-json\/wp\/v2\/types\/product"}],"replies":[{"embeddable":true,"href":"https:\/\/bogensportdiscount.ch\/fr\/wp-json\/wp\/v2\/comments?post=392913"}],"wp:featuredmedia":[{"embeddable":true,"href":"https:\/\/bogensportdiscount.ch\/fr\/wp-json\/wp\/v2\/media\/442113"}],"wp:attachment":[{"href":"https:\/\/bogensportdiscount.ch\/fr\/wp-json\/wp\/v2\/media?parent=392913"}],"wp:term":[{"taxonomy":"product_brand","embeddable":true,"href":"https:\/\/bogensportdiscount.ch\/fr\/wp-json\/wp\/v2\/product_brand?post=392913"},{"taxonomy":"product_cat","embeddable":true,"href":"https:\/\/bogensportdiscount.ch\/fr\/wp-json\/wp\/v2\/product_cat?post=392913"},{"taxonomy":"product_tag","embeddable":true,"href":"https:\/\/bogensportdiscount.ch\/fr\/wp-json\/wp\/v2\/product_tag?post=392913"}],"curies":[{"name":"wp","href":"https:\/\/api.w.org\/{rel}","templated":true}]}}