{"id":392881,"date":"2026-04-05T14:27:36","date_gmt":"2026-04-05T12:27:36","guid":{"rendered":"https:\/\/bogensportdiscount.ch\/produkt\/avalon-tab-part-tec-finger-tab-straps\/"},"modified":"2026-04-16T12:19:21","modified_gmt":"2026-04-16T10:19:21","slug":"avalon-fingertab-ersatzriemen-tec","status":"publish","type":"product","link":"https:\/\/bogensportdiscount.ch\/fr\/produit\/avalon-fingertab-ersatzriemen-tec\/","title":{"rendered":"AVALON TAB PART TEC FINGER TAB STRAPS"},"content":{"rendered":"<p>Der Avalon Tec Fingertab-Ersatzriemen ist ein Einzelteil als Ersatz oder Reserveteil f\u00fcr den Avalon Tec Fingertab. Der Riemen h\u00e4lt den Tab sicher an der Hand und ist in Grau erh\u00e4ltlich.<\/p>\n<p>Dieser Ersatzriemen eignet sich f\u00fcr Bogensch\u00fctzen, die ihren vorhandenen Avalon Tec Fingertab weiter verwenden m\u00f6chten, ohne den gesamten Tab ersetzen zu m\u00fcssen.<\/p>\n<ul>\n<li>Passend f\u00fcr den Avalon Tec Fingertab<\/li>\n<li>Farbe: Grau<\/li>\n<li>Einfache Montage als Ersatzteil<\/li>\n<\/ul>","protected":false},"excerpt":{"rendered":"<table>\n<tr>\n<th>Propri\u00e9t\u00e9<\/th>\n<th>Valeur<\/th>\n<\/tr>\n<tr>\n<td>Marque<\/td>\n<td>Avalon<\/td>\n<\/tr>\n<tr>\n<td>Couleur<\/td>\n<td>Grau<\/td>\n<\/tr>\n<tr>\n<td>Type<\/td>\n<td>Riemen (Strap)<\/td>\n<\/tr>\n<tr>\n<td>GTIN<\/td>\n<td>6426016055034<\/td>\n<\/tr>\n<\/table>","protected":false},"featured_media":442152,"comment_status":"open","ping_status":"closed","template":"","meta":[],"product_brand":[449],"product_cat":[4252],"product_tag":[3546],"class_list":{"0":"post-392881","1":"product","2":"type-product","3":"status-publish","4":"has-post-thumbnail","6":"product_brand-avalon","7":"product_cat-einzelteile-fuer-finger-tabs","8":"product_tag-neuheit","10":"first","11":"instock","12":"shipping-taxable","13":"purchasable","14":"product-type-simple"},"_links":{"self":[{"href":"https:\/\/bogensportdiscount.ch\/fr\/wp-json\/wp\/v2\/product\/392881","targetHints":{"allow":["GET"]}}],"collection":[{"href":"https:\/\/bogensportdiscount.ch\/fr\/wp-json\/wp\/v2\/product"}],"about":[{"href":"https:\/\/bogensportdiscount.ch\/fr\/wp-json\/wp\/v2\/types\/product"}],"replies":[{"embeddable":true,"href":"https:\/\/bogensportdiscount.ch\/fr\/wp-json\/wp\/v2\/comments?post=392881"}],"wp:featuredmedia":[{"embeddable":true,"href":"https:\/\/bogensportdiscount.ch\/fr\/wp-json\/wp\/v2\/media\/442152"}],"wp:attachment":[{"href":"https:\/\/bogensportdiscount.ch\/fr\/wp-json\/wp\/v2\/media?parent=392881"}],"wp:term":[{"taxonomy":"product_brand","embeddable":true,"href":"https:\/\/bogensportdiscount.ch\/fr\/wp-json\/wp\/v2\/product_brand?post=392881"},{"taxonomy":"product_cat","embeddable":true,"href":"https:\/\/bogensportdiscount.ch\/fr\/wp-json\/wp\/v2\/product_cat?post=392881"},{"taxonomy":"product_tag","embeddable":true,"href":"https:\/\/bogensportdiscount.ch\/fr\/wp-json\/wp\/v2\/product_tag?post=392881"}],"curies":[{"name":"wp","href":"https:\/\/api.w.org\/{rel}","templated":true}]}}