{"id":392859,"date":"2026-04-05T14:27:31","date_gmt":"2026-04-05T12:27:31","guid":{"rendered":"https:\/\/bogensportdiscount.ch\/produkt\/alexbow-barracuda-122cm-id-16mm-blowgun\/"},"modified":"2026-05-14T07:13:45","modified_gmt":"2026-05-14T05:13:45","slug":"alexbow-blasrohr-barracuda-122cm-id-16mm","status":"publish","type":"product","link":"https:\/\/bogensportdiscount.ch\/fr\/produit\/alexbow-blasrohr-barracuda-122cm-id-16mm\/","title":{"rendered":"ALEXBOW BARRACUDA 122cm \/ ID 16mm SARBACANE"},"content":{"rendered":"<p>Le ALEXBOW Barracuda est une sarbacane de la marque ALEXBOW avec une longueur totale de 122 cm. Le diam\u00e8tre int\u00e9rieur de 16 mm est con\u00e7u pour le mat\u00e9riau de fl\u00e8che adapt\u00e9 \u00e0 ce calibre.<\/p>\n<p>Les sarbacanes de cette cat\u00e9gorie sont utilis\u00e9es pour des applications sportives ainsi que dans les domaines outdoor et chasse. La longueur de 122 cm offre un bon \u00e9quilibre entre maniabilit\u00e9 et port\u00e9e.<\/p>\n<ul>\n<li>Longueur : 122 cm<\/li>\n<li>Diam\u00e8tre int\u00e9rieur : 16 mm<\/li>\n<li>Adapt\u00e9 aux applications outdoor et de chasse<\/li>\n<li>Marque : ALEXBOW<\/li>\n<\/ul>","protected":false},"excerpt":{"rendered":"<table>\n<tr>\n<th>Propri\u00e9t\u00e9<\/th>\n<th>Valeur<\/th>\n<\/tr>\n<tr>\n<td>Marque<\/td>\n<td>Alexbow<\/td>\n<\/tr>\n<tr>\n<td>Couleur<\/td>\n<td>Noir<\/td>\n<\/tr>\n<tr>\n<td>Longueur (cm)<\/td>\n<td>122<\/td>\n<\/tr>\n<tr>\n<td>Pays d'origine<\/td>\n<td>R\u00e9publique tch\u00e8que<\/td>\n<\/tr>\n<\/table>","protected":false},"featured_media":446379,"comment_status":"open","ping_status":"closed","template":"","meta":[],"product_brand":[455],"product_cat":[4171,4181,4182],"product_tag":[3546],"class_list":{"0":"post-392859","1":"product","2":"type-product","3":"status-publish","4":"has-post-thumbnail","6":"product_brand-alexbow","7":"product_cat-jagd-outdoor","8":"product_cat-blasrohre-zubehoer","9":"product_cat-blasrohre","10":"product_tag-neuheit","11":"product_shipping_class-bsd-sperrgut","13":"first","14":"instock","15":"shipping-taxable","16":"purchasable","17":"product-type-simple"},"yoast_head":"<!-- This site is optimized with the Yoast SEO plugin v27.6 - https:\/\/yoast.com\/product\/yoast-seo-wordpress\/ -->\n<title>ALEXBOW BARRACUDA 122cm \/ ID 16mm BLASROHR - Bogensportdiscount \u2013 B\u00f6gen, Pfeile, Targets &amp; Zubeh\u00f6r<\/title>\n<meta name=\"description\" content=\"ALEXBOW BARRACUDA 122cm \/ ID 16mm BLASROHR g\u00fcnstig kaufen bei Bogensportdiscount \u2013 Top-Marken, schneller Versand aus der Schweiz.\" \/>\n<meta name=\"robots\" content=\"index, follow, max-snippet:-1, max-image-preview:large, max-video-preview:-1\" \/>\n<link rel=\"canonical\" href=\"https:\/\/bogensportdiscount.ch\/fr\/produit\/alexbow-blasrohr-barracuda-122cm-id-16mm\/\" \/>\n<meta property=\"og:locale\" content=\"fr_FR\" \/>\n<meta property=\"og:type\" content=\"article\" \/>\n<meta property=\"og:title\" content=\"ALEXBOW BARRACUDA 122cm \/ ID 16mm BLASROHR - Bogensportdiscount \u2013 B\u00f6gen, Pfeile, Targets &amp; Zubeh\u00f6r\" \/>\n<meta property=\"og:description\" content=\"ALEXBOW BARRACUDA 122cm \/ ID 16mm BLASROHR g\u00fcnstig kaufen bei Bogensportdiscount \u2013 Top-Marken, schneller Versand aus der Schweiz.\" \/>\n<meta property=\"og:url\" content=\"https:\/\/bogensportdiscount.ch\/fr\/produit\/alexbow-blasrohr-barracuda-122cm-id-16mm\/\" \/>\n<meta property=\"og:site_name\" content=\"Bogensportdiscount \u2013 B\u00f6gen, Pfeile, Targets &amp; Zubeh\u00f6r\" \/>\n<meta property=\"article:modified_time\" content=\"2026-05-14T05:13:45+00:00\" \/>\n<meta property=\"og:image\" content=\"https:\/\/bogensportdiscount.ch\/wp-content\/uploads\/bsm-images\/A057073_1.jpg\" \/>\n\t<meta property=\"og:image:width\" content=\"1600\" \/>\n\t<meta property=\"og:image:height\" content=\"924\" \/>\n\t<meta property=\"og:image:type\" content=\"image\/jpeg\" \/>\n<meta name=\"twitter:card\" content=\"summary_large_image\" \/>\n<script type=\"application\/ld+json\" class=\"yoast-schema-graph\">{\"@context\":\"https:\\\/\\\/schema.org\",\"@graph\":[{\"@type\":\"WebPage\",\"@id\":\"https:\\\/\\\/bogensportdiscount.ch\\\/produkt\\\/alexbow-blasrohr-barracuda-122cm-id-16mm\\\/\",\"url\":\"https:\\\/\\\/bogensportdiscount.ch\\\/produkt\\\/alexbow-blasrohr-barracuda-122cm-id-16mm\\\/\",\"name\":\"ALEXBOW BARRACUDA 122cm \\\/ ID 16mm BLASROHR - Bogensportdiscount \u2013 B\u00f6gen, Pfeile, Targets &amp; Zubeh\u00f6r\",\"isPartOf\":{\"@id\":\"https:\\\/\\\/bogensportdiscount.ch\\\/#website\"},\"primaryImageOfPage\":{\"@id\":\"https:\\\/\\\/bogensportdiscount.ch\\\/produkt\\\/alexbow-blasrohr-barracuda-122cm-id-16mm\\\/#primaryimage\"},\"image\":{\"@id\":\"https:\\\/\\\/bogensportdiscount.ch\\\/produkt\\\/alexbow-blasrohr-barracuda-122cm-id-16mm\\\/#primaryimage\"},\"thumbnailUrl\":\"https:\\\/\\\/bogensportdiscount.ch\\\/wp-content\\\/uploads\\\/bsm-images\\\/A057073_1.jpg\",\"datePublished\":\"2026-04-05T12:27:31+00:00\",\"dateModified\":\"2026-05-14T05:13:45+00:00\",\"description\":\"ALEXBOW BARRACUDA 122cm \\\/ ID 16mm BLASROHR g\u00fcnstig kaufen bei Bogensportdiscount \u2013 Top-Marken, schneller Versand aus der Schweiz.\",\"breadcrumb\":{\"@id\":\"https:\\\/\\\/bogensportdiscount.ch\\\/produkt\\\/alexbow-blasrohr-barracuda-122cm-id-16mm\\\/#breadcrumb\"},\"inLanguage\":\"fr-FR\",\"potentialAction\":[{\"@type\":\"ReadAction\",\"target\":[\"https:\\\/\\\/bogensportdiscount.ch\\\/produkt\\\/alexbow-blasrohr-barracuda-122cm-id-16mm\\\/\"]}]},{\"@type\":\"ImageObject\",\"inLanguage\":\"fr-FR\",\"@id\":\"https:\\\/\\\/bogensportdiscount.ch\\\/produkt\\\/alexbow-blasrohr-barracuda-122cm-id-16mm\\\/#primaryimage\",\"url\":\"https:\\\/\\\/bogensportdiscount.ch\\\/wp-content\\\/uploads\\\/bsm-images\\\/A057073_1.jpg\",\"contentUrl\":\"https:\\\/\\\/bogensportdiscount.ch\\\/wp-content\\\/uploads\\\/bsm-images\\\/A057073_1.jpg\",\"width\":1600,\"height\":924},{\"@type\":\"BreadcrumbList\",\"@id\":\"https:\\\/\\\/bogensportdiscount.ch\\\/produkt\\\/alexbow-blasrohr-barracuda-122cm-id-16mm\\\/#breadcrumb\",\"itemListElement\":[{\"@type\":\"ListItem\",\"position\":1,\"name\":\"Home\",\"item\":\"https:\\\/\\\/bogensportdiscount.ch\\\/\"},{\"@type\":\"ListItem\",\"position\":2,\"name\":\"Shop\",\"item\":\"https:\\\/\\\/bogensportdiscount.ch\\\/shop\\\/\"},{\"@type\":\"ListItem\",\"position\":3,\"name\":\"ALEXBOW BARRACUDA 122cm \\\/ ID 16mm BLOWGUN\"}]},{\"@type\":\"WebSite\",\"@id\":\"https:\\\/\\\/bogensportdiscount.ch\\\/#website\",\"url\":\"https:\\\/\\\/bogensportdiscount.ch\\\/\",\"name\":\"Bogensportdiscount\",\"description\":\"\",\"potentialAction\":[{\"@type\":\"SearchAction\",\"target\":{\"@type\":\"EntryPoint\",\"urlTemplate\":\"https:\\\/\\\/bogensportdiscount.ch\\\/?s={search_term_string}\"},\"query-input\":{\"@type\":\"PropertyValueSpecification\",\"valueRequired\":true,\"valueName\":\"search_term_string\"}}],\"inLanguage\":\"fr-FR\"}]}<\/script>\n<!-- \/ Yoast SEO plugin. -->","yoast_head_json":{"title":"ALEXBOW BARRACUDA 122cm \/ ID 16mm BLASROHR - Bogensportdiscount \u2013 B\u00f6gen, Pfeile, Targets &amp; Zubeh\u00f6r","description":"ALEXBOW BARRACUDA 122cm \/ ID 16mm BLASROHR g\u00fcnstig kaufen bei Bogensportdiscount \u2013 Top-Marken, schneller Versand aus der Schweiz.","robots":{"index":"index","follow":"follow","max-snippet":"max-snippet:-1","max-image-preview":"max-image-preview:large","max-video-preview":"max-video-preview:-1"},"canonical":"https:\/\/bogensportdiscount.ch\/fr\/produit\/alexbow-blasrohr-barracuda-122cm-id-16mm\/","og_locale":"fr_FR","og_type":"article","og_title":"ALEXBOW BARRACUDA 122cm \/ ID 16mm BLASROHR - Bogensportdiscount \u2013 B\u00f6gen, Pfeile, Targets &amp; Zubeh\u00f6r","og_description":"ALEXBOW BARRACUDA 122cm \/ ID 16mm BLASROHR g\u00fcnstig kaufen bei Bogensportdiscount \u2013 Top-Marken, schneller Versand aus der Schweiz.","og_url":"https:\/\/bogensportdiscount.ch\/fr\/produit\/alexbow-blasrohr-barracuda-122cm-id-16mm\/","og_site_name":"Bogensportdiscount \u2013 B\u00f6gen, Pfeile, Targets &amp; Zubeh\u00f6r","article_modified_time":"2026-05-14T05:13:45+00:00","og_image":[{"width":1600,"height":924,"url":"https:\/\/bogensportdiscount.ch\/wp-content\/uploads\/bsm-images\/A057073_1.jpg","type":"image\/jpeg"}],"twitter_card":"summary_large_image","schema":{"@context":"https:\/\/schema.org","@graph":[{"@type":"WebPage","@id":"https:\/\/bogensportdiscount.ch\/produkt\/alexbow-blasrohr-barracuda-122cm-id-16mm\/","url":"https:\/\/bogensportdiscount.ch\/produkt\/alexbow-blasrohr-barracuda-122cm-id-16mm\/","name":"ALEXBOW BARRACUDA 122cm \/ ID 16mm BLASROHR - Bogensportdiscount \u2013 B\u00f6gen, Pfeile, Targets &amp; Zubeh\u00f6r","isPartOf":{"@id":"https:\/\/bogensportdiscount.ch\/#website"},"primaryImageOfPage":{"@id":"https:\/\/bogensportdiscount.ch\/produkt\/alexbow-blasrohr-barracuda-122cm-id-16mm\/#primaryimage"},"image":{"@id":"https:\/\/bogensportdiscount.ch\/produkt\/alexbow-blasrohr-barracuda-122cm-id-16mm\/#primaryimage"},"thumbnailUrl":"https:\/\/bogensportdiscount.ch\/wp-content\/uploads\/bsm-images\/A057073_1.jpg","datePublished":"2026-04-05T12:27:31+00:00","dateModified":"2026-05-14T05:13:45+00:00","description":"ALEXBOW BARRACUDA 122cm \/ ID 16mm BLASROHR g\u00fcnstig kaufen bei Bogensportdiscount \u2013 Top-Marken, schneller Versand aus der Schweiz.","breadcrumb":{"@id":"https:\/\/bogensportdiscount.ch\/produkt\/alexbow-blasrohr-barracuda-122cm-id-16mm\/#breadcrumb"},"inLanguage":"fr-FR","potentialAction":[{"@type":"ReadAction","target":["https:\/\/bogensportdiscount.ch\/produkt\/alexbow-blasrohr-barracuda-122cm-id-16mm\/"]}]},{"@type":"ImageObject","inLanguage":"fr-FR","@id":"https:\/\/bogensportdiscount.ch\/produkt\/alexbow-blasrohr-barracuda-122cm-id-16mm\/#primaryimage","url":"https:\/\/bogensportdiscount.ch\/wp-content\/uploads\/bsm-images\/A057073_1.jpg","contentUrl":"https:\/\/bogensportdiscount.ch\/wp-content\/uploads\/bsm-images\/A057073_1.jpg","width":1600,"height":924},{"@type":"BreadcrumbList","@id":"https:\/\/bogensportdiscount.ch\/produkt\/alexbow-blasrohr-barracuda-122cm-id-16mm\/#breadcrumb","itemListElement":[{"@type":"ListItem","position":1,"name":"Home","item":"https:\/\/bogensportdiscount.ch\/"},{"@type":"ListItem","position":2,"name":"Shop","item":"https:\/\/bogensportdiscount.ch\/shop\/"},{"@type":"ListItem","position":3,"name":"ALEXBOW BARRACUDA 122cm \/ ID 16mm BLOWGUN"}]},{"@type":"WebSite","@id":"https:\/\/bogensportdiscount.ch\/#website","url":"https:\/\/bogensportdiscount.ch\/","name":"Bogensportdiscount","description":"","potentialAction":[{"@type":"SearchAction","target":{"@type":"EntryPoint","urlTemplate":"https:\/\/bogensportdiscount.ch\/?s={search_term_string}"},"query-input":{"@type":"PropertyValueSpecification","valueRequired":true,"valueName":"search_term_string"}}],"inLanguage":"fr-FR"}]}},"_links":{"self":[{"href":"https:\/\/bogensportdiscount.ch\/fr\/wp-json\/wp\/v2\/product\/392859","targetHints":{"allow":["GET"]}}],"collection":[{"href":"https:\/\/bogensportdiscount.ch\/fr\/wp-json\/wp\/v2\/product"}],"about":[{"href":"https:\/\/bogensportdiscount.ch\/fr\/wp-json\/wp\/v2\/types\/product"}],"replies":[{"embeddable":true,"href":"https:\/\/bogensportdiscount.ch\/fr\/wp-json\/wp\/v2\/comments?post=392859"}],"wp:featuredmedia":[{"embeddable":true,"href":"https:\/\/bogensportdiscount.ch\/fr\/wp-json\/wp\/v2\/media\/446379"}],"wp:attachment":[{"href":"https:\/\/bogensportdiscount.ch\/fr\/wp-json\/wp\/v2\/media?parent=392859"}],"wp:term":[{"taxonomy":"product_brand","embeddable":true,"href":"https:\/\/bogensportdiscount.ch\/fr\/wp-json\/wp\/v2\/product_brand?post=392859"},{"taxonomy":"product_cat","embeddable":true,"href":"https:\/\/bogensportdiscount.ch\/fr\/wp-json\/wp\/v2\/product_cat?post=392859"},{"taxonomy":"product_tag","embeddable":true,"href":"https:\/\/bogensportdiscount.ch\/fr\/wp-json\/wp\/v2\/product_tag?post=392859"}],"curies":[{"name":"wp","href":"https:\/\/api.w.org\/{rel}","templated":true}]}}