{"id":392839,"date":"2026-04-05T14:27:27","date_gmt":"2026-04-05T12:27:27","guid":{"rendered":"https:\/\/bogensportdiscount.ch\/produkt\/coldsteel-tuff-lite-plain-edge-red-overall-15-24cm\/"},"modified":"2026-04-17T13:05:05","modified_gmt":"2026-04-17T11:05:05","slug":"coldsteel-taschenmesser-tuff-lite-plain-edge-rot","status":"publish","type":"product","link":"https:\/\/bogensportdiscount.ch\/fr\/produit\/coldsteel-taschenmesser-tuff-lite-plain-edge-rot\/","title":{"rendered":"COLDSTEEL TUFF LITE PLAIN EDGE RED - overall 15.24cm"},"content":{"rendered":"<p>Das COLDSTEEL Tuff Lite Plain Edge ist ein handliches Klappmesser aus dem Bereich Outdoor und Jagd. Die glatte Klinge ohne Wellenschliff erm\u00f6glicht pr\u00e4zise Schnitte und l\u00e4sst sich einfach nachsch\u00e4rfen. Die auff\u00e4llige rote Griffschale macht das Messer auch bei schlechten Lichtverh\u00e4ltnissen schnell auffindbar.<\/p>\n<p>Mit einer Gesamtl\u00e4nge von 15.24 cm bietet das Tuff Lite eine kompakte Bauweise, die es zur praktischen Begleitung im Alltag, beim Camping oder auf der Jagd macht.<\/p>\n<ul>\n<li>Glatte Klinge (Plain Edge) f\u00fcr saubere Schnitte<\/li>\n<li>Kompakte Gesamtl\u00e4nge von 15.24 cm<\/li>\n<li>Griffschale in Rot f\u00fcr gute Sichtbarkeit<\/li>\n<li>Geeignet f\u00fcr Outdoor- und Jagdeinsatz<\/li>\n<\/ul>","protected":false},"excerpt":{"rendered":"<p><strong>Marque :<\/strong> Cold Steel<br \/><strong>L\u00e4nge (cm):<\/strong> 15,01-20<br \/><strong>Blade shape:<\/strong> Sheepsfoot<br \/><strong>GTIN:<\/strong> 705442016397<\/p>","protected":false},"featured_media":446822,"comment_status":"open","ping_status":"closed","template":"","meta":[],"product_brand":[491],"product_cat":[4352],"product_tag":[3546],"class_list":{"0":"post-392839","1":"product","2":"type-product","3":"status-publish","4":"has-post-thumbnail","6":"product_brand-coldsteel","7":"product_cat-klappbare-klinge","8":"product_tag-neuheit","10":"first","11":"onbackorder","12":"shipping-taxable","13":"purchasable","14":"product-type-simple"},"_links":{"self":[{"href":"https:\/\/bogensportdiscount.ch\/fr\/wp-json\/wp\/v2\/product\/392839","targetHints":{"allow":["GET"]}}],"collection":[{"href":"https:\/\/bogensportdiscount.ch\/fr\/wp-json\/wp\/v2\/product"}],"about":[{"href":"https:\/\/bogensportdiscount.ch\/fr\/wp-json\/wp\/v2\/types\/product"}],"replies":[{"embeddable":true,"href":"https:\/\/bogensportdiscount.ch\/fr\/wp-json\/wp\/v2\/comments?post=392839"}],"wp:featuredmedia":[{"embeddable":true,"href":"https:\/\/bogensportdiscount.ch\/fr\/wp-json\/wp\/v2\/media\/446822"}],"wp:attachment":[{"href":"https:\/\/bogensportdiscount.ch\/fr\/wp-json\/wp\/v2\/media?parent=392839"}],"wp:term":[{"taxonomy":"product_brand","embeddable":true,"href":"https:\/\/bogensportdiscount.ch\/fr\/wp-json\/wp\/v2\/product_brand?post=392839"},{"taxonomy":"product_cat","embeddable":true,"href":"https:\/\/bogensportdiscount.ch\/fr\/wp-json\/wp\/v2\/product_cat?post=392839"},{"taxonomy":"product_tag","embeddable":true,"href":"https:\/\/bogensportdiscount.ch\/fr\/wp-json\/wp\/v2\/product_tag?post=392839"}],"curies":[{"name":"wp","href":"https:\/\/api.w.org\/{rel}","templated":true}]}}