{"id":392804,"date":"2026-04-05T14:27:20","date_gmt":"2026-04-05T12:27:20","guid":{"rendered":"https:\/\/bogensportdiscount.ch\/produkt\/coldsteel-black-talon-serrated-overall-24-13cm\/"},"modified":"2026-04-17T13:05:02","modified_gmt":"2026-04-17T11:05:02","slug":"cold-steel-messer-black-talon-serrated-2413-cm","status":"publish","type":"product","link":"https:\/\/bogensportdiscount.ch\/fr\/produit\/cold-steel-messer-black-talon-serrated-2413-cm\/","title":{"rendered":"COLDSTEEL BLACK TALON SERRATED - overall 24.13cm"},"content":{"rendered":"<p>Das Cold Steel Black Talon Serrated ist ein robustes Messer f\u00fcr den Outdoor- und Jagdeinsatz. Mit einer Gesamtl\u00e4nge von 24.13 cm bietet es eine praktische Gr\u00f6sse f\u00fcr verschiedene Anwendungen im Gel\u00e4nde.<\/p>\n<p>Die serrated Klinge \u2013 also eine gezackte Schneide \u2013 erm\u00f6glicht effizientes Schneiden von Seilen, Gurten und anderen z\u00e4hen Materialien. Cold Steel ist bekannt f\u00fcr die hohe Qualit\u00e4t und Langlebigkeit seiner Messer.<\/p>\n<ul>\n<li>Gesamtl\u00e4nge: 24.13 cm<\/li>\n<li>Gezackte Klinge (Serrated)<\/li>\n<li>Geeignet f\u00fcr Outdoor und Jagd<\/li>\n<li>Marke: Cold Steel<\/li>\n<\/ul>","protected":false},"excerpt":{"rendered":"<p><strong>Marque :<\/strong> Cold Steel<br \/><strong>L\u00e4nge (cm):<\/strong> 20,01-25<br \/><strong>Blade shape:<\/strong> Hawkbill<br \/><strong>GTIN:<\/strong> 705442017820<\/p>","protected":false},"featured_media":442178,"comment_status":"open","ping_status":"closed","template":"","meta":[],"product_brand":[491],"product_cat":[4352],"product_tag":[3546],"class_list":{"0":"post-392804","1":"product","2":"type-product","3":"status-publish","4":"has-post-thumbnail","6":"product_brand-coldsteel","7":"product_cat-klappbare-klinge","8":"product_tag-neuheit","10":"first","11":"instock","12":"shipping-taxable","13":"purchasable","14":"product-type-simple"},"_links":{"self":[{"href":"https:\/\/bogensportdiscount.ch\/fr\/wp-json\/wp\/v2\/product\/392804","targetHints":{"allow":["GET"]}}],"collection":[{"href":"https:\/\/bogensportdiscount.ch\/fr\/wp-json\/wp\/v2\/product"}],"about":[{"href":"https:\/\/bogensportdiscount.ch\/fr\/wp-json\/wp\/v2\/types\/product"}],"replies":[{"embeddable":true,"href":"https:\/\/bogensportdiscount.ch\/fr\/wp-json\/wp\/v2\/comments?post=392804"}],"wp:featuredmedia":[{"embeddable":true,"href":"https:\/\/bogensportdiscount.ch\/fr\/wp-json\/wp\/v2\/media\/442178"}],"wp:attachment":[{"href":"https:\/\/bogensportdiscount.ch\/fr\/wp-json\/wp\/v2\/media?parent=392804"}],"wp:term":[{"taxonomy":"product_brand","embeddable":true,"href":"https:\/\/bogensportdiscount.ch\/fr\/wp-json\/wp\/v2\/product_brand?post=392804"},{"taxonomy":"product_cat","embeddable":true,"href":"https:\/\/bogensportdiscount.ch\/fr\/wp-json\/wp\/v2\/product_cat?post=392804"},{"taxonomy":"product_tag","embeddable":true,"href":"https:\/\/bogensportdiscount.ch\/fr\/wp-json\/wp\/v2\/product_tag?post=392804"}],"curies":[{"name":"wp","href":"https:\/\/api.w.org\/{rel}","templated":true}]}}