{"id":392753,"date":"2026-04-05T14:27:08","date_gmt":"2026-04-05T12:27:08","guid":{"rendered":"https:\/\/bogensportdiscount.ch\/produkt\/nap-vanes-speedfletch-medium-od-265-275-arrows-white-6-pk\/"},"modified":"2026-04-15T12:15:00","modified_gmt":"2026-04-15T10:15:00","slug":"nap-vanes-speedfletch-medium-od-265-275-pfeile-weiss-6er-pack","status":"publish","type":"product","link":"https:\/\/bogensportdiscount.ch\/fr\/produit\/nap-vanes-speedfletch-medium-od-265-275-pfeile-weiss-6er-pack\/","title":{"rendered":"NAP VANES SPEEDFLETCH MEDIUM OD .265-.275 ARROWS WHITE 6\/PK"},"content":{"rendered":"<p>Die NAP Speedfletch Medium Vanes sind thermoplastische Befiederungen f\u00fcr Pfeile mit einem Aussendurchmesser (OD) von .265 bis .275 Zoll. Sie sind auf einfache und schnelle Montage mit kompatiblen Speedfletch-Befiederungsger\u00e4ten ausgelegt.<\/p>\n<p>Die Vanes eignen sich f\u00fcr Ziel- und Jagdb\u00f6gen und sind in Weiss gehalten. Das Paket enth\u00e4lt 6 Vanes und bietet damit eine solide Grundausstattung f\u00fcr Pfeile oder Ersatz nach Besch\u00e4digungen.<\/p>\n<ul>\n<li>Aussendurchmesser-Bereich: .265\u2013.275 Zoll<\/li>\n<li>Farbe: Weiss<\/li>\n<li>Inhalt: 6 St\u00fcck pro Packung<\/li>\n<li>Kompatibel mit NAP Speedfletch-Befiederungssystem<\/li>\n<\/ul>","protected":false},"excerpt":{"rendered":"<p><strong>Marque :<\/strong> PAN<br \/><strong>Farbe:<\/strong> Wei\u00df<br \/><strong>Form:<\/strong> Parabolic<\/p>","protected":false},"featured_media":446446,"comment_status":"open","ping_status":"closed","template":"","meta":[],"product_brand":[557],"product_cat":[4552],"product_tag":[3546],"class_list":{"0":"post-392753","1":"product","2":"type-product","3":"status-publish","4":"has-post-thumbnail","6":"product_brand-nap","7":"product_cat-plastik-vanes-vanes-nocks-wraps","8":"product_tag-neuheit","10":"first","11":"instock","12":"shipping-taxable","13":"purchasable","14":"product-type-simple"},"_links":{"self":[{"href":"https:\/\/bogensportdiscount.ch\/fr\/wp-json\/wp\/v2\/product\/392753","targetHints":{"allow":["GET"]}}],"collection":[{"href":"https:\/\/bogensportdiscount.ch\/fr\/wp-json\/wp\/v2\/product"}],"about":[{"href":"https:\/\/bogensportdiscount.ch\/fr\/wp-json\/wp\/v2\/types\/product"}],"replies":[{"embeddable":true,"href":"https:\/\/bogensportdiscount.ch\/fr\/wp-json\/wp\/v2\/comments?post=392753"}],"wp:featuredmedia":[{"embeddable":true,"href":"https:\/\/bogensportdiscount.ch\/fr\/wp-json\/wp\/v2\/media\/446446"}],"wp:attachment":[{"href":"https:\/\/bogensportdiscount.ch\/fr\/wp-json\/wp\/v2\/media?parent=392753"}],"wp:term":[{"taxonomy":"product_brand","embeddable":true,"href":"https:\/\/bogensportdiscount.ch\/fr\/wp-json\/wp\/v2\/product_brand?post=392753"},{"taxonomy":"product_cat","embeddable":true,"href":"https:\/\/bogensportdiscount.ch\/fr\/wp-json\/wp\/v2\/product_cat?post=392753"},{"taxonomy":"product_tag","embeddable":true,"href":"https:\/\/bogensportdiscount.ch\/fr\/wp-json\/wp\/v2\/product_tag?post=392753"}],"curies":[{"name":"wp","href":"https:\/\/api.w.org\/{rel}","templated":true}]}}