{"id":392747,"date":"2026-04-05T14:27:06","date_gmt":"2026-04-05T12:27:06","guid":{"rendered":"https:\/\/bogensportdiscount.ch\/produkt\/nap-spitfire-maxx-w-trophy-tip-100gr-3-blade-3-pk-expandable-broadheads\/"},"modified":"2026-04-19T11:42:25","modified_gmt":"2026-04-19T09:42:25","slug":"nap-mechanische-jagdspitze-spitfire-maxx-trophy-tip-100gr-3-blatt-3er-pack","status":"publish","type":"product","link":"https:\/\/bogensportdiscount.ch\/fr\/produit\/nap-mechanische-jagdspitze-spitfire-maxx-trophy-tip-100gr-3-blatt-3er-pack\/","title":{"rendered":"NAP SPITFIRE MAXX AVEC POINTE TROPHY 100 g, 3 lames, paquet de 3, pointes de chasse d\u00e9pliables"},"content":{"rendered":"<p>Die NAP Spitfire Maxx ist eine mechanische Breitblattspitze (Expandable Broadhead) aus dem Hause New Archery Products. Mit einem Gewicht von 100 Grain und einem 3-Blatt-System bietet sie eine zuverl\u00e4ssige Schnittleistung beim Jagdeinsatz. Die Trophy Tip-Technologie sorgt f\u00fcr pr\u00e4zisen Einschlag und kontrolliertes Aufklappen der Klingen beim Auftreffen auf das Ziel.<\/p>\n<p>Mechanische Jagdspitzen wie die Spitfire Maxx fliegen aufgrund ihrer im eingeklappten Zustand aerodynamischen Form \u00e4hnlich wie Feldspitzen, was eine vertraute Flugbahn beim \u00dcbergang vom Training zur Jagd erm\u00f6glicht. Das Paket enth\u00e4lt 3 Spitzen.<\/p>\n<ul>\n<li>Poids : 100 grains<\/li>\n<li>3-Blatt-Mechanik (Expandable Broadhead)<\/li>\n<li>Trophy Tip f\u00fcr pr\u00e4zisen Aufprall<\/li>\n<li>3 embouts par paquet<\/li>\n<\/ul>","protected":false},"excerpt":{"rendered":"<p><strong>Marque :<\/strong> PAN<br \/><strong>Lames :<\/strong> 3<br \/><strong>Poids :<\/strong> 100<\/p>","protected":false},"featured_media":452832,"comment_status":"open","ping_status":"closed","template":"","meta":[],"product_brand":[557],"product_cat":[4212],"product_tag":[3546],"class_list":{"0":"post-392747","1":"product","2":"type-product","3":"status-publish","4":"has-post-thumbnail","6":"product_brand-nap","7":"product_cat-mechanische-jagdspitzen","8":"product_tag-neuheit","10":"first","11":"instock","12":"shipping-taxable","13":"purchasable","14":"product-type-simple"},"yoast_head":"<!-- This site is optimized with the Yoast SEO plugin v27.4 - https:\/\/yoast.com\/product\/yoast-seo-wordpress\/ -->\n<title>NAP SPITFIRE MAXX MIT TROPHY TIP 100GR 3 KLINGEN 3\/PK AUSKLAPPBARE JAGDSPITZEN - Bogensportdiscount \u2013 B\u00f6gen, Pfeile, Targets &amp; Zubeh\u00f6r<\/title>\n<meta name=\"robots\" content=\"noindex, follow, max-snippet:-1, max-image-preview:large, max-video-preview:-1\" \/>\n<meta property=\"og:locale\" content=\"fr_FR\" \/>\n<meta property=\"og:type\" content=\"article\" \/>\n<meta property=\"og:title\" content=\"NAP SPITFIRE MAXX MIT TROPHY TIP 100GR 3 KLINGEN 3\/PK AUSKLAPPBARE JAGDSPITZEN - Bogensportdiscount \u2013 B\u00f6gen, Pfeile, Targets &amp; Zubeh\u00f6r\" \/>\n<meta property=\"og:description\" content=\"Marke: NAPKlingen: 3Gewicht: 100\" \/>\n<meta property=\"og:url\" content=\"https:\/\/bogensportdiscount.ch\/fr\/produit\/nap-mechanische-jagdspitze-spitfire-maxx-trophy-tip-100gr-3-blatt-3er-pack\/\" \/>\n<meta property=\"og:site_name\" content=\"Bogensportdiscount \u2013 B\u00f6gen, Pfeile, Targets &amp; Zubeh\u00f6r\" \/>\n<meta property=\"article:modified_time\" content=\"2026-04-19T09:42:25+00:00\" \/>\n<meta property=\"og:image\" content=\"https:\/\/bogensportdiscount.ch\/wp-content\/uploads\/bsm-images\/a056775_1.jpg\" \/>\n\t<meta property=\"og:image:width\" content=\"266\" \/>\n\t<meta property=\"og:image:height\" content=\"400\" \/>\n\t<meta property=\"og:image:type\" content=\"image\/jpeg\" \/>\n<meta name=\"twitter:card\" content=\"summary_large_image\" \/>\n<meta name=\"twitter:label1\" content=\"Est. reading time\" \/>\n\t<meta name=\"twitter:data1\" content=\"1 minute\" \/>\n<script type=\"application\/ld+json\" class=\"yoast-schema-graph\">{\"@context\":\"https:\\\/\\\/schema.org\",\"@graph\":[{\"@type\":\"WebPage\",\"@id\":\"https:\\\/\\\/bogensportdiscount.ch\\\/fr\\\/produit\\\/nap-mechanische-jagdspitze-spitfire-maxx-trophy-tip-100gr-3-blatt-3er-pack\\\/\",\"url\":\"https:\\\/\\\/bogensportdiscount.ch\\\/fr\\\/produit\\\/nap-mechanische-jagdspitze-spitfire-maxx-trophy-tip-100gr-3-blatt-3er-pack\\\/\",\"name\":\"NAP SPITFIRE MAXX MIT TROPHY TIP 100GR 3 KLINGEN 3\\\/PK AUSKLAPPBARE JAGDSPITZEN - Bogensportdiscount \u2013 B\u00f6gen, Pfeile, Targets &amp; Zubeh\u00f6r\",\"isPartOf\":{\"@id\":\"https:\\\/\\\/bogensportdiscount.ch\\\/#website\"},\"primaryImageOfPage\":{\"@id\":\"https:\\\/\\\/bogensportdiscount.ch\\\/fr\\\/produit\\\/nap-mechanische-jagdspitze-spitfire-maxx-trophy-tip-100gr-3-blatt-3er-pack\\\/#primaryimage\"},\"image\":{\"@id\":\"https:\\\/\\\/bogensportdiscount.ch\\\/fr\\\/produit\\\/nap-mechanische-jagdspitze-spitfire-maxx-trophy-tip-100gr-3-blatt-3er-pack\\\/#primaryimage\"},\"thumbnailUrl\":\"https:\\\/\\\/bogensportdiscount.ch\\\/wp-content\\\/uploads\\\/bsm-images\\\/a056775_1.jpg\",\"datePublished\":\"2026-04-05T12:27:06+00:00\",\"dateModified\":\"2026-04-19T09:42:25+00:00\",\"breadcrumb\":{\"@id\":\"https:\\\/\\\/bogensportdiscount.ch\\\/fr\\\/produit\\\/nap-mechanische-jagdspitze-spitfire-maxx-trophy-tip-100gr-3-blatt-3er-pack\\\/#breadcrumb\"},\"inLanguage\":\"fr-FR\",\"potentialAction\":[{\"@type\":\"ReadAction\",\"target\":[\"https:\\\/\\\/bogensportdiscount.ch\\\/fr\\\/produit\\\/nap-mechanische-jagdspitze-spitfire-maxx-trophy-tip-100gr-3-blatt-3er-pack\\\/\"]}]},{\"@type\":\"ImageObject\",\"inLanguage\":\"fr-FR\",\"@id\":\"https:\\\/\\\/bogensportdiscount.ch\\\/fr\\\/produit\\\/nap-mechanische-jagdspitze-spitfire-maxx-trophy-tip-100gr-3-blatt-3er-pack\\\/#primaryimage\",\"url\":\"https:\\\/\\\/bogensportdiscount.ch\\\/wp-content\\\/uploads\\\/bsm-images\\\/a056775_1.jpg\",\"contentUrl\":\"https:\\\/\\\/bogensportdiscount.ch\\\/wp-content\\\/uploads\\\/bsm-images\\\/a056775_1.jpg\",\"width\":266,\"height\":400},{\"@type\":\"BreadcrumbList\",\"@id\":\"https:\\\/\\\/bogensportdiscount.ch\\\/fr\\\/produit\\\/nap-mechanische-jagdspitze-spitfire-maxx-trophy-tip-100gr-3-blatt-3er-pack\\\/#breadcrumb\",\"itemListElement\":[{\"@type\":\"ListItem\",\"position\":1,\"name\":\"Home\",\"item\":\"https:\\\/\\\/bogensportdiscount.ch\\\/\"},{\"@type\":\"ListItem\",\"position\":2,\"name\":\"Shop\",\"item\":\"https:\\\/\\\/bogensportdiscount.ch\\\/shop\\\/\"},{\"@type\":\"ListItem\",\"position\":3,\"name\":\"NAP SPITFIRE MAXX MIT TROPHY TIP 100GR 3 KLINGEN 3\\\/PK AUSKLAPPBARE JAGDSPITZEN\"}]},{\"@type\":\"WebSite\",\"@id\":\"https:\\\/\\\/bogensportdiscount.ch\\\/#website\",\"url\":\"https:\\\/\\\/bogensportdiscount.ch\\\/\",\"name\":\"Bogensportdiscount\",\"description\":\"\",\"potentialAction\":[{\"@type\":\"SearchAction\",\"target\":{\"@type\":\"EntryPoint\",\"urlTemplate\":\"https:\\\/\\\/bogensportdiscount.ch\\\/?s={search_term_string}\"},\"query-input\":{\"@type\":\"PropertyValueSpecification\",\"valueRequired\":true,\"valueName\":\"search_term_string\"}}],\"inLanguage\":\"fr-FR\"}]}<\/script>\n<!-- \/ Yoast SEO plugin. -->","yoast_head_json":{"title":"NAP SPITFIRE MAXX MIT TROPHY TIP 100GR 3 KLINGEN 3\/PK AUSKLAPPBARE JAGDSPITZEN - Bogensportdiscount \u2013 B\u00f6gen, Pfeile, Targets &amp; Zubeh\u00f6r","robots":{"index":"noindex","follow":"follow","max-snippet":"max-snippet:-1","max-image-preview":"max-image-preview:large","max-video-preview":"max-video-preview:-1"},"og_locale":"fr_FR","og_type":"article","og_title":"NAP SPITFIRE MAXX MIT TROPHY TIP 100GR 3 KLINGEN 3\/PK AUSKLAPPBARE JAGDSPITZEN - Bogensportdiscount \u2013 B\u00f6gen, Pfeile, Targets &amp; Zubeh\u00f6r","og_description":"Marke: NAPKlingen: 3Gewicht: 100","og_url":"https:\/\/bogensportdiscount.ch\/fr\/produit\/nap-mechanische-jagdspitze-spitfire-maxx-trophy-tip-100gr-3-blatt-3er-pack\/","og_site_name":"Bogensportdiscount \u2013 B\u00f6gen, Pfeile, Targets &amp; Zubeh\u00f6r","article_modified_time":"2026-04-19T09:42:25+00:00","og_image":[{"width":266,"height":400,"url":"https:\/\/bogensportdiscount.ch\/wp-content\/uploads\/bsm-images\/a056775_1.jpg","type":"image\/jpeg"}],"twitter_card":"summary_large_image","twitter_misc":{"Est. reading time":"1 minute"},"schema":{"@context":"https:\/\/schema.org","@graph":[{"@type":"WebPage","@id":"https:\/\/bogensportdiscount.ch\/fr\/produit\/nap-mechanische-jagdspitze-spitfire-maxx-trophy-tip-100gr-3-blatt-3er-pack\/","url":"https:\/\/bogensportdiscount.ch\/fr\/produit\/nap-mechanische-jagdspitze-spitfire-maxx-trophy-tip-100gr-3-blatt-3er-pack\/","name":"NAP SPITFIRE MAXX MIT TROPHY TIP 100GR 3 KLINGEN 3\/PK AUSKLAPPBARE JAGDSPITZEN - Bogensportdiscount \u2013 B\u00f6gen, Pfeile, Targets &amp; Zubeh\u00f6r","isPartOf":{"@id":"https:\/\/bogensportdiscount.ch\/#website"},"primaryImageOfPage":{"@id":"https:\/\/bogensportdiscount.ch\/fr\/produit\/nap-mechanische-jagdspitze-spitfire-maxx-trophy-tip-100gr-3-blatt-3er-pack\/#primaryimage"},"image":{"@id":"https:\/\/bogensportdiscount.ch\/fr\/produit\/nap-mechanische-jagdspitze-spitfire-maxx-trophy-tip-100gr-3-blatt-3er-pack\/#primaryimage"},"thumbnailUrl":"https:\/\/bogensportdiscount.ch\/wp-content\/uploads\/bsm-images\/a056775_1.jpg","datePublished":"2026-04-05T12:27:06+00:00","dateModified":"2026-04-19T09:42:25+00:00","breadcrumb":{"@id":"https:\/\/bogensportdiscount.ch\/fr\/produit\/nap-mechanische-jagdspitze-spitfire-maxx-trophy-tip-100gr-3-blatt-3er-pack\/#breadcrumb"},"inLanguage":"fr-FR","potentialAction":[{"@type":"ReadAction","target":["https:\/\/bogensportdiscount.ch\/fr\/produit\/nap-mechanische-jagdspitze-spitfire-maxx-trophy-tip-100gr-3-blatt-3er-pack\/"]}]},{"@type":"ImageObject","inLanguage":"fr-FR","@id":"https:\/\/bogensportdiscount.ch\/fr\/produit\/nap-mechanische-jagdspitze-spitfire-maxx-trophy-tip-100gr-3-blatt-3er-pack\/#primaryimage","url":"https:\/\/bogensportdiscount.ch\/wp-content\/uploads\/bsm-images\/a056775_1.jpg","contentUrl":"https:\/\/bogensportdiscount.ch\/wp-content\/uploads\/bsm-images\/a056775_1.jpg","width":266,"height":400},{"@type":"BreadcrumbList","@id":"https:\/\/bogensportdiscount.ch\/fr\/produit\/nap-mechanische-jagdspitze-spitfire-maxx-trophy-tip-100gr-3-blatt-3er-pack\/#breadcrumb","itemListElement":[{"@type":"ListItem","position":1,"name":"Home","item":"https:\/\/bogensportdiscount.ch\/"},{"@type":"ListItem","position":2,"name":"Shop","item":"https:\/\/bogensportdiscount.ch\/shop\/"},{"@type":"ListItem","position":3,"name":"NAP SPITFIRE MAXX MIT TROPHY TIP 100GR 3 KLINGEN 3\/PK AUSKLAPPBARE JAGDSPITZEN"}]},{"@type":"WebSite","@id":"https:\/\/bogensportdiscount.ch\/#website","url":"https:\/\/bogensportdiscount.ch\/","name":"Bogensportdiscount","description":"","potentialAction":[{"@type":"SearchAction","target":{"@type":"EntryPoint","urlTemplate":"https:\/\/bogensportdiscount.ch\/?s={search_term_string}"},"query-input":{"@type":"PropertyValueSpecification","valueRequired":true,"valueName":"search_term_string"}}],"inLanguage":"fr-FR"}]}},"_links":{"self":[{"href":"https:\/\/bogensportdiscount.ch\/fr\/wp-json\/wp\/v2\/product\/392747","targetHints":{"allow":["GET"]}}],"collection":[{"href":"https:\/\/bogensportdiscount.ch\/fr\/wp-json\/wp\/v2\/product"}],"about":[{"href":"https:\/\/bogensportdiscount.ch\/fr\/wp-json\/wp\/v2\/types\/product"}],"replies":[{"embeddable":true,"href":"https:\/\/bogensportdiscount.ch\/fr\/wp-json\/wp\/v2\/comments?post=392747"}],"wp:featuredmedia":[{"embeddable":true,"href":"https:\/\/bogensportdiscount.ch\/fr\/wp-json\/wp\/v2\/media\/452832"}],"wp:attachment":[{"href":"https:\/\/bogensportdiscount.ch\/fr\/wp-json\/wp\/v2\/media?parent=392747"}],"wp:term":[{"taxonomy":"product_brand","embeddable":true,"href":"https:\/\/bogensportdiscount.ch\/fr\/wp-json\/wp\/v2\/product_brand?post=392747"},{"taxonomy":"product_cat","embeddable":true,"href":"https:\/\/bogensportdiscount.ch\/fr\/wp-json\/wp\/v2\/product_cat?post=392747"},{"taxonomy":"product_tag","embeddable":true,"href":"https:\/\/bogensportdiscount.ch\/fr\/wp-json\/wp\/v2\/product_tag?post=392747"}],"curies":[{"name":"wp","href":"https:\/\/api.w.org\/{rel}","templated":true}]}}