{"id":392707,"date":"2026-04-05T14:26:56","date_gmt":"2026-04-05T12:26:56","guid":{"rendered":"https:\/\/bogensportdiscount.ch\/produkt\/alexbow-black-widow-professional-122cm-id-16mm-blowgun\/"},"modified":"2026-05-14T07:13:43","modified_gmt":"2026-05-14T05:13:43","slug":"alexbow-blasrohr-black-widow-professional-122cm-id-16mm","status":"publish","type":"product","link":"https:\/\/bogensportdiscount.ch\/fr\/produit\/alexbow-blasrohr-black-widow-professional-122cm-id-16mm\/","title":{"rendered":"ALEXBOW BLACK WIDOW PROFESSIONNEL 122cm \/ ID 16mm SARBACANE"},"content":{"rendered":"<p>Le ALEXBOW Black Widow Professional est une sarbacane haut de gamme, con\u00e7ue pour les utilisateurs exigeants dans le domaine du plein air et de la chasse. Avec une longueur de 122 cm, elle offre un bon \u00e9quilibre entre maniabilit\u00e9 et puissance de tir.<\/p>\n<p>Le diam\u00e8tre int\u00e9rieur de 16 mm est adapt\u00e9 aux munitions courantes dans ce calibre et permet un tir pr\u00e9cis et puissant. La d\u00e9signation \u00ab Professional \u00bb indique une fabrication robuste et des exigences plus \u00e9lev\u00e9es en mati\u00e8re de mat\u00e9riaux et de pr\u00e9cision.<\/p>\n<ul>\n<li>Longueur : 122 cm<\/li>\n<li>Diam\u00e8tre int\u00e9rieur : 16 mm<\/li>\n<li>Adapt\u00e9 au plein air et \u00e0 la chasse<\/li>\n<li>Version professionnelle du fabricant ALEXBOW<\/li>\n<\/ul>","protected":false},"excerpt":{"rendered":"<table>\n<tr>\n<th>Propri\u00e9t\u00e9<\/th>\n<th>Valeur<\/th>\n<\/tr>\n<tr>\n<td>Marque<\/td>\n<td>Alexbow<\/td>\n<\/tr>\n<tr>\n<td>Couleur<\/td>\n<td>Noir<\/td>\n<\/tr>\n<tr>\n<td>Longueur (cm)<\/td>\n<td>122<\/td>\n<\/tr>\n<tr>\n<td>Pays d'origine<\/td>\n<td>R\u00e9publique tch\u00e8que<\/td>\n<\/tr>\n<\/table>","protected":false},"featured_media":452807,"comment_status":"open","ping_status":"closed","template":"","meta":[],"product_brand":[455],"product_cat":[4171,4181,4182],"product_tag":[3546],"class_list":{"0":"post-392707","1":"product","2":"type-product","3":"status-publish","4":"has-post-thumbnail","6":"product_brand-alexbow","7":"product_cat-jagd-outdoor","8":"product_cat-blasrohre-zubehoer","9":"product_cat-blasrohre","10":"product_tag-neuheit","11":"product_shipping_class-bsd-sperrgut","13":"first","14":"instock","15":"shipping-taxable","16":"purchasable","17":"product-type-simple"},"yoast_head":"<!-- This site is optimized with the Yoast SEO plugin v27.6 - https:\/\/yoast.com\/product\/yoast-seo-wordpress\/ -->\n<title>ALEXBOW BLACK WIDOW PROFESSIONELL 122cm \/ ID 16mm BLASROHR - Bogensportdiscount \u2013 B\u00f6gen, Pfeile, Targets &amp; Zubeh\u00f6r<\/title>\n<meta name=\"description\" content=\"ALEXBOW BLACK WIDOW PROFESSIONELL 122cm \/ ID 16mm BLASROHR g\u00fcnstig kaufen bei Bogensportdiscount \u2013 Top-Marken, schneller Versand aus der Schweiz.\" \/>\n<meta name=\"robots\" content=\"index, follow, max-snippet:-1, max-image-preview:large, max-video-preview:-1\" \/>\n<link rel=\"canonical\" href=\"https:\/\/bogensportdiscount.ch\/fr\/produit\/alexbow-blasrohr-black-widow-professional-122cm-id-16mm\/\" \/>\n<meta property=\"og:locale\" content=\"fr_FR\" \/>\n<meta property=\"og:type\" content=\"article\" \/>\n<meta property=\"og:title\" content=\"ALEXBOW BLACK WIDOW PROFESSIONELL 122cm \/ ID 16mm BLASROHR - Bogensportdiscount \u2013 B\u00f6gen, Pfeile, Targets &amp; Zubeh\u00f6r\" \/>\n<meta property=\"og:description\" content=\"ALEXBOW BLACK WIDOW PROFESSIONELL 122cm \/ ID 16mm BLASROHR g\u00fcnstig kaufen bei Bogensportdiscount \u2013 Top-Marken, schneller Versand aus der Schweiz.\" \/>\n<meta property=\"og:url\" content=\"https:\/\/bogensportdiscount.ch\/fr\/produit\/alexbow-blasrohr-black-widow-professional-122cm-id-16mm\/\" \/>\n<meta property=\"og:site_name\" content=\"Bogensportdiscount \u2013 B\u00f6gen, Pfeile, Targets &amp; Zubeh\u00f6r\" \/>\n<meta property=\"article:modified_time\" content=\"2026-05-14T05:13:43+00:00\" \/>\n<meta property=\"og:image\" content=\"https:\/\/bogensportdiscount.ch\/wp-content\/uploads\/bsm-images\/a056237_1.jpg\" \/>\n\t<meta property=\"og:image:width\" content=\"400\" \/>\n\t<meta property=\"og:image:height\" content=\"241\" \/>\n\t<meta property=\"og:image:type\" content=\"image\/jpeg\" \/>\n<meta name=\"twitter:card\" content=\"summary_large_image\" \/>\n<script type=\"application\/ld+json\" class=\"yoast-schema-graph\">{\"@context\":\"https:\\\/\\\/schema.org\",\"@graph\":[{\"@type\":\"WebPage\",\"@id\":\"https:\\\/\\\/bogensportdiscount.ch\\\/produkt\\\/alexbow-blasrohr-black-widow-professional-122cm-id-16mm\\\/\",\"url\":\"https:\\\/\\\/bogensportdiscount.ch\\\/produkt\\\/alexbow-blasrohr-black-widow-professional-122cm-id-16mm\\\/\",\"name\":\"ALEXBOW BLACK WIDOW PROFESSIONELL 122cm \\\/ ID 16mm BLASROHR - Bogensportdiscount \u2013 B\u00f6gen, Pfeile, Targets &amp; Zubeh\u00f6r\",\"isPartOf\":{\"@id\":\"https:\\\/\\\/bogensportdiscount.ch\\\/#website\"},\"primaryImageOfPage\":{\"@id\":\"https:\\\/\\\/bogensportdiscount.ch\\\/produkt\\\/alexbow-blasrohr-black-widow-professional-122cm-id-16mm\\\/#primaryimage\"},\"image\":{\"@id\":\"https:\\\/\\\/bogensportdiscount.ch\\\/produkt\\\/alexbow-blasrohr-black-widow-professional-122cm-id-16mm\\\/#primaryimage\"},\"thumbnailUrl\":\"https:\\\/\\\/bogensportdiscount.ch\\\/wp-content\\\/uploads\\\/bsm-images\\\/a056237_1.jpg\",\"datePublished\":\"2026-04-05T12:26:56+00:00\",\"dateModified\":\"2026-05-14T05:13:43+00:00\",\"description\":\"ALEXBOW BLACK WIDOW PROFESSIONELL 122cm \\\/ ID 16mm BLASROHR g\u00fcnstig kaufen bei Bogensportdiscount \u2013 Top-Marken, schneller Versand aus der Schweiz.\",\"breadcrumb\":{\"@id\":\"https:\\\/\\\/bogensportdiscount.ch\\\/produkt\\\/alexbow-blasrohr-black-widow-professional-122cm-id-16mm\\\/#breadcrumb\"},\"inLanguage\":\"fr-FR\",\"potentialAction\":[{\"@type\":\"ReadAction\",\"target\":[\"https:\\\/\\\/bogensportdiscount.ch\\\/produkt\\\/alexbow-blasrohr-black-widow-professional-122cm-id-16mm\\\/\"]}]},{\"@type\":\"ImageObject\",\"inLanguage\":\"fr-FR\",\"@id\":\"https:\\\/\\\/bogensportdiscount.ch\\\/produkt\\\/alexbow-blasrohr-black-widow-professional-122cm-id-16mm\\\/#primaryimage\",\"url\":\"https:\\\/\\\/bogensportdiscount.ch\\\/wp-content\\\/uploads\\\/bsm-images\\\/a056237_1.jpg\",\"contentUrl\":\"https:\\\/\\\/bogensportdiscount.ch\\\/wp-content\\\/uploads\\\/bsm-images\\\/a056237_1.jpg\",\"width\":400,\"height\":241},{\"@type\":\"BreadcrumbList\",\"@id\":\"https:\\\/\\\/bogensportdiscount.ch\\\/produkt\\\/alexbow-blasrohr-black-widow-professional-122cm-id-16mm\\\/#breadcrumb\",\"itemListElement\":[{\"@type\":\"ListItem\",\"position\":1,\"name\":\"Home\",\"item\":\"https:\\\/\\\/bogensportdiscount.ch\\\/\"},{\"@type\":\"ListItem\",\"position\":2,\"name\":\"Shop\",\"item\":\"https:\\\/\\\/bogensportdiscount.ch\\\/shop\\\/\"},{\"@type\":\"ListItem\",\"position\":3,\"name\":\"ALEXBOW BLACK WIDOW PROFESSIONAL 122cm \\\/ ID 16mm BLOWGUN\"}]},{\"@type\":\"WebSite\",\"@id\":\"https:\\\/\\\/bogensportdiscount.ch\\\/#website\",\"url\":\"https:\\\/\\\/bogensportdiscount.ch\\\/\",\"name\":\"Bogensportdiscount\",\"description\":\"\",\"potentialAction\":[{\"@type\":\"SearchAction\",\"target\":{\"@type\":\"EntryPoint\",\"urlTemplate\":\"https:\\\/\\\/bogensportdiscount.ch\\\/?s={search_term_string}\"},\"query-input\":{\"@type\":\"PropertyValueSpecification\",\"valueRequired\":true,\"valueName\":\"search_term_string\"}}],\"inLanguage\":\"fr-FR\"}]}<\/script>\n<!-- \/ Yoast SEO plugin. -->","yoast_head_json":{"title":"ALEXBOW BLACK WIDOW PROFESSIONELL 122cm \/ ID 16mm BLASROHR - Bogensportdiscount \u2013 B\u00f6gen, Pfeile, Targets &amp; Zubeh\u00f6r","description":"ALEXBOW BLACK WIDOW PROFESSIONELL 122cm \/ ID 16mm BLASROHR g\u00fcnstig kaufen bei Bogensportdiscount \u2013 Top-Marken, schneller Versand aus der Schweiz.","robots":{"index":"index","follow":"follow","max-snippet":"max-snippet:-1","max-image-preview":"max-image-preview:large","max-video-preview":"max-video-preview:-1"},"canonical":"https:\/\/bogensportdiscount.ch\/fr\/produit\/alexbow-blasrohr-black-widow-professional-122cm-id-16mm\/","og_locale":"fr_FR","og_type":"article","og_title":"ALEXBOW BLACK WIDOW PROFESSIONELL 122cm \/ ID 16mm BLASROHR - Bogensportdiscount \u2013 B\u00f6gen, Pfeile, Targets &amp; Zubeh\u00f6r","og_description":"ALEXBOW BLACK WIDOW PROFESSIONELL 122cm \/ ID 16mm BLASROHR g\u00fcnstig kaufen bei Bogensportdiscount \u2013 Top-Marken, schneller Versand aus der Schweiz.","og_url":"https:\/\/bogensportdiscount.ch\/fr\/produit\/alexbow-blasrohr-black-widow-professional-122cm-id-16mm\/","og_site_name":"Bogensportdiscount \u2013 B\u00f6gen, Pfeile, Targets &amp; Zubeh\u00f6r","article_modified_time":"2026-05-14T05:13:43+00:00","og_image":[{"width":400,"height":241,"url":"https:\/\/bogensportdiscount.ch\/wp-content\/uploads\/bsm-images\/a056237_1.jpg","type":"image\/jpeg"}],"twitter_card":"summary_large_image","schema":{"@context":"https:\/\/schema.org","@graph":[{"@type":"WebPage","@id":"https:\/\/bogensportdiscount.ch\/produkt\/alexbow-blasrohr-black-widow-professional-122cm-id-16mm\/","url":"https:\/\/bogensportdiscount.ch\/produkt\/alexbow-blasrohr-black-widow-professional-122cm-id-16mm\/","name":"ALEXBOW BLACK WIDOW PROFESSIONELL 122cm \/ ID 16mm BLASROHR - Bogensportdiscount \u2013 B\u00f6gen, Pfeile, Targets &amp; Zubeh\u00f6r","isPartOf":{"@id":"https:\/\/bogensportdiscount.ch\/#website"},"primaryImageOfPage":{"@id":"https:\/\/bogensportdiscount.ch\/produkt\/alexbow-blasrohr-black-widow-professional-122cm-id-16mm\/#primaryimage"},"image":{"@id":"https:\/\/bogensportdiscount.ch\/produkt\/alexbow-blasrohr-black-widow-professional-122cm-id-16mm\/#primaryimage"},"thumbnailUrl":"https:\/\/bogensportdiscount.ch\/wp-content\/uploads\/bsm-images\/a056237_1.jpg","datePublished":"2026-04-05T12:26:56+00:00","dateModified":"2026-05-14T05:13:43+00:00","description":"ALEXBOW BLACK WIDOW PROFESSIONELL 122cm \/ ID 16mm BLASROHR g\u00fcnstig kaufen bei Bogensportdiscount \u2013 Top-Marken, schneller Versand aus der Schweiz.","breadcrumb":{"@id":"https:\/\/bogensportdiscount.ch\/produkt\/alexbow-blasrohr-black-widow-professional-122cm-id-16mm\/#breadcrumb"},"inLanguage":"fr-FR","potentialAction":[{"@type":"ReadAction","target":["https:\/\/bogensportdiscount.ch\/produkt\/alexbow-blasrohr-black-widow-professional-122cm-id-16mm\/"]}]},{"@type":"ImageObject","inLanguage":"fr-FR","@id":"https:\/\/bogensportdiscount.ch\/produkt\/alexbow-blasrohr-black-widow-professional-122cm-id-16mm\/#primaryimage","url":"https:\/\/bogensportdiscount.ch\/wp-content\/uploads\/bsm-images\/a056237_1.jpg","contentUrl":"https:\/\/bogensportdiscount.ch\/wp-content\/uploads\/bsm-images\/a056237_1.jpg","width":400,"height":241},{"@type":"BreadcrumbList","@id":"https:\/\/bogensportdiscount.ch\/produkt\/alexbow-blasrohr-black-widow-professional-122cm-id-16mm\/#breadcrumb","itemListElement":[{"@type":"ListItem","position":1,"name":"Home","item":"https:\/\/bogensportdiscount.ch\/"},{"@type":"ListItem","position":2,"name":"Shop","item":"https:\/\/bogensportdiscount.ch\/shop\/"},{"@type":"ListItem","position":3,"name":"ALEXBOW BLACK WIDOW PROFESSIONAL 122cm \/ ID 16mm BLOWGUN"}]},{"@type":"WebSite","@id":"https:\/\/bogensportdiscount.ch\/#website","url":"https:\/\/bogensportdiscount.ch\/","name":"Bogensportdiscount","description":"","potentialAction":[{"@type":"SearchAction","target":{"@type":"EntryPoint","urlTemplate":"https:\/\/bogensportdiscount.ch\/?s={search_term_string}"},"query-input":{"@type":"PropertyValueSpecification","valueRequired":true,"valueName":"search_term_string"}}],"inLanguage":"fr-FR"}]}},"_links":{"self":[{"href":"https:\/\/bogensportdiscount.ch\/fr\/wp-json\/wp\/v2\/product\/392707","targetHints":{"allow":["GET"]}}],"collection":[{"href":"https:\/\/bogensportdiscount.ch\/fr\/wp-json\/wp\/v2\/product"}],"about":[{"href":"https:\/\/bogensportdiscount.ch\/fr\/wp-json\/wp\/v2\/types\/product"}],"replies":[{"embeddable":true,"href":"https:\/\/bogensportdiscount.ch\/fr\/wp-json\/wp\/v2\/comments?post=392707"}],"wp:featuredmedia":[{"embeddable":true,"href":"https:\/\/bogensportdiscount.ch\/fr\/wp-json\/wp\/v2\/media\/452807"}],"wp:attachment":[{"href":"https:\/\/bogensportdiscount.ch\/fr\/wp-json\/wp\/v2\/media?parent=392707"}],"wp:term":[{"taxonomy":"product_brand","embeddable":true,"href":"https:\/\/bogensportdiscount.ch\/fr\/wp-json\/wp\/v2\/product_brand?post=392707"},{"taxonomy":"product_cat","embeddable":true,"href":"https:\/\/bogensportdiscount.ch\/fr\/wp-json\/wp\/v2\/product_cat?post=392707"},{"taxonomy":"product_tag","embeddable":true,"href":"https:\/\/bogensportdiscount.ch\/fr\/wp-json\/wp\/v2\/product_tag?post=392707"}],"curies":[{"name":"wp","href":"https:\/\/api.w.org\/{rel}","templated":true}]}}