{"id":392701,"date":"2026-04-05T14:26:55","date_gmt":"2026-04-05T12:26:55","guid":{"rendered":"https:\/\/bogensportdiscount.ch\/produkt\/sanlida-x10-target-recurve-bow-limb-protector-pad\/"},"modified":"2026-04-19T11:42:24","modified_gmt":"2026-04-19T09:42:24","slug":"sanlida-x10-target-recurvebogen-wurfarmschutz-pad","status":"publish","type":"product","link":"https:\/\/bogensportdiscount.ch\/fr\/produit\/sanlida-x10-target-recurvebogen-wurfarmschutz-pad\/","title":{"rendered":"SANLIDA X10 TURNIER RECURVE WURFARMSCHUTZ-PAD"},"content":{"rendered":"<p>Der SANLIDA X10 Limb Protector Pad ist ein Zubeh\u00f6rteil speziell f\u00fcr den SANLIDA X10 Target Recurvebogen. Er dient als Schutzunterlage f\u00fcr die Wurfarme und verhindert Kratzer und Abnutzung an den Wurfarmenden beim Handling, Transport oder bei der Lagerung.<\/p>\n<p>Das Pad ist eine einfache und preiswerte M\u00f6glichkeit, die Wurfarme des X10 in gutem Zustand zu halten und die Lebensdauer des Bogens zu verl\u00e4ngern.<\/p>\n<ul>\n<li>Passend f\u00fcr SANLIDA X10 Target Recurvebogen<\/li>\n<li>Sch\u00fctzt die Wurfarmenden vor Kratzern und Abnutzung<\/li>\n<li>Couleur : Noir<\/li>\n<li>Herkunft: CN<\/li>\n<\/ul>","protected":false},"excerpt":{"rendered":"<p>Der SANLIDA X10 Wurfarmschutz-Pad sch\u00fctzt die Wurfarme des X10 Target Recurvebogens vor Besch\u00e4digungen beim Auf- und Abbau. Ausf\u00fchrung in Schwarz.<\/p>","protected":false},"featured_media":442258,"comment_status":"open","ping_status":"closed","template":"","meta":[],"product_brand":[459],"product_cat":[4415],"product_tag":[3546],"class_list":{"0":"post-392701","1":"product","2":"type-product","3":"status-publish","4":"has-post-thumbnail","6":"product_brand-sanlida","7":"product_cat-endenschutz-string-keepers","8":"product_tag-neuheit","10":"first","11":"instock","12":"shipping-taxable","13":"purchasable","14":"product-type-simple"},"yoast_head":"<!-- This site is optimized with the Yoast SEO plugin v27.4 - https:\/\/yoast.com\/product\/yoast-seo-wordpress\/ -->\n<title>SANLIDA X10 TURNIER RECURVE WURFARMSCHUTZ-PAD - Bogensportdiscount \u2013 B\u00f6gen, Pfeile, Targets &amp; Zubeh\u00f6r<\/title>\n<meta name=\"robots\" content=\"noindex, follow, max-snippet:-1, max-image-preview:large, max-video-preview:-1\" \/>\n<meta property=\"og:locale\" content=\"fr_FR\" \/>\n<meta property=\"og:type\" content=\"article\" \/>\n<meta property=\"og:title\" content=\"SANLIDA X10 TURNIER RECURVE WURFARMSCHUTZ-PAD - Bogensportdiscount \u2013 B\u00f6gen, Pfeile, Targets &amp; Zubeh\u00f6r\" \/>\n<meta property=\"og:description\" content=\"Der SANLIDA X10 Wurfarmschutz-Pad sch\u00fctzt die Wurfarme des X10 Target Recurvebogens vor Besch\u00e4digungen beim Auf- und Abbau. Ausf\u00fchrung in Schwarz.\" \/>\n<meta property=\"og:url\" content=\"https:\/\/bogensportdiscount.ch\/fr\/produit\/sanlida-x10-target-recurvebogen-wurfarmschutz-pad\/\" \/>\n<meta property=\"og:site_name\" content=\"Bogensportdiscount \u2013 B\u00f6gen, Pfeile, Targets &amp; Zubeh\u00f6r\" \/>\n<meta property=\"article:modified_time\" content=\"2026-04-19T09:42:24+00:00\" \/>\n<meta property=\"og:image\" content=\"https:\/\/bogensportdiscount.ch\/wp-content\/uploads\/bsm-images\/A056144_1.png\" \/>\n\t<meta property=\"og:image:width\" content=\"800\" \/>\n\t<meta property=\"og:image:height\" content=\"800\" \/>\n\t<meta property=\"og:image:type\" content=\"image\/png\" \/>\n<meta name=\"twitter:card\" content=\"summary_large_image\" \/>\n<script type=\"application\/ld+json\" class=\"yoast-schema-graph\">{\"@context\":\"https:\\\/\\\/schema.org\",\"@graph\":[{\"@type\":\"WebPage\",\"@id\":\"https:\\\/\\\/bogensportdiscount.ch\\\/fr\\\/produit\\\/sanlida-x10-target-recurvebogen-wurfarmschutz-pad\\\/\",\"url\":\"https:\\\/\\\/bogensportdiscount.ch\\\/fr\\\/produit\\\/sanlida-x10-target-recurvebogen-wurfarmschutz-pad\\\/\",\"name\":\"SANLIDA X10 TURNIER RECURVE WURFARMSCHUTZ-PAD - Bogensportdiscount \u2013 B\u00f6gen, Pfeile, Targets &amp; Zubeh\u00f6r\",\"isPartOf\":{\"@id\":\"https:\\\/\\\/bogensportdiscount.ch\\\/#website\"},\"primaryImageOfPage\":{\"@id\":\"https:\\\/\\\/bogensportdiscount.ch\\\/fr\\\/produit\\\/sanlida-x10-target-recurvebogen-wurfarmschutz-pad\\\/#primaryimage\"},\"image\":{\"@id\":\"https:\\\/\\\/bogensportdiscount.ch\\\/fr\\\/produit\\\/sanlida-x10-target-recurvebogen-wurfarmschutz-pad\\\/#primaryimage\"},\"thumbnailUrl\":\"https:\\\/\\\/bogensportdiscount.ch\\\/wp-content\\\/uploads\\\/bsm-images\\\/A056144_1.png\",\"datePublished\":\"2026-04-05T12:26:55+00:00\",\"dateModified\":\"2026-04-19T09:42:24+00:00\",\"breadcrumb\":{\"@id\":\"https:\\\/\\\/bogensportdiscount.ch\\\/fr\\\/produit\\\/sanlida-x10-target-recurvebogen-wurfarmschutz-pad\\\/#breadcrumb\"},\"inLanguage\":\"fr-FR\",\"potentialAction\":[{\"@type\":\"ReadAction\",\"target\":[\"https:\\\/\\\/bogensportdiscount.ch\\\/fr\\\/produit\\\/sanlida-x10-target-recurvebogen-wurfarmschutz-pad\\\/\"]}]},{\"@type\":\"ImageObject\",\"inLanguage\":\"fr-FR\",\"@id\":\"https:\\\/\\\/bogensportdiscount.ch\\\/fr\\\/produit\\\/sanlida-x10-target-recurvebogen-wurfarmschutz-pad\\\/#primaryimage\",\"url\":\"https:\\\/\\\/bogensportdiscount.ch\\\/wp-content\\\/uploads\\\/bsm-images\\\/A056144_1.png\",\"contentUrl\":\"https:\\\/\\\/bogensportdiscount.ch\\\/wp-content\\\/uploads\\\/bsm-images\\\/A056144_1.png\",\"width\":800,\"height\":800},{\"@type\":\"BreadcrumbList\",\"@id\":\"https:\\\/\\\/bogensportdiscount.ch\\\/fr\\\/produit\\\/sanlida-x10-target-recurvebogen-wurfarmschutz-pad\\\/#breadcrumb\",\"itemListElement\":[{\"@type\":\"ListItem\",\"position\":1,\"name\":\"Home\",\"item\":\"https:\\\/\\\/bogensportdiscount.ch\\\/\"},{\"@type\":\"ListItem\",\"position\":2,\"name\":\"Shop\",\"item\":\"https:\\\/\\\/bogensportdiscount.ch\\\/shop\\\/\"},{\"@type\":\"ListItem\",\"position\":3,\"name\":\"SANLIDA X10 TURNIER RECURVE WURFARMSCHUTZ-PAD\"}]},{\"@type\":\"WebSite\",\"@id\":\"https:\\\/\\\/bogensportdiscount.ch\\\/#website\",\"url\":\"https:\\\/\\\/bogensportdiscount.ch\\\/\",\"name\":\"Bogensportdiscount\",\"description\":\"\",\"potentialAction\":[{\"@type\":\"SearchAction\",\"target\":{\"@type\":\"EntryPoint\",\"urlTemplate\":\"https:\\\/\\\/bogensportdiscount.ch\\\/?s={search_term_string}\"},\"query-input\":{\"@type\":\"PropertyValueSpecification\",\"valueRequired\":true,\"valueName\":\"search_term_string\"}}],\"inLanguage\":\"fr-FR\"}]}<\/script>\n<!-- \/ Yoast SEO plugin. -->","yoast_head_json":{"title":"SANLIDA X10 TURNIER RECURVE WURFARMSCHUTZ-PAD - Bogensportdiscount \u2013 B\u00f6gen, Pfeile, Targets &amp; Zubeh\u00f6r","robots":{"index":"noindex","follow":"follow","max-snippet":"max-snippet:-1","max-image-preview":"max-image-preview:large","max-video-preview":"max-video-preview:-1"},"og_locale":"fr_FR","og_type":"article","og_title":"SANLIDA X10 TURNIER RECURVE WURFARMSCHUTZ-PAD - Bogensportdiscount \u2013 B\u00f6gen, Pfeile, Targets &amp; Zubeh\u00f6r","og_description":"Der SANLIDA X10 Wurfarmschutz-Pad sch\u00fctzt die Wurfarme des X10 Target Recurvebogens vor Besch\u00e4digungen beim Auf- und Abbau. Ausf\u00fchrung in Schwarz.","og_url":"https:\/\/bogensportdiscount.ch\/fr\/produit\/sanlida-x10-target-recurvebogen-wurfarmschutz-pad\/","og_site_name":"Bogensportdiscount \u2013 B\u00f6gen, Pfeile, Targets &amp; Zubeh\u00f6r","article_modified_time":"2026-04-19T09:42:24+00:00","og_image":[{"width":800,"height":800,"url":"https:\/\/bogensportdiscount.ch\/wp-content\/uploads\/bsm-images\/A056144_1.png","type":"image\/png"}],"twitter_card":"summary_large_image","schema":{"@context":"https:\/\/schema.org","@graph":[{"@type":"WebPage","@id":"https:\/\/bogensportdiscount.ch\/fr\/produit\/sanlida-x10-target-recurvebogen-wurfarmschutz-pad\/","url":"https:\/\/bogensportdiscount.ch\/fr\/produit\/sanlida-x10-target-recurvebogen-wurfarmschutz-pad\/","name":"SANLIDA X10 TURNIER RECURVE WURFARMSCHUTZ-PAD - Bogensportdiscount \u2013 B\u00f6gen, Pfeile, Targets &amp; Zubeh\u00f6r","isPartOf":{"@id":"https:\/\/bogensportdiscount.ch\/#website"},"primaryImageOfPage":{"@id":"https:\/\/bogensportdiscount.ch\/fr\/produit\/sanlida-x10-target-recurvebogen-wurfarmschutz-pad\/#primaryimage"},"image":{"@id":"https:\/\/bogensportdiscount.ch\/fr\/produit\/sanlida-x10-target-recurvebogen-wurfarmschutz-pad\/#primaryimage"},"thumbnailUrl":"https:\/\/bogensportdiscount.ch\/wp-content\/uploads\/bsm-images\/A056144_1.png","datePublished":"2026-04-05T12:26:55+00:00","dateModified":"2026-04-19T09:42:24+00:00","breadcrumb":{"@id":"https:\/\/bogensportdiscount.ch\/fr\/produit\/sanlida-x10-target-recurvebogen-wurfarmschutz-pad\/#breadcrumb"},"inLanguage":"fr-FR","potentialAction":[{"@type":"ReadAction","target":["https:\/\/bogensportdiscount.ch\/fr\/produit\/sanlida-x10-target-recurvebogen-wurfarmschutz-pad\/"]}]},{"@type":"ImageObject","inLanguage":"fr-FR","@id":"https:\/\/bogensportdiscount.ch\/fr\/produit\/sanlida-x10-target-recurvebogen-wurfarmschutz-pad\/#primaryimage","url":"https:\/\/bogensportdiscount.ch\/wp-content\/uploads\/bsm-images\/A056144_1.png","contentUrl":"https:\/\/bogensportdiscount.ch\/wp-content\/uploads\/bsm-images\/A056144_1.png","width":800,"height":800},{"@type":"BreadcrumbList","@id":"https:\/\/bogensportdiscount.ch\/fr\/produit\/sanlida-x10-target-recurvebogen-wurfarmschutz-pad\/#breadcrumb","itemListElement":[{"@type":"ListItem","position":1,"name":"Home","item":"https:\/\/bogensportdiscount.ch\/"},{"@type":"ListItem","position":2,"name":"Shop","item":"https:\/\/bogensportdiscount.ch\/shop\/"},{"@type":"ListItem","position":3,"name":"SANLIDA X10 TURNIER RECURVE WURFARMSCHUTZ-PAD"}]},{"@type":"WebSite","@id":"https:\/\/bogensportdiscount.ch\/#website","url":"https:\/\/bogensportdiscount.ch\/","name":"Bogensportdiscount","description":"","potentialAction":[{"@type":"SearchAction","target":{"@type":"EntryPoint","urlTemplate":"https:\/\/bogensportdiscount.ch\/?s={search_term_string}"},"query-input":{"@type":"PropertyValueSpecification","valueRequired":true,"valueName":"search_term_string"}}],"inLanguage":"fr-FR"}]}},"_links":{"self":[{"href":"https:\/\/bogensportdiscount.ch\/fr\/wp-json\/wp\/v2\/product\/392701","targetHints":{"allow":["GET"]}}],"collection":[{"href":"https:\/\/bogensportdiscount.ch\/fr\/wp-json\/wp\/v2\/product"}],"about":[{"href":"https:\/\/bogensportdiscount.ch\/fr\/wp-json\/wp\/v2\/types\/product"}],"replies":[{"embeddable":true,"href":"https:\/\/bogensportdiscount.ch\/fr\/wp-json\/wp\/v2\/comments?post=392701"}],"wp:featuredmedia":[{"embeddable":true,"href":"https:\/\/bogensportdiscount.ch\/fr\/wp-json\/wp\/v2\/media\/442258"}],"wp:attachment":[{"href":"https:\/\/bogensportdiscount.ch\/fr\/wp-json\/wp\/v2\/media?parent=392701"}],"wp:term":[{"taxonomy":"product_brand","embeddable":true,"href":"https:\/\/bogensportdiscount.ch\/fr\/wp-json\/wp\/v2\/product_brand?post=392701"},{"taxonomy":"product_cat","embeddable":true,"href":"https:\/\/bogensportdiscount.ch\/fr\/wp-json\/wp\/v2\/product_cat?post=392701"},{"taxonomy":"product_tag","embeddable":true,"href":"https:\/\/bogensportdiscount.ch\/fr\/wp-json\/wp\/v2\/product_tag?post=392701"}],"curies":[{"name":"wp","href":"https:\/\/api.w.org\/{rel}","templated":true}]}}