{"id":392693,"date":"2026-04-05T14:26:53","date_gmt":"2026-04-05T12:26:53","guid":{"rendered":"https:\/\/bogensportdiscount.ch\/produkt\/accubow-warm-up-tools-accubow-nano-youth-model-aqua\/"},"modified":"2026-05-14T07:13:43","modified_gmt":"2026-05-14T05:13:43","slug":"accubow-aufwaerm-trainingsgeraet-nano-youth-model-aqua","status":"publish","type":"product","link":"https:\/\/bogensportdiscount.ch\/fr\/produit\/accubow-aufwaerm-trainingsgeraet-nano-youth-model-aqua\/","title":{"rendered":"ACCUBOW OUTILS D'\u00c9CHAUFFEMENT ACCUBOW NANO MOD\u00c8LE JEUNESSE AQUA"},"content":{"rendered":"<p>L'ACCUBOW Nano Youth Model est un appareil d'entra\u00eenement pour le sport de l'arc, sp\u00e9cialement con\u00e7u pour r\u00e9pondre aux besoins des jeunes tireurs. Il est utilis\u00e9 pour l'\u00e9chauffement et le renforcement des muscles de traction et de maintien, sans n\u00e9cessiter un v\u00e9ritable arc.<\/p>\n<p>Le design compact et l\u00e9ger fait du Nano Youth Model un compagnon pratique pour l'entra\u00eenement \u00e0 domicile ou en d\u00e9placement. La couleur Aqua permet une identification facile parmi les pratiquants.<\/p>\n<ul>\n<li>Appareil d'entra\u00eenement pour les jeunes archers<\/li>\n<li>Favorise la technique de traction correcte et le d\u00e9veloppement musculaire<\/li>\n<li>Compact et l\u00e9ger pour s'entra\u00eener partout<\/li>\n<li>Couleur : Aqua<\/li>\n<\/ul>","protected":false},"excerpt":{"rendered":"<table>\n<tr>\n<th>Propri\u00e9t\u00e9<\/th>\n<th>Valeur<\/th>\n<\/tr>\n<tr>\n<td>Marque<\/td>\n<td>Accubow<\/td>\n<\/tr>\n<tr>\n<td>Pays d'origine<\/td>\n<td>Chine<\/td>\n<\/tr>\n<tr>\n<td>GTIN<\/td>\n<td>857151006449<\/td>\n<\/tr>\n<\/table>","protected":false},"featured_media":452804,"comment_status":"open","ping_status":"closed","template":"","meta":[],"product_brand":[576],"product_cat":[4121,4375,4376],"product_tag":[3546],"class_list":{"0":"post-392693","1":"product","2":"type-product","3":"status-publish","4":"has-post-thumbnail","6":"product_brand-accubow","7":"product_cat-werkzeuge-training","8":"product_cat-bogensport-fitness","9":"product_cat-aufwaerm-werkzeuge","10":"product_tag-neuheit","11":"product_shipping_class-bsd-standard","13":"first","14":"instock","15":"shipping-taxable","16":"purchasable","17":"product-type-simple"},"yoast_head":"<!-- This site is optimized with the Yoast SEO plugin v27.6 - https:\/\/yoast.com\/product\/yoast-seo-wordpress\/ -->\n<title>ACCUBOW AUFW\u00c4RM-WERKZEUGE ACCUBOW NANO JUGENDMODELL AQUA - Bogensportdiscount \u2013 B\u00f6gen, Pfeile, Targets &amp; Zubeh\u00f6r<\/title>\n<meta name=\"description\" content=\"ACCUBOW AUFW\u00c4RM-WERKZEUGE ACCUBOW NANO JUGENDMODELL AQUA g\u00fcnstig kaufen bei Bogensportdiscount \u2013 Top-Marken, schneller Versand aus der Schweiz.\" \/>\n<meta name=\"robots\" content=\"index, follow, max-snippet:-1, max-image-preview:large, max-video-preview:-1\" \/>\n<link rel=\"canonical\" href=\"https:\/\/bogensportdiscount.ch\/fr\/produit\/accubow-aufwaerm-trainingsgeraet-nano-youth-model-aqua\/\" \/>\n<meta property=\"og:locale\" content=\"fr_FR\" \/>\n<meta property=\"og:type\" content=\"article\" \/>\n<meta property=\"og:title\" content=\"ACCUBOW AUFW\u00c4RM-WERKZEUGE ACCUBOW NANO JUGENDMODELL AQUA - Bogensportdiscount \u2013 B\u00f6gen, Pfeile, Targets &amp; Zubeh\u00f6r\" \/>\n<meta property=\"og:description\" content=\"ACCUBOW AUFW\u00c4RM-WERKZEUGE ACCUBOW NANO JUGENDMODELL AQUA g\u00fcnstig kaufen bei Bogensportdiscount \u2013 Top-Marken, schneller Versand aus der Schweiz.\" \/>\n<meta property=\"og:url\" content=\"https:\/\/bogensportdiscount.ch\/fr\/produit\/accubow-aufwaerm-trainingsgeraet-nano-youth-model-aqua\/\" \/>\n<meta property=\"og:site_name\" content=\"Bogensportdiscount \u2013 B\u00f6gen, Pfeile, Targets &amp; Zubeh\u00f6r\" \/>\n<meta property=\"article:modified_time\" content=\"2026-05-14T05:13:43+00:00\" \/>\n<meta property=\"og:image\" content=\"https:\/\/bogensportdiscount.ch\/wp-content\/uploads\/bsm-images\/a056014_1.jpg\" \/>\n\t<meta property=\"og:image:width\" content=\"266\" \/>\n\t<meta property=\"og:image:height\" content=\"400\" \/>\n\t<meta property=\"og:image:type\" content=\"image\/jpeg\" \/>\n<meta name=\"twitter:card\" content=\"summary_large_image\" \/>\n<script type=\"application\/ld+json\" class=\"yoast-schema-graph\">{\"@context\":\"https:\\\/\\\/schema.org\",\"@graph\":[{\"@type\":\"WebPage\",\"@id\":\"https:\\\/\\\/bogensportdiscount.ch\\\/produkt\\\/accubow-aufwaerm-trainingsgeraet-nano-youth-model-aqua\\\/\",\"url\":\"https:\\\/\\\/bogensportdiscount.ch\\\/produkt\\\/accubow-aufwaerm-trainingsgeraet-nano-youth-model-aqua\\\/\",\"name\":\"ACCUBOW AUFW\u00c4RM-WERKZEUGE ACCUBOW NANO JUGENDMODELL AQUA - Bogensportdiscount \u2013 B\u00f6gen, Pfeile, Targets &amp; Zubeh\u00f6r\",\"isPartOf\":{\"@id\":\"https:\\\/\\\/bogensportdiscount.ch\\\/#website\"},\"primaryImageOfPage\":{\"@id\":\"https:\\\/\\\/bogensportdiscount.ch\\\/produkt\\\/accubow-aufwaerm-trainingsgeraet-nano-youth-model-aqua\\\/#primaryimage\"},\"image\":{\"@id\":\"https:\\\/\\\/bogensportdiscount.ch\\\/produkt\\\/accubow-aufwaerm-trainingsgeraet-nano-youth-model-aqua\\\/#primaryimage\"},\"thumbnailUrl\":\"https:\\\/\\\/bogensportdiscount.ch\\\/wp-content\\\/uploads\\\/bsm-images\\\/a056014_1.jpg\",\"datePublished\":\"2026-04-05T12:26:53+00:00\",\"dateModified\":\"2026-05-14T05:13:43+00:00\",\"description\":\"ACCUBOW AUFW\u00c4RM-WERKZEUGE ACCUBOW NANO JUGENDMODELL AQUA g\u00fcnstig kaufen bei Bogensportdiscount \u2013 Top-Marken, schneller Versand aus der Schweiz.\",\"breadcrumb\":{\"@id\":\"https:\\\/\\\/bogensportdiscount.ch\\\/produkt\\\/accubow-aufwaerm-trainingsgeraet-nano-youth-model-aqua\\\/#breadcrumb\"},\"inLanguage\":\"fr-FR\",\"potentialAction\":[{\"@type\":\"ReadAction\",\"target\":[\"https:\\\/\\\/bogensportdiscount.ch\\\/produkt\\\/accubow-aufwaerm-trainingsgeraet-nano-youth-model-aqua\\\/\"]}]},{\"@type\":\"ImageObject\",\"inLanguage\":\"fr-FR\",\"@id\":\"https:\\\/\\\/bogensportdiscount.ch\\\/produkt\\\/accubow-aufwaerm-trainingsgeraet-nano-youth-model-aqua\\\/#primaryimage\",\"url\":\"https:\\\/\\\/bogensportdiscount.ch\\\/wp-content\\\/uploads\\\/bsm-images\\\/a056014_1.jpg\",\"contentUrl\":\"https:\\\/\\\/bogensportdiscount.ch\\\/wp-content\\\/uploads\\\/bsm-images\\\/a056014_1.jpg\",\"width\":266,\"height\":400},{\"@type\":\"BreadcrumbList\",\"@id\":\"https:\\\/\\\/bogensportdiscount.ch\\\/produkt\\\/accubow-aufwaerm-trainingsgeraet-nano-youth-model-aqua\\\/#breadcrumb\",\"itemListElement\":[{\"@type\":\"ListItem\",\"position\":1,\"name\":\"Home\",\"item\":\"https:\\\/\\\/bogensportdiscount.ch\\\/\"},{\"@type\":\"ListItem\",\"position\":2,\"name\":\"Shop\",\"item\":\"https:\\\/\\\/bogensportdiscount.ch\\\/shop\\\/\"},{\"@type\":\"ListItem\",\"position\":3,\"name\":\"ACCUBOW WARM UP TOOLS ACCUBOW NANO YOUTH MODEL AQUA\"}]},{\"@type\":\"WebSite\",\"@id\":\"https:\\\/\\\/bogensportdiscount.ch\\\/#website\",\"url\":\"https:\\\/\\\/bogensportdiscount.ch\\\/\",\"name\":\"Bogensportdiscount\",\"description\":\"\",\"potentialAction\":[{\"@type\":\"SearchAction\",\"target\":{\"@type\":\"EntryPoint\",\"urlTemplate\":\"https:\\\/\\\/bogensportdiscount.ch\\\/?s={search_term_string}\"},\"query-input\":{\"@type\":\"PropertyValueSpecification\",\"valueRequired\":true,\"valueName\":\"search_term_string\"}}],\"inLanguage\":\"fr-FR\"}]}<\/script>\n<!-- \/ Yoast SEO plugin. -->","yoast_head_json":{"title":"ACCUBOW AUFW\u00c4RM-WERKZEUGE ACCUBOW NANO JUGENDMODELL AQUA - Bogensportdiscount \u2013 B\u00f6gen, Pfeile, Targets &amp; Zubeh\u00f6r","description":"ACCUBOW AUFW\u00c4RM-WERKZEUGE ACCUBOW NANO JUGENDMODELL AQUA g\u00fcnstig kaufen bei Bogensportdiscount \u2013 Top-Marken, schneller Versand aus der Schweiz.","robots":{"index":"index","follow":"follow","max-snippet":"max-snippet:-1","max-image-preview":"max-image-preview:large","max-video-preview":"max-video-preview:-1"},"canonical":"https:\/\/bogensportdiscount.ch\/fr\/produit\/accubow-aufwaerm-trainingsgeraet-nano-youth-model-aqua\/","og_locale":"fr_FR","og_type":"article","og_title":"ACCUBOW AUFW\u00c4RM-WERKZEUGE ACCUBOW NANO JUGENDMODELL AQUA - Bogensportdiscount \u2013 B\u00f6gen, Pfeile, Targets &amp; Zubeh\u00f6r","og_description":"ACCUBOW AUFW\u00c4RM-WERKZEUGE ACCUBOW NANO JUGENDMODELL AQUA g\u00fcnstig kaufen bei Bogensportdiscount \u2013 Top-Marken, schneller Versand aus der Schweiz.","og_url":"https:\/\/bogensportdiscount.ch\/fr\/produit\/accubow-aufwaerm-trainingsgeraet-nano-youth-model-aqua\/","og_site_name":"Bogensportdiscount \u2013 B\u00f6gen, Pfeile, Targets &amp; Zubeh\u00f6r","article_modified_time":"2026-05-14T05:13:43+00:00","og_image":[{"width":266,"height":400,"url":"https:\/\/bogensportdiscount.ch\/wp-content\/uploads\/bsm-images\/a056014_1.jpg","type":"image\/jpeg"}],"twitter_card":"summary_large_image","schema":{"@context":"https:\/\/schema.org","@graph":[{"@type":"WebPage","@id":"https:\/\/bogensportdiscount.ch\/produkt\/accubow-aufwaerm-trainingsgeraet-nano-youth-model-aqua\/","url":"https:\/\/bogensportdiscount.ch\/produkt\/accubow-aufwaerm-trainingsgeraet-nano-youth-model-aqua\/","name":"ACCUBOW AUFW\u00c4RM-WERKZEUGE ACCUBOW NANO JUGENDMODELL AQUA - Bogensportdiscount \u2013 B\u00f6gen, Pfeile, Targets &amp; Zubeh\u00f6r","isPartOf":{"@id":"https:\/\/bogensportdiscount.ch\/#website"},"primaryImageOfPage":{"@id":"https:\/\/bogensportdiscount.ch\/produkt\/accubow-aufwaerm-trainingsgeraet-nano-youth-model-aqua\/#primaryimage"},"image":{"@id":"https:\/\/bogensportdiscount.ch\/produkt\/accubow-aufwaerm-trainingsgeraet-nano-youth-model-aqua\/#primaryimage"},"thumbnailUrl":"https:\/\/bogensportdiscount.ch\/wp-content\/uploads\/bsm-images\/a056014_1.jpg","datePublished":"2026-04-05T12:26:53+00:00","dateModified":"2026-05-14T05:13:43+00:00","description":"ACCUBOW AUFW\u00c4RM-WERKZEUGE ACCUBOW NANO JUGENDMODELL AQUA g\u00fcnstig kaufen bei Bogensportdiscount \u2013 Top-Marken, schneller Versand aus der Schweiz.","breadcrumb":{"@id":"https:\/\/bogensportdiscount.ch\/produkt\/accubow-aufwaerm-trainingsgeraet-nano-youth-model-aqua\/#breadcrumb"},"inLanguage":"fr-FR","potentialAction":[{"@type":"ReadAction","target":["https:\/\/bogensportdiscount.ch\/produkt\/accubow-aufwaerm-trainingsgeraet-nano-youth-model-aqua\/"]}]},{"@type":"ImageObject","inLanguage":"fr-FR","@id":"https:\/\/bogensportdiscount.ch\/produkt\/accubow-aufwaerm-trainingsgeraet-nano-youth-model-aqua\/#primaryimage","url":"https:\/\/bogensportdiscount.ch\/wp-content\/uploads\/bsm-images\/a056014_1.jpg","contentUrl":"https:\/\/bogensportdiscount.ch\/wp-content\/uploads\/bsm-images\/a056014_1.jpg","width":266,"height":400},{"@type":"BreadcrumbList","@id":"https:\/\/bogensportdiscount.ch\/produkt\/accubow-aufwaerm-trainingsgeraet-nano-youth-model-aqua\/#breadcrumb","itemListElement":[{"@type":"ListItem","position":1,"name":"Home","item":"https:\/\/bogensportdiscount.ch\/"},{"@type":"ListItem","position":2,"name":"Shop","item":"https:\/\/bogensportdiscount.ch\/shop\/"},{"@type":"ListItem","position":3,"name":"ACCUBOW WARM UP TOOLS ACCUBOW NANO YOUTH MODEL AQUA"}]},{"@type":"WebSite","@id":"https:\/\/bogensportdiscount.ch\/#website","url":"https:\/\/bogensportdiscount.ch\/","name":"Bogensportdiscount","description":"","potentialAction":[{"@type":"SearchAction","target":{"@type":"EntryPoint","urlTemplate":"https:\/\/bogensportdiscount.ch\/?s={search_term_string}"},"query-input":{"@type":"PropertyValueSpecification","valueRequired":true,"valueName":"search_term_string"}}],"inLanguage":"fr-FR"}]}},"_links":{"self":[{"href":"https:\/\/bogensportdiscount.ch\/fr\/wp-json\/wp\/v2\/product\/392693","targetHints":{"allow":["GET"]}}],"collection":[{"href":"https:\/\/bogensportdiscount.ch\/fr\/wp-json\/wp\/v2\/product"}],"about":[{"href":"https:\/\/bogensportdiscount.ch\/fr\/wp-json\/wp\/v2\/types\/product"}],"replies":[{"embeddable":true,"href":"https:\/\/bogensportdiscount.ch\/fr\/wp-json\/wp\/v2\/comments?post=392693"}],"wp:featuredmedia":[{"embeddable":true,"href":"https:\/\/bogensportdiscount.ch\/fr\/wp-json\/wp\/v2\/media\/452804"}],"wp:attachment":[{"href":"https:\/\/bogensportdiscount.ch\/fr\/wp-json\/wp\/v2\/media?parent=392693"}],"wp:term":[{"taxonomy":"product_brand","embeddable":true,"href":"https:\/\/bogensportdiscount.ch\/fr\/wp-json\/wp\/v2\/product_brand?post=392693"},{"taxonomy":"product_cat","embeddable":true,"href":"https:\/\/bogensportdiscount.ch\/fr\/wp-json\/wp\/v2\/product_cat?post=392693"},{"taxonomy":"product_tag","embeddable":true,"href":"https:\/\/bogensportdiscount.ch\/fr\/wp-json\/wp\/v2\/product_tag?post=392693"}],"curies":[{"name":"wp","href":"https:\/\/api.w.org\/{rel}","templated":true}]}}