{"id":392687,"date":"2026-04-05T14:26:52","date_gmt":"2026-04-05T12:26:52","guid":{"rendered":"https:\/\/bogensportdiscount.ch\/produkt\/slick-trick-expandable-broadhead-assailant-100gr-mechanical-2-blade-3-pk\/"},"modified":"2026-04-19T11:42:24","modified_gmt":"2026-04-19T09:42:24","slug":"slicktrick-mechanische-jagdspitze-assailant-100gr-2-klingen-3er-pack","status":"publish","type":"product","link":"https:\/\/bogensportdiscount.ch\/fr\/produit\/slicktrick-mechanische-jagdspitze-assailant-100gr-2-klingen-3er-pack\/","title":{"rendered":"SLICK TRICK POINTE DE CHASSE EXPANSIBLE ASSAILANT 100 g M\u00c9CANIQUE \u00c0 2 LAME, lot de 3"},"content":{"rendered":"<p>La Slicktrick Assailant est une pointe de chasse m\u00e9canique (broadhead) fabriqu\u00e9e par Slicktrick. Gr\u00e2ce \u00e0 son m\u00e9canisme expansible, les deux lames se d\u00e9ploient \u00e0 l&#x27;impact et garantissent un large diam\u00e8tre de coupe dans la cible.<\/p>\n<p>Le poids de 100 grains correspond \u00e0 une norme tr\u00e8s r\u00e9pandue et est compatible avec la plupart des fl\u00e8ches de chasse courantes. Les pointes sont pr\u00eates \u00e0 \u00eatre viss\u00e9es et s&#x27;adaptent aux filetages standard.<\/p>\n<ul>\n<li>Conception m\u00e9canique \u00e0 deux lames (extensible)<\/li>\n<li>Poids : 100 grains<\/li>\n<li>3 embouts par paquet<\/li>\n<li>Convient pour la chasse \u00e0 l&#x27;arc<\/li>\n<\/ul>","protected":false},"excerpt":{"rendered":"<p><strong>Marque :<\/strong> Slick Trick<br \/><strong>Lames :<\/strong> 2<br \/><strong>Poids :<\/strong> 100<br \/><strong>GTIN:<\/strong> 745167076023<\/p>","protected":false},"featured_media":446490,"comment_status":"open","ping_status":"closed","template":"","meta":[],"product_brand":[487],"product_cat":[4212],"product_tag":[3546],"class_list":{"0":"post-392687","1":"product","2":"type-product","3":"status-publish","4":"has-post-thumbnail","6":"product_brand-slicktrick","7":"product_cat-mechanische-jagdspitzen","8":"product_tag-neuheit","10":"first","11":"instock","12":"shipping-taxable","13":"purchasable","14":"product-type-simple"},"yoast_head":"<!-- This site is optimized with the Yoast SEO plugin v27.4 - https:\/\/yoast.com\/product\/yoast-seo-wordpress\/ -->\n<title>SLICK TRICK EXPANDABLE JAGDSPITZE ASSAILANT 100GR MECHANISCH 2-KLINGEN 3\/PK - Bogensportdiscount \u2013 B\u00f6gen, Pfeile, Targets &amp; Zubeh\u00f6r<\/title>\n<meta name=\"robots\" content=\"noindex, follow, max-snippet:-1, max-image-preview:large, max-video-preview:-1\" \/>\n<meta property=\"og:locale\" content=\"fr_FR\" \/>\n<meta property=\"og:type\" content=\"article\" \/>\n<meta property=\"og:title\" content=\"SLICK TRICK EXPANDABLE JAGDSPITZE ASSAILANT 100GR MECHANISCH 2-KLINGEN 3\/PK - Bogensportdiscount \u2013 B\u00f6gen, Pfeile, Targets &amp; Zubeh\u00f6r\" \/>\n<meta property=\"og:description\" content=\"Marke: Slick TrickKlingen: 2Gewicht: 100GTIN: 745167076023\" \/>\n<meta property=\"og:url\" content=\"https:\/\/bogensportdiscount.ch\/fr\/produit\/slicktrick-mechanische-jagdspitze-assailant-100gr-2-klingen-3er-pack\/\" \/>\n<meta property=\"og:site_name\" content=\"Bogensportdiscount \u2013 B\u00f6gen, Pfeile, Targets &amp; Zubeh\u00f6r\" \/>\n<meta property=\"article:modified_time\" content=\"2026-04-19T09:42:24+00:00\" \/>\n<meta property=\"og:image\" content=\"https:\/\/bogensportdiscount.ch\/wp-content\/uploads\/bsm-images\/A055935_1.png\" \/>\n\t<meta property=\"og:image:width\" content=\"838\" \/>\n\t<meta property=\"og:image:height\" content=\"847\" \/>\n\t<meta property=\"og:image:type\" content=\"image\/png\" \/>\n<meta name=\"twitter:card\" content=\"summary_large_image\" \/>\n<script type=\"application\/ld+json\" class=\"yoast-schema-graph\">{\"@context\":\"https:\\\/\\\/schema.org\",\"@graph\":[{\"@type\":\"WebPage\",\"@id\":\"https:\\\/\\\/bogensportdiscount.ch\\\/fr\\\/produit\\\/slicktrick-mechanische-jagdspitze-assailant-100gr-2-klingen-3er-pack\\\/\",\"url\":\"https:\\\/\\\/bogensportdiscount.ch\\\/fr\\\/produit\\\/slicktrick-mechanische-jagdspitze-assailant-100gr-2-klingen-3er-pack\\\/\",\"name\":\"SLICK TRICK EXPANDABLE JAGDSPITZE ASSAILANT 100GR MECHANISCH 2-KLINGEN 3\\\/PK - Bogensportdiscount \u2013 B\u00f6gen, Pfeile, Targets &amp; Zubeh\u00f6r\",\"isPartOf\":{\"@id\":\"https:\\\/\\\/bogensportdiscount.ch\\\/#website\"},\"primaryImageOfPage\":{\"@id\":\"https:\\\/\\\/bogensportdiscount.ch\\\/fr\\\/produit\\\/slicktrick-mechanische-jagdspitze-assailant-100gr-2-klingen-3er-pack\\\/#primaryimage\"},\"image\":{\"@id\":\"https:\\\/\\\/bogensportdiscount.ch\\\/fr\\\/produit\\\/slicktrick-mechanische-jagdspitze-assailant-100gr-2-klingen-3er-pack\\\/#primaryimage\"},\"thumbnailUrl\":\"https:\\\/\\\/bogensportdiscount.ch\\\/wp-content\\\/uploads\\\/bsm-images\\\/A055935_1.png\",\"datePublished\":\"2026-04-05T12:26:52+00:00\",\"dateModified\":\"2026-04-19T09:42:24+00:00\",\"breadcrumb\":{\"@id\":\"https:\\\/\\\/bogensportdiscount.ch\\\/fr\\\/produit\\\/slicktrick-mechanische-jagdspitze-assailant-100gr-2-klingen-3er-pack\\\/#breadcrumb\"},\"inLanguage\":\"fr-FR\",\"potentialAction\":[{\"@type\":\"ReadAction\",\"target\":[\"https:\\\/\\\/bogensportdiscount.ch\\\/fr\\\/produit\\\/slicktrick-mechanische-jagdspitze-assailant-100gr-2-klingen-3er-pack\\\/\"]}]},{\"@type\":\"ImageObject\",\"inLanguage\":\"fr-FR\",\"@id\":\"https:\\\/\\\/bogensportdiscount.ch\\\/fr\\\/produit\\\/slicktrick-mechanische-jagdspitze-assailant-100gr-2-klingen-3er-pack\\\/#primaryimage\",\"url\":\"https:\\\/\\\/bogensportdiscount.ch\\\/wp-content\\\/uploads\\\/bsm-images\\\/A055935_1.png\",\"contentUrl\":\"https:\\\/\\\/bogensportdiscount.ch\\\/wp-content\\\/uploads\\\/bsm-images\\\/A055935_1.png\",\"width\":838,\"height\":847},{\"@type\":\"BreadcrumbList\",\"@id\":\"https:\\\/\\\/bogensportdiscount.ch\\\/fr\\\/produit\\\/slicktrick-mechanische-jagdspitze-assailant-100gr-2-klingen-3er-pack\\\/#breadcrumb\",\"itemListElement\":[{\"@type\":\"ListItem\",\"position\":1,\"name\":\"Home\",\"item\":\"https:\\\/\\\/bogensportdiscount.ch\\\/\"},{\"@type\":\"ListItem\",\"position\":2,\"name\":\"Shop\",\"item\":\"https:\\\/\\\/bogensportdiscount.ch\\\/shop\\\/\"},{\"@type\":\"ListItem\",\"position\":3,\"name\":\"SLICK TRICK EXPANDABLE JAGDSPITZE ASSAILANT 100GR MECHANISCH 2-KLINGEN 3\\\/PK\"}]},{\"@type\":\"WebSite\",\"@id\":\"https:\\\/\\\/bogensportdiscount.ch\\\/#website\",\"url\":\"https:\\\/\\\/bogensportdiscount.ch\\\/\",\"name\":\"Bogensportdiscount\",\"description\":\"\",\"potentialAction\":[{\"@type\":\"SearchAction\",\"target\":{\"@type\":\"EntryPoint\",\"urlTemplate\":\"https:\\\/\\\/bogensportdiscount.ch\\\/?s={search_term_string}\"},\"query-input\":{\"@type\":\"PropertyValueSpecification\",\"valueRequired\":true,\"valueName\":\"search_term_string\"}}],\"inLanguage\":\"fr-FR\"}]}<\/script>\n<!-- \/ Yoast SEO plugin. -->","yoast_head_json":{"title":"SLICK TRICK EXPANDABLE JAGDSPITZE ASSAILANT 100GR MECHANISCH 2-KLINGEN 3\/PK - Bogensportdiscount \u2013 B\u00f6gen, Pfeile, Targets &amp; Zubeh\u00f6r","robots":{"index":"noindex","follow":"follow","max-snippet":"max-snippet:-1","max-image-preview":"max-image-preview:large","max-video-preview":"max-video-preview:-1"},"og_locale":"fr_FR","og_type":"article","og_title":"SLICK TRICK EXPANDABLE JAGDSPITZE ASSAILANT 100GR MECHANISCH 2-KLINGEN 3\/PK - Bogensportdiscount \u2013 B\u00f6gen, Pfeile, Targets &amp; Zubeh\u00f6r","og_description":"Marke: Slick TrickKlingen: 2Gewicht: 100GTIN: 745167076023","og_url":"https:\/\/bogensportdiscount.ch\/fr\/produit\/slicktrick-mechanische-jagdspitze-assailant-100gr-2-klingen-3er-pack\/","og_site_name":"Bogensportdiscount \u2013 B\u00f6gen, Pfeile, Targets &amp; Zubeh\u00f6r","article_modified_time":"2026-04-19T09:42:24+00:00","og_image":[{"width":838,"height":847,"url":"https:\/\/bogensportdiscount.ch\/wp-content\/uploads\/bsm-images\/A055935_1.png","type":"image\/png"}],"twitter_card":"summary_large_image","schema":{"@context":"https:\/\/schema.org","@graph":[{"@type":"WebPage","@id":"https:\/\/bogensportdiscount.ch\/fr\/produit\/slicktrick-mechanische-jagdspitze-assailant-100gr-2-klingen-3er-pack\/","url":"https:\/\/bogensportdiscount.ch\/fr\/produit\/slicktrick-mechanische-jagdspitze-assailant-100gr-2-klingen-3er-pack\/","name":"SLICK TRICK EXPANDABLE JAGDSPITZE ASSAILANT 100GR MECHANISCH 2-KLINGEN 3\/PK - Bogensportdiscount \u2013 B\u00f6gen, Pfeile, Targets &amp; Zubeh\u00f6r","isPartOf":{"@id":"https:\/\/bogensportdiscount.ch\/#website"},"primaryImageOfPage":{"@id":"https:\/\/bogensportdiscount.ch\/fr\/produit\/slicktrick-mechanische-jagdspitze-assailant-100gr-2-klingen-3er-pack\/#primaryimage"},"image":{"@id":"https:\/\/bogensportdiscount.ch\/fr\/produit\/slicktrick-mechanische-jagdspitze-assailant-100gr-2-klingen-3er-pack\/#primaryimage"},"thumbnailUrl":"https:\/\/bogensportdiscount.ch\/wp-content\/uploads\/bsm-images\/A055935_1.png","datePublished":"2026-04-05T12:26:52+00:00","dateModified":"2026-04-19T09:42:24+00:00","breadcrumb":{"@id":"https:\/\/bogensportdiscount.ch\/fr\/produit\/slicktrick-mechanische-jagdspitze-assailant-100gr-2-klingen-3er-pack\/#breadcrumb"},"inLanguage":"fr-FR","potentialAction":[{"@type":"ReadAction","target":["https:\/\/bogensportdiscount.ch\/fr\/produit\/slicktrick-mechanische-jagdspitze-assailant-100gr-2-klingen-3er-pack\/"]}]},{"@type":"ImageObject","inLanguage":"fr-FR","@id":"https:\/\/bogensportdiscount.ch\/fr\/produit\/slicktrick-mechanische-jagdspitze-assailant-100gr-2-klingen-3er-pack\/#primaryimage","url":"https:\/\/bogensportdiscount.ch\/wp-content\/uploads\/bsm-images\/A055935_1.png","contentUrl":"https:\/\/bogensportdiscount.ch\/wp-content\/uploads\/bsm-images\/A055935_1.png","width":838,"height":847},{"@type":"BreadcrumbList","@id":"https:\/\/bogensportdiscount.ch\/fr\/produit\/slicktrick-mechanische-jagdspitze-assailant-100gr-2-klingen-3er-pack\/#breadcrumb","itemListElement":[{"@type":"ListItem","position":1,"name":"Home","item":"https:\/\/bogensportdiscount.ch\/"},{"@type":"ListItem","position":2,"name":"Shop","item":"https:\/\/bogensportdiscount.ch\/shop\/"},{"@type":"ListItem","position":3,"name":"SLICK TRICK EXPANDABLE JAGDSPITZE ASSAILANT 100GR MECHANISCH 2-KLINGEN 3\/PK"}]},{"@type":"WebSite","@id":"https:\/\/bogensportdiscount.ch\/#website","url":"https:\/\/bogensportdiscount.ch\/","name":"Bogensportdiscount","description":"","potentialAction":[{"@type":"SearchAction","target":{"@type":"EntryPoint","urlTemplate":"https:\/\/bogensportdiscount.ch\/?s={search_term_string}"},"query-input":{"@type":"PropertyValueSpecification","valueRequired":true,"valueName":"search_term_string"}}],"inLanguage":"fr-FR"}]}},"_links":{"self":[{"href":"https:\/\/bogensportdiscount.ch\/fr\/wp-json\/wp\/v2\/product\/392687","targetHints":{"allow":["GET"]}}],"collection":[{"href":"https:\/\/bogensportdiscount.ch\/fr\/wp-json\/wp\/v2\/product"}],"about":[{"href":"https:\/\/bogensportdiscount.ch\/fr\/wp-json\/wp\/v2\/types\/product"}],"replies":[{"embeddable":true,"href":"https:\/\/bogensportdiscount.ch\/fr\/wp-json\/wp\/v2\/comments?post=392687"}],"wp:featuredmedia":[{"embeddable":true,"href":"https:\/\/bogensportdiscount.ch\/fr\/wp-json\/wp\/v2\/media\/446490"}],"wp:attachment":[{"href":"https:\/\/bogensportdiscount.ch\/fr\/wp-json\/wp\/v2\/media?parent=392687"}],"wp:term":[{"taxonomy":"product_brand","embeddable":true,"href":"https:\/\/bogensportdiscount.ch\/fr\/wp-json\/wp\/v2\/product_brand?post=392687"},{"taxonomy":"product_cat","embeddable":true,"href":"https:\/\/bogensportdiscount.ch\/fr\/wp-json\/wp\/v2\/product_cat?post=392687"},{"taxonomy":"product_tag","embeddable":true,"href":"https:\/\/bogensportdiscount.ch\/fr\/wp-json\/wp\/v2\/product_tag?post=392687"}],"curies":[{"name":"wp","href":"https:\/\/api.w.org\/{rel}","templated":true}]}}