{"id":392685,"date":"2026-04-05T14:26:52","date_gmt":"2026-04-05T12:26:52","guid":{"rendered":"https:\/\/bogensportdiscount.ch\/produkt\/scott-index-finger-releases-ghost-ncs-buckle-strap-black\/"},"modified":"2026-05-14T07:13:43","modified_gmt":"2026-05-14T05:13:43","slug":"scott-handgelenk-release-ghost-ncs-buckle-strap-schwarz","status":"publish","type":"product","link":"https:\/\/bogensportdiscount.ch\/fr\/produit\/scott-handgelenk-release-ghost-ncs-buckle-strap-schwarz\/","title":{"rendered":"SCOTT D\u00c9COCHEUR \u00c0 INDEX GHOST NCS SANGLE \u00c0 BOUCLE NOIR"},"content":{"rendered":"<p>Le SCOTT Ghost NCS Buckle Strap est un d\u00e9cocheur de poignet \u00e0 index pour arc \u00e0 poulies. Le bracelet avec fermeture \u00e0 boucle permet un ajustement s\u00e9curis\u00e9 et personnalis\u00e9 au poignet. La version noire en fait un compagnon discret lors de l'entra\u00eenement et de la comp\u00e9tition.<\/p>\n<p>Le m\u00e9canisme NCS (No Click Sound) du Ghost NCS fonctionne sans clic audible lors de l'insertion de la corde, ce qui favorise la concentration lors de la vis\u00e9e. Le d\u00e9clenchement \u00e0 l'index offre \u00e0 l'archer une connexion directe et contr\u00f4l\u00e9e entre le doigt et le d\u00e9cocheur.<\/p>\n<ul>\n<li>M\u00e9canisme de d\u00e9clenchement \u00e0 l'index<\/li>\n<li>Bracelet de poignet avec fermeture \u00e0 boucle<\/li>\n<li>Technologie NCS (No Click Sound)<\/li>\n<li>Couleur : Noir<\/li>\n<\/ul>","protected":false},"excerpt":{"rendered":"<table>\n<tr>\n<th>Propri\u00e9t\u00e9<\/th>\n<th>Valeur<\/th>\n<\/tr>\n<tr>\n<td>Marque<\/td>\n<td>Scott<\/td>\n<\/tr>\n<tr>\n<td>Type<\/td>\n<td>Buckle<\/td>\n<\/tr>\n<tr>\n<td>Couleur<\/td>\n<td>Noir<\/td>\n<\/tr>\n<tr>\n<td>Gr\u00f6\u00dfen<\/td>\n<td>L<\/td>\n<\/tr>\n<tr>\n<td>Pays d'origine<\/td>\n<td>USA<\/td>\n<\/tr>\n<tr>\n<td>GTIN<\/td>\n<td>745167076078<\/td>\n<\/tr>\n<\/table>","protected":false},"featured_media":446489,"comment_status":"open","ping_status":"closed","template":"","meta":[],"product_brand":[614],"product_cat":[4124,4208,4210],"product_tag":[3546],"class_list":{"0":"post-392685","1":"product","2":"type-product","3":"status-publish","4":"has-post-thumbnail","6":"product_brand-scott","7":"product_cat-bogenschuetzer-ausruestung","8":"product_cat-releases-bogenschuetzer-ausruestung","9":"product_cat-index-finger-releases","10":"product_tag-neuheit","11":"product_shipping_class-bsd-standard","13":"first","14":"instock","15":"shipping-taxable","16":"purchasable","17":"product-type-simple"},"yoast_head":"<!-- This site is optimized with the Yoast SEO plugin v27.6 - https:\/\/yoast.com\/product\/yoast-seo-wordpress\/ -->\n<title>SCOTT ZEIGEFINGER-RELEASES GHOST NCS SCHNALLEN-RIEMEN SCHWARZ - Bogensportdiscount \u2013 B\u00f6gen, Pfeile, Targets &amp; Zubeh\u00f6r<\/title>\n<meta name=\"description\" content=\"SCOTT ZEIGEFINGER-RELEASES GHOST NCS SCHNALLEN-RIEMEN SCHWARZ g\u00fcnstig kaufen bei Bogensportdiscount \u2013 Top-Marken, schneller Versand aus der Schweiz.\" \/>\n<meta name=\"robots\" content=\"index, follow, max-snippet:-1, max-image-preview:large, max-video-preview:-1\" \/>\n<link rel=\"canonical\" href=\"https:\/\/bogensportdiscount.ch\/fr\/produit\/scott-handgelenk-release-ghost-ncs-buckle-strap-schwarz\/\" \/>\n<meta property=\"og:locale\" content=\"fr_FR\" \/>\n<meta property=\"og:type\" content=\"article\" \/>\n<meta property=\"og:title\" content=\"SCOTT ZEIGEFINGER-RELEASES GHOST NCS SCHNALLEN-RIEMEN SCHWARZ - Bogensportdiscount \u2013 B\u00f6gen, Pfeile, Targets &amp; Zubeh\u00f6r\" \/>\n<meta property=\"og:description\" content=\"SCOTT ZEIGEFINGER-RELEASES GHOST NCS SCHNALLEN-RIEMEN SCHWARZ g\u00fcnstig kaufen bei Bogensportdiscount \u2013 Top-Marken, schneller Versand aus der Schweiz.\" \/>\n<meta property=\"og:url\" content=\"https:\/\/bogensportdiscount.ch\/fr\/produit\/scott-handgelenk-release-ghost-ncs-buckle-strap-schwarz\/\" \/>\n<meta property=\"og:site_name\" content=\"Bogensportdiscount \u2013 B\u00f6gen, Pfeile, Targets &amp; Zubeh\u00f6r\" \/>\n<meta property=\"article:modified_time\" content=\"2026-05-14T05:13:43+00:00\" \/>\n<meta property=\"og:image\" content=\"https:\/\/bogensportdiscount.ch\/wp-content\/uploads\/bsm-images\/A055933_1.PNG\" \/>\n\t<meta property=\"og:image:width\" content=\"457\" \/>\n\t<meta property=\"og:image:height\" content=\"604\" \/>\n\t<meta property=\"og:image:type\" content=\"image\/png\" \/>\n<meta name=\"twitter:card\" content=\"summary_large_image\" \/>\n<script type=\"application\/ld+json\" class=\"yoast-schema-graph\">{\"@context\":\"https:\\\/\\\/schema.org\",\"@graph\":[{\"@type\":\"WebPage\",\"@id\":\"https:\\\/\\\/bogensportdiscount.ch\\\/produkt\\\/scott-handgelenk-release-ghost-ncs-buckle-strap-schwarz\\\/\",\"url\":\"https:\\\/\\\/bogensportdiscount.ch\\\/produkt\\\/scott-handgelenk-release-ghost-ncs-buckle-strap-schwarz\\\/\",\"name\":\"SCOTT ZEIGEFINGER-RELEASES GHOST NCS SCHNALLEN-RIEMEN SCHWARZ - Bogensportdiscount \u2013 B\u00f6gen, Pfeile, Targets &amp; Zubeh\u00f6r\",\"isPartOf\":{\"@id\":\"https:\\\/\\\/bogensportdiscount.ch\\\/#website\"},\"primaryImageOfPage\":{\"@id\":\"https:\\\/\\\/bogensportdiscount.ch\\\/produkt\\\/scott-handgelenk-release-ghost-ncs-buckle-strap-schwarz\\\/#primaryimage\"},\"image\":{\"@id\":\"https:\\\/\\\/bogensportdiscount.ch\\\/produkt\\\/scott-handgelenk-release-ghost-ncs-buckle-strap-schwarz\\\/#primaryimage\"},\"thumbnailUrl\":\"https:\\\/\\\/bogensportdiscount.ch\\\/wp-content\\\/uploads\\\/bsm-images\\\/A055933_1.PNG\",\"datePublished\":\"2026-04-05T12:26:52+00:00\",\"dateModified\":\"2026-05-14T05:13:43+00:00\",\"description\":\"SCOTT ZEIGEFINGER-RELEASES GHOST NCS SCHNALLEN-RIEMEN SCHWARZ g\u00fcnstig kaufen bei Bogensportdiscount \u2013 Top-Marken, schneller Versand aus der Schweiz.\",\"breadcrumb\":{\"@id\":\"https:\\\/\\\/bogensportdiscount.ch\\\/produkt\\\/scott-handgelenk-release-ghost-ncs-buckle-strap-schwarz\\\/#breadcrumb\"},\"inLanguage\":\"fr-FR\",\"potentialAction\":[{\"@type\":\"ReadAction\",\"target\":[\"https:\\\/\\\/bogensportdiscount.ch\\\/produkt\\\/scott-handgelenk-release-ghost-ncs-buckle-strap-schwarz\\\/\"]}]},{\"@type\":\"ImageObject\",\"inLanguage\":\"fr-FR\",\"@id\":\"https:\\\/\\\/bogensportdiscount.ch\\\/produkt\\\/scott-handgelenk-release-ghost-ncs-buckle-strap-schwarz\\\/#primaryimage\",\"url\":\"https:\\\/\\\/bogensportdiscount.ch\\\/wp-content\\\/uploads\\\/bsm-images\\\/A055933_1.PNG\",\"contentUrl\":\"https:\\\/\\\/bogensportdiscount.ch\\\/wp-content\\\/uploads\\\/bsm-images\\\/A055933_1.PNG\",\"width\":457,\"height\":604},{\"@type\":\"BreadcrumbList\",\"@id\":\"https:\\\/\\\/bogensportdiscount.ch\\\/produkt\\\/scott-handgelenk-release-ghost-ncs-buckle-strap-schwarz\\\/#breadcrumb\",\"itemListElement\":[{\"@type\":\"ListItem\",\"position\":1,\"name\":\"Home\",\"item\":\"https:\\\/\\\/bogensportdiscount.ch\\\/\"},{\"@type\":\"ListItem\",\"position\":2,\"name\":\"Shop\",\"item\":\"https:\\\/\\\/bogensportdiscount.ch\\\/shop\\\/\"},{\"@type\":\"ListItem\",\"position\":3,\"name\":\"SCOTT INDEX FINGER RELEASES GHOST NCS BUCKLE STRAP BLACK\"}]},{\"@type\":\"WebSite\",\"@id\":\"https:\\\/\\\/bogensportdiscount.ch\\\/#website\",\"url\":\"https:\\\/\\\/bogensportdiscount.ch\\\/\",\"name\":\"Bogensportdiscount\",\"description\":\"\",\"potentialAction\":[{\"@type\":\"SearchAction\",\"target\":{\"@type\":\"EntryPoint\",\"urlTemplate\":\"https:\\\/\\\/bogensportdiscount.ch\\\/?s={search_term_string}\"},\"query-input\":{\"@type\":\"PropertyValueSpecification\",\"valueRequired\":true,\"valueName\":\"search_term_string\"}}],\"inLanguage\":\"fr-FR\"}]}<\/script>\n<!-- \/ Yoast SEO plugin. -->","yoast_head_json":{"title":"SCOTT ZEIGEFINGER-RELEASES GHOST NCS SCHNALLEN-RIEMEN SCHWARZ - Bogensportdiscount \u2013 B\u00f6gen, Pfeile, Targets &amp; Zubeh\u00f6r","description":"SCOTT ZEIGEFINGER-RELEASES GHOST NCS SCHNALLEN-RIEMEN SCHWARZ g\u00fcnstig kaufen bei Bogensportdiscount \u2013 Top-Marken, schneller Versand aus der Schweiz.","robots":{"index":"index","follow":"follow","max-snippet":"max-snippet:-1","max-image-preview":"max-image-preview:large","max-video-preview":"max-video-preview:-1"},"canonical":"https:\/\/bogensportdiscount.ch\/fr\/produit\/scott-handgelenk-release-ghost-ncs-buckle-strap-schwarz\/","og_locale":"fr_FR","og_type":"article","og_title":"SCOTT ZEIGEFINGER-RELEASES GHOST NCS SCHNALLEN-RIEMEN SCHWARZ - Bogensportdiscount \u2013 B\u00f6gen, Pfeile, Targets &amp; Zubeh\u00f6r","og_description":"SCOTT ZEIGEFINGER-RELEASES GHOST NCS SCHNALLEN-RIEMEN SCHWARZ g\u00fcnstig kaufen bei Bogensportdiscount \u2013 Top-Marken, schneller Versand aus der Schweiz.","og_url":"https:\/\/bogensportdiscount.ch\/fr\/produit\/scott-handgelenk-release-ghost-ncs-buckle-strap-schwarz\/","og_site_name":"Bogensportdiscount \u2013 B\u00f6gen, Pfeile, Targets &amp; Zubeh\u00f6r","article_modified_time":"2026-05-14T05:13:43+00:00","og_image":[{"width":457,"height":604,"url":"https:\/\/bogensportdiscount.ch\/wp-content\/uploads\/bsm-images\/A055933_1.PNG","type":"image\/png"}],"twitter_card":"summary_large_image","schema":{"@context":"https:\/\/schema.org","@graph":[{"@type":"WebPage","@id":"https:\/\/bogensportdiscount.ch\/produkt\/scott-handgelenk-release-ghost-ncs-buckle-strap-schwarz\/","url":"https:\/\/bogensportdiscount.ch\/produkt\/scott-handgelenk-release-ghost-ncs-buckle-strap-schwarz\/","name":"SCOTT ZEIGEFINGER-RELEASES GHOST NCS SCHNALLEN-RIEMEN SCHWARZ - Bogensportdiscount \u2013 B\u00f6gen, Pfeile, Targets &amp; Zubeh\u00f6r","isPartOf":{"@id":"https:\/\/bogensportdiscount.ch\/#website"},"primaryImageOfPage":{"@id":"https:\/\/bogensportdiscount.ch\/produkt\/scott-handgelenk-release-ghost-ncs-buckle-strap-schwarz\/#primaryimage"},"image":{"@id":"https:\/\/bogensportdiscount.ch\/produkt\/scott-handgelenk-release-ghost-ncs-buckle-strap-schwarz\/#primaryimage"},"thumbnailUrl":"https:\/\/bogensportdiscount.ch\/wp-content\/uploads\/bsm-images\/A055933_1.PNG","datePublished":"2026-04-05T12:26:52+00:00","dateModified":"2026-05-14T05:13:43+00:00","description":"SCOTT ZEIGEFINGER-RELEASES GHOST NCS SCHNALLEN-RIEMEN SCHWARZ g\u00fcnstig kaufen bei Bogensportdiscount \u2013 Top-Marken, schneller Versand aus der Schweiz.","breadcrumb":{"@id":"https:\/\/bogensportdiscount.ch\/produkt\/scott-handgelenk-release-ghost-ncs-buckle-strap-schwarz\/#breadcrumb"},"inLanguage":"fr-FR","potentialAction":[{"@type":"ReadAction","target":["https:\/\/bogensportdiscount.ch\/produkt\/scott-handgelenk-release-ghost-ncs-buckle-strap-schwarz\/"]}]},{"@type":"ImageObject","inLanguage":"fr-FR","@id":"https:\/\/bogensportdiscount.ch\/produkt\/scott-handgelenk-release-ghost-ncs-buckle-strap-schwarz\/#primaryimage","url":"https:\/\/bogensportdiscount.ch\/wp-content\/uploads\/bsm-images\/A055933_1.PNG","contentUrl":"https:\/\/bogensportdiscount.ch\/wp-content\/uploads\/bsm-images\/A055933_1.PNG","width":457,"height":604},{"@type":"BreadcrumbList","@id":"https:\/\/bogensportdiscount.ch\/produkt\/scott-handgelenk-release-ghost-ncs-buckle-strap-schwarz\/#breadcrumb","itemListElement":[{"@type":"ListItem","position":1,"name":"Home","item":"https:\/\/bogensportdiscount.ch\/"},{"@type":"ListItem","position":2,"name":"Shop","item":"https:\/\/bogensportdiscount.ch\/shop\/"},{"@type":"ListItem","position":3,"name":"SCOTT INDEX FINGER RELEASES GHOST NCS BUCKLE STRAP BLACK"}]},{"@type":"WebSite","@id":"https:\/\/bogensportdiscount.ch\/#website","url":"https:\/\/bogensportdiscount.ch\/","name":"Bogensportdiscount","description":"","potentialAction":[{"@type":"SearchAction","target":{"@type":"EntryPoint","urlTemplate":"https:\/\/bogensportdiscount.ch\/?s={search_term_string}"},"query-input":{"@type":"PropertyValueSpecification","valueRequired":true,"valueName":"search_term_string"}}],"inLanguage":"fr-FR"}]}},"_links":{"self":[{"href":"https:\/\/bogensportdiscount.ch\/fr\/wp-json\/wp\/v2\/product\/392685","targetHints":{"allow":["GET"]}}],"collection":[{"href":"https:\/\/bogensportdiscount.ch\/fr\/wp-json\/wp\/v2\/product"}],"about":[{"href":"https:\/\/bogensportdiscount.ch\/fr\/wp-json\/wp\/v2\/types\/product"}],"replies":[{"embeddable":true,"href":"https:\/\/bogensportdiscount.ch\/fr\/wp-json\/wp\/v2\/comments?post=392685"}],"wp:featuredmedia":[{"embeddable":true,"href":"https:\/\/bogensportdiscount.ch\/fr\/wp-json\/wp\/v2\/media\/446489"}],"wp:attachment":[{"href":"https:\/\/bogensportdiscount.ch\/fr\/wp-json\/wp\/v2\/media?parent=392685"}],"wp:term":[{"taxonomy":"product_brand","embeddable":true,"href":"https:\/\/bogensportdiscount.ch\/fr\/wp-json\/wp\/v2\/product_brand?post=392685"},{"taxonomy":"product_cat","embeddable":true,"href":"https:\/\/bogensportdiscount.ch\/fr\/wp-json\/wp\/v2\/product_cat?post=392685"},{"taxonomy":"product_tag","embeddable":true,"href":"https:\/\/bogensportdiscount.ch\/fr\/wp-json\/wp\/v2\/product_tag?post=392685"}],"curies":[{"name":"wp","href":"https:\/\/api.w.org\/{rel}","templated":true}]}}