{"id":392678,"date":"2026-04-05T14:26:51","date_gmt":"2026-04-05T12:26:51","guid":{"rendered":"https:\/\/bogensportdiscount.ch\/produkt\/bcy-serving-material-polygrip-braided-dia-020-jig-black-white\/"},"modified":"2026-04-16T12:59:33","modified_gmt":"2026-04-16T10:59:33","slug":"bcy-mittenwicklungsmaterial-polygrip-braided-dia-020-jig-schwarz-weiss","status":"publish","type":"product","link":"https:\/\/bogensportdiscount.ch\/fr\/produit\/bcy-mittenwicklungsmaterial-polygrip-braided-dia-020-jig-schwarz-weiss\/","title":{"rendered":"BCY MAT\u00c9RIAU DE SERVICE POLYGRIP BRAIDED DIA .020\u2033 JIG BLACK\/WHITE"},"content":{"rendered":"<p>Das BCY Polygrip Braided Serving-Material ist speziell f\u00fcr die Mittenwicklung von Bogensehnen konzipiert. Mit einem Durchmesser von .020&#8243; in der Jig-Gr\u00f6sse l\u00e4sst es sich pr\u00e4zise und gleichm\u00e4ssig auf die Sehne aufwickeln und bietet eine zuverl\u00e4ssige Griffzone f\u00fcr den Nockpunkt und den Abzugsbereich.<\/p>\n<p>Die geflochtene Konstruktion des Polygrip-Materials sorgt f\u00fcr eine gute Haftung auf der Sehne und verhindert ein Verdrehen oder Verrutschen der Wicklung. Die Farbkombination Schwarz\/Weiss erm\u00f6glicht eine einfache visuelle Orientierung beim Wickeln.<\/p>\n<ul>\n<li>Geflochtenes Mittenwicklungsmaterial<\/li>\n<li>Durchmesser .020&#8243; (Jig-Gr\u00f6sse)<\/li>\n<li>Farbkombination Schwarz\/Weiss<\/li>\n<li>Geeignet f\u00fcr Sehnenherstellung und -wartung<\/li>\n<\/ul>","protected":false},"excerpt":{"rendered":"<p><strong>Marque :<\/strong> BCY<br \/><strong>Farbe:<\/strong> White-Black<br \/><strong>Diameter (inch):<\/strong> ,020<br \/><strong>Spool size:<\/strong> Jig<\/p>","protected":false},"featured_media":446492,"comment_status":"open","ping_status":"closed","template":"","meta":[],"product_brand":[425],"product_cat":[4167],"product_tag":[3546],"class_list":{"0":"post-392678","1":"product","2":"type-product","3":"status-publish","4":"has-post-thumbnail","6":"product_brand-bcy","7":"product_cat-serving-material-sehnen-herstellung","8":"product_tag-neuheit","10":"first","11":"instock","12":"shipping-taxable","13":"purchasable","14":"product-type-simple"},"_links":{"self":[{"href":"https:\/\/bogensportdiscount.ch\/fr\/wp-json\/wp\/v2\/product\/392678","targetHints":{"allow":["GET"]}}],"collection":[{"href":"https:\/\/bogensportdiscount.ch\/fr\/wp-json\/wp\/v2\/product"}],"about":[{"href":"https:\/\/bogensportdiscount.ch\/fr\/wp-json\/wp\/v2\/types\/product"}],"replies":[{"embeddable":true,"href":"https:\/\/bogensportdiscount.ch\/fr\/wp-json\/wp\/v2\/comments?post=392678"}],"wp:featuredmedia":[{"embeddable":true,"href":"https:\/\/bogensportdiscount.ch\/fr\/wp-json\/wp\/v2\/media\/446492"}],"wp:attachment":[{"href":"https:\/\/bogensportdiscount.ch\/fr\/wp-json\/wp\/v2\/media?parent=392678"}],"wp:term":[{"taxonomy":"product_brand","embeddable":true,"href":"https:\/\/bogensportdiscount.ch\/fr\/wp-json\/wp\/v2\/product_brand?post=392678"},{"taxonomy":"product_cat","embeddable":true,"href":"https:\/\/bogensportdiscount.ch\/fr\/wp-json\/wp\/v2\/product_cat?post=392678"},{"taxonomy":"product_tag","embeddable":true,"href":"https:\/\/bogensportdiscount.ch\/fr\/wp-json\/wp\/v2\/product_tag?post=392678"}],"curies":[{"name":"wp","href":"https:\/\/api.w.org\/{rel}","templated":true}]}}