{"id":392663,"date":"2026-04-05T14:26:47","date_gmt":"2026-04-05T12:26:47","guid":{"rendered":"https:\/\/bogensportdiscount.ch\/produkt\/apex-gear-bow-quivers-parts-mount-reactor-xl-black\/"},"modified":"2026-05-14T07:13:42","modified_gmt":"2026-05-14T05:13:42","slug":"apexgear-bogenkoecher-halterung-reactor-xl-schwarz","status":"publish","type":"product","link":"https:\/\/bogensportdiscount.ch\/fr\/produit\/apexgear-bogenkoecher-halterung-reactor-xl-schwarz\/","title":{"rendered":"APEX GEAR PI\u00c8CES CARQUOIS ARC MONTAGE REACTOR XL NOIR"},"content":{"rendered":"<p>Le support Apex Gear Reactor XL est une pi\u00e8ce de rechange et un accessoire pour les carquois de la marque Apex Gear. Il sert \u00e0 fixer le carquois sur l'arc et se pr\u00e9sente en noir.<\/p>\n<p>Le support convient comme pi\u00e8ce de rechange ou mise \u00e0 niveau pour les syst\u00e8mes de carquois Apex Gear compatibles et est adapt\u00e9 pour une utilisation en arc classique et en arc \u00e0 poulies.<\/p>\n<ul>\n<li>Compatible avec les syst\u00e8mes de carquois Apex Gear<\/li>\n<li>Support robuste en noir<\/li>\n<li>Fabriqu\u00e9 aux \u00c9tats-Unis<\/li>\n<li>Remplacement et montage faciles<\/li>\n<\/ul>","protected":false},"excerpt":{"rendered":"<table>\n<tr>\n<th>Propri\u00e9t\u00e9<\/th>\n<th>Valeur<\/th>\n<\/tr>\n<tr>\n<td>Marque<\/td>\n<td>Apex Gear<\/td>\n<\/tr>\n<tr>\n<td>Couleur<\/td>\n<td>Noir<\/td>\n<\/tr>\n<tr>\n<td>Pays d'origine<\/td>\n<td>USA<\/td>\n<\/tr>\n<\/table>","protected":false},"featured_media":446963,"comment_status":"open","ping_status":"closed","template":"","meta":[],"product_brand":[561],"product_cat":[4124,4145,4164],"product_tag":[3546],"class_list":{"0":"post-392663","1":"product","2":"type-product","3":"status-publish","4":"has-post-thumbnail","6":"product_brand-apexgear","7":"product_cat-bogenschuetzer-ausruestung","8":"product_cat-koecher-guerteltasche","9":"product_cat-zubehoer-einzelteile","10":"product_tag-neuheit","11":"product_shipping_class-bsd-standard","13":"first","14":"instock","15":"shipping-taxable","16":"purchasable","17":"product-type-simple"},"yoast_head":"<!-- This site is optimized with the Yoast SEO plugin v27.6 - https:\/\/yoast.com\/product\/yoast-seo-wordpress\/ -->\n<title>APEX GEAR BOGEN-K\u00d6CHER TEILE MONTAGE REACTOR XL SCHWARZ - Bogensportdiscount \u2013 B\u00f6gen, Pfeile, Targets &amp; Zubeh\u00f6r<\/title>\n<meta name=\"description\" content=\"APEX GEAR BOGEN-K\u00d6CHER TEILE MONTAGE REACTOR XL SCHWARZ g\u00fcnstig kaufen bei Bogensportdiscount \u2013 Top-Marken, schneller Versand aus der Schweiz.\" \/>\n<meta name=\"robots\" content=\"index, follow, max-snippet:-1, max-image-preview:large, max-video-preview:-1\" \/>\n<link rel=\"canonical\" href=\"https:\/\/bogensportdiscount.ch\/fr\/produit\/apexgear-bogenkoecher-halterung-reactor-xl-schwarz\/\" \/>\n<meta property=\"og:locale\" content=\"fr_FR\" \/>\n<meta property=\"og:type\" content=\"article\" \/>\n<meta property=\"og:title\" content=\"APEX GEAR BOGEN-K\u00d6CHER TEILE MONTAGE REACTOR XL SCHWARZ - Bogensportdiscount \u2013 B\u00f6gen, Pfeile, Targets &amp; Zubeh\u00f6r\" \/>\n<meta property=\"og:description\" content=\"APEX GEAR BOGEN-K\u00d6CHER TEILE MONTAGE REACTOR XL SCHWARZ g\u00fcnstig kaufen bei Bogensportdiscount \u2013 Top-Marken, schneller Versand aus der Schweiz.\" \/>\n<meta property=\"og:url\" content=\"https:\/\/bogensportdiscount.ch\/fr\/produit\/apexgear-bogenkoecher-halterung-reactor-xl-schwarz\/\" \/>\n<meta property=\"og:site_name\" content=\"Bogensportdiscount \u2013 B\u00f6gen, Pfeile, Targets &amp; Zubeh\u00f6r\" \/>\n<meta property=\"article:modified_time\" content=\"2026-05-14T05:13:42+00:00\" \/>\n<meta property=\"og:image\" content=\"https:\/\/bogensportdiscount.ch\/wp-content\/uploads\/bsm-images\/A055661_1.jpg\" \/>\n\t<meta property=\"og:image:width\" content=\"1200\" \/>\n\t<meta property=\"og:image:height\" content=\"1200\" \/>\n\t<meta property=\"og:image:type\" content=\"image\/jpeg\" \/>\n<meta name=\"twitter:card\" content=\"summary_large_image\" \/>\n<script type=\"application\/ld+json\" class=\"yoast-schema-graph\">{\"@context\":\"https:\\\/\\\/schema.org\",\"@graph\":[{\"@type\":\"WebPage\",\"@id\":\"https:\\\/\\\/bogensportdiscount.ch\\\/produkt\\\/apexgear-bogenkoecher-halterung-reactor-xl-schwarz\\\/\",\"url\":\"https:\\\/\\\/bogensportdiscount.ch\\\/produkt\\\/apexgear-bogenkoecher-halterung-reactor-xl-schwarz\\\/\",\"name\":\"APEX GEAR BOGEN-K\u00d6CHER TEILE MONTAGE REACTOR XL SCHWARZ - Bogensportdiscount \u2013 B\u00f6gen, Pfeile, Targets &amp; Zubeh\u00f6r\",\"isPartOf\":{\"@id\":\"https:\\\/\\\/bogensportdiscount.ch\\\/#website\"},\"primaryImageOfPage\":{\"@id\":\"https:\\\/\\\/bogensportdiscount.ch\\\/produkt\\\/apexgear-bogenkoecher-halterung-reactor-xl-schwarz\\\/#primaryimage\"},\"image\":{\"@id\":\"https:\\\/\\\/bogensportdiscount.ch\\\/produkt\\\/apexgear-bogenkoecher-halterung-reactor-xl-schwarz\\\/#primaryimage\"},\"thumbnailUrl\":\"https:\\\/\\\/bogensportdiscount.ch\\\/wp-content\\\/uploads\\\/bsm-images\\\/A055661_1.jpg\",\"datePublished\":\"2026-04-05T12:26:47+00:00\",\"dateModified\":\"2026-05-14T05:13:42+00:00\",\"description\":\"APEX GEAR BOGEN-K\u00d6CHER TEILE MONTAGE REACTOR XL SCHWARZ g\u00fcnstig kaufen bei Bogensportdiscount \u2013 Top-Marken, schneller Versand aus der Schweiz.\",\"breadcrumb\":{\"@id\":\"https:\\\/\\\/bogensportdiscount.ch\\\/produkt\\\/apexgear-bogenkoecher-halterung-reactor-xl-schwarz\\\/#breadcrumb\"},\"inLanguage\":\"fr-FR\",\"potentialAction\":[{\"@type\":\"ReadAction\",\"target\":[\"https:\\\/\\\/bogensportdiscount.ch\\\/produkt\\\/apexgear-bogenkoecher-halterung-reactor-xl-schwarz\\\/\"]}]},{\"@type\":\"ImageObject\",\"inLanguage\":\"fr-FR\",\"@id\":\"https:\\\/\\\/bogensportdiscount.ch\\\/produkt\\\/apexgear-bogenkoecher-halterung-reactor-xl-schwarz\\\/#primaryimage\",\"url\":\"https:\\\/\\\/bogensportdiscount.ch\\\/wp-content\\\/uploads\\\/bsm-images\\\/A055661_1.jpg\",\"contentUrl\":\"https:\\\/\\\/bogensportdiscount.ch\\\/wp-content\\\/uploads\\\/bsm-images\\\/A055661_1.jpg\",\"width\":1200,\"height\":1200},{\"@type\":\"BreadcrumbList\",\"@id\":\"https:\\\/\\\/bogensportdiscount.ch\\\/produkt\\\/apexgear-bogenkoecher-halterung-reactor-xl-schwarz\\\/#breadcrumb\",\"itemListElement\":[{\"@type\":\"ListItem\",\"position\":1,\"name\":\"Home\",\"item\":\"https:\\\/\\\/bogensportdiscount.ch\\\/\"},{\"@type\":\"ListItem\",\"position\":2,\"name\":\"Shop\",\"item\":\"https:\\\/\\\/bogensportdiscount.ch\\\/shop\\\/\"},{\"@type\":\"ListItem\",\"position\":3,\"name\":\"APEX GEAR BOW QUIVERS PARTS MOUNT REACTOR XL BLACK\"}]},{\"@type\":\"WebSite\",\"@id\":\"https:\\\/\\\/bogensportdiscount.ch\\\/#website\",\"url\":\"https:\\\/\\\/bogensportdiscount.ch\\\/\",\"name\":\"Bogensportdiscount\",\"description\":\"\",\"potentialAction\":[{\"@type\":\"SearchAction\",\"target\":{\"@type\":\"EntryPoint\",\"urlTemplate\":\"https:\\\/\\\/bogensportdiscount.ch\\\/?s={search_term_string}\"},\"query-input\":{\"@type\":\"PropertyValueSpecification\",\"valueRequired\":true,\"valueName\":\"search_term_string\"}}],\"inLanguage\":\"fr-FR\"}]}<\/script>\n<!-- \/ Yoast SEO plugin. -->","yoast_head_json":{"title":"APEX GEAR BOGEN-K\u00d6CHER TEILE MONTAGE REACTOR XL SCHWARZ - Bogensportdiscount \u2013 B\u00f6gen, Pfeile, Targets &amp; Zubeh\u00f6r","description":"APEX GEAR BOGEN-K\u00d6CHER TEILE MONTAGE REACTOR XL SCHWARZ g\u00fcnstig kaufen bei Bogensportdiscount \u2013 Top-Marken, schneller Versand aus der Schweiz.","robots":{"index":"index","follow":"follow","max-snippet":"max-snippet:-1","max-image-preview":"max-image-preview:large","max-video-preview":"max-video-preview:-1"},"canonical":"https:\/\/bogensportdiscount.ch\/fr\/produit\/apexgear-bogenkoecher-halterung-reactor-xl-schwarz\/","og_locale":"fr_FR","og_type":"article","og_title":"APEX GEAR BOGEN-K\u00d6CHER TEILE MONTAGE REACTOR XL SCHWARZ - Bogensportdiscount \u2013 B\u00f6gen, Pfeile, Targets &amp; Zubeh\u00f6r","og_description":"APEX GEAR BOGEN-K\u00d6CHER TEILE MONTAGE REACTOR XL SCHWARZ g\u00fcnstig kaufen bei Bogensportdiscount \u2013 Top-Marken, schneller Versand aus der Schweiz.","og_url":"https:\/\/bogensportdiscount.ch\/fr\/produit\/apexgear-bogenkoecher-halterung-reactor-xl-schwarz\/","og_site_name":"Bogensportdiscount \u2013 B\u00f6gen, Pfeile, Targets &amp; Zubeh\u00f6r","article_modified_time":"2026-05-14T05:13:42+00:00","og_image":[{"width":1200,"height":1200,"url":"https:\/\/bogensportdiscount.ch\/wp-content\/uploads\/bsm-images\/A055661_1.jpg","type":"image\/jpeg"}],"twitter_card":"summary_large_image","schema":{"@context":"https:\/\/schema.org","@graph":[{"@type":"WebPage","@id":"https:\/\/bogensportdiscount.ch\/produkt\/apexgear-bogenkoecher-halterung-reactor-xl-schwarz\/","url":"https:\/\/bogensportdiscount.ch\/produkt\/apexgear-bogenkoecher-halterung-reactor-xl-schwarz\/","name":"APEX GEAR BOGEN-K\u00d6CHER TEILE MONTAGE REACTOR XL SCHWARZ - Bogensportdiscount \u2013 B\u00f6gen, Pfeile, Targets &amp; Zubeh\u00f6r","isPartOf":{"@id":"https:\/\/bogensportdiscount.ch\/#website"},"primaryImageOfPage":{"@id":"https:\/\/bogensportdiscount.ch\/produkt\/apexgear-bogenkoecher-halterung-reactor-xl-schwarz\/#primaryimage"},"image":{"@id":"https:\/\/bogensportdiscount.ch\/produkt\/apexgear-bogenkoecher-halterung-reactor-xl-schwarz\/#primaryimage"},"thumbnailUrl":"https:\/\/bogensportdiscount.ch\/wp-content\/uploads\/bsm-images\/A055661_1.jpg","datePublished":"2026-04-05T12:26:47+00:00","dateModified":"2026-05-14T05:13:42+00:00","description":"APEX GEAR BOGEN-K\u00d6CHER TEILE MONTAGE REACTOR XL SCHWARZ g\u00fcnstig kaufen bei Bogensportdiscount \u2013 Top-Marken, schneller Versand aus der Schweiz.","breadcrumb":{"@id":"https:\/\/bogensportdiscount.ch\/produkt\/apexgear-bogenkoecher-halterung-reactor-xl-schwarz\/#breadcrumb"},"inLanguage":"fr-FR","potentialAction":[{"@type":"ReadAction","target":["https:\/\/bogensportdiscount.ch\/produkt\/apexgear-bogenkoecher-halterung-reactor-xl-schwarz\/"]}]},{"@type":"ImageObject","inLanguage":"fr-FR","@id":"https:\/\/bogensportdiscount.ch\/produkt\/apexgear-bogenkoecher-halterung-reactor-xl-schwarz\/#primaryimage","url":"https:\/\/bogensportdiscount.ch\/wp-content\/uploads\/bsm-images\/A055661_1.jpg","contentUrl":"https:\/\/bogensportdiscount.ch\/wp-content\/uploads\/bsm-images\/A055661_1.jpg","width":1200,"height":1200},{"@type":"BreadcrumbList","@id":"https:\/\/bogensportdiscount.ch\/produkt\/apexgear-bogenkoecher-halterung-reactor-xl-schwarz\/#breadcrumb","itemListElement":[{"@type":"ListItem","position":1,"name":"Home","item":"https:\/\/bogensportdiscount.ch\/"},{"@type":"ListItem","position":2,"name":"Shop","item":"https:\/\/bogensportdiscount.ch\/shop\/"},{"@type":"ListItem","position":3,"name":"APEX GEAR BOW QUIVERS PARTS MOUNT REACTOR XL BLACK"}]},{"@type":"WebSite","@id":"https:\/\/bogensportdiscount.ch\/#website","url":"https:\/\/bogensportdiscount.ch\/","name":"Bogensportdiscount","description":"","potentialAction":[{"@type":"SearchAction","target":{"@type":"EntryPoint","urlTemplate":"https:\/\/bogensportdiscount.ch\/?s={search_term_string}"},"query-input":{"@type":"PropertyValueSpecification","valueRequired":true,"valueName":"search_term_string"}}],"inLanguage":"fr-FR"}]}},"_links":{"self":[{"href":"https:\/\/bogensportdiscount.ch\/fr\/wp-json\/wp\/v2\/product\/392663","targetHints":{"allow":["GET"]}}],"collection":[{"href":"https:\/\/bogensportdiscount.ch\/fr\/wp-json\/wp\/v2\/product"}],"about":[{"href":"https:\/\/bogensportdiscount.ch\/fr\/wp-json\/wp\/v2\/types\/product"}],"replies":[{"embeddable":true,"href":"https:\/\/bogensportdiscount.ch\/fr\/wp-json\/wp\/v2\/comments?post=392663"}],"wp:featuredmedia":[{"embeddable":true,"href":"https:\/\/bogensportdiscount.ch\/fr\/wp-json\/wp\/v2\/media\/446963"}],"wp:attachment":[{"href":"https:\/\/bogensportdiscount.ch\/fr\/wp-json\/wp\/v2\/media?parent=392663"}],"wp:term":[{"taxonomy":"product_brand","embeddable":true,"href":"https:\/\/bogensportdiscount.ch\/fr\/wp-json\/wp\/v2\/product_brand?post=392663"},{"taxonomy":"product_cat","embeddable":true,"href":"https:\/\/bogensportdiscount.ch\/fr\/wp-json\/wp\/v2\/product_cat?post=392663"},{"taxonomy":"product_tag","embeddable":true,"href":"https:\/\/bogensportdiscount.ch\/fr\/wp-json\/wp\/v2\/product_tag?post=392663"}],"curies":[{"name":"wp","href":"https:\/\/api.w.org\/{rel}","templated":true}]}}