{"id":392659,"date":"2026-04-05T14:26:47","date_gmt":"2026-04-05T12:26:47","guid":{"rendered":"https:\/\/bogensportdiscount.ch\/produkt\/centerpoint-nocks-for-crossbow-bolts-cp400-select-12-pk\/"},"modified":"2026-05-14T07:13:42","modified_gmt":"2026-05-14T05:13:42","slug":"centerpoint-bolzen-nocken-cp400-select-12er-pack","status":"publish","type":"product","link":"https:\/\/bogensportdiscount.ch\/fr\/produit\/centerpoint-bolzen-nocken-cp400-select-12er-pack\/","title":{"rendered":"CENTERPOINT ENCOCHES POUR BOULONS D'ARBAL\u00c8TE CP400 SELECT 12\/PK"},"content":{"rendered":"<p>Les encoches pour carreaux CENTERPOINT de la s\u00e9rie Select sont con\u00e7ues comme pi\u00e8ces de remplacement ou de r\u00e9serve pour les carreaux d'arbal\u00e8te CP400. Elles assurent un appui uniforme sur le m\u00e9canisme de d\u00e9clenchement et contribuent ainsi \u00e0 une lib\u00e9ration reproductible du tir.<\/p>\n<p>Gr\u00e2ce \u00e0 leur fabrication ajust\u00e9e au syst\u00e8me de tube CP400, les encoches se montent facilement. Le pack de 12 convient aussi bien \u00e0 l'entra\u00eenement qu'\u00e0 la chasse, lorsqu'un remplacement r\u00e9gulier des encoches est recommand\u00e9.<\/p>\n<ul>\n<li>Sp\u00e9cialement pour les carreaux d'arbal\u00e8te CENTERPOINT CP400<\/li>\n<li>12 encoches par paquet<\/li>\n<li>Montage facile<\/li>\n<li>Adapt\u00e9 \u00e0 l'entra\u00eenement et \u00e0 la chasse<\/li>\n<\/ul>","protected":false},"excerpt":{"rendered":"<table>\n<tr>\n<th>Propri\u00e9t\u00e9<\/th>\n<th>Valeur<\/th>\n<\/tr>\n<tr>\n<td>Marque<\/td>\n<td>Centerpoint<\/td>\n<\/tr>\n<tr>\n<td>Couleur<\/td>\n<td>Orange<\/td>\n<\/tr>\n<tr>\n<td>Pays d'origine<\/td>\n<td>USA<\/td>\n<\/tr>\n<\/table>","protected":false},"featured_media":446968,"comment_status":"open","ping_status":"closed","template":"","meta":[],"product_brand":[525],"product_cat":[3348,4135,4204],"product_tag":[3546],"class_list":{"0":"post-392659","1":"product","2":"type-product","3":"status-publish","4":"has-post-thumbnail","6":"product_brand-centerpoint","7":"product_cat-nocken","8":"product_cat-armbrust-zubehoer","9":"product_cat-bolzen-armbrust-zubehoer","10":"product_tag-neuheit","11":"product_shipping_class-bsd-standard","13":"first","14":"instock","15":"shipping-taxable","16":"purchasable","17":"product-type-simple"},"yoast_head":"<!-- This site is optimized with the Yoast SEO plugin v27.6 - https:\/\/yoast.com\/product\/yoast-seo-wordpress\/ -->\n<title>CENTERPOINT NOCKEN F\u00dcR ARMBRUST BOLZEN CP400 SELECT 12\/PK - Bogensportdiscount \u2013 B\u00f6gen, Pfeile, Targets &amp; Zubeh\u00f6r<\/title>\n<meta name=\"description\" content=\"CENTERPOINT NOCKEN F\u00dcR ARMBRUST BOLZEN CP400 SELECT 12\/PK g\u00fcnstig kaufen bei Bogensportdiscount \u2013 Top-Marken, schneller Versand aus der Schweiz.\" \/>\n<meta name=\"robots\" content=\"index, follow, max-snippet:-1, max-image-preview:large, max-video-preview:-1\" \/>\n<link rel=\"canonical\" href=\"https:\/\/bogensportdiscount.ch\/fr\/produit\/centerpoint-bolzen-nocken-cp400-select-12er-pack\/\" \/>\n<meta property=\"og:locale\" content=\"fr_FR\" \/>\n<meta property=\"og:type\" content=\"article\" \/>\n<meta property=\"og:title\" content=\"CENTERPOINT NOCKEN F\u00dcR ARMBRUST BOLZEN CP400 SELECT 12\/PK - Bogensportdiscount \u2013 B\u00f6gen, Pfeile, Targets &amp; Zubeh\u00f6r\" \/>\n<meta property=\"og:description\" content=\"CENTERPOINT NOCKEN F\u00dcR ARMBRUST BOLZEN CP400 SELECT 12\/PK g\u00fcnstig kaufen bei Bogensportdiscount \u2013 Top-Marken, schneller Versand aus der Schweiz.\" \/>\n<meta property=\"og:url\" content=\"https:\/\/bogensportdiscount.ch\/fr\/produit\/centerpoint-bolzen-nocken-cp400-select-12er-pack\/\" \/>\n<meta property=\"og:site_name\" content=\"Bogensportdiscount \u2013 B\u00f6gen, Pfeile, Targets &amp; Zubeh\u00f6r\" \/>\n<meta property=\"article:modified_time\" content=\"2026-05-14T05:13:42+00:00\" \/>\n<meta property=\"og:image\" content=\"https:\/\/bogensportdiscount.ch\/wp-content\/uploads\/bsm-images\/A055491_1.jpg\" \/>\n\t<meta property=\"og:image:width\" content=\"656\" \/>\n\t<meta property=\"og:image:height\" content=\"1200\" \/>\n\t<meta property=\"og:image:type\" content=\"image\/jpeg\" \/>\n<meta name=\"twitter:card\" content=\"summary_large_image\" \/>\n<script type=\"application\/ld+json\" class=\"yoast-schema-graph\">{\"@context\":\"https:\\\/\\\/schema.org\",\"@graph\":[{\"@type\":\"WebPage\",\"@id\":\"https:\\\/\\\/bogensportdiscount.ch\\\/produkt\\\/centerpoint-bolzen-nocken-cp400-select-12er-pack\\\/\",\"url\":\"https:\\\/\\\/bogensportdiscount.ch\\\/produkt\\\/centerpoint-bolzen-nocken-cp400-select-12er-pack\\\/\",\"name\":\"CENTERPOINT NOCKEN F\u00dcR ARMBRUST BOLZEN CP400 SELECT 12\\\/PK - Bogensportdiscount \u2013 B\u00f6gen, Pfeile, Targets &amp; Zubeh\u00f6r\",\"isPartOf\":{\"@id\":\"https:\\\/\\\/bogensportdiscount.ch\\\/#website\"},\"primaryImageOfPage\":{\"@id\":\"https:\\\/\\\/bogensportdiscount.ch\\\/produkt\\\/centerpoint-bolzen-nocken-cp400-select-12er-pack\\\/#primaryimage\"},\"image\":{\"@id\":\"https:\\\/\\\/bogensportdiscount.ch\\\/produkt\\\/centerpoint-bolzen-nocken-cp400-select-12er-pack\\\/#primaryimage\"},\"thumbnailUrl\":\"https:\\\/\\\/bogensportdiscount.ch\\\/wp-content\\\/uploads\\\/bsm-images\\\/A055491_1.jpg\",\"datePublished\":\"2026-04-05T12:26:47+00:00\",\"dateModified\":\"2026-05-14T05:13:42+00:00\",\"description\":\"CENTERPOINT NOCKEN F\u00dcR ARMBRUST BOLZEN CP400 SELECT 12\\\/PK g\u00fcnstig kaufen bei Bogensportdiscount \u2013 Top-Marken, schneller Versand aus der Schweiz.\",\"breadcrumb\":{\"@id\":\"https:\\\/\\\/bogensportdiscount.ch\\\/produkt\\\/centerpoint-bolzen-nocken-cp400-select-12er-pack\\\/#breadcrumb\"},\"inLanguage\":\"fr-FR\",\"potentialAction\":[{\"@type\":\"ReadAction\",\"target\":[\"https:\\\/\\\/bogensportdiscount.ch\\\/produkt\\\/centerpoint-bolzen-nocken-cp400-select-12er-pack\\\/\"]}]},{\"@type\":\"ImageObject\",\"inLanguage\":\"fr-FR\",\"@id\":\"https:\\\/\\\/bogensportdiscount.ch\\\/produkt\\\/centerpoint-bolzen-nocken-cp400-select-12er-pack\\\/#primaryimage\",\"url\":\"https:\\\/\\\/bogensportdiscount.ch\\\/wp-content\\\/uploads\\\/bsm-images\\\/A055491_1.jpg\",\"contentUrl\":\"https:\\\/\\\/bogensportdiscount.ch\\\/wp-content\\\/uploads\\\/bsm-images\\\/A055491_1.jpg\",\"width\":656,\"height\":1200},{\"@type\":\"BreadcrumbList\",\"@id\":\"https:\\\/\\\/bogensportdiscount.ch\\\/produkt\\\/centerpoint-bolzen-nocken-cp400-select-12er-pack\\\/#breadcrumb\",\"itemListElement\":[{\"@type\":\"ListItem\",\"position\":1,\"name\":\"Home\",\"item\":\"https:\\\/\\\/bogensportdiscount.ch\\\/\"},{\"@type\":\"ListItem\",\"position\":2,\"name\":\"Shop\",\"item\":\"https:\\\/\\\/bogensportdiscount.ch\\\/shop\\\/\"},{\"@type\":\"ListItem\",\"position\":3,\"name\":\"CENTERPOINT NOCKS FOR CROSSBOW BOLTS CP400 SELECT 12\\\/pk\"}]},{\"@type\":\"WebSite\",\"@id\":\"https:\\\/\\\/bogensportdiscount.ch\\\/#website\",\"url\":\"https:\\\/\\\/bogensportdiscount.ch\\\/\",\"name\":\"Bogensportdiscount\",\"description\":\"\",\"potentialAction\":[{\"@type\":\"SearchAction\",\"target\":{\"@type\":\"EntryPoint\",\"urlTemplate\":\"https:\\\/\\\/bogensportdiscount.ch\\\/?s={search_term_string}\"},\"query-input\":{\"@type\":\"PropertyValueSpecification\",\"valueRequired\":true,\"valueName\":\"search_term_string\"}}],\"inLanguage\":\"fr-FR\"}]}<\/script>\n<!-- \/ Yoast SEO plugin. -->","yoast_head_json":{"title":"CENTERPOINT NOCKEN F\u00dcR ARMBRUST BOLZEN CP400 SELECT 12\/PK - Bogensportdiscount \u2013 B\u00f6gen, Pfeile, Targets &amp; Zubeh\u00f6r","description":"CENTERPOINT NOCKEN F\u00dcR ARMBRUST BOLZEN CP400 SELECT 12\/PK g\u00fcnstig kaufen bei Bogensportdiscount \u2013 Top-Marken, schneller Versand aus der Schweiz.","robots":{"index":"index","follow":"follow","max-snippet":"max-snippet:-1","max-image-preview":"max-image-preview:large","max-video-preview":"max-video-preview:-1"},"canonical":"https:\/\/bogensportdiscount.ch\/fr\/produit\/centerpoint-bolzen-nocken-cp400-select-12er-pack\/","og_locale":"fr_FR","og_type":"article","og_title":"CENTERPOINT NOCKEN F\u00dcR ARMBRUST BOLZEN CP400 SELECT 12\/PK - Bogensportdiscount \u2013 B\u00f6gen, Pfeile, Targets &amp; Zubeh\u00f6r","og_description":"CENTERPOINT NOCKEN F\u00dcR ARMBRUST BOLZEN CP400 SELECT 12\/PK g\u00fcnstig kaufen bei Bogensportdiscount \u2013 Top-Marken, schneller Versand aus der Schweiz.","og_url":"https:\/\/bogensportdiscount.ch\/fr\/produit\/centerpoint-bolzen-nocken-cp400-select-12er-pack\/","og_site_name":"Bogensportdiscount \u2013 B\u00f6gen, Pfeile, Targets &amp; Zubeh\u00f6r","article_modified_time":"2026-05-14T05:13:42+00:00","og_image":[{"width":656,"height":1200,"url":"https:\/\/bogensportdiscount.ch\/wp-content\/uploads\/bsm-images\/A055491_1.jpg","type":"image\/jpeg"}],"twitter_card":"summary_large_image","schema":{"@context":"https:\/\/schema.org","@graph":[{"@type":"WebPage","@id":"https:\/\/bogensportdiscount.ch\/produkt\/centerpoint-bolzen-nocken-cp400-select-12er-pack\/","url":"https:\/\/bogensportdiscount.ch\/produkt\/centerpoint-bolzen-nocken-cp400-select-12er-pack\/","name":"CENTERPOINT NOCKEN F\u00dcR ARMBRUST BOLZEN CP400 SELECT 12\/PK - Bogensportdiscount \u2013 B\u00f6gen, Pfeile, Targets &amp; Zubeh\u00f6r","isPartOf":{"@id":"https:\/\/bogensportdiscount.ch\/#website"},"primaryImageOfPage":{"@id":"https:\/\/bogensportdiscount.ch\/produkt\/centerpoint-bolzen-nocken-cp400-select-12er-pack\/#primaryimage"},"image":{"@id":"https:\/\/bogensportdiscount.ch\/produkt\/centerpoint-bolzen-nocken-cp400-select-12er-pack\/#primaryimage"},"thumbnailUrl":"https:\/\/bogensportdiscount.ch\/wp-content\/uploads\/bsm-images\/A055491_1.jpg","datePublished":"2026-04-05T12:26:47+00:00","dateModified":"2026-05-14T05:13:42+00:00","description":"CENTERPOINT NOCKEN F\u00dcR ARMBRUST BOLZEN CP400 SELECT 12\/PK g\u00fcnstig kaufen bei Bogensportdiscount \u2013 Top-Marken, schneller Versand aus der Schweiz.","breadcrumb":{"@id":"https:\/\/bogensportdiscount.ch\/produkt\/centerpoint-bolzen-nocken-cp400-select-12er-pack\/#breadcrumb"},"inLanguage":"fr-FR","potentialAction":[{"@type":"ReadAction","target":["https:\/\/bogensportdiscount.ch\/produkt\/centerpoint-bolzen-nocken-cp400-select-12er-pack\/"]}]},{"@type":"ImageObject","inLanguage":"fr-FR","@id":"https:\/\/bogensportdiscount.ch\/produkt\/centerpoint-bolzen-nocken-cp400-select-12er-pack\/#primaryimage","url":"https:\/\/bogensportdiscount.ch\/wp-content\/uploads\/bsm-images\/A055491_1.jpg","contentUrl":"https:\/\/bogensportdiscount.ch\/wp-content\/uploads\/bsm-images\/A055491_1.jpg","width":656,"height":1200},{"@type":"BreadcrumbList","@id":"https:\/\/bogensportdiscount.ch\/produkt\/centerpoint-bolzen-nocken-cp400-select-12er-pack\/#breadcrumb","itemListElement":[{"@type":"ListItem","position":1,"name":"Home","item":"https:\/\/bogensportdiscount.ch\/"},{"@type":"ListItem","position":2,"name":"Shop","item":"https:\/\/bogensportdiscount.ch\/shop\/"},{"@type":"ListItem","position":3,"name":"CENTERPOINT NOCKS FOR CROSSBOW BOLTS CP400 SELECT 12\/pk"}]},{"@type":"WebSite","@id":"https:\/\/bogensportdiscount.ch\/#website","url":"https:\/\/bogensportdiscount.ch\/","name":"Bogensportdiscount","description":"","potentialAction":[{"@type":"SearchAction","target":{"@type":"EntryPoint","urlTemplate":"https:\/\/bogensportdiscount.ch\/?s={search_term_string}"},"query-input":{"@type":"PropertyValueSpecification","valueRequired":true,"valueName":"search_term_string"}}],"inLanguage":"fr-FR"}]}},"_links":{"self":[{"href":"https:\/\/bogensportdiscount.ch\/fr\/wp-json\/wp\/v2\/product\/392659","targetHints":{"allow":["GET"]}}],"collection":[{"href":"https:\/\/bogensportdiscount.ch\/fr\/wp-json\/wp\/v2\/product"}],"about":[{"href":"https:\/\/bogensportdiscount.ch\/fr\/wp-json\/wp\/v2\/types\/product"}],"replies":[{"embeddable":true,"href":"https:\/\/bogensportdiscount.ch\/fr\/wp-json\/wp\/v2\/comments?post=392659"}],"wp:featuredmedia":[{"embeddable":true,"href":"https:\/\/bogensportdiscount.ch\/fr\/wp-json\/wp\/v2\/media\/446968"}],"wp:attachment":[{"href":"https:\/\/bogensportdiscount.ch\/fr\/wp-json\/wp\/v2\/media?parent=392659"}],"wp:term":[{"taxonomy":"product_brand","embeddable":true,"href":"https:\/\/bogensportdiscount.ch\/fr\/wp-json\/wp\/v2\/product_brand?post=392659"},{"taxonomy":"product_cat","embeddable":true,"href":"https:\/\/bogensportdiscount.ch\/fr\/wp-json\/wp\/v2\/product_cat?post=392659"},{"taxonomy":"product_tag","embeddable":true,"href":"https:\/\/bogensportdiscount.ch\/fr\/wp-json\/wp\/v2\/product_tag?post=392659"}],"curies":[{"name":"wp","href":"https:\/\/api.w.org\/{rel}","templated":true}]}}