{"id":392657,"date":"2026-04-05T14:26:46","date_gmt":"2026-04-05T12:26:46","guid":{"rendered":"https:\/\/bogensportdiscount.ch\/produkt\/centerpoint-hybrid-crossbow-case-soft-padded\/"},"modified":"2026-05-14T07:13:42","modified_gmt":"2026-05-14T05:13:42","slug":"centerpoint-armbrust-tasche-hybrid-soft-padded","status":"publish","type":"product","link":"https:\/\/bogensportdiscount.ch\/fr\/produit\/centerpoint-armbrust-tasche-hybrid-soft-padded\/","title":{"rendered":"CENTERPOINT HOUSSE SOUPLE REMBOURR\u00c9E POUR ARBAL\u00c8TE HYBRID"},"content":{"rendered":"<p>La CenterPoint Hybrid Crossbow Case Soft Padded est une housse de transport rembourr\u00e9e sp\u00e9cialement con\u00e7ue pour les arbal\u00e8tes. Le rembourrage souple assure une protection fiable lors du transport et du stockage.<\/p>\n<p>Ce mod\u00e8le convient aux archers et aux chasseurs souhaitant ranger et transporter leur arbal\u00e8te en toute s\u00e9curit\u00e9 sans avoir recours \u00e0 un \u00e9tui rigide. La construction softcase rend la housse l\u00e9g\u00e8re et maniable.<\/p>\n<ul>\n<li>Int\u00e9rieur rembourr\u00e9 pour une protection contre les chocs et les rayures<\/li>\n<li>Construction softcase l\u00e9g\u00e8re pour un transport confortable<\/li>\n<li>Adapt\u00e9 aux arbal\u00e8tes de la s\u00e9rie CenterPoint Hybrid<\/li>\n<li>Solution pratique pour le transport et le rangement<\/li>\n<\/ul>","protected":false},"excerpt":{"rendered":"<table>\n<tr>\n<th>Propri\u00e9t\u00e9<\/th>\n<th>Valeur<\/th>\n<\/tr>\n<tr>\n<td>Marque<\/td>\n<td>Centerpoint<\/td>\n<\/tr>\n<tr>\n<td>Couleur<\/td>\n<td>Gris<\/td>\n<\/tr>\n<tr>\n<td>Pays d'origine<\/td>\n<td>Chine<\/td>\n<\/tr>\n<\/table>","protected":false},"featured_media":446972,"comment_status":"open","ping_status":"closed","template":"","meta":[],"product_brand":[525],"product_cat":[4135,4373,27449],"product_tag":[3546],"class_list":{"0":"post-392657","1":"product","2":"type-product","3":"status-publish","4":"has-post-thumbnail","6":"product_brand-centerpoint","7":"product_cat-armbrust-zubehoer","8":"product_cat-armbrueste-taschen","9":"product_cat-taschen-koffer-armbrust-zubehoer-2","10":"product_tag-neuheit","11":"product_shipping_class-bsd-standard","13":"first","14":"instock","15":"shipping-taxable","16":"purchasable","17":"product-type-simple"},"yoast_head":"<!-- This site is optimized with the Yoast SEO plugin v27.6 - https:\/\/yoast.com\/product\/yoast-seo-wordpress\/ -->\n<title>CENTERPOINT HYBRID ARMBRUST KOFFER WEICHES GEPOLSTERTES - Bogensportdiscount \u2013 B\u00f6gen, Pfeile, Targets &amp; Zubeh\u00f6r<\/title>\n<meta name=\"description\" content=\"CENTERPOINT HYBRID ARMBRUST KOFFER WEICHES GEPOLSTERTES g\u00fcnstig kaufen bei Bogensportdiscount \u2013 Top-Marken, schneller Versand aus der Schweiz.\" \/>\n<meta name=\"robots\" content=\"index, follow, max-snippet:-1, max-image-preview:large, max-video-preview:-1\" \/>\n<link rel=\"canonical\" href=\"https:\/\/bogensportdiscount.ch\/fr\/produit\/centerpoint-armbrust-tasche-hybrid-soft-padded\/\" \/>\n<meta property=\"og:locale\" content=\"fr_FR\" \/>\n<meta property=\"og:type\" content=\"article\" \/>\n<meta property=\"og:title\" content=\"CENTERPOINT HYBRID ARMBRUST KOFFER WEICHES GEPOLSTERTES - Bogensportdiscount \u2013 B\u00f6gen, Pfeile, Targets &amp; Zubeh\u00f6r\" \/>\n<meta property=\"og:description\" content=\"CENTERPOINT HYBRID ARMBRUST KOFFER WEICHES GEPOLSTERTES g\u00fcnstig kaufen bei Bogensportdiscount \u2013 Top-Marken, schneller Versand aus der Schweiz.\" \/>\n<meta property=\"og:url\" content=\"https:\/\/bogensportdiscount.ch\/fr\/produit\/centerpoint-armbrust-tasche-hybrid-soft-padded\/\" \/>\n<meta property=\"og:site_name\" content=\"Bogensportdiscount \u2013 B\u00f6gen, Pfeile, Targets &amp; Zubeh\u00f6r\" \/>\n<meta property=\"article:modified_time\" content=\"2026-05-14T05:13:42+00:00\" \/>\n<meta property=\"og:image\" content=\"https:\/\/bogensportdiscount.ch\/wp-content\/uploads\/bsm-images\/A055489_1.jpeg\" \/>\n\t<meta property=\"og:image:width\" content=\"702\" \/>\n\t<meta property=\"og:image:height\" content=\"1200\" \/>\n\t<meta property=\"og:image:type\" content=\"image\/jpeg\" \/>\n<meta name=\"twitter:card\" content=\"summary_large_image\" \/>\n<script type=\"application\/ld+json\" class=\"yoast-schema-graph\">{\"@context\":\"https:\\\/\\\/schema.org\",\"@graph\":[{\"@type\":\"WebPage\",\"@id\":\"https:\\\/\\\/bogensportdiscount.ch\\\/produkt\\\/centerpoint-armbrust-tasche-hybrid-soft-padded\\\/\",\"url\":\"https:\\\/\\\/bogensportdiscount.ch\\\/produkt\\\/centerpoint-armbrust-tasche-hybrid-soft-padded\\\/\",\"name\":\"CENTERPOINT HYBRID ARMBRUST KOFFER WEICHES GEPOLSTERTES - Bogensportdiscount \u2013 B\u00f6gen, Pfeile, Targets &amp; Zubeh\u00f6r\",\"isPartOf\":{\"@id\":\"https:\\\/\\\/bogensportdiscount.ch\\\/#website\"},\"primaryImageOfPage\":{\"@id\":\"https:\\\/\\\/bogensportdiscount.ch\\\/produkt\\\/centerpoint-armbrust-tasche-hybrid-soft-padded\\\/#primaryimage\"},\"image\":{\"@id\":\"https:\\\/\\\/bogensportdiscount.ch\\\/produkt\\\/centerpoint-armbrust-tasche-hybrid-soft-padded\\\/#primaryimage\"},\"thumbnailUrl\":\"https:\\\/\\\/bogensportdiscount.ch\\\/wp-content\\\/uploads\\\/bsm-images\\\/A055489_1.jpeg\",\"datePublished\":\"2026-04-05T12:26:46+00:00\",\"dateModified\":\"2026-05-14T05:13:42+00:00\",\"description\":\"CENTERPOINT HYBRID ARMBRUST KOFFER WEICHES GEPOLSTERTES g\u00fcnstig kaufen bei Bogensportdiscount \u2013 Top-Marken, schneller Versand aus der Schweiz.\",\"breadcrumb\":{\"@id\":\"https:\\\/\\\/bogensportdiscount.ch\\\/produkt\\\/centerpoint-armbrust-tasche-hybrid-soft-padded\\\/#breadcrumb\"},\"inLanguage\":\"fr-FR\",\"potentialAction\":[{\"@type\":\"ReadAction\",\"target\":[\"https:\\\/\\\/bogensportdiscount.ch\\\/produkt\\\/centerpoint-armbrust-tasche-hybrid-soft-padded\\\/\"]}]},{\"@type\":\"ImageObject\",\"inLanguage\":\"fr-FR\",\"@id\":\"https:\\\/\\\/bogensportdiscount.ch\\\/produkt\\\/centerpoint-armbrust-tasche-hybrid-soft-padded\\\/#primaryimage\",\"url\":\"https:\\\/\\\/bogensportdiscount.ch\\\/wp-content\\\/uploads\\\/bsm-images\\\/A055489_1.jpeg\",\"contentUrl\":\"https:\\\/\\\/bogensportdiscount.ch\\\/wp-content\\\/uploads\\\/bsm-images\\\/A055489_1.jpeg\",\"width\":702,\"height\":1200},{\"@type\":\"BreadcrumbList\",\"@id\":\"https:\\\/\\\/bogensportdiscount.ch\\\/produkt\\\/centerpoint-armbrust-tasche-hybrid-soft-padded\\\/#breadcrumb\",\"itemListElement\":[{\"@type\":\"ListItem\",\"position\":1,\"name\":\"Home\",\"item\":\"https:\\\/\\\/bogensportdiscount.ch\\\/\"},{\"@type\":\"ListItem\",\"position\":2,\"name\":\"Shop\",\"item\":\"https:\\\/\\\/bogensportdiscount.ch\\\/shop\\\/\"},{\"@type\":\"ListItem\",\"position\":3,\"name\":\"CENTERPOINT HYBRID CROSSBOW CASE SOFT PADDED\"}]},{\"@type\":\"WebSite\",\"@id\":\"https:\\\/\\\/bogensportdiscount.ch\\\/#website\",\"url\":\"https:\\\/\\\/bogensportdiscount.ch\\\/\",\"name\":\"Bogensportdiscount\",\"description\":\"\",\"potentialAction\":[{\"@type\":\"SearchAction\",\"target\":{\"@type\":\"EntryPoint\",\"urlTemplate\":\"https:\\\/\\\/bogensportdiscount.ch\\\/?s={search_term_string}\"},\"query-input\":{\"@type\":\"PropertyValueSpecification\",\"valueRequired\":true,\"valueName\":\"search_term_string\"}}],\"inLanguage\":\"fr-FR\"}]}<\/script>\n<!-- \/ Yoast SEO plugin. -->","yoast_head_json":{"title":"CENTERPOINT HYBRID ARMBRUST KOFFER WEICHES GEPOLSTERTES - Bogensportdiscount \u2013 B\u00f6gen, Pfeile, Targets &amp; Zubeh\u00f6r","description":"CENTERPOINT HYBRID ARMBRUST KOFFER WEICHES GEPOLSTERTES g\u00fcnstig kaufen bei Bogensportdiscount \u2013 Top-Marken, schneller Versand aus der Schweiz.","robots":{"index":"index","follow":"follow","max-snippet":"max-snippet:-1","max-image-preview":"max-image-preview:large","max-video-preview":"max-video-preview:-1"},"canonical":"https:\/\/bogensportdiscount.ch\/fr\/produit\/centerpoint-armbrust-tasche-hybrid-soft-padded\/","og_locale":"fr_FR","og_type":"article","og_title":"CENTERPOINT HYBRID ARMBRUST KOFFER WEICHES GEPOLSTERTES - Bogensportdiscount \u2013 B\u00f6gen, Pfeile, Targets &amp; Zubeh\u00f6r","og_description":"CENTERPOINT HYBRID ARMBRUST KOFFER WEICHES GEPOLSTERTES g\u00fcnstig kaufen bei Bogensportdiscount \u2013 Top-Marken, schneller Versand aus der Schweiz.","og_url":"https:\/\/bogensportdiscount.ch\/fr\/produit\/centerpoint-armbrust-tasche-hybrid-soft-padded\/","og_site_name":"Bogensportdiscount \u2013 B\u00f6gen, Pfeile, Targets &amp; Zubeh\u00f6r","article_modified_time":"2026-05-14T05:13:42+00:00","og_image":[{"width":702,"height":1200,"url":"https:\/\/bogensportdiscount.ch\/wp-content\/uploads\/bsm-images\/A055489_1.jpeg","type":"image\/jpeg"}],"twitter_card":"summary_large_image","schema":{"@context":"https:\/\/schema.org","@graph":[{"@type":"WebPage","@id":"https:\/\/bogensportdiscount.ch\/produkt\/centerpoint-armbrust-tasche-hybrid-soft-padded\/","url":"https:\/\/bogensportdiscount.ch\/produkt\/centerpoint-armbrust-tasche-hybrid-soft-padded\/","name":"CENTERPOINT HYBRID ARMBRUST KOFFER WEICHES GEPOLSTERTES - Bogensportdiscount \u2013 B\u00f6gen, Pfeile, Targets &amp; Zubeh\u00f6r","isPartOf":{"@id":"https:\/\/bogensportdiscount.ch\/#website"},"primaryImageOfPage":{"@id":"https:\/\/bogensportdiscount.ch\/produkt\/centerpoint-armbrust-tasche-hybrid-soft-padded\/#primaryimage"},"image":{"@id":"https:\/\/bogensportdiscount.ch\/produkt\/centerpoint-armbrust-tasche-hybrid-soft-padded\/#primaryimage"},"thumbnailUrl":"https:\/\/bogensportdiscount.ch\/wp-content\/uploads\/bsm-images\/A055489_1.jpeg","datePublished":"2026-04-05T12:26:46+00:00","dateModified":"2026-05-14T05:13:42+00:00","description":"CENTERPOINT HYBRID ARMBRUST KOFFER WEICHES GEPOLSTERTES g\u00fcnstig kaufen bei Bogensportdiscount \u2013 Top-Marken, schneller Versand aus der Schweiz.","breadcrumb":{"@id":"https:\/\/bogensportdiscount.ch\/produkt\/centerpoint-armbrust-tasche-hybrid-soft-padded\/#breadcrumb"},"inLanguage":"fr-FR","potentialAction":[{"@type":"ReadAction","target":["https:\/\/bogensportdiscount.ch\/produkt\/centerpoint-armbrust-tasche-hybrid-soft-padded\/"]}]},{"@type":"ImageObject","inLanguage":"fr-FR","@id":"https:\/\/bogensportdiscount.ch\/produkt\/centerpoint-armbrust-tasche-hybrid-soft-padded\/#primaryimage","url":"https:\/\/bogensportdiscount.ch\/wp-content\/uploads\/bsm-images\/A055489_1.jpeg","contentUrl":"https:\/\/bogensportdiscount.ch\/wp-content\/uploads\/bsm-images\/A055489_1.jpeg","width":702,"height":1200},{"@type":"BreadcrumbList","@id":"https:\/\/bogensportdiscount.ch\/produkt\/centerpoint-armbrust-tasche-hybrid-soft-padded\/#breadcrumb","itemListElement":[{"@type":"ListItem","position":1,"name":"Home","item":"https:\/\/bogensportdiscount.ch\/"},{"@type":"ListItem","position":2,"name":"Shop","item":"https:\/\/bogensportdiscount.ch\/shop\/"},{"@type":"ListItem","position":3,"name":"CENTERPOINT HYBRID CROSSBOW CASE SOFT PADDED"}]},{"@type":"WebSite","@id":"https:\/\/bogensportdiscount.ch\/#website","url":"https:\/\/bogensportdiscount.ch\/","name":"Bogensportdiscount","description":"","potentialAction":[{"@type":"SearchAction","target":{"@type":"EntryPoint","urlTemplate":"https:\/\/bogensportdiscount.ch\/?s={search_term_string}"},"query-input":{"@type":"PropertyValueSpecification","valueRequired":true,"valueName":"search_term_string"}}],"inLanguage":"fr-FR"}]}},"_links":{"self":[{"href":"https:\/\/bogensportdiscount.ch\/fr\/wp-json\/wp\/v2\/product\/392657","targetHints":{"allow":["GET"]}}],"collection":[{"href":"https:\/\/bogensportdiscount.ch\/fr\/wp-json\/wp\/v2\/product"}],"about":[{"href":"https:\/\/bogensportdiscount.ch\/fr\/wp-json\/wp\/v2\/types\/product"}],"replies":[{"embeddable":true,"href":"https:\/\/bogensportdiscount.ch\/fr\/wp-json\/wp\/v2\/comments?post=392657"}],"wp:featuredmedia":[{"embeddable":true,"href":"https:\/\/bogensportdiscount.ch\/fr\/wp-json\/wp\/v2\/media\/446972"}],"wp:attachment":[{"href":"https:\/\/bogensportdiscount.ch\/fr\/wp-json\/wp\/v2\/media?parent=392657"}],"wp:term":[{"taxonomy":"product_brand","embeddable":true,"href":"https:\/\/bogensportdiscount.ch\/fr\/wp-json\/wp\/v2\/product_brand?post=392657"},{"taxonomy":"product_cat","embeddable":true,"href":"https:\/\/bogensportdiscount.ch\/fr\/wp-json\/wp\/v2\/product_cat?post=392657"},{"taxonomy":"product_tag","embeddable":true,"href":"https:\/\/bogensportdiscount.ch\/fr\/wp-json\/wp\/v2\/product_tag?post=392657"}],"curies":[{"name":"wp","href":"https:\/\/api.w.org\/{rel}","templated":true}]}}