{"id":392653,"date":"2026-04-05T14:26:45","date_gmt":"2026-04-05T12:26:45","guid":{"rendered":"https:\/\/bogensportdiscount.ch\/produkt\/ravin-compound-strings-cables-for-crossbow-ravin-r18\/"},"modified":"2026-05-14T07:13:42","modified_gmt":"2026-05-14T05:13:42","slug":"ravin-compound-sehnen-kabel-armbrust-r18","status":"publish","type":"product","link":"https:\/\/bogensportdiscount.ch\/fr\/produit\/ravin-compound-sehnen-kabel-armbrust-r18\/","title":{"rendered":"RAVIN COMPOUND SEHNEN &amp; SEHNEN F\u00dcR ARMBRUST RAVIN R18"},"content":{"rendered":"<p>Cordes et c\u00e2bles compound d'origine pour l'arbal\u00e8te RAVIN R18. Ces cordes et c\u00e2bles de remplacement sont sp\u00e9cialement con\u00e7us pour le mod\u00e8le RAVIN R18 et garantissent des performances optimales et une fiabilit\u00e9 maximale.<\/p>\n<p>Les composants sont fabriqu\u00e9s avec soin et r\u00e9pondent aux sp\u00e9cifications du fabricant. Ils sont id\u00e9aux comme pi\u00e8ce de rechange en cas d'usure ou comme am\u00e9lioration.<\/p>","protected":false},"excerpt":{"rendered":"<table>\n<tr>\n<th>Propri\u00e9t\u00e9<\/th>\n<th>Valeur<\/th>\n<\/tr>\n<tr>\n<td>Marque<\/td>\n<td>Ravin<\/td>\n<\/tr>\n<tr>\n<td>GTIN<\/td>\n<td>815942021934<\/td>\n<\/tr>\n<tr>\n<td>Pays d'origine<\/td>\n<td>USA<\/td>\n<\/tr>\n<\/table>","protected":false},"featured_media":446991,"comment_status":"open","ping_status":"closed","template":"","meta":[],"product_brand":[527],"product_cat":[4135,4174,4175],"product_tag":[3546],"class_list":{"0":"post-392653","1":"product","2":"type-product","3":"status-publish","4":"has-post-thumbnail","6":"product_brand-ravin","7":"product_cat-armbrust-zubehoer","8":"product_cat-sehnen-kabel","9":"product_cat-compound-sehnen-kabel","10":"product_tag-neuheit","11":"product_shipping_class-bsd-standard","13":"first","14":"instock","15":"shipping-taxable","16":"purchasable","17":"product-type-simple"},"yoast_head":"<!-- This site is optimized with the Yoast SEO plugin v27.6 - https:\/\/yoast.com\/product\/yoast-seo-wordpress\/ -->\n<title>RAVIN COMPOUND SEHNEN &amp; SEHNEN F\u00dcR ARMBRUST RAVIN R18 - Bogensportdiscount \u2013 B\u00f6gen, Pfeile, Targets &amp; Zubeh\u00f6r<\/title>\n<meta name=\"description\" content=\"RAVIN COMPOUND SEHNEN &amp; SEHNEN F\u00dcR ARMBRUST RAVIN R18 g\u00fcnstig kaufen bei Bogensportdiscount \u2013 Top-Marken, schneller Versand aus der Schweiz.\" \/>\n<meta name=\"robots\" content=\"index, follow, max-snippet:-1, max-image-preview:large, max-video-preview:-1\" \/>\n<link rel=\"canonical\" href=\"https:\/\/bogensportdiscount.ch\/fr\/produit\/ravin-compound-sehnen-kabel-armbrust-r18\/\" \/>\n<meta property=\"og:locale\" content=\"fr_FR\" \/>\n<meta property=\"og:type\" content=\"article\" \/>\n<meta property=\"og:title\" content=\"RAVIN COMPOUND SEHNEN &amp; SEHNEN F\u00dcR ARMBRUST RAVIN R18 - Bogensportdiscount \u2013 B\u00f6gen, Pfeile, Targets &amp; Zubeh\u00f6r\" \/>\n<meta property=\"og:description\" content=\"RAVIN COMPOUND SEHNEN &amp; SEHNEN F\u00dcR ARMBRUST RAVIN R18 g\u00fcnstig kaufen bei Bogensportdiscount \u2013 Top-Marken, schneller Versand aus der Schweiz.\" \/>\n<meta property=\"og:url\" content=\"https:\/\/bogensportdiscount.ch\/fr\/produit\/ravin-compound-sehnen-kabel-armbrust-r18\/\" \/>\n<meta property=\"og:site_name\" content=\"Bogensportdiscount \u2013 B\u00f6gen, Pfeile, Targets &amp; Zubeh\u00f6r\" \/>\n<meta property=\"article:modified_time\" content=\"2026-05-14T05:13:42+00:00\" \/>\n<meta property=\"og:image\" content=\"https:\/\/bogensportdiscount.ch\/wp-content\/uploads\/bsm-images\/A055477_1.png\" \/>\n\t<meta property=\"og:image:width\" content=\"1500\" \/>\n\t<meta property=\"og:image:height\" content=\"896\" \/>\n\t<meta property=\"og:image:type\" content=\"image\/png\" \/>\n<meta name=\"twitter:card\" content=\"summary_large_image\" \/>\n<script type=\"application\/ld+json\" class=\"yoast-schema-graph\">{\"@context\":\"https:\\\/\\\/schema.org\",\"@graph\":[{\"@type\":\"WebPage\",\"@id\":\"https:\\\/\\\/bogensportdiscount.ch\\\/produkt\\\/ravin-compound-sehnen-kabel-armbrust-r18\\\/\",\"url\":\"https:\\\/\\\/bogensportdiscount.ch\\\/produkt\\\/ravin-compound-sehnen-kabel-armbrust-r18\\\/\",\"name\":\"RAVIN COMPOUND SEHNEN &amp; SEHNEN F\u00dcR ARMBRUST RAVIN R18 - Bogensportdiscount \u2013 B\u00f6gen, Pfeile, Targets &amp; Zubeh\u00f6r\",\"isPartOf\":{\"@id\":\"https:\\\/\\\/bogensportdiscount.ch\\\/#website\"},\"primaryImageOfPage\":{\"@id\":\"https:\\\/\\\/bogensportdiscount.ch\\\/produkt\\\/ravin-compound-sehnen-kabel-armbrust-r18\\\/#primaryimage\"},\"image\":{\"@id\":\"https:\\\/\\\/bogensportdiscount.ch\\\/produkt\\\/ravin-compound-sehnen-kabel-armbrust-r18\\\/#primaryimage\"},\"thumbnailUrl\":\"https:\\\/\\\/bogensportdiscount.ch\\\/wp-content\\\/uploads\\\/bsm-images\\\/A055477_1.png\",\"datePublished\":\"2026-04-05T12:26:45+00:00\",\"dateModified\":\"2026-05-14T05:13:42+00:00\",\"description\":\"RAVIN COMPOUND SEHNEN &amp; SEHNEN F\u00dcR ARMBRUST RAVIN R18 g\u00fcnstig kaufen bei Bogensportdiscount \u2013 Top-Marken, schneller Versand aus der Schweiz.\",\"breadcrumb\":{\"@id\":\"https:\\\/\\\/bogensportdiscount.ch\\\/produkt\\\/ravin-compound-sehnen-kabel-armbrust-r18\\\/#breadcrumb\"},\"inLanguage\":\"fr-FR\",\"potentialAction\":[{\"@type\":\"ReadAction\",\"target\":[\"https:\\\/\\\/bogensportdiscount.ch\\\/produkt\\\/ravin-compound-sehnen-kabel-armbrust-r18\\\/\"]}]},{\"@type\":\"ImageObject\",\"inLanguage\":\"fr-FR\",\"@id\":\"https:\\\/\\\/bogensportdiscount.ch\\\/produkt\\\/ravin-compound-sehnen-kabel-armbrust-r18\\\/#primaryimage\",\"url\":\"https:\\\/\\\/bogensportdiscount.ch\\\/wp-content\\\/uploads\\\/bsm-images\\\/A055477_1.png\",\"contentUrl\":\"https:\\\/\\\/bogensportdiscount.ch\\\/wp-content\\\/uploads\\\/bsm-images\\\/A055477_1.png\",\"width\":1500,\"height\":896},{\"@type\":\"BreadcrumbList\",\"@id\":\"https:\\\/\\\/bogensportdiscount.ch\\\/produkt\\\/ravin-compound-sehnen-kabel-armbrust-r18\\\/#breadcrumb\",\"itemListElement\":[{\"@type\":\"ListItem\",\"position\":1,\"name\":\"Home\",\"item\":\"https:\\\/\\\/bogensportdiscount.ch\\\/\"},{\"@type\":\"ListItem\",\"position\":2,\"name\":\"Shop\",\"item\":\"https:\\\/\\\/bogensportdiscount.ch\\\/shop\\\/\"},{\"@type\":\"ListItem\",\"position\":3,\"name\":\"RAVIN COMPOUND STRINGS &amp; CABLES FOR CROSSBOW RAVIN R18\"}]},{\"@type\":\"WebSite\",\"@id\":\"https:\\\/\\\/bogensportdiscount.ch\\\/#website\",\"url\":\"https:\\\/\\\/bogensportdiscount.ch\\\/\",\"name\":\"Bogensportdiscount\",\"description\":\"\",\"potentialAction\":[{\"@type\":\"SearchAction\",\"target\":{\"@type\":\"EntryPoint\",\"urlTemplate\":\"https:\\\/\\\/bogensportdiscount.ch\\\/?s={search_term_string}\"},\"query-input\":{\"@type\":\"PropertyValueSpecification\",\"valueRequired\":true,\"valueName\":\"search_term_string\"}}],\"inLanguage\":\"fr-FR\"}]}<\/script>\n<!-- \/ Yoast SEO plugin. -->","yoast_head_json":{"title":"RAVIN COMPOUND SEHNEN &amp; SEHNEN F\u00dcR ARMBRUST RAVIN R18 - Bogensportdiscount \u2013 B\u00f6gen, Pfeile, Targets &amp; Zubeh\u00f6r","description":"RAVIN COMPOUND SEHNEN &amp; SEHNEN F\u00dcR ARMBRUST RAVIN R18 g\u00fcnstig kaufen bei Bogensportdiscount \u2013 Top-Marken, schneller Versand aus der Schweiz.","robots":{"index":"index","follow":"follow","max-snippet":"max-snippet:-1","max-image-preview":"max-image-preview:large","max-video-preview":"max-video-preview:-1"},"canonical":"https:\/\/bogensportdiscount.ch\/fr\/produit\/ravin-compound-sehnen-kabel-armbrust-r18\/","og_locale":"fr_FR","og_type":"article","og_title":"RAVIN COMPOUND SEHNEN &amp; SEHNEN F\u00dcR ARMBRUST RAVIN R18 - Bogensportdiscount \u2013 B\u00f6gen, Pfeile, Targets &amp; Zubeh\u00f6r","og_description":"RAVIN COMPOUND SEHNEN &amp; SEHNEN F\u00dcR ARMBRUST RAVIN R18 g\u00fcnstig kaufen bei Bogensportdiscount \u2013 Top-Marken, schneller Versand aus der Schweiz.","og_url":"https:\/\/bogensportdiscount.ch\/fr\/produit\/ravin-compound-sehnen-kabel-armbrust-r18\/","og_site_name":"Bogensportdiscount \u2013 B\u00f6gen, Pfeile, Targets &amp; Zubeh\u00f6r","article_modified_time":"2026-05-14T05:13:42+00:00","og_image":[{"width":1500,"height":896,"url":"https:\/\/bogensportdiscount.ch\/wp-content\/uploads\/bsm-images\/A055477_1.png","type":"image\/png"}],"twitter_card":"summary_large_image","schema":{"@context":"https:\/\/schema.org","@graph":[{"@type":"WebPage","@id":"https:\/\/bogensportdiscount.ch\/produkt\/ravin-compound-sehnen-kabel-armbrust-r18\/","url":"https:\/\/bogensportdiscount.ch\/produkt\/ravin-compound-sehnen-kabel-armbrust-r18\/","name":"RAVIN COMPOUND SEHNEN &amp; SEHNEN F\u00dcR ARMBRUST RAVIN R18 - Bogensportdiscount \u2013 B\u00f6gen, Pfeile, Targets &amp; Zubeh\u00f6r","isPartOf":{"@id":"https:\/\/bogensportdiscount.ch\/#website"},"primaryImageOfPage":{"@id":"https:\/\/bogensportdiscount.ch\/produkt\/ravin-compound-sehnen-kabel-armbrust-r18\/#primaryimage"},"image":{"@id":"https:\/\/bogensportdiscount.ch\/produkt\/ravin-compound-sehnen-kabel-armbrust-r18\/#primaryimage"},"thumbnailUrl":"https:\/\/bogensportdiscount.ch\/wp-content\/uploads\/bsm-images\/A055477_1.png","datePublished":"2026-04-05T12:26:45+00:00","dateModified":"2026-05-14T05:13:42+00:00","description":"RAVIN COMPOUND SEHNEN &amp; SEHNEN F\u00dcR ARMBRUST RAVIN R18 g\u00fcnstig kaufen bei Bogensportdiscount \u2013 Top-Marken, schneller Versand aus der Schweiz.","breadcrumb":{"@id":"https:\/\/bogensportdiscount.ch\/produkt\/ravin-compound-sehnen-kabel-armbrust-r18\/#breadcrumb"},"inLanguage":"fr-FR","potentialAction":[{"@type":"ReadAction","target":["https:\/\/bogensportdiscount.ch\/produkt\/ravin-compound-sehnen-kabel-armbrust-r18\/"]}]},{"@type":"ImageObject","inLanguage":"fr-FR","@id":"https:\/\/bogensportdiscount.ch\/produkt\/ravin-compound-sehnen-kabel-armbrust-r18\/#primaryimage","url":"https:\/\/bogensportdiscount.ch\/wp-content\/uploads\/bsm-images\/A055477_1.png","contentUrl":"https:\/\/bogensportdiscount.ch\/wp-content\/uploads\/bsm-images\/A055477_1.png","width":1500,"height":896},{"@type":"BreadcrumbList","@id":"https:\/\/bogensportdiscount.ch\/produkt\/ravin-compound-sehnen-kabel-armbrust-r18\/#breadcrumb","itemListElement":[{"@type":"ListItem","position":1,"name":"Home","item":"https:\/\/bogensportdiscount.ch\/"},{"@type":"ListItem","position":2,"name":"Shop","item":"https:\/\/bogensportdiscount.ch\/shop\/"},{"@type":"ListItem","position":3,"name":"RAVIN COMPOUND STRINGS &amp; CABLES FOR CROSSBOW RAVIN R18"}]},{"@type":"WebSite","@id":"https:\/\/bogensportdiscount.ch\/#website","url":"https:\/\/bogensportdiscount.ch\/","name":"Bogensportdiscount","description":"","potentialAction":[{"@type":"SearchAction","target":{"@type":"EntryPoint","urlTemplate":"https:\/\/bogensportdiscount.ch\/?s={search_term_string}"},"query-input":{"@type":"PropertyValueSpecification","valueRequired":true,"valueName":"search_term_string"}}],"inLanguage":"fr-FR"}]}},"_links":{"self":[{"href":"https:\/\/bogensportdiscount.ch\/fr\/wp-json\/wp\/v2\/product\/392653","targetHints":{"allow":["GET"]}}],"collection":[{"href":"https:\/\/bogensportdiscount.ch\/fr\/wp-json\/wp\/v2\/product"}],"about":[{"href":"https:\/\/bogensportdiscount.ch\/fr\/wp-json\/wp\/v2\/types\/product"}],"replies":[{"embeddable":true,"href":"https:\/\/bogensportdiscount.ch\/fr\/wp-json\/wp\/v2\/comments?post=392653"}],"wp:featuredmedia":[{"embeddable":true,"href":"https:\/\/bogensportdiscount.ch\/fr\/wp-json\/wp\/v2\/media\/446991"}],"wp:attachment":[{"href":"https:\/\/bogensportdiscount.ch\/fr\/wp-json\/wp\/v2\/media?parent=392653"}],"wp:term":[{"taxonomy":"product_brand","embeddable":true,"href":"https:\/\/bogensportdiscount.ch\/fr\/wp-json\/wp\/v2\/product_brand?post=392653"},{"taxonomy":"product_cat","embeddable":true,"href":"https:\/\/bogensportdiscount.ch\/fr\/wp-json\/wp\/v2\/product_cat?post=392653"},{"taxonomy":"product_tag","embeddable":true,"href":"https:\/\/bogensportdiscount.ch\/fr\/wp-json\/wp\/v2\/product_tag?post=392653"}],"curies":[{"name":"wp","href":"https:\/\/api.w.org\/{rel}","templated":true}]}}