{"id":392627,"date":"2026-04-05T14:26:40","date_gmt":"2026-04-05T12:26:40","guid":{"rendered":"https:\/\/bogensportdiscount.ch\/produkt\/last-chance-arrow-saws-parts-lca-3-cut-off-wheel-saw-replacement-blade\/"},"modified":"2026-04-20T12:48:00","modified_gmt":"2026-04-20T10:48:00","slug":"lastchance-ersatztrennscheibe-lca-3-zoll-pfeilsaege","status":"publish","type":"product","link":"https:\/\/bogensportdiscount.ch\/fr\/produit\/lastchance-ersatztrennscheibe-lca-3-zoll-pfeilsaege\/","title":{"rendered":"LAST CHANCE PFEILSAEGEN &#038; TEILE LCA 3&#8243; CUT-OFF WHEEL SAEGE ERSATZKLINGE"},"content":{"rendered":"<p>Die LASTCHANCE LCA 3&#8243; Ersatztrennscheibe ist das passende Ersatzteil f\u00fcr die LCA Pfeils\u00e4ge. Mit einem Durchmesser von 3 Zoll (ca. 76 mm) ersetzt sie die verbrauchte Trennscheibe und stellt die volle Schnittleistung der S\u00e4ge wieder her.<\/p>\n<p>Regelm\u00e4ssiger Klingenwechsel sorgt f\u00fcr saubere, gerade Schnitte beim K\u00fcrzen von Pfeilsch\u00e4ften aus Carbon, Aluminium oder anderen Materialien. Die Ersatzklinge ist speziell auf die LCA Pfeils\u00e4ge abgestimmt.<\/p>\n<ul>\n<li>Durchmesser: 3 Zoll (ca. 76 mm)<\/li>\n<li>Passend f\u00fcr die LCA Pfeils\u00e4ge von LASTCHANCE<\/li>\n<li>F\u00fcr saubere Schnitte an Pfeilsch\u00e4ften<\/li>\n<li>Unkomplizierter Klingenwechsel<\/li>\n<\/ul>","protected":false},"excerpt":{"rendered":"<p><strong>Marque :<\/strong> Last Chance<br \/><strong>GTIN:<\/strong> 853510008116<\/p>","protected":false},"featured_media":442316,"comment_status":"open","ping_status":"closed","template":"","meta":[],"product_brand":[499],"product_cat":[4142],"product_tag":[3546],"class_list":{"0":"post-392627","1":"product","2":"type-product","3":"status-publish","4":"has-post-thumbnail","6":"product_brand-lastchance","7":"product_cat-arrow-saws-parts","8":"product_tag-neuheit","10":"first","11":"instock","12":"shipping-taxable","13":"purchasable","14":"product-type-simple"},"yoast_head":"<!-- This site is optimized with the Yoast SEO plugin v27.4 - https:\/\/yoast.com\/product\/yoast-seo-wordpress\/ -->\n<title>LAST CHANCE PFEILSAEGEN &amp; TEILE LCA 3&quot; CUT-OFF WHEEL SAEGE ERSATZKLINGE - Bogensportdiscount \u2013 B\u00f6gen, Pfeile, Targets &amp; Zubeh\u00f6r<\/title>\n<meta name=\"description\" content=\"LAST CHANCE PFEILSAEGEN &amp; TEILE LCA 3&quot; CUT-OFF WHEEL SAEGE ERSATZKLINGE g\u00fcnstig kaufen bei Bogensportdiscount \u2013 Top-Marken, schneller Versand aus der Schweiz.\" \/>\n<meta name=\"robots\" content=\"noindex, follow, max-snippet:-1, max-image-preview:large, max-video-preview:-1\" \/>\n<meta property=\"og:locale\" content=\"fr_FR\" \/>\n<meta property=\"og:type\" content=\"article\" \/>\n<meta property=\"og:title\" content=\"LAST CHANCE PFEILSAEGEN &amp; TEILE LCA 3&quot; CUT-OFF WHEEL SAEGE ERSATZKLINGE - Bogensportdiscount \u2013 B\u00f6gen, Pfeile, Targets &amp; Zubeh\u00f6r\" \/>\n<meta property=\"og:description\" content=\"LAST CHANCE PFEILSAEGEN &amp; TEILE LCA 3&quot; CUT-OFF WHEEL SAEGE ERSATZKLINGE g\u00fcnstig kaufen bei Bogensportdiscount \u2013 Top-Marken, schneller Versand aus der Schweiz.\" \/>\n<meta property=\"og:url\" content=\"https:\/\/bogensportdiscount.ch\/fr\/prodotto\/lastchance-ersatztrennscheibe-lca-3-zoll-pfeilsaege\/\" \/>\n<meta property=\"og:site_name\" content=\"Bogensportdiscount \u2013 B\u00f6gen, Pfeile, Targets &amp; Zubeh\u00f6r\" \/>\n<meta property=\"article:modified_time\" content=\"2026-04-20T10:48:00+00:00\" \/>\n<meta property=\"og:image\" content=\"https:\/\/bogensportdiscount.ch\/wp-content\/uploads\/bsm-images\/A055416_1.jpg\" \/>\n\t<meta property=\"og:image:width\" content=\"750\" \/>\n\t<meta property=\"og:image:height\" content=\"422\" \/>\n\t<meta property=\"og:image:type\" content=\"image\/jpeg\" \/>\n<meta name=\"twitter:card\" content=\"summary_large_image\" \/>\n<script type=\"application\/ld+json\" class=\"yoast-schema-graph\">{\"@context\":\"https:\\\/\\\/schema.org\",\"@graph\":[{\"@type\":\"WebPage\",\"@id\":\"https:\\\/\\\/bogensportdiscount.ch\\\/it\\\/prodotto\\\/lastchance-ersatztrennscheibe-lca-3-zoll-pfeilsaege\\\/\",\"url\":\"https:\\\/\\\/bogensportdiscount.ch\\\/it\\\/prodotto\\\/lastchance-ersatztrennscheibe-lca-3-zoll-pfeilsaege\\\/\",\"name\":\"LAST CHANCE PFEILSAEGEN & TEILE LCA 3\\\" CUT-OFF WHEEL SAEGE ERSATZKLINGE - Bogensportdiscount \u2013 B\u00f6gen, Pfeile, Targets &amp; Zubeh\u00f6r\",\"isPartOf\":{\"@id\":\"https:\\\/\\\/bogensportdiscount.ch\\\/#website\"},\"primaryImageOfPage\":{\"@id\":\"https:\\\/\\\/bogensportdiscount.ch\\\/it\\\/prodotto\\\/lastchance-ersatztrennscheibe-lca-3-zoll-pfeilsaege\\\/#primaryimage\"},\"image\":{\"@id\":\"https:\\\/\\\/bogensportdiscount.ch\\\/it\\\/prodotto\\\/lastchance-ersatztrennscheibe-lca-3-zoll-pfeilsaege\\\/#primaryimage\"},\"thumbnailUrl\":\"https:\\\/\\\/bogensportdiscount.ch\\\/wp-content\\\/uploads\\\/bsm-images\\\/A055416_1.jpg\",\"datePublished\":\"2026-04-05T12:26:40+00:00\",\"dateModified\":\"2026-04-20T10:48:00+00:00\",\"description\":\"LAST CHANCE PFEILSAEGEN & TEILE LCA 3\\\" CUT-OFF WHEEL SAEGE ERSATZKLINGE g\u00fcnstig kaufen bei Bogensportdiscount \u2013 Top-Marken, schneller Versand aus der Schweiz.\",\"breadcrumb\":{\"@id\":\"https:\\\/\\\/bogensportdiscount.ch\\\/it\\\/prodotto\\\/lastchance-ersatztrennscheibe-lca-3-zoll-pfeilsaege\\\/#breadcrumb\"},\"inLanguage\":\"fr-FR\",\"potentialAction\":[{\"@type\":\"ReadAction\",\"target\":[\"https:\\\/\\\/bogensportdiscount.ch\\\/it\\\/prodotto\\\/lastchance-ersatztrennscheibe-lca-3-zoll-pfeilsaege\\\/\"]}]},{\"@type\":\"ImageObject\",\"inLanguage\":\"fr-FR\",\"@id\":\"https:\\\/\\\/bogensportdiscount.ch\\\/it\\\/prodotto\\\/lastchance-ersatztrennscheibe-lca-3-zoll-pfeilsaege\\\/#primaryimage\",\"url\":\"https:\\\/\\\/bogensportdiscount.ch\\\/wp-content\\\/uploads\\\/bsm-images\\\/A055416_1.jpg\",\"contentUrl\":\"https:\\\/\\\/bogensportdiscount.ch\\\/wp-content\\\/uploads\\\/bsm-images\\\/A055416_1.jpg\",\"width\":750,\"height\":422},{\"@type\":\"BreadcrumbList\",\"@id\":\"https:\\\/\\\/bogensportdiscount.ch\\\/it\\\/prodotto\\\/lastchance-ersatztrennscheibe-lca-3-zoll-pfeilsaege\\\/#breadcrumb\",\"itemListElement\":[{\"@type\":\"ListItem\",\"position\":1,\"name\":\"Home\",\"item\":\"https:\\\/\\\/bogensportdiscount.ch\\\/\"},{\"@type\":\"ListItem\",\"position\":2,\"name\":\"Shop\",\"item\":\"https:\\\/\\\/bogensportdiscount.ch\\\/shop\\\/\"},{\"@type\":\"ListItem\",\"position\":3,\"name\":\"LAST CHANCE PFEILSAEGEN &#038; TEILE LCA 3&#8243; CUT-OFF WHEEL SAEGE ERSATZKLINGE\"}]},{\"@type\":\"WebSite\",\"@id\":\"https:\\\/\\\/bogensportdiscount.ch\\\/#website\",\"url\":\"https:\\\/\\\/bogensportdiscount.ch\\\/\",\"name\":\"Bogensportdiscount\",\"description\":\"\",\"potentialAction\":[{\"@type\":\"SearchAction\",\"target\":{\"@type\":\"EntryPoint\",\"urlTemplate\":\"https:\\\/\\\/bogensportdiscount.ch\\\/?s={search_term_string}\"},\"query-input\":{\"@type\":\"PropertyValueSpecification\",\"valueRequired\":true,\"valueName\":\"search_term_string\"}}],\"inLanguage\":\"fr-FR\"}]}<\/script>\n<!-- \/ Yoast SEO plugin. -->","yoast_head_json":{"title":"LAST CHANCE PFEILSAEGEN & TEILE LCA 3\" CUT-OFF WHEEL SAEGE ERSATZKLINGE - Bogensportdiscount \u2013 B\u00f6gen, Pfeile, Targets &amp; Zubeh\u00f6r","description":"LAST CHANCE PFEILSAEGEN & TEILE LCA 3\" CUT-OFF WHEEL SAEGE ERSATZKLINGE g\u00fcnstig kaufen bei Bogensportdiscount \u2013 Top-Marken, schneller Versand aus der Schweiz.","robots":{"index":"noindex","follow":"follow","max-snippet":"max-snippet:-1","max-image-preview":"max-image-preview:large","max-video-preview":"max-video-preview:-1"},"og_locale":"fr_FR","og_type":"article","og_title":"LAST CHANCE PFEILSAEGEN & TEILE LCA 3\" CUT-OFF WHEEL SAEGE ERSATZKLINGE - Bogensportdiscount \u2013 B\u00f6gen, Pfeile, Targets &amp; Zubeh\u00f6r","og_description":"LAST CHANCE PFEILSAEGEN & TEILE LCA 3\" CUT-OFF WHEEL SAEGE ERSATZKLINGE g\u00fcnstig kaufen bei Bogensportdiscount \u2013 Top-Marken, schneller Versand aus der Schweiz.","og_url":"https:\/\/bogensportdiscount.ch\/fr\/prodotto\/lastchance-ersatztrennscheibe-lca-3-zoll-pfeilsaege\/","og_site_name":"Bogensportdiscount \u2013 B\u00f6gen, Pfeile, Targets &amp; Zubeh\u00f6r","article_modified_time":"2026-04-20T10:48:00+00:00","og_image":[{"width":750,"height":422,"url":"https:\/\/bogensportdiscount.ch\/wp-content\/uploads\/bsm-images\/A055416_1.jpg","type":"image\/jpeg"}],"twitter_card":"summary_large_image","schema":{"@context":"https:\/\/schema.org","@graph":[{"@type":"WebPage","@id":"https:\/\/bogensportdiscount.ch\/it\/prodotto\/lastchance-ersatztrennscheibe-lca-3-zoll-pfeilsaege\/","url":"https:\/\/bogensportdiscount.ch\/it\/prodotto\/lastchance-ersatztrennscheibe-lca-3-zoll-pfeilsaege\/","name":"LAST CHANCE PFEILSAEGEN & TEILE LCA 3\" CUT-OFF WHEEL SAEGE ERSATZKLINGE - Bogensportdiscount \u2013 B\u00f6gen, Pfeile, Targets &amp; Zubeh\u00f6r","isPartOf":{"@id":"https:\/\/bogensportdiscount.ch\/#website"},"primaryImageOfPage":{"@id":"https:\/\/bogensportdiscount.ch\/it\/prodotto\/lastchance-ersatztrennscheibe-lca-3-zoll-pfeilsaege\/#primaryimage"},"image":{"@id":"https:\/\/bogensportdiscount.ch\/it\/prodotto\/lastchance-ersatztrennscheibe-lca-3-zoll-pfeilsaege\/#primaryimage"},"thumbnailUrl":"https:\/\/bogensportdiscount.ch\/wp-content\/uploads\/bsm-images\/A055416_1.jpg","datePublished":"2026-04-05T12:26:40+00:00","dateModified":"2026-04-20T10:48:00+00:00","description":"LAST CHANCE PFEILSAEGEN & TEILE LCA 3\" CUT-OFF WHEEL SAEGE ERSATZKLINGE g\u00fcnstig kaufen bei Bogensportdiscount \u2013 Top-Marken, schneller Versand aus der Schweiz.","breadcrumb":{"@id":"https:\/\/bogensportdiscount.ch\/it\/prodotto\/lastchance-ersatztrennscheibe-lca-3-zoll-pfeilsaege\/#breadcrumb"},"inLanguage":"fr-FR","potentialAction":[{"@type":"ReadAction","target":["https:\/\/bogensportdiscount.ch\/it\/prodotto\/lastchance-ersatztrennscheibe-lca-3-zoll-pfeilsaege\/"]}]},{"@type":"ImageObject","inLanguage":"fr-FR","@id":"https:\/\/bogensportdiscount.ch\/it\/prodotto\/lastchance-ersatztrennscheibe-lca-3-zoll-pfeilsaege\/#primaryimage","url":"https:\/\/bogensportdiscount.ch\/wp-content\/uploads\/bsm-images\/A055416_1.jpg","contentUrl":"https:\/\/bogensportdiscount.ch\/wp-content\/uploads\/bsm-images\/A055416_1.jpg","width":750,"height":422},{"@type":"BreadcrumbList","@id":"https:\/\/bogensportdiscount.ch\/it\/prodotto\/lastchance-ersatztrennscheibe-lca-3-zoll-pfeilsaege\/#breadcrumb","itemListElement":[{"@type":"ListItem","position":1,"name":"Home","item":"https:\/\/bogensportdiscount.ch\/"},{"@type":"ListItem","position":2,"name":"Shop","item":"https:\/\/bogensportdiscount.ch\/shop\/"},{"@type":"ListItem","position":3,"name":"LAST CHANCE PFEILSAEGEN &#038; TEILE LCA 3&#8243; CUT-OFF WHEEL SAEGE ERSATZKLINGE"}]},{"@type":"WebSite","@id":"https:\/\/bogensportdiscount.ch\/#website","url":"https:\/\/bogensportdiscount.ch\/","name":"Bogensportdiscount","description":"","potentialAction":[{"@type":"SearchAction","target":{"@type":"EntryPoint","urlTemplate":"https:\/\/bogensportdiscount.ch\/?s={search_term_string}"},"query-input":{"@type":"PropertyValueSpecification","valueRequired":true,"valueName":"search_term_string"}}],"inLanguage":"fr-FR"}]}},"_links":{"self":[{"href":"https:\/\/bogensportdiscount.ch\/fr\/wp-json\/wp\/v2\/product\/392627","targetHints":{"allow":["GET"]}}],"collection":[{"href":"https:\/\/bogensportdiscount.ch\/fr\/wp-json\/wp\/v2\/product"}],"about":[{"href":"https:\/\/bogensportdiscount.ch\/fr\/wp-json\/wp\/v2\/types\/product"}],"replies":[{"embeddable":true,"href":"https:\/\/bogensportdiscount.ch\/fr\/wp-json\/wp\/v2\/comments?post=392627"}],"wp:featuredmedia":[{"embeddable":true,"href":"https:\/\/bogensportdiscount.ch\/fr\/wp-json\/wp\/v2\/media\/442316"}],"wp:attachment":[{"href":"https:\/\/bogensportdiscount.ch\/fr\/wp-json\/wp\/v2\/media?parent=392627"}],"wp:term":[{"taxonomy":"product_brand","embeddable":true,"href":"https:\/\/bogensportdiscount.ch\/fr\/wp-json\/wp\/v2\/product_brand?post=392627"},{"taxonomy":"product_cat","embeddable":true,"href":"https:\/\/bogensportdiscount.ch\/fr\/wp-json\/wp\/v2\/product_cat?post=392627"},{"taxonomy":"product_tag","embeddable":true,"href":"https:\/\/bogensportdiscount.ch\/fr\/wp-json\/wp\/v2\/product_tag?post=392627"}],"curies":[{"name":"wp","href":"https:\/\/api.w.org\/{rel}","templated":true}]}}