{"id":392625,"date":"2026-04-05T14:26:39","date_gmt":"2026-04-05T12:26:39","guid":{"rendered":"https:\/\/bogensportdiscount.ch\/produkt\/total-peep-quick-bow-holder-xl-treestand-accessories\/"},"modified":"2026-04-15T12:14:54","modified_gmt":"2026-04-15T10:14:54","slug":"totalpeep-quick-bogenhalter-xl-baumstand-zubehoer","status":"publish","type":"product","link":"https:\/\/bogensportdiscount.ch\/fr\/produkt\/totalpeep-quick-bogenhalter-xl-baumstand-zubehoer\/","title":{"rendered":"TOTAL PEEP QUICK BOW HOLDER XL TREESTAND ACCESSORIES"},"content":{"rendered":"<p>Der TOTALPEEP Quick Bogenhalter XL ist ein praktisches Baumstand-Zubeh\u00f6r f\u00fcr Bogenj\u00e4ger. Er dient dazu, den Bogen sicher und griffbereit am Baumstand zu befestigen, damit beide H\u00e4nde beim Ansitzen frei bleiben.<\/p>\n<p>Dank der XL-Ausf\u00fchrung eignet sich der Halter auch f\u00fcr gr\u00f6ssere Compound- oder Recurvebogen. Die Quick-Funktion erm\u00f6glicht ein schnelles Entnehmen des Bogens, wenn es auf Reaktionszeit ankommt.<\/p>\n<ul>\n<li>Bogenhalter speziell f\u00fcr den Einsatz am Baumstand<\/li>\n<li>XL-Gr\u00f6sse f\u00fcr gr\u00f6ssere Bogenmodelle geeignet<\/li>\n<li>Schnelle Entnahme dank Quick-System<\/li>\n<li>Zubeh\u00f6r der Marke TOTALPEEP<\/li>\n<\/ul>","protected":false},"excerpt":{"rendered":"<p><strong>Marque :<\/strong> Total Peep<br \/><strong>GTIN:<\/strong> 8437017186175<\/p>","protected":false},"featured_media":442330,"comment_status":"open","ping_status":"closed","template":"","meta":[],"product_brand":[595],"product_cat":[4577],"product_tag":[3546],"class_list":{"0":"post-392625","1":"product","2":"type-product","3":"status-publish","4":"has-post-thumbnail","6":"product_brand-totalpeep","7":"product_cat-zubehoer-einzelteile-blinds-baumsitz-leiter","8":"product_tag-neuheit","10":"first","11":"instock","12":"shipping-taxable","13":"purchasable","14":"product-type-simple"},"_links":{"self":[{"href":"https:\/\/bogensportdiscount.ch\/fr\/wp-json\/wp\/v2\/product\/392625","targetHints":{"allow":["GET"]}}],"collection":[{"href":"https:\/\/bogensportdiscount.ch\/fr\/wp-json\/wp\/v2\/product"}],"about":[{"href":"https:\/\/bogensportdiscount.ch\/fr\/wp-json\/wp\/v2\/types\/product"}],"replies":[{"embeddable":true,"href":"https:\/\/bogensportdiscount.ch\/fr\/wp-json\/wp\/v2\/comments?post=392625"}],"wp:featuredmedia":[{"embeddable":true,"href":"https:\/\/bogensportdiscount.ch\/fr\/wp-json\/wp\/v2\/media\/442330"}],"wp:attachment":[{"href":"https:\/\/bogensportdiscount.ch\/fr\/wp-json\/wp\/v2\/media?parent=392625"}],"wp:term":[{"taxonomy":"product_brand","embeddable":true,"href":"https:\/\/bogensportdiscount.ch\/fr\/wp-json\/wp\/v2\/product_brand?post=392625"},{"taxonomy":"product_cat","embeddable":true,"href":"https:\/\/bogensportdiscount.ch\/fr\/wp-json\/wp\/v2\/product_cat?post=392625"},{"taxonomy":"product_tag","embeddable":true,"href":"https:\/\/bogensportdiscount.ch\/fr\/wp-json\/wp\/v2\/product_tag?post=392625"}],"curies":[{"name":"wp","href":"https:\/\/api.w.org\/{rel}","templated":true}]}}