{"id":392602,"date":"2026-04-05T14:26:35","date_gmt":"2026-04-05T12:26:35","guid":{"rendered":"https:\/\/bogensportdiscount.ch\/produkt\/omp-no-tangle-bow-rope-30ft-treestand-accessories\/"},"modified":"2026-04-19T11:42:22","modified_gmt":"2026-04-19T09:42:22","slug":"omp-seilzug-ohne-verheddern-30ft-baumstand-zubehoer","status":"publish","type":"product","link":"https:\/\/bogensportdiscount.ch\/fr\/produit\/omp-seilzug-ohne-verheddern-30ft-baumstand-zubehoer\/","title":{"rendered":"Corde d&#x27;arc OMP NO TANGLE 30 pieds - Accessoires pour aff\u00fbt"},"content":{"rendered":"<p>Le OMP No Tangle Bow Rope est sp\u00e9cialement con\u00e7u pour les chasseurs et archers qui chassent depuis un poste en hauteur. Avec une longueur de 30 pieds (env. 9 m\u00e8tres), il permet de monter et descendre en toute s\u00e9curit\u00e9 un arc, un carquois ou d'autres accessoires de chasse.<\/p>\n<p>Gr\u00e2ce \u00e0 sa construction anti-emm\u00ealement, la corde s'utilise sans probl\u00e8me, sans s'emm\u00ealer ni s'accrocher. Cela am\u00e9liore la s\u00e9curit\u00e9 et simplifie les op\u00e9rations lors de la mont\u00e9e et de la descente du poste en hauteur.<\/p>\n<ul>\n<li>Longueur : 30 pieds (env. 9 m)<\/li>\n<li>Construction anti-emm\u00ealement<\/li>\n<li>Convient pour l'arc et l'\u00e9quipement de chasse<\/li>\n<li>Accessoire pratique pour poste en hauteur<\/li>\n<\/ul>","protected":false},"excerpt":{"rendered":"<p><strong>Marque :<\/strong> OMP<br \/><strong>GTIN:<\/strong> 811314028556<\/p>","protected":false},"featured_media":442352,"comment_status":"open","ping_status":"closed","template":"","meta":[],"product_brand":[795],"product_cat":[4577],"product_tag":[3546],"class_list":{"0":"post-392602","1":"product","2":"type-product","3":"status-publish","4":"has-post-thumbnail","6":"product_brand-omp","7":"product_cat-zubehoer-einzelteile-blinds-baumsitz-leiter","8":"product_tag-neuheit","10":"first","11":"instock","12":"shipping-taxable","13":"purchasable","14":"product-type-simple"},"yoast_head":"<!-- This site is optimized with the Yoast SEO plugin v27.4 - https:\/\/yoast.com\/product\/yoast-seo-wordpress\/ -->\n<title>OMP NO TANGLE BOGENSEIL 30FT TREESTAND ZUBEHOER - Bogensportdiscount \u2013 B\u00f6gen, Pfeile, Targets &amp; Zubeh\u00f6r<\/title>\n<meta name=\"robots\" content=\"noindex, follow, max-snippet:-1, max-image-preview:large, max-video-preview:-1\" \/>\n<meta property=\"og:locale\" content=\"fr_FR\" \/>\n<meta property=\"og:type\" content=\"article\" \/>\n<meta property=\"og:title\" content=\"OMP NO TANGLE BOGENSEIL 30FT TREESTAND ZUBEHOER - Bogensportdiscount \u2013 B\u00f6gen, Pfeile, Targets &amp; Zubeh\u00f6r\" \/>\n<meta property=\"og:description\" content=\"Marke: OMPGTIN: 811314028556\" \/>\n<meta property=\"og:url\" content=\"https:\/\/bogensportdiscount.ch\/fr\/prodotto\/omp-seilzug-ohne-verheddern-30ft-baumstand-zubehoer\/\" \/>\n<meta property=\"og:site_name\" content=\"Bogensportdiscount \u2013 B\u00f6gen, Pfeile, Targets &amp; Zubeh\u00f6r\" \/>\n<meta property=\"article:modified_time\" content=\"2026-04-19T09:42:22+00:00\" \/>\n<meta property=\"og:image\" content=\"https:\/\/bogensportdiscount.ch\/wp-content\/uploads\/bsm-images\/A054874_1.jpg\" \/>\n\t<meta property=\"og:image:width\" content=\"2000\" \/>\n\t<meta property=\"og:image:height\" content=\"2000\" \/>\n\t<meta property=\"og:image:type\" content=\"image\/jpeg\" \/>\n<meta name=\"twitter:card\" content=\"summary_large_image\" \/>\n<script type=\"application\/ld+json\" class=\"yoast-schema-graph\">{\"@context\":\"https:\\\/\\\/schema.org\",\"@graph\":[{\"@type\":\"WebPage\",\"@id\":\"https:\\\/\\\/bogensportdiscount.ch\\\/it\\\/prodotto\\\/omp-seilzug-ohne-verheddern-30ft-baumstand-zubehoer\\\/\",\"url\":\"https:\\\/\\\/bogensportdiscount.ch\\\/it\\\/prodotto\\\/omp-seilzug-ohne-verheddern-30ft-baumstand-zubehoer\\\/\",\"name\":\"OMP NO TANGLE BOGENSEIL 30FT TREESTAND ZUBEHOER - Bogensportdiscount \u2013 B\u00f6gen, Pfeile, Targets &amp; Zubeh\u00f6r\",\"isPartOf\":{\"@id\":\"https:\\\/\\\/bogensportdiscount.ch\\\/#website\"},\"primaryImageOfPage\":{\"@id\":\"https:\\\/\\\/bogensportdiscount.ch\\\/it\\\/prodotto\\\/omp-seilzug-ohne-verheddern-30ft-baumstand-zubehoer\\\/#primaryimage\"},\"image\":{\"@id\":\"https:\\\/\\\/bogensportdiscount.ch\\\/it\\\/prodotto\\\/omp-seilzug-ohne-verheddern-30ft-baumstand-zubehoer\\\/#primaryimage\"},\"thumbnailUrl\":\"https:\\\/\\\/bogensportdiscount.ch\\\/wp-content\\\/uploads\\\/bsm-images\\\/A054874_1.jpg\",\"datePublished\":\"2026-04-05T12:26:35+00:00\",\"dateModified\":\"2026-04-19T09:42:22+00:00\",\"breadcrumb\":{\"@id\":\"https:\\\/\\\/bogensportdiscount.ch\\\/it\\\/prodotto\\\/omp-seilzug-ohne-verheddern-30ft-baumstand-zubehoer\\\/#breadcrumb\"},\"inLanguage\":\"fr-FR\",\"potentialAction\":[{\"@type\":\"ReadAction\",\"target\":[\"https:\\\/\\\/bogensportdiscount.ch\\\/it\\\/prodotto\\\/omp-seilzug-ohne-verheddern-30ft-baumstand-zubehoer\\\/\"]}]},{\"@type\":\"ImageObject\",\"inLanguage\":\"fr-FR\",\"@id\":\"https:\\\/\\\/bogensportdiscount.ch\\\/it\\\/prodotto\\\/omp-seilzug-ohne-verheddern-30ft-baumstand-zubehoer\\\/#primaryimage\",\"url\":\"https:\\\/\\\/bogensportdiscount.ch\\\/wp-content\\\/uploads\\\/bsm-images\\\/A054874_1.jpg\",\"contentUrl\":\"https:\\\/\\\/bogensportdiscount.ch\\\/wp-content\\\/uploads\\\/bsm-images\\\/A054874_1.jpg\",\"width\":2000,\"height\":2000},{\"@type\":\"BreadcrumbList\",\"@id\":\"https:\\\/\\\/bogensportdiscount.ch\\\/it\\\/prodotto\\\/omp-seilzug-ohne-verheddern-30ft-baumstand-zubehoer\\\/#breadcrumb\",\"itemListElement\":[{\"@type\":\"ListItem\",\"position\":1,\"name\":\"Home\",\"item\":\"https:\\\/\\\/bogensportdiscount.ch\\\/\"},{\"@type\":\"ListItem\",\"position\":2,\"name\":\"Shop\",\"item\":\"https:\\\/\\\/bogensportdiscount.ch\\\/shop\\\/\"},{\"@type\":\"ListItem\",\"position\":3,\"name\":\"OMP NO TANGLE BOGENSEIL 30FT TREESTAND ZUBEHOER\"}]},{\"@type\":\"WebSite\",\"@id\":\"https:\\\/\\\/bogensportdiscount.ch\\\/#website\",\"url\":\"https:\\\/\\\/bogensportdiscount.ch\\\/\",\"name\":\"Bogensportdiscount\",\"description\":\"\",\"potentialAction\":[{\"@type\":\"SearchAction\",\"target\":{\"@type\":\"EntryPoint\",\"urlTemplate\":\"https:\\\/\\\/bogensportdiscount.ch\\\/?s={search_term_string}\"},\"query-input\":{\"@type\":\"PropertyValueSpecification\",\"valueRequired\":true,\"valueName\":\"search_term_string\"}}],\"inLanguage\":\"fr-FR\"}]}<\/script>\n<!-- \/ Yoast SEO plugin. -->","yoast_head_json":{"title":"OMP NO TANGLE BOGENSEIL 30FT TREESTAND ZUBEHOER - Bogensportdiscount \u2013 B\u00f6gen, Pfeile, Targets &amp; Zubeh\u00f6r","robots":{"index":"noindex","follow":"follow","max-snippet":"max-snippet:-1","max-image-preview":"max-image-preview:large","max-video-preview":"max-video-preview:-1"},"og_locale":"fr_FR","og_type":"article","og_title":"OMP NO TANGLE BOGENSEIL 30FT TREESTAND ZUBEHOER - Bogensportdiscount \u2013 B\u00f6gen, Pfeile, Targets &amp; Zubeh\u00f6r","og_description":"Marke: OMPGTIN: 811314028556","og_url":"https:\/\/bogensportdiscount.ch\/fr\/prodotto\/omp-seilzug-ohne-verheddern-30ft-baumstand-zubehoer\/","og_site_name":"Bogensportdiscount \u2013 B\u00f6gen, Pfeile, Targets &amp; Zubeh\u00f6r","article_modified_time":"2026-04-19T09:42:22+00:00","og_image":[{"width":2000,"height":2000,"url":"https:\/\/bogensportdiscount.ch\/wp-content\/uploads\/bsm-images\/A054874_1.jpg","type":"image\/jpeg"}],"twitter_card":"summary_large_image","schema":{"@context":"https:\/\/schema.org","@graph":[{"@type":"WebPage","@id":"https:\/\/bogensportdiscount.ch\/it\/prodotto\/omp-seilzug-ohne-verheddern-30ft-baumstand-zubehoer\/","url":"https:\/\/bogensportdiscount.ch\/it\/prodotto\/omp-seilzug-ohne-verheddern-30ft-baumstand-zubehoer\/","name":"OMP NO TANGLE BOGENSEIL 30FT TREESTAND ZUBEHOER - Bogensportdiscount \u2013 B\u00f6gen, Pfeile, Targets &amp; Zubeh\u00f6r","isPartOf":{"@id":"https:\/\/bogensportdiscount.ch\/#website"},"primaryImageOfPage":{"@id":"https:\/\/bogensportdiscount.ch\/it\/prodotto\/omp-seilzug-ohne-verheddern-30ft-baumstand-zubehoer\/#primaryimage"},"image":{"@id":"https:\/\/bogensportdiscount.ch\/it\/prodotto\/omp-seilzug-ohne-verheddern-30ft-baumstand-zubehoer\/#primaryimage"},"thumbnailUrl":"https:\/\/bogensportdiscount.ch\/wp-content\/uploads\/bsm-images\/A054874_1.jpg","datePublished":"2026-04-05T12:26:35+00:00","dateModified":"2026-04-19T09:42:22+00:00","breadcrumb":{"@id":"https:\/\/bogensportdiscount.ch\/it\/prodotto\/omp-seilzug-ohne-verheddern-30ft-baumstand-zubehoer\/#breadcrumb"},"inLanguage":"fr-FR","potentialAction":[{"@type":"ReadAction","target":["https:\/\/bogensportdiscount.ch\/it\/prodotto\/omp-seilzug-ohne-verheddern-30ft-baumstand-zubehoer\/"]}]},{"@type":"ImageObject","inLanguage":"fr-FR","@id":"https:\/\/bogensportdiscount.ch\/it\/prodotto\/omp-seilzug-ohne-verheddern-30ft-baumstand-zubehoer\/#primaryimage","url":"https:\/\/bogensportdiscount.ch\/wp-content\/uploads\/bsm-images\/A054874_1.jpg","contentUrl":"https:\/\/bogensportdiscount.ch\/wp-content\/uploads\/bsm-images\/A054874_1.jpg","width":2000,"height":2000},{"@type":"BreadcrumbList","@id":"https:\/\/bogensportdiscount.ch\/it\/prodotto\/omp-seilzug-ohne-verheddern-30ft-baumstand-zubehoer\/#breadcrumb","itemListElement":[{"@type":"ListItem","position":1,"name":"Home","item":"https:\/\/bogensportdiscount.ch\/"},{"@type":"ListItem","position":2,"name":"Shop","item":"https:\/\/bogensportdiscount.ch\/shop\/"},{"@type":"ListItem","position":3,"name":"OMP NO TANGLE BOGENSEIL 30FT TREESTAND ZUBEHOER"}]},{"@type":"WebSite","@id":"https:\/\/bogensportdiscount.ch\/#website","url":"https:\/\/bogensportdiscount.ch\/","name":"Bogensportdiscount","description":"","potentialAction":[{"@type":"SearchAction","target":{"@type":"EntryPoint","urlTemplate":"https:\/\/bogensportdiscount.ch\/?s={search_term_string}"},"query-input":{"@type":"PropertyValueSpecification","valueRequired":true,"valueName":"search_term_string"}}],"inLanguage":"fr-FR"}]}},"_links":{"self":[{"href":"https:\/\/bogensportdiscount.ch\/fr\/wp-json\/wp\/v2\/product\/392602","targetHints":{"allow":["GET"]}}],"collection":[{"href":"https:\/\/bogensportdiscount.ch\/fr\/wp-json\/wp\/v2\/product"}],"about":[{"href":"https:\/\/bogensportdiscount.ch\/fr\/wp-json\/wp\/v2\/types\/product"}],"replies":[{"embeddable":true,"href":"https:\/\/bogensportdiscount.ch\/fr\/wp-json\/wp\/v2\/comments?post=392602"}],"wp:featuredmedia":[{"embeddable":true,"href":"https:\/\/bogensportdiscount.ch\/fr\/wp-json\/wp\/v2\/media\/442352"}],"wp:attachment":[{"href":"https:\/\/bogensportdiscount.ch\/fr\/wp-json\/wp\/v2\/media?parent=392602"}],"wp:term":[{"taxonomy":"product_brand","embeddable":true,"href":"https:\/\/bogensportdiscount.ch\/fr\/wp-json\/wp\/v2\/product_brand?post=392602"},{"taxonomy":"product_cat","embeddable":true,"href":"https:\/\/bogensportdiscount.ch\/fr\/wp-json\/wp\/v2\/product_cat?post=392602"},{"taxonomy":"product_tag","embeddable":true,"href":"https:\/\/bogensportdiscount.ch\/fr\/wp-json\/wp\/v2\/product_tag?post=392602"}],"curies":[{"name":"wp","href":"https:\/\/api.w.org\/{rel}","templated":true}]}}