{"id":392597,"date":"2026-04-05T14:26:34","date_gmt":"2026-04-05T12:26:34","guid":{"rendered":"https:\/\/bogensportdiscount.ch\/produkt\/omp-axis-sight-leveler-alignment-levelling-tools\/"},"modified":"2026-04-15T12:14:50","modified_gmt":"2026-04-15T10:14:50","slug":"omp-axis-sight-leveler-ausrichtungs-nivellierungswerkzeug","status":"publish","type":"product","link":"https:\/\/bogensportdiscount.ch\/fr\/produit\/omp-axis-sight-leveler-ausrichtungs-nivellierungswerkzeug\/","title":{"rendered":"OUTILS D'ALIGNEMENT ET DE NIVELLEMENT DE L'AXE DE L'\u00c9L\u00c9VATEUR DE VUE OMP"},"content":{"rendered":"<p>Der OMP Axis Sight Leveler ist ein Ausrichtungs- und Nivellierungswerkzeug, das speziell f\u00fcr die korrekte Montage und Justierung von Bogensportvisieren entwickelt wurde. Mit diesem Werkzeug l\u00e4sst sich das Visier pr\u00e4zise ausrichten, um eine gleichm\u00e4ssige und reproduzierbare Schussposition zu gew\u00e4hrleisten.<\/p>\n<p>Das Werkzeug geh\u00f6rt zur Kategorie der Messwerkzeuge und ist f\u00fcr den Einsatz bei der Bogenwartung und -einrichtung geeignet. Es hilft, Ausrichtungsfehler am Visier zu erkennen und zu korrigieren.<\/p>\n<ul>\n<li>Ausrichtung und Nivellierung von Bogensportvisieren<\/li>\n<li>Pr\u00e4zises Messwerkzeug f\u00fcr die Bogenmontage<\/li>\n<li>Geeignet f\u00fcr die regelm\u00e4ssige Wartung und Einrichtung<\/li>\n<li>Von OMP, einem bekannten Hersteller im Bogensport<\/li>\n<\/ul>","protected":false},"excerpt":{"rendered":"<p><strong>Marque :<\/strong> OMP<br \/><strong>GTIN:<\/strong> 811314028426<\/p>","protected":false},"featured_media":447528,"comment_status":"open","ping_status":"closed","template":"","meta":[],"product_brand":[795],"product_cat":[4561],"product_tag":[3546],"class_list":{"0":"post-392597","1":"product","2":"type-product","3":"status-publish","4":"has-post-thumbnail","6":"product_brand-omp","7":"product_cat-alignment-levelling-tools","8":"product_tag-neuheit","10":"first","11":"instock","12":"shipping-taxable","13":"purchasable","14":"product-type-simple"},"_links":{"self":[{"href":"https:\/\/bogensportdiscount.ch\/fr\/wp-json\/wp\/v2\/product\/392597","targetHints":{"allow":["GET"]}}],"collection":[{"href":"https:\/\/bogensportdiscount.ch\/fr\/wp-json\/wp\/v2\/product"}],"about":[{"href":"https:\/\/bogensportdiscount.ch\/fr\/wp-json\/wp\/v2\/types\/product"}],"replies":[{"embeddable":true,"href":"https:\/\/bogensportdiscount.ch\/fr\/wp-json\/wp\/v2\/comments?post=392597"}],"wp:featuredmedia":[{"embeddable":true,"href":"https:\/\/bogensportdiscount.ch\/fr\/wp-json\/wp\/v2\/media\/447528"}],"wp:attachment":[{"href":"https:\/\/bogensportdiscount.ch\/fr\/wp-json\/wp\/v2\/media?parent=392597"}],"wp:term":[{"taxonomy":"product_brand","embeddable":true,"href":"https:\/\/bogensportdiscount.ch\/fr\/wp-json\/wp\/v2\/product_brand?post=392597"},{"taxonomy":"product_cat","embeddable":true,"href":"https:\/\/bogensportdiscount.ch\/fr\/wp-json\/wp\/v2\/product_cat?post=392597"},{"taxonomy":"product_tag","embeddable":true,"href":"https:\/\/bogensportdiscount.ch\/fr\/wp-json\/wp\/v2\/product_tag?post=392597"}],"curies":[{"name":"wp","href":"https:\/\/api.w.org\/{rel}","templated":true}]}}