{"id":392592,"date":"2026-04-05T14:26:33","date_gmt":"2026-04-05T12:26:33","guid":{"rendered":"https:\/\/bogensportdiscount.ch\/produkt\/axe-crossbow-bolts-6-pk-17-5\/"},"modified":"2026-04-15T12:14:50","modified_gmt":"2026-04-15T10:14:50","slug":"axe-carbon-armbrust-bolzen-175-6er-pack","status":"publish","type":"product","link":"https:\/\/bogensportdiscount.ch\/fr\/produit\/axe-carbon-armbrust-bolzen-175-6er-pack\/","title":{"rendered":"AXE CROSSBOW BOLTS 6\/PK 17.5\u2033"},"content":{"rendered":"<p>Die AXE Carbon Armbrust Bolzen mit einer L\u00e4nge von 17,5 Zoll sind f\u00fcr den Einsatz mit Armbr\u00fcsten ausgelegt. Sie werden im 6er-Pack geliefert und sind mit einem Axe Nock ausgestattet.<\/p>\n<p>Die Bolzen aus Carbon bieten eine solide Grundlage f\u00fcr pr\u00e4zises Schiessen mit der Armbrust. Die einheitliche Fertigung sorgt f\u00fcr gleichm\u00e4ssige Flugeigenschaften \u00fcber das gesamte Paket hinweg.<\/p>\n<ul>\n<li>L\u00e4nge: 17,5 Zoll<\/li>\n<li>Mat\u00e9riau : carbone<\/li>\n<li>Nock-Typ: Axe Nock<\/li>\n<li>Lieferumfang: 6 Bolzen pro Packung<\/li>\n<\/ul>","protected":false},"excerpt":{"rendered":"<table>\n<tr>\n<th>Propri\u00e9t\u00e9<\/th>\n<th>Valeur<\/th>\n<\/tr>\n<tr>\n<td>Marque<\/td>\n<td>AXE<\/td>\n<\/tr>\n<tr>\n<td>Type<\/td>\n<td>Axe Nock<\/td>\n<\/tr>\n<tr>\n<td>Longueur<\/td>\n<td>17,5 Zoll<\/td>\n<\/tr>\n<tr>\n<td>Lieferumfang<\/td>\n<td>6 St\u00fcck<\/td>\n<\/tr>\n<tr>\n<td>Origine<\/td>\n<td>Korea<\/td>\n<\/tr>\n<\/table>","protected":false},"featured_media":447536,"comment_status":"open","ping_status":"closed","template":"","meta":[],"product_brand":[836],"product_cat":[4359],"product_tag":[3546],"class_list":{"0":"post-392592","1":"product","2":"type-product","3":"status-publish","4":"has-post-thumbnail","6":"product_brand-axe","7":"product_cat-carbon-bolzen","8":"product_tag-neuheit","10":"first","11":"instock","12":"shipping-taxable","13":"purchasable","14":"product-type-simple"},"_links":{"self":[{"href":"https:\/\/bogensportdiscount.ch\/fr\/wp-json\/wp\/v2\/product\/392592","targetHints":{"allow":["GET"]}}],"collection":[{"href":"https:\/\/bogensportdiscount.ch\/fr\/wp-json\/wp\/v2\/product"}],"about":[{"href":"https:\/\/bogensportdiscount.ch\/fr\/wp-json\/wp\/v2\/types\/product"}],"replies":[{"embeddable":true,"href":"https:\/\/bogensportdiscount.ch\/fr\/wp-json\/wp\/v2\/comments?post=392592"}],"wp:featuredmedia":[{"embeddable":true,"href":"https:\/\/bogensportdiscount.ch\/fr\/wp-json\/wp\/v2\/media\/447536"}],"wp:attachment":[{"href":"https:\/\/bogensportdiscount.ch\/fr\/wp-json\/wp\/v2\/media?parent=392592"}],"wp:term":[{"taxonomy":"product_brand","embeddable":true,"href":"https:\/\/bogensportdiscount.ch\/fr\/wp-json\/wp\/v2\/product_brand?post=392592"},{"taxonomy":"product_cat","embeddable":true,"href":"https:\/\/bogensportdiscount.ch\/fr\/wp-json\/wp\/v2\/product_cat?post=392592"},{"taxonomy":"product_tag","embeddable":true,"href":"https:\/\/bogensportdiscount.ch\/fr\/wp-json\/wp\/v2\/product_tag?post=392592"}],"curies":[{"name":"wp","href":"https:\/\/api.w.org\/{rel}","templated":true}]}}