{"id":392569,"date":"2026-04-05T14:26:28","date_gmt":"2026-04-05T12:26:28","guid":{"rendered":"https:\/\/bogensportdiscount.ch\/produkt\/danage-shock-cord-rubber-band-100m\/"},"modified":"2026-04-15T12:14:49","modified_gmt":"2026-04-15T10:14:49","slug":"danage-shock-cord-gummiband-100m","status":"publish","type":"product","link":"https:\/\/bogensportdiscount.ch\/fr\/produit\/danage-shock-cord-gummiband-100m\/","title":{"rendered":"DANAGE SHOCK CORD RUBBER BAND 100M"},"content":{"rendered":"<p>Das DANAGE Shock Cord Gummiband in der 100-Meter-Rolle ist ein robustes Elastikband, das im Bogensport zur Befestigung und Fixierung von Pfeilfangmatten eingesetzt wird. Dank der grossen Rollenl\u00e4nge steht ausreichend Material f\u00fcr umfangreiche Installationen oder den langfristigen Vorrat bereit.<\/p>\n<p>Das Gummiband ist auf die Anforderungen im Bogensportbereich ausgelegt und unterst\u00fctzt eine sichere Montage der Zielanlage. DANAGE ist ein etablierter Hersteller von Bogensport-Zubeh\u00f6r mit Fokus auf Qualit\u00e4t und Langlebigkeit.<\/p>\n<ul>\n<li>L\u00e4nge: 100 Meter<\/li>\n<li>Geeignet f\u00fcr die Befestigung von Pfeilfangmatten<\/li>\n<li>Ausreichend Vorrat f\u00fcr umfangreiche Installationen<\/li>\n<li>Von Bogensport-Spezialist DANAGE<\/li>\n<\/ul>","protected":false},"excerpt":{"rendered":"<p><strong>Marque :<\/strong> Danage<\/p>","protected":false},"featured_media":453631,"comment_status":"open","ping_status":"closed","template":"","meta":[],"product_brand":[792],"product_cat":[4319],"product_tag":[3546],"class_list":{"0":"post-392569","1":"product","2":"type-product","3":"status-publish","4":"has-post-thumbnail","6":"product_brand-danage","7":"product_cat-backstops","8":"product_tag-neuheit","10":"first","11":"onbackorder","12":"shipping-taxable","13":"purchasable","14":"product-type-simple"},"_links":{"self":[{"href":"https:\/\/bogensportdiscount.ch\/fr\/wp-json\/wp\/v2\/product\/392569","targetHints":{"allow":["GET"]}}],"collection":[{"href":"https:\/\/bogensportdiscount.ch\/fr\/wp-json\/wp\/v2\/product"}],"about":[{"href":"https:\/\/bogensportdiscount.ch\/fr\/wp-json\/wp\/v2\/types\/product"}],"replies":[{"embeddable":true,"href":"https:\/\/bogensportdiscount.ch\/fr\/wp-json\/wp\/v2\/comments?post=392569"}],"wp:featuredmedia":[{"embeddable":true,"href":"https:\/\/bogensportdiscount.ch\/fr\/wp-json\/wp\/v2\/media\/453631"}],"wp:attachment":[{"href":"https:\/\/bogensportdiscount.ch\/fr\/wp-json\/wp\/v2\/media?parent=392569"}],"wp:term":[{"taxonomy":"product_brand","embeddable":true,"href":"https:\/\/bogensportdiscount.ch\/fr\/wp-json\/wp\/v2\/product_brand?post=392569"},{"taxonomy":"product_cat","embeddable":true,"href":"https:\/\/bogensportdiscount.ch\/fr\/wp-json\/wp\/v2\/product_cat?post=392569"},{"taxonomy":"product_tag","embeddable":true,"href":"https:\/\/bogensportdiscount.ch\/fr\/wp-json\/wp\/v2\/product_tag?post=392569"}],"curies":[{"name":"wp","href":"https:\/\/api.w.org\/{rel}","templated":true}]}}