{"id":392551,"date":"2026-04-05T14:26:23","date_gmt":"2026-04-05T12:26:23","guid":{"rendered":"https:\/\/bogensportdiscount.ch\/produkt\/buck-trail-black-traditional-soft-case-t-d-bows-70cm-x-30cm-with-arrow-cannister\/"},"modified":"2026-05-14T07:13:41","modified_gmt":"2026-05-14T05:13:41","slug":"bucktrail-traditionelle-softcase-tasche-td-boegen-70cm-30cm-mit-pfeilkoecker","status":"publish","type":"product","link":"https:\/\/bogensportdiscount.ch\/fr\/produit\/bucktrail-traditionelle-softcase-tasche-td-boegen-70cm-30cm-mit-pfeilkoecker\/","title":{"rendered":"BUCK TRAIL NOIR TRADITIONNEL SAC SOUPLE ARCS T\/D 70cm x 30cm AVEC CONTENEUR \u00c0 FL\u00c8CHES"},"content":{"rendered":"<p>Ce sac souple noir de BUCKTRAIL est con\u00e7u pour les archers utilisant des arcs traditionnels d\u00e9montables (Take-Down). Les dimensions int\u00e9rieures de 70 cm x 30 cm permettent le transport s\u00e9curis\u00e9 d'un arc classique d\u00e9mont\u00e9 avec ses accessoires.<\/p>\n<p>Le compartiment \u00e0 fl\u00e8ches int\u00e9gr\u00e9 (Arrow Cannister) permet de ranger les fl\u00e8ches s\u00e9par\u00e9ment et en toute s\u00e9curit\u00e9, sans avoir besoin d'un sac suppl\u00e9mentaire. L'enveloppe ext\u00e9rieure souple prot\u00e8ge le mat\u00e9riel des rayures et des chocs l\u00e9gers du quotidien.<\/p>\n<ul>\n<li>Dimensions : 70 cm x 30 cm<\/li>\n<li>Adapt\u00e9 aux arcs d\u00e9montables (T\/D)<\/li>\n<li>Compartiment \u00e0 fl\u00e8ches int\u00e9gr\u00e9<\/li>\n<li>Couleur : Noir<\/li>\n<\/ul>","protected":false},"excerpt":{"rendered":"<table>\n<tr>\n<th>Propri\u00e9t\u00e9<\/th>\n<th>Valeur<\/th>\n<\/tr>\n<tr>\n<td>Marque<\/td>\n<td>Buck Trail<\/td>\n<\/tr>\n<tr>\n<td>Couleur<\/td>\n<td>Noir<\/td>\n<\/tr>\n<tr>\n<td>Pays d'origine<\/td>\n<td>Chine<\/td>\n<\/tr>\n<tr>\n<td>GTIN<\/td>\n<td>6017431211244<\/td>\n<\/tr>\n<\/table>","protected":false},"featured_media":442383,"comment_status":"open","ping_status":"closed","template":"","meta":[],"product_brand":[432],"product_cat":[4124,4125,4127],"product_tag":[3546],"class_list":{"0":"post-392551","1":"product","2":"type-product","3":"status-publish","4":"has-post-thumbnail","6":"product_brand-bucktrail","7":"product_cat-bogenschuetzer-ausruestung","8":"product_cat-taschen-koffer","9":"product_cat-traditioneller-bogentaschen","10":"product_tag-neuheit","11":"product_shipping_class-bsd-standard","13":"first","14":"instock","15":"shipping-taxable","16":"purchasable","17":"product-type-simple"},"yoast_head":"<!-- This site is optimized with the Yoast SEO plugin v27.6 - https:\/\/yoast.com\/product\/yoast-seo-wordpress\/ -->\n<title>BUCK TRAIL SCHWARZ TRADITIONAL WEICHE TASCHE T\/D B\u00d6GEN 70cm x 30cm MIT PFEILBEH\u00c4LTER - Bogensportdiscount \u2013 B\u00f6gen, Pfeile, Targets &amp; Zubeh\u00f6r<\/title>\n<meta name=\"description\" content=\"BUCK TRAIL SCHWARZ TRADITIONAL WEICHE TASCHE T\/D B\u00d6GEN 70cm x 30cm MIT PFEILBEH\u00c4LTER g\u00fcnstig kaufen bei Bogensportdiscount \u2013 Top-Marken, schneller Versand aus der Schweiz.\" \/>\n<meta name=\"robots\" content=\"index, follow, max-snippet:-1, max-image-preview:large, max-video-preview:-1\" \/>\n<link rel=\"canonical\" href=\"https:\/\/bogensportdiscount.ch\/fr\/produit\/bucktrail-traditionelle-softcase-tasche-td-boegen-70cm-30cm-mit-pfeilkoecker\/\" \/>\n<meta property=\"og:locale\" content=\"fr_FR\" \/>\n<meta property=\"og:type\" content=\"article\" \/>\n<meta property=\"og:title\" content=\"BUCK TRAIL SCHWARZ TRADITIONAL WEICHE TASCHE T\/D B\u00d6GEN 70cm x 30cm MIT PFEILBEH\u00c4LTER - Bogensportdiscount \u2013 B\u00f6gen, Pfeile, Targets &amp; Zubeh\u00f6r\" \/>\n<meta property=\"og:description\" content=\"BUCK TRAIL SCHWARZ TRADITIONAL WEICHE TASCHE T\/D B\u00d6GEN 70cm x 30cm MIT PFEILBEH\u00c4LTER g\u00fcnstig kaufen bei Bogensportdiscount \u2013 Top-Marken, schneller Versand aus der Schweiz.\" \/>\n<meta property=\"og:url\" content=\"https:\/\/bogensportdiscount.ch\/fr\/produit\/bucktrail-traditionelle-softcase-tasche-td-boegen-70cm-30cm-mit-pfeilkoecker\/\" \/>\n<meta property=\"og:site_name\" content=\"Bogensportdiscount \u2013 B\u00f6gen, Pfeile, Targets &amp; Zubeh\u00f6r\" \/>\n<meta property=\"article:modified_time\" content=\"2026-05-14T05:13:41+00:00\" \/>\n<meta property=\"og:image\" content=\"https:\/\/bogensportdiscount.ch\/wp-content\/uploads\/bsm-images\/A052788_1.png\" \/>\n\t<meta property=\"og:image:width\" content=\"5351\" \/>\n\t<meta property=\"og:image:height\" content=\"3148\" \/>\n\t<meta property=\"og:image:type\" content=\"image\/png\" \/>\n<meta name=\"twitter:card\" content=\"summary_large_image\" \/>\n<script type=\"application\/ld+json\" class=\"yoast-schema-graph\">{\"@context\":\"https:\\\/\\\/schema.org\",\"@graph\":[{\"@type\":\"WebPage\",\"@id\":\"https:\\\/\\\/bogensportdiscount.ch\\\/produkt\\\/bucktrail-traditionelle-softcase-tasche-td-boegen-70cm-30cm-mit-pfeilkoecker\\\/\",\"url\":\"https:\\\/\\\/bogensportdiscount.ch\\\/produkt\\\/bucktrail-traditionelle-softcase-tasche-td-boegen-70cm-30cm-mit-pfeilkoecker\\\/\",\"name\":\"BUCK TRAIL SCHWARZ TRADITIONAL WEICHE TASCHE T\\\/D B\u00d6GEN 70cm x 30cm MIT PFEILBEH\u00c4LTER - Bogensportdiscount \u2013 B\u00f6gen, Pfeile, Targets &amp; Zubeh\u00f6r\",\"isPartOf\":{\"@id\":\"https:\\\/\\\/bogensportdiscount.ch\\\/#website\"},\"primaryImageOfPage\":{\"@id\":\"https:\\\/\\\/bogensportdiscount.ch\\\/produkt\\\/bucktrail-traditionelle-softcase-tasche-td-boegen-70cm-30cm-mit-pfeilkoecker\\\/#primaryimage\"},\"image\":{\"@id\":\"https:\\\/\\\/bogensportdiscount.ch\\\/produkt\\\/bucktrail-traditionelle-softcase-tasche-td-boegen-70cm-30cm-mit-pfeilkoecker\\\/#primaryimage\"},\"thumbnailUrl\":\"https:\\\/\\\/bogensportdiscount.ch\\\/wp-content\\\/uploads\\\/bsm-images\\\/A052788_1.png\",\"datePublished\":\"2026-04-05T12:26:23+00:00\",\"dateModified\":\"2026-05-14T05:13:41+00:00\",\"description\":\"BUCK TRAIL SCHWARZ TRADITIONAL WEICHE TASCHE T\\\/D B\u00d6GEN 70cm x 30cm MIT PFEILBEH\u00c4LTER g\u00fcnstig kaufen bei Bogensportdiscount \u2013 Top-Marken, schneller Versand aus der Schweiz.\",\"breadcrumb\":{\"@id\":\"https:\\\/\\\/bogensportdiscount.ch\\\/produkt\\\/bucktrail-traditionelle-softcase-tasche-td-boegen-70cm-30cm-mit-pfeilkoecker\\\/#breadcrumb\"},\"inLanguage\":\"fr-FR\",\"potentialAction\":[{\"@type\":\"ReadAction\",\"target\":[\"https:\\\/\\\/bogensportdiscount.ch\\\/produkt\\\/bucktrail-traditionelle-softcase-tasche-td-boegen-70cm-30cm-mit-pfeilkoecker\\\/\"]}]},{\"@type\":\"ImageObject\",\"inLanguage\":\"fr-FR\",\"@id\":\"https:\\\/\\\/bogensportdiscount.ch\\\/produkt\\\/bucktrail-traditionelle-softcase-tasche-td-boegen-70cm-30cm-mit-pfeilkoecker\\\/#primaryimage\",\"url\":\"https:\\\/\\\/bogensportdiscount.ch\\\/wp-content\\\/uploads\\\/bsm-images\\\/A052788_1.png\",\"contentUrl\":\"https:\\\/\\\/bogensportdiscount.ch\\\/wp-content\\\/uploads\\\/bsm-images\\\/A052788_1.png\",\"width\":2500,\"height\":1471},{\"@type\":\"BreadcrumbList\",\"@id\":\"https:\\\/\\\/bogensportdiscount.ch\\\/produkt\\\/bucktrail-traditionelle-softcase-tasche-td-boegen-70cm-30cm-mit-pfeilkoecker\\\/#breadcrumb\",\"itemListElement\":[{\"@type\":\"ListItem\",\"position\":1,\"name\":\"Home\",\"item\":\"https:\\\/\\\/bogensportdiscount.ch\\\/\"},{\"@type\":\"ListItem\",\"position\":2,\"name\":\"Shop\",\"item\":\"https:\\\/\\\/bogensportdiscount.ch\\\/shop\\\/\"},{\"@type\":\"ListItem\",\"position\":3,\"name\":\"BUCK TRAIL BLACK TRADITIONAL SOFT CASE T\\\/D BOWS 70CM x 30CM WITH ARROW CANNISTER\"}]},{\"@type\":\"WebSite\",\"@id\":\"https:\\\/\\\/bogensportdiscount.ch\\\/#website\",\"url\":\"https:\\\/\\\/bogensportdiscount.ch\\\/\",\"name\":\"Bogensportdiscount\",\"description\":\"\",\"potentialAction\":[{\"@type\":\"SearchAction\",\"target\":{\"@type\":\"EntryPoint\",\"urlTemplate\":\"https:\\\/\\\/bogensportdiscount.ch\\\/?s={search_term_string}\"},\"query-input\":{\"@type\":\"PropertyValueSpecification\",\"valueRequired\":true,\"valueName\":\"search_term_string\"}}],\"inLanguage\":\"fr-FR\"}]}<\/script>\n<!-- \/ Yoast SEO plugin. -->","yoast_head_json":{"title":"BUCK TRAIL SCHWARZ TRADITIONAL WEICHE TASCHE T\/D B\u00d6GEN 70cm x 30cm MIT PFEILBEH\u00c4LTER - Bogensportdiscount \u2013 B\u00f6gen, Pfeile, Targets &amp; Zubeh\u00f6r","description":"BUCK TRAIL SCHWARZ TRADITIONAL WEICHE TASCHE T\/D B\u00d6GEN 70cm x 30cm MIT PFEILBEH\u00c4LTER g\u00fcnstig kaufen bei Bogensportdiscount \u2013 Top-Marken, schneller Versand aus der Schweiz.","robots":{"index":"index","follow":"follow","max-snippet":"max-snippet:-1","max-image-preview":"max-image-preview:large","max-video-preview":"max-video-preview:-1"},"canonical":"https:\/\/bogensportdiscount.ch\/fr\/produit\/bucktrail-traditionelle-softcase-tasche-td-boegen-70cm-30cm-mit-pfeilkoecker\/","og_locale":"fr_FR","og_type":"article","og_title":"BUCK TRAIL SCHWARZ TRADITIONAL WEICHE TASCHE T\/D B\u00d6GEN 70cm x 30cm MIT PFEILBEH\u00c4LTER - Bogensportdiscount \u2013 B\u00f6gen, Pfeile, Targets &amp; Zubeh\u00f6r","og_description":"BUCK TRAIL SCHWARZ TRADITIONAL WEICHE TASCHE T\/D B\u00d6GEN 70cm x 30cm MIT PFEILBEH\u00c4LTER g\u00fcnstig kaufen bei Bogensportdiscount \u2013 Top-Marken, schneller Versand aus der Schweiz.","og_url":"https:\/\/bogensportdiscount.ch\/fr\/produit\/bucktrail-traditionelle-softcase-tasche-td-boegen-70cm-30cm-mit-pfeilkoecker\/","og_site_name":"Bogensportdiscount \u2013 B\u00f6gen, Pfeile, Targets &amp; Zubeh\u00f6r","article_modified_time":"2026-05-14T05:13:41+00:00","og_image":[{"url":"https:\/\/bogensportdiscount.ch\/wp-content\/uploads\/bsm-images\/A052788_1.png","width":5351,"height":3148,"type":"image\/png"}],"twitter_card":"summary_large_image","schema":{"@context":"https:\/\/schema.org","@graph":[{"@type":"WebPage","@id":"https:\/\/bogensportdiscount.ch\/produkt\/bucktrail-traditionelle-softcase-tasche-td-boegen-70cm-30cm-mit-pfeilkoecker\/","url":"https:\/\/bogensportdiscount.ch\/produkt\/bucktrail-traditionelle-softcase-tasche-td-boegen-70cm-30cm-mit-pfeilkoecker\/","name":"BUCK TRAIL SCHWARZ TRADITIONAL WEICHE TASCHE T\/D B\u00d6GEN 70cm x 30cm MIT PFEILBEH\u00c4LTER - Bogensportdiscount \u2013 B\u00f6gen, Pfeile, Targets &amp; Zubeh\u00f6r","isPartOf":{"@id":"https:\/\/bogensportdiscount.ch\/#website"},"primaryImageOfPage":{"@id":"https:\/\/bogensportdiscount.ch\/produkt\/bucktrail-traditionelle-softcase-tasche-td-boegen-70cm-30cm-mit-pfeilkoecker\/#primaryimage"},"image":{"@id":"https:\/\/bogensportdiscount.ch\/produkt\/bucktrail-traditionelle-softcase-tasche-td-boegen-70cm-30cm-mit-pfeilkoecker\/#primaryimage"},"thumbnailUrl":"https:\/\/bogensportdiscount.ch\/wp-content\/uploads\/bsm-images\/A052788_1.png","datePublished":"2026-04-05T12:26:23+00:00","dateModified":"2026-05-14T05:13:41+00:00","description":"BUCK TRAIL SCHWARZ TRADITIONAL WEICHE TASCHE T\/D B\u00d6GEN 70cm x 30cm MIT PFEILBEH\u00c4LTER g\u00fcnstig kaufen bei Bogensportdiscount \u2013 Top-Marken, schneller Versand aus der Schweiz.","breadcrumb":{"@id":"https:\/\/bogensportdiscount.ch\/produkt\/bucktrail-traditionelle-softcase-tasche-td-boegen-70cm-30cm-mit-pfeilkoecker\/#breadcrumb"},"inLanguage":"fr-FR","potentialAction":[{"@type":"ReadAction","target":["https:\/\/bogensportdiscount.ch\/produkt\/bucktrail-traditionelle-softcase-tasche-td-boegen-70cm-30cm-mit-pfeilkoecker\/"]}]},{"@type":"ImageObject","inLanguage":"fr-FR","@id":"https:\/\/bogensportdiscount.ch\/produkt\/bucktrail-traditionelle-softcase-tasche-td-boegen-70cm-30cm-mit-pfeilkoecker\/#primaryimage","url":"https:\/\/bogensportdiscount.ch\/wp-content\/uploads\/bsm-images\/A052788_1.png","contentUrl":"https:\/\/bogensportdiscount.ch\/wp-content\/uploads\/bsm-images\/A052788_1.png","width":2500,"height":1471},{"@type":"BreadcrumbList","@id":"https:\/\/bogensportdiscount.ch\/produkt\/bucktrail-traditionelle-softcase-tasche-td-boegen-70cm-30cm-mit-pfeilkoecker\/#breadcrumb","itemListElement":[{"@type":"ListItem","position":1,"name":"Home","item":"https:\/\/bogensportdiscount.ch\/"},{"@type":"ListItem","position":2,"name":"Shop","item":"https:\/\/bogensportdiscount.ch\/shop\/"},{"@type":"ListItem","position":3,"name":"BUCK TRAIL BLACK TRADITIONAL SOFT CASE T\/D BOWS 70CM x 30CM WITH ARROW CANNISTER"}]},{"@type":"WebSite","@id":"https:\/\/bogensportdiscount.ch\/#website","url":"https:\/\/bogensportdiscount.ch\/","name":"Bogensportdiscount","description":"","potentialAction":[{"@type":"SearchAction","target":{"@type":"EntryPoint","urlTemplate":"https:\/\/bogensportdiscount.ch\/?s={search_term_string}"},"query-input":{"@type":"PropertyValueSpecification","valueRequired":true,"valueName":"search_term_string"}}],"inLanguage":"fr-FR"}]}},"_links":{"self":[{"href":"https:\/\/bogensportdiscount.ch\/fr\/wp-json\/wp\/v2\/product\/392551","targetHints":{"allow":["GET"]}}],"collection":[{"href":"https:\/\/bogensportdiscount.ch\/fr\/wp-json\/wp\/v2\/product"}],"about":[{"href":"https:\/\/bogensportdiscount.ch\/fr\/wp-json\/wp\/v2\/types\/product"}],"replies":[{"embeddable":true,"href":"https:\/\/bogensportdiscount.ch\/fr\/wp-json\/wp\/v2\/comments?post=392551"}],"wp:featuredmedia":[{"embeddable":true,"href":"https:\/\/bogensportdiscount.ch\/fr\/wp-json\/wp\/v2\/media\/442383"}],"wp:attachment":[{"href":"https:\/\/bogensportdiscount.ch\/fr\/wp-json\/wp\/v2\/media?parent=392551"}],"wp:term":[{"taxonomy":"product_brand","embeddable":true,"href":"https:\/\/bogensportdiscount.ch\/fr\/wp-json\/wp\/v2\/product_brand?post=392551"},{"taxonomy":"product_cat","embeddable":true,"href":"https:\/\/bogensportdiscount.ch\/fr\/wp-json\/wp\/v2\/product_cat?post=392551"},{"taxonomy":"product_tag","embeddable":true,"href":"https:\/\/bogensportdiscount.ch\/fr\/wp-json\/wp\/v2\/product_tag?post=392551"}],"curies":[{"name":"wp","href":"https:\/\/api.w.org\/{rel}","templated":true}]}}