{"id":392535,"date":"2026-04-05T14:26:20","date_gmt":"2026-04-05T12:26:20","guid":{"rendered":"https:\/\/bogensportdiscount.ch\/produkt\/tru-ball-release-parts-tru-ball-knurled-thumb-pin-adjustable-3-axis\/"},"modified":"2026-05-14T07:13:41","modified_gmt":"2026-05-14T05:13:41","slug":"tru-ball-release-ersatzteil-geraendelter-daumenpin-3-achsen-verstellbar","status":"publish","type":"product","link":"https:\/\/bogensportdiscount.ch\/fr\/produit\/tru-ball-release-ersatzteil-geraendelter-daumenpin-3-achsen-verstellbar\/","title":{"rendered":"T.R.U. BALL PI\u00c8CES DE D\u00c9COCHEUR T.R.U. BALL POUCE PIN CANNEL\u00c9 R\u00c9GLABLE 3 AXES"},"content":{"rendered":"<p>Ce pin de pouce molet\u00e9 de TRU BALL est une pi\u00e8ce de rechange et un accessoire pour les d\u00e9cocheurs TRU BALL compatibles. La surface molet\u00e9e assure une prise en main s\u00e9curis\u00e9e lors du d\u00e9clenchement, tandis que le r\u00e9glage 3 axes permet un alignement individuel du pin.<\/p>\n<p>Gr\u00e2ce aux possibilit\u00e9s de r\u00e9glage flexibles, le pin peut \u00eatre adapt\u00e9 de mani\u00e8re optimale \u00e0 la technique de tir personnelle et \u00e0 l'anatomie de la main. La pi\u00e8ce est fabriqu\u00e9e aux \u00c9tats-Unis et r\u00e9pond aux normes de qualit\u00e9 de TRU BALL.<\/p>\n<ul>\n<li>Surface molet\u00e9e pour une prise en main s\u00e9curis\u00e9e<\/li>\n<li>R\u00e9glage 3 axes pour un alignement individuel<\/li>\n<li>Pi\u00e8ce de rechange directe pour les d\u00e9cocheurs TRU BALL compatibles<\/li>\n<li>Fabriqu\u00e9 aux \u00c9tats-Unis<\/li>\n<\/ul>","protected":false},"excerpt":{"rendered":"<table>\n<tr>\n<th>Propri\u00e9t\u00e9<\/th>\n<th>Valeur<\/th>\n<\/tr>\n<tr>\n<td>Marque<\/td>\n<td>T.R.U. Ball<\/td>\n<\/tr>\n<tr>\n<td>Pays d'origine<\/td>\n<td>USA<\/td>\n<\/tr>\n<\/table>","protected":false},"featured_media":452766,"comment_status":"open","ping_status":"closed","template":"","meta":[],"product_brand":[578],"product_cat":[4124,4208,4211],"product_tag":[3546],"class_list":{"0":"post-392535","1":"product","2":"type-product","3":"status-publish","4":"has-post-thumbnail","6":"product_brand-truball","7":"product_cat-bogenschuetzer-ausruestung","8":"product_cat-releases-bogenschuetzer-ausruestung","9":"product_cat-einzelteile-fuer-release","10":"product_tag-neuheit","11":"product_shipping_class-bsd-standard","13":"first","14":"instock","15":"shipping-taxable","16":"purchasable","17":"product-type-simple"},"yoast_head":"<!-- This site is optimized with the Yoast SEO plugin v27.6 - https:\/\/yoast.com\/product\/yoast-seo-wordpress\/ -->\n<title>TRU BALL RELEASE TEILE TRU BALL GERIFFELTE DAUMEN PIN VERSTELLBAR 3-ACHSEN - Bogensportdiscount \u2013 B\u00f6gen, Pfeile, Targets &amp; Zubeh\u00f6r<\/title>\n<meta name=\"description\" content=\"TRU BALL RELEASE TEILE TRU BALL GERIFFELTE DAUMEN PIN VERSTELLBAR 3-ACHSEN g\u00fcnstig kaufen bei Bogensportdiscount \u2013 Top-Marken, schneller Versand aus der Schweiz.\" \/>\n<meta name=\"robots\" content=\"index, follow, max-snippet:-1, max-image-preview:large, max-video-preview:-1\" \/>\n<link rel=\"canonical\" href=\"https:\/\/bogensportdiscount.ch\/fr\/produit\/tru-ball-release-ersatzteil-geraendelter-daumenpin-3-achsen-verstellbar\/\" \/>\n<meta property=\"og:locale\" content=\"fr_FR\" \/>\n<meta property=\"og:type\" content=\"article\" \/>\n<meta property=\"og:title\" content=\"TRU BALL RELEASE TEILE TRU BALL GERIFFELTE DAUMEN PIN VERSTELLBAR 3-ACHSEN - Bogensportdiscount \u2013 B\u00f6gen, Pfeile, Targets &amp; Zubeh\u00f6r\" \/>\n<meta property=\"og:description\" content=\"TRU BALL RELEASE TEILE TRU BALL GERIFFELTE DAUMEN PIN VERSTELLBAR 3-ACHSEN g\u00fcnstig kaufen bei Bogensportdiscount \u2013 Top-Marken, schneller Versand aus der Schweiz.\" \/>\n<meta property=\"og:url\" content=\"https:\/\/bogensportdiscount.ch\/fr\/produit\/tru-ball-release-ersatzteil-geraendelter-daumenpin-3-achsen-verstellbar\/\" \/>\n<meta property=\"og:site_name\" content=\"Bogensportdiscount \u2013 B\u00f6gen, Pfeile, Targets &amp; Zubeh\u00f6r\" \/>\n<meta property=\"article:modified_time\" content=\"2026-05-14T05:13:41+00:00\" \/>\n<meta property=\"og:image\" content=\"https:\/\/bogensportdiscount.ch\/wp-content\/uploads\/bsm-images\/a050660_1.jpg\" \/>\n\t<meta property=\"og:image:width\" content=\"400\" \/>\n\t<meta property=\"og:image:height\" content=\"266\" \/>\n\t<meta property=\"og:image:type\" content=\"image\/jpeg\" \/>\n<meta name=\"twitter:card\" content=\"summary_large_image\" \/>\n<meta name=\"twitter:label1\" content=\"Dur\u00e9e de lecture estim\u00e9e\" \/>\n\t<meta name=\"twitter:data1\" content=\"1 minute\" \/>\n<script type=\"application\/ld+json\" class=\"yoast-schema-graph\">{\"@context\":\"https:\\\/\\\/schema.org\",\"@graph\":[{\"@type\":\"WebPage\",\"@id\":\"https:\\\/\\\/bogensportdiscount.ch\\\/produkt\\\/tru-ball-release-ersatzteil-geraendelter-daumenpin-3-achsen-verstellbar\\\/\",\"url\":\"https:\\\/\\\/bogensportdiscount.ch\\\/produkt\\\/tru-ball-release-ersatzteil-geraendelter-daumenpin-3-achsen-verstellbar\\\/\",\"name\":\"TRU BALL RELEASE TEILE TRU BALL GERIFFELTE DAUMEN PIN VERSTELLBAR 3-ACHSEN - Bogensportdiscount \u2013 B\u00f6gen, Pfeile, Targets &amp; Zubeh\u00f6r\",\"isPartOf\":{\"@id\":\"https:\\\/\\\/bogensportdiscount.ch\\\/#website\"},\"primaryImageOfPage\":{\"@id\":\"https:\\\/\\\/bogensportdiscount.ch\\\/produkt\\\/tru-ball-release-ersatzteil-geraendelter-daumenpin-3-achsen-verstellbar\\\/#primaryimage\"},\"image\":{\"@id\":\"https:\\\/\\\/bogensportdiscount.ch\\\/produkt\\\/tru-ball-release-ersatzteil-geraendelter-daumenpin-3-achsen-verstellbar\\\/#primaryimage\"},\"thumbnailUrl\":\"https:\\\/\\\/bogensportdiscount.ch\\\/wp-content\\\/uploads\\\/bsm-images\\\/a050660_1.jpg\",\"datePublished\":\"2026-04-05T12:26:20+00:00\",\"dateModified\":\"2026-05-14T05:13:41+00:00\",\"description\":\"TRU BALL RELEASE TEILE TRU BALL GERIFFELTE DAUMEN PIN VERSTELLBAR 3-ACHSEN g\u00fcnstig kaufen bei Bogensportdiscount \u2013 Top-Marken, schneller Versand aus der Schweiz.\",\"breadcrumb\":{\"@id\":\"https:\\\/\\\/bogensportdiscount.ch\\\/produkt\\\/tru-ball-release-ersatzteil-geraendelter-daumenpin-3-achsen-verstellbar\\\/#breadcrumb\"},\"inLanguage\":\"fr-FR\",\"potentialAction\":[{\"@type\":\"ReadAction\",\"target\":[\"https:\\\/\\\/bogensportdiscount.ch\\\/produkt\\\/tru-ball-release-ersatzteil-geraendelter-daumenpin-3-achsen-verstellbar\\\/\"]}]},{\"@type\":\"ImageObject\",\"inLanguage\":\"fr-FR\",\"@id\":\"https:\\\/\\\/bogensportdiscount.ch\\\/produkt\\\/tru-ball-release-ersatzteil-geraendelter-daumenpin-3-achsen-verstellbar\\\/#primaryimage\",\"url\":\"https:\\\/\\\/bogensportdiscount.ch\\\/wp-content\\\/uploads\\\/bsm-images\\\/a050660_1.jpg\",\"contentUrl\":\"https:\\\/\\\/bogensportdiscount.ch\\\/wp-content\\\/uploads\\\/bsm-images\\\/a050660_1.jpg\",\"width\":400,\"height\":266},{\"@type\":\"BreadcrumbList\",\"@id\":\"https:\\\/\\\/bogensportdiscount.ch\\\/produkt\\\/tru-ball-release-ersatzteil-geraendelter-daumenpin-3-achsen-verstellbar\\\/#breadcrumb\",\"itemListElement\":[{\"@type\":\"ListItem\",\"position\":1,\"name\":\"Home\",\"item\":\"https:\\\/\\\/bogensportdiscount.ch\\\/\"},{\"@type\":\"ListItem\",\"position\":2,\"name\":\"Shop\",\"item\":\"https:\\\/\\\/bogensportdiscount.ch\\\/shop\\\/\"},{\"@type\":\"ListItem\",\"position\":3,\"name\":\"TRU BALL RELEASE PARTS TRU BALL KNURLED THUMB PIN ADJUSTABLE 3-AXIS\"}]},{\"@type\":\"WebSite\",\"@id\":\"https:\\\/\\\/bogensportdiscount.ch\\\/#website\",\"url\":\"https:\\\/\\\/bogensportdiscount.ch\\\/\",\"name\":\"Bogensportdiscount\",\"description\":\"\",\"potentialAction\":[{\"@type\":\"SearchAction\",\"target\":{\"@type\":\"EntryPoint\",\"urlTemplate\":\"https:\\\/\\\/bogensportdiscount.ch\\\/?s={search_term_string}\"},\"query-input\":{\"@type\":\"PropertyValueSpecification\",\"valueRequired\":true,\"valueName\":\"search_term_string\"}}],\"inLanguage\":\"fr-FR\"}]}<\/script>\n<!-- \/ Yoast SEO plugin. -->","yoast_head_json":{"title":"TRU BALL RELEASE TEILE TRU BALL GERIFFELTE DAUMEN PIN VERSTELLBAR 3-ACHSEN - Bogensportdiscount \u2013 B\u00f6gen, Pfeile, Targets &amp; Zubeh\u00f6r","description":"TRU BALL RELEASE TEILE TRU BALL GERIFFELTE DAUMEN PIN VERSTELLBAR 3-ACHSEN g\u00fcnstig kaufen bei Bogensportdiscount \u2013 Top-Marken, schneller Versand aus der Schweiz.","robots":{"index":"index","follow":"follow","max-snippet":"max-snippet:-1","max-image-preview":"max-image-preview:large","max-video-preview":"max-video-preview:-1"},"canonical":"https:\/\/bogensportdiscount.ch\/fr\/produit\/tru-ball-release-ersatzteil-geraendelter-daumenpin-3-achsen-verstellbar\/","og_locale":"fr_FR","og_type":"article","og_title":"TRU BALL RELEASE TEILE TRU BALL GERIFFELTE DAUMEN PIN VERSTELLBAR 3-ACHSEN - Bogensportdiscount \u2013 B\u00f6gen, Pfeile, Targets &amp; Zubeh\u00f6r","og_description":"TRU BALL RELEASE TEILE TRU BALL GERIFFELTE DAUMEN PIN VERSTELLBAR 3-ACHSEN g\u00fcnstig kaufen bei Bogensportdiscount \u2013 Top-Marken, schneller Versand aus der Schweiz.","og_url":"https:\/\/bogensportdiscount.ch\/fr\/produit\/tru-ball-release-ersatzteil-geraendelter-daumenpin-3-achsen-verstellbar\/","og_site_name":"Bogensportdiscount \u2013 B\u00f6gen, Pfeile, Targets &amp; Zubeh\u00f6r","article_modified_time":"2026-05-14T05:13:41+00:00","og_image":[{"width":400,"height":266,"url":"https:\/\/bogensportdiscount.ch\/wp-content\/uploads\/bsm-images\/a050660_1.jpg","type":"image\/jpeg"}],"twitter_card":"summary_large_image","twitter_misc":{"Dur\u00e9e de lecture estim\u00e9e":"1 minute"},"schema":{"@context":"https:\/\/schema.org","@graph":[{"@type":"WebPage","@id":"https:\/\/bogensportdiscount.ch\/produkt\/tru-ball-release-ersatzteil-geraendelter-daumenpin-3-achsen-verstellbar\/","url":"https:\/\/bogensportdiscount.ch\/produkt\/tru-ball-release-ersatzteil-geraendelter-daumenpin-3-achsen-verstellbar\/","name":"TRU BALL RELEASE TEILE TRU BALL GERIFFELTE DAUMEN PIN VERSTELLBAR 3-ACHSEN - Bogensportdiscount \u2013 B\u00f6gen, Pfeile, Targets &amp; Zubeh\u00f6r","isPartOf":{"@id":"https:\/\/bogensportdiscount.ch\/#website"},"primaryImageOfPage":{"@id":"https:\/\/bogensportdiscount.ch\/produkt\/tru-ball-release-ersatzteil-geraendelter-daumenpin-3-achsen-verstellbar\/#primaryimage"},"image":{"@id":"https:\/\/bogensportdiscount.ch\/produkt\/tru-ball-release-ersatzteil-geraendelter-daumenpin-3-achsen-verstellbar\/#primaryimage"},"thumbnailUrl":"https:\/\/bogensportdiscount.ch\/wp-content\/uploads\/bsm-images\/a050660_1.jpg","datePublished":"2026-04-05T12:26:20+00:00","dateModified":"2026-05-14T05:13:41+00:00","description":"TRU BALL RELEASE TEILE TRU BALL GERIFFELTE DAUMEN PIN VERSTELLBAR 3-ACHSEN g\u00fcnstig kaufen bei Bogensportdiscount \u2013 Top-Marken, schneller Versand aus der Schweiz.","breadcrumb":{"@id":"https:\/\/bogensportdiscount.ch\/produkt\/tru-ball-release-ersatzteil-geraendelter-daumenpin-3-achsen-verstellbar\/#breadcrumb"},"inLanguage":"fr-FR","potentialAction":[{"@type":"ReadAction","target":["https:\/\/bogensportdiscount.ch\/produkt\/tru-ball-release-ersatzteil-geraendelter-daumenpin-3-achsen-verstellbar\/"]}]},{"@type":"ImageObject","inLanguage":"fr-FR","@id":"https:\/\/bogensportdiscount.ch\/produkt\/tru-ball-release-ersatzteil-geraendelter-daumenpin-3-achsen-verstellbar\/#primaryimage","url":"https:\/\/bogensportdiscount.ch\/wp-content\/uploads\/bsm-images\/a050660_1.jpg","contentUrl":"https:\/\/bogensportdiscount.ch\/wp-content\/uploads\/bsm-images\/a050660_1.jpg","width":400,"height":266},{"@type":"BreadcrumbList","@id":"https:\/\/bogensportdiscount.ch\/produkt\/tru-ball-release-ersatzteil-geraendelter-daumenpin-3-achsen-verstellbar\/#breadcrumb","itemListElement":[{"@type":"ListItem","position":1,"name":"Home","item":"https:\/\/bogensportdiscount.ch\/"},{"@type":"ListItem","position":2,"name":"Shop","item":"https:\/\/bogensportdiscount.ch\/shop\/"},{"@type":"ListItem","position":3,"name":"TRU BALL RELEASE PARTS TRU BALL KNURLED THUMB PIN ADJUSTABLE 3-AXIS"}]},{"@type":"WebSite","@id":"https:\/\/bogensportdiscount.ch\/#website","url":"https:\/\/bogensportdiscount.ch\/","name":"Bogensportdiscount","description":"","potentialAction":[{"@type":"SearchAction","target":{"@type":"EntryPoint","urlTemplate":"https:\/\/bogensportdiscount.ch\/?s={search_term_string}"},"query-input":{"@type":"PropertyValueSpecification","valueRequired":true,"valueName":"search_term_string"}}],"inLanguage":"fr-FR"}]}},"_links":{"self":[{"href":"https:\/\/bogensportdiscount.ch\/fr\/wp-json\/wp\/v2\/product\/392535","targetHints":{"allow":["GET"]}}],"collection":[{"href":"https:\/\/bogensportdiscount.ch\/fr\/wp-json\/wp\/v2\/product"}],"about":[{"href":"https:\/\/bogensportdiscount.ch\/fr\/wp-json\/wp\/v2\/types\/product"}],"replies":[{"embeddable":true,"href":"https:\/\/bogensportdiscount.ch\/fr\/wp-json\/wp\/v2\/comments?post=392535"}],"wp:featuredmedia":[{"embeddable":true,"href":"https:\/\/bogensportdiscount.ch\/fr\/wp-json\/wp\/v2\/media\/452766"}],"wp:attachment":[{"href":"https:\/\/bogensportdiscount.ch\/fr\/wp-json\/wp\/v2\/media?parent=392535"}],"wp:term":[{"taxonomy":"product_brand","embeddable":true,"href":"https:\/\/bogensportdiscount.ch\/fr\/wp-json\/wp\/v2\/product_brand?post=392535"},{"taxonomy":"product_cat","embeddable":true,"href":"https:\/\/bogensportdiscount.ch\/fr\/wp-json\/wp\/v2\/product_cat?post=392535"},{"taxonomy":"product_tag","embeddable":true,"href":"https:\/\/bogensportdiscount.ch\/fr\/wp-json\/wp\/v2\/product_tag?post=392535"}],"curies":[{"name":"wp","href":"https:\/\/api.w.org\/{rel}","templated":true}]}}