{"id":392515,"date":"2026-04-05T14:26:15","date_gmt":"2026-04-05T12:26:15","guid":{"rendered":"https:\/\/bogensportdiscount.ch\/produkt\/hamskea-limb-cord-attachment-bracketmathews-only-arrow-rest-part\/"},"modified":"2026-04-15T12:14:47","modified_gmt":"2026-04-15T10:14:47","slug":"hamskea-limb-cord-befestigungswinkel-mathews-pfeilauflage-ersatzteil","status":"publish","type":"product","link":"https:\/\/bogensportdiscount.ch\/fr\/produit\/hamskea-limb-cord-befestigungswinkel-mathews-pfeilauflage-ersatzteil\/","title":{"rendered":"HAMSKEA LIMB CORD ATTACHMENT BRACKET(Mathews seulement) ARROW REST PART"},"content":{"rendered":"<p>Der HAMSKEA Limb Cord Attachment Bracket ist ein Ersatz- und Zubeh\u00f6rteil speziell f\u00fcr HAMSKEA Pfeilauflagen. Das Bauteil dient zur Befestigung der Limb Cord (Wurfarmschnur) am Bogen und ist ausschliesslich f\u00fcr Mathews-B\u00f6gen ausgelegt.<\/p>\n<p>Durch den korrekten Einsatz dieses Brackets wird die Aktivierung der Pfeilauflage \u00fcber die Limb Cord gew\u00e4hrleistet, was eine pr\u00e4zise und reproduzierbare Funktion der Auflage beim Schuss sicherstellt.<\/p>\n<ul>\n<li>Kompatibel ausschliesslich mit Mathews-B\u00f6gen<\/li>\n<li>Ersatzteil f\u00fcr HAMSKEA Pfeilauflagen<\/li>\n<li>Erm\u00f6glicht zuverl\u00e4ssige Limb Cord Befestigung<\/li>\n<li>Kategorie: Compound-Auflagen-Teile<\/li>\n<\/ul>","protected":false},"excerpt":{"rendered":"<p><strong>Marque :<\/strong> Hamskea<\/p>","protected":false},"featured_media":452764,"comment_status":"open","ping_status":"closed","template":"","meta":[],"product_brand":[465],"product_cat":[4130],"product_tag":[3546],"class_list":{"0":"post-392515","1":"product","2":"type-product","3":"status-publish","4":"has-post-thumbnail","6":"product_brand-hamskea","7":"product_cat-einzelteile-fuer-compound-pfeilauflage","8":"product_tag-neuheit","10":"first","11":"instock","12":"shipping-taxable","13":"purchasable","14":"product-type-simple"},"_links":{"self":[{"href":"https:\/\/bogensportdiscount.ch\/fr\/wp-json\/wp\/v2\/product\/392515","targetHints":{"allow":["GET"]}}],"collection":[{"href":"https:\/\/bogensportdiscount.ch\/fr\/wp-json\/wp\/v2\/product"}],"about":[{"href":"https:\/\/bogensportdiscount.ch\/fr\/wp-json\/wp\/v2\/types\/product"}],"replies":[{"embeddable":true,"href":"https:\/\/bogensportdiscount.ch\/fr\/wp-json\/wp\/v2\/comments?post=392515"}],"wp:featuredmedia":[{"embeddable":true,"href":"https:\/\/bogensportdiscount.ch\/fr\/wp-json\/wp\/v2\/media\/452764"}],"wp:attachment":[{"href":"https:\/\/bogensportdiscount.ch\/fr\/wp-json\/wp\/v2\/media?parent=392515"}],"wp:term":[{"taxonomy":"product_brand","embeddable":true,"href":"https:\/\/bogensportdiscount.ch\/fr\/wp-json\/wp\/v2\/product_brand?post=392515"},{"taxonomy":"product_cat","embeddable":true,"href":"https:\/\/bogensportdiscount.ch\/fr\/wp-json\/wp\/v2\/product_cat?post=392515"},{"taxonomy":"product_tag","embeddable":true,"href":"https:\/\/bogensportdiscount.ch\/fr\/wp-json\/wp\/v2\/product_tag?post=392515"}],"curies":[{"name":"wp","href":"https:\/\/api.w.org\/{rel}","templated":true}]}}