{"id":392499,"date":"2026-04-05T14:26:11","date_gmt":"2026-04-05T12:26:11","guid":{"rendered":"https:\/\/bogensportdiscount.ch\/produkt\/ravin-compound-strings-cables-for-crossbow-ravin-r26\/"},"modified":"2026-05-14T07:13:40","modified_gmt":"2026-05-14T05:13:40","slug":"ravin-compound-sehnen-kabel-armbrust-r26","status":"publish","type":"product","link":"https:\/\/bogensportdiscount.ch\/fr\/produit\/ravin-compound-sehnen-kabel-armbrust-r26\/","title":{"rendered":"RAVIN CORDES COMPOUND &#038; C\u00c2BLES POUR ARBAL\u00c8TE RAVIN R26"},"content":{"rendered":"<p>Les cordes compound et c\u00e2bles RAVIN sont sp\u00e9cialement fabriqu\u00e9s pour l'arbal\u00e8te Ravin R26. En tant que pi\u00e8ces de rechange d'origine du fabricant, ils garantissent un ajustement pr\u00e9cis et un fonctionnement fiable.<\/p>\n<p>Le remplacement des cordes et c\u00e2bles avec des composants RAVIN d'origine garantit que l'arbal\u00e8te conserve ses performances pr\u00e9vues. Recommand\u00e9 pour l'entretien r\u00e9gulier ou en cas d'usure des cordes existantes.<\/p>\n<ul>\n<li>Pi\u00e8ces de rechange RAVIN d'origine pour le R26<\/li>\n<li>Cordes compound et c\u00e2bles en kit<\/li>\n<li>Pr\u00e9cis\u00e9ment adapt\u00e9s au syst\u00e8me R26<\/li>\n<li>Fabriqu\u00e9 aux \u00c9tats-Unis<\/li>\n<\/ul>","protected":false},"excerpt":{"rendered":"<table>\n<tr>\n<th>Propri\u00e9t\u00e9<\/th>\n<th>Valeur<\/th>\n<\/tr>\n<tr>\n<td>Marque<\/td>\n<td>Ravin<\/td>\n<td>Compatible avec<\/td>\n<td>Ravin R26<\/td>\n<\/tr>\n<tr>\n<td>GTIN<\/td>\n<td>815942021910<\/td>\n<\/tr>\n<tr>\n<td>Pays d'origine<\/td>\n<td>USA<\/td>\n<\/tr>\n<\/table>","protected":false},"featured_media":446637,"comment_status":"open","ping_status":"closed","template":"","meta":[],"product_brand":[527],"product_cat":[4135,4174,4175],"product_tag":[3546],"class_list":{"0":"post-392499","1":"product","2":"type-product","3":"status-publish","4":"has-post-thumbnail","6":"product_brand-ravin","7":"product_cat-armbrust-zubehoer","8":"product_cat-sehnen-kabel","9":"product_cat-compound-sehnen-kabel","10":"product_tag-neuheit","11":"product_shipping_class-bsd-standard","13":"first","14":"instock","15":"shipping-taxable","16":"purchasable","17":"product-type-simple"},"yoast_head":"<!-- This site is optimized with the Yoast SEO plugin v27.6 - https:\/\/yoast.com\/product\/yoast-seo-wordpress\/ -->\n<title>RAVIN COMPOUND-SEHNEN &amp; KABEL F\u00dcR ARMBRUST RAVIN R26 - Bogensportdiscount \u2013 B\u00f6gen, Pfeile, Targets &amp; Zubeh\u00f6r<\/title>\n<meta name=\"description\" content=\"RAVIN COMPOUND-SEHNEN &amp; KABEL F\u00dcR ARMBRUST RAVIN R26 g\u00fcnstig kaufen bei Bogensportdiscount \u2013 Top-Marken, schneller Versand aus der Schweiz.\" \/>\n<meta name=\"robots\" content=\"index, follow, max-snippet:-1, max-image-preview:large, max-video-preview:-1\" \/>\n<link rel=\"canonical\" href=\"https:\/\/bogensportdiscount.ch\/fr\/produit\/ravin-compound-sehnen-kabel-armbrust-r26\/\" \/>\n<meta property=\"og:locale\" content=\"fr_FR\" \/>\n<meta property=\"og:type\" content=\"article\" \/>\n<meta property=\"og:title\" content=\"RAVIN COMPOUND-SEHNEN &amp; KABEL F\u00dcR ARMBRUST RAVIN R26 - Bogensportdiscount \u2013 B\u00f6gen, Pfeile, Targets &amp; Zubeh\u00f6r\" \/>\n<meta property=\"og:description\" content=\"RAVIN COMPOUND-SEHNEN &amp; KABEL F\u00dcR ARMBRUST RAVIN R26 g\u00fcnstig kaufen bei Bogensportdiscount \u2013 Top-Marken, schneller Versand aus der Schweiz.\" \/>\n<meta property=\"og:url\" content=\"https:\/\/bogensportdiscount.ch\/fr\/produit\/ravin-compound-sehnen-kabel-armbrust-r26\/\" \/>\n<meta property=\"og:site_name\" content=\"Bogensportdiscount \u2013 B\u00f6gen, Pfeile, Targets &amp; Zubeh\u00f6r\" \/>\n<meta property=\"article:modified_time\" content=\"2026-05-14T05:13:40+00:00\" \/>\n<meta property=\"og:image\" content=\"https:\/\/bogensportdiscount.ch\/wp-content\/uploads\/bsm-images\/A048785_1.jpg\" \/>\n\t<meta property=\"og:image:width\" content=\"1097\" \/>\n\t<meta property=\"og:image:height\" content=\"512\" \/>\n\t<meta property=\"og:image:type\" content=\"image\/jpeg\" \/>\n<meta name=\"twitter:card\" content=\"summary_large_image\" \/>\n<script type=\"application\/ld+json\" class=\"yoast-schema-graph\">{\"@context\":\"https:\\\/\\\/schema.org\",\"@graph\":[{\"@type\":\"WebPage\",\"@id\":\"https:\\\/\\\/bogensportdiscount.ch\\\/produkt\\\/ravin-compound-sehnen-kabel-armbrust-r26\\\/\",\"url\":\"https:\\\/\\\/bogensportdiscount.ch\\\/produkt\\\/ravin-compound-sehnen-kabel-armbrust-r26\\\/\",\"name\":\"RAVIN COMPOUND-SEHNEN & KABEL F\u00dcR ARMBRUST RAVIN R26 - Bogensportdiscount \u2013 B\u00f6gen, Pfeile, Targets &amp; Zubeh\u00f6r\",\"isPartOf\":{\"@id\":\"https:\\\/\\\/bogensportdiscount.ch\\\/#website\"},\"primaryImageOfPage\":{\"@id\":\"https:\\\/\\\/bogensportdiscount.ch\\\/produkt\\\/ravin-compound-sehnen-kabel-armbrust-r26\\\/#primaryimage\"},\"image\":{\"@id\":\"https:\\\/\\\/bogensportdiscount.ch\\\/produkt\\\/ravin-compound-sehnen-kabel-armbrust-r26\\\/#primaryimage\"},\"thumbnailUrl\":\"https:\\\/\\\/bogensportdiscount.ch\\\/wp-content\\\/uploads\\\/bsm-images\\\/A048785_1.jpg\",\"datePublished\":\"2026-04-05T12:26:11+00:00\",\"dateModified\":\"2026-05-14T05:13:40+00:00\",\"description\":\"RAVIN COMPOUND-SEHNEN & KABEL F\u00dcR ARMBRUST RAVIN R26 g\u00fcnstig kaufen bei Bogensportdiscount \u2013 Top-Marken, schneller Versand aus der Schweiz.\",\"breadcrumb\":{\"@id\":\"https:\\\/\\\/bogensportdiscount.ch\\\/produkt\\\/ravin-compound-sehnen-kabel-armbrust-r26\\\/#breadcrumb\"},\"inLanguage\":\"fr-FR\",\"potentialAction\":[{\"@type\":\"ReadAction\",\"target\":[\"https:\\\/\\\/bogensportdiscount.ch\\\/produkt\\\/ravin-compound-sehnen-kabel-armbrust-r26\\\/\"]}]},{\"@type\":\"ImageObject\",\"inLanguage\":\"fr-FR\",\"@id\":\"https:\\\/\\\/bogensportdiscount.ch\\\/produkt\\\/ravin-compound-sehnen-kabel-armbrust-r26\\\/#primaryimage\",\"url\":\"https:\\\/\\\/bogensportdiscount.ch\\\/wp-content\\\/uploads\\\/bsm-images\\\/A048785_1.jpg\",\"contentUrl\":\"https:\\\/\\\/bogensportdiscount.ch\\\/wp-content\\\/uploads\\\/bsm-images\\\/A048785_1.jpg\",\"width\":1097,\"height\":512},{\"@type\":\"BreadcrumbList\",\"@id\":\"https:\\\/\\\/bogensportdiscount.ch\\\/produkt\\\/ravin-compound-sehnen-kabel-armbrust-r26\\\/#breadcrumb\",\"itemListElement\":[{\"@type\":\"ListItem\",\"position\":1,\"name\":\"Home\",\"item\":\"https:\\\/\\\/bogensportdiscount.ch\\\/\"},{\"@type\":\"ListItem\",\"position\":2,\"name\":\"Shop\",\"item\":\"https:\\\/\\\/bogensportdiscount.ch\\\/shop\\\/\"},{\"@type\":\"ListItem\",\"position\":3,\"name\":\"RAVIN COMPOUND STRINGS &amp; CABLES FOR CROSSBOW RAVIN R26\"}]},{\"@type\":\"WebSite\",\"@id\":\"https:\\\/\\\/bogensportdiscount.ch\\\/#website\",\"url\":\"https:\\\/\\\/bogensportdiscount.ch\\\/\",\"name\":\"Bogensportdiscount\",\"description\":\"\",\"potentialAction\":[{\"@type\":\"SearchAction\",\"target\":{\"@type\":\"EntryPoint\",\"urlTemplate\":\"https:\\\/\\\/bogensportdiscount.ch\\\/?s={search_term_string}\"},\"query-input\":{\"@type\":\"PropertyValueSpecification\",\"valueRequired\":true,\"valueName\":\"search_term_string\"}}],\"inLanguage\":\"fr-FR\"}]}<\/script>\n<!-- \/ Yoast SEO plugin. -->","yoast_head_json":{"title":"RAVIN COMPOUND-SEHNEN & KABEL F\u00dcR ARMBRUST RAVIN R26 - Bogensportdiscount \u2013 B\u00f6gen, Pfeile, Targets &amp; Zubeh\u00f6r","description":"RAVIN COMPOUND-SEHNEN & KABEL F\u00dcR ARMBRUST RAVIN R26 g\u00fcnstig kaufen bei Bogensportdiscount \u2013 Top-Marken, schneller Versand aus der Schweiz.","robots":{"index":"index","follow":"follow","max-snippet":"max-snippet:-1","max-image-preview":"max-image-preview:large","max-video-preview":"max-video-preview:-1"},"canonical":"https:\/\/bogensportdiscount.ch\/fr\/produit\/ravin-compound-sehnen-kabel-armbrust-r26\/","og_locale":"fr_FR","og_type":"article","og_title":"RAVIN COMPOUND-SEHNEN & KABEL F\u00dcR ARMBRUST RAVIN R26 - Bogensportdiscount \u2013 B\u00f6gen, Pfeile, Targets &amp; Zubeh\u00f6r","og_description":"RAVIN COMPOUND-SEHNEN & KABEL F\u00dcR ARMBRUST RAVIN R26 g\u00fcnstig kaufen bei Bogensportdiscount \u2013 Top-Marken, schneller Versand aus der Schweiz.","og_url":"https:\/\/bogensportdiscount.ch\/fr\/produit\/ravin-compound-sehnen-kabel-armbrust-r26\/","og_site_name":"Bogensportdiscount \u2013 B\u00f6gen, Pfeile, Targets &amp; Zubeh\u00f6r","article_modified_time":"2026-05-14T05:13:40+00:00","og_image":[{"width":1097,"height":512,"url":"https:\/\/bogensportdiscount.ch\/wp-content\/uploads\/bsm-images\/A048785_1.jpg","type":"image\/jpeg"}],"twitter_card":"summary_large_image","schema":{"@context":"https:\/\/schema.org","@graph":[{"@type":"WebPage","@id":"https:\/\/bogensportdiscount.ch\/produkt\/ravin-compound-sehnen-kabel-armbrust-r26\/","url":"https:\/\/bogensportdiscount.ch\/produkt\/ravin-compound-sehnen-kabel-armbrust-r26\/","name":"RAVIN COMPOUND-SEHNEN & KABEL F\u00dcR ARMBRUST RAVIN R26 - Bogensportdiscount \u2013 B\u00f6gen, Pfeile, Targets &amp; Zubeh\u00f6r","isPartOf":{"@id":"https:\/\/bogensportdiscount.ch\/#website"},"primaryImageOfPage":{"@id":"https:\/\/bogensportdiscount.ch\/produkt\/ravin-compound-sehnen-kabel-armbrust-r26\/#primaryimage"},"image":{"@id":"https:\/\/bogensportdiscount.ch\/produkt\/ravin-compound-sehnen-kabel-armbrust-r26\/#primaryimage"},"thumbnailUrl":"https:\/\/bogensportdiscount.ch\/wp-content\/uploads\/bsm-images\/A048785_1.jpg","datePublished":"2026-04-05T12:26:11+00:00","dateModified":"2026-05-14T05:13:40+00:00","description":"RAVIN COMPOUND-SEHNEN & KABEL F\u00dcR ARMBRUST RAVIN R26 g\u00fcnstig kaufen bei Bogensportdiscount \u2013 Top-Marken, schneller Versand aus der Schweiz.","breadcrumb":{"@id":"https:\/\/bogensportdiscount.ch\/produkt\/ravin-compound-sehnen-kabel-armbrust-r26\/#breadcrumb"},"inLanguage":"fr-FR","potentialAction":[{"@type":"ReadAction","target":["https:\/\/bogensportdiscount.ch\/produkt\/ravin-compound-sehnen-kabel-armbrust-r26\/"]}]},{"@type":"ImageObject","inLanguage":"fr-FR","@id":"https:\/\/bogensportdiscount.ch\/produkt\/ravin-compound-sehnen-kabel-armbrust-r26\/#primaryimage","url":"https:\/\/bogensportdiscount.ch\/wp-content\/uploads\/bsm-images\/A048785_1.jpg","contentUrl":"https:\/\/bogensportdiscount.ch\/wp-content\/uploads\/bsm-images\/A048785_1.jpg","width":1097,"height":512},{"@type":"BreadcrumbList","@id":"https:\/\/bogensportdiscount.ch\/produkt\/ravin-compound-sehnen-kabel-armbrust-r26\/#breadcrumb","itemListElement":[{"@type":"ListItem","position":1,"name":"Home","item":"https:\/\/bogensportdiscount.ch\/"},{"@type":"ListItem","position":2,"name":"Shop","item":"https:\/\/bogensportdiscount.ch\/shop\/"},{"@type":"ListItem","position":3,"name":"RAVIN COMPOUND STRINGS &amp; CABLES FOR CROSSBOW RAVIN R26"}]},{"@type":"WebSite","@id":"https:\/\/bogensportdiscount.ch\/#website","url":"https:\/\/bogensportdiscount.ch\/","name":"Bogensportdiscount","description":"","potentialAction":[{"@type":"SearchAction","target":{"@type":"EntryPoint","urlTemplate":"https:\/\/bogensportdiscount.ch\/?s={search_term_string}"},"query-input":{"@type":"PropertyValueSpecification","valueRequired":true,"valueName":"search_term_string"}}],"inLanguage":"fr-FR"}]}},"_links":{"self":[{"href":"https:\/\/bogensportdiscount.ch\/fr\/wp-json\/wp\/v2\/product\/392499","targetHints":{"allow":["GET"]}}],"collection":[{"href":"https:\/\/bogensportdiscount.ch\/fr\/wp-json\/wp\/v2\/product"}],"about":[{"href":"https:\/\/bogensportdiscount.ch\/fr\/wp-json\/wp\/v2\/types\/product"}],"replies":[{"embeddable":true,"href":"https:\/\/bogensportdiscount.ch\/fr\/wp-json\/wp\/v2\/comments?post=392499"}],"wp:featuredmedia":[{"embeddable":true,"href":"https:\/\/bogensportdiscount.ch\/fr\/wp-json\/wp\/v2\/media\/446637"}],"wp:attachment":[{"href":"https:\/\/bogensportdiscount.ch\/fr\/wp-json\/wp\/v2\/media?parent=392499"}],"wp:term":[{"taxonomy":"product_brand","embeddable":true,"href":"https:\/\/bogensportdiscount.ch\/fr\/wp-json\/wp\/v2\/product_brand?post=392499"},{"taxonomy":"product_cat","embeddable":true,"href":"https:\/\/bogensportdiscount.ch\/fr\/wp-json\/wp\/v2\/product_cat?post=392499"},{"taxonomy":"product_tag","embeddable":true,"href":"https:\/\/bogensportdiscount.ch\/fr\/wp-json\/wp\/v2\/product_tag?post=392499"}],"curies":[{"name":"wp","href":"https:\/\/api.w.org\/{rel}","templated":true}]}}