{"id":392486,"date":"2026-04-05T14:26:08","date_gmt":"2026-04-05T12:26:08","guid":{"rendered":"https:\/\/bogensportdiscount.ch\/produkt\/maximal-crossbow-case-soft-maximal-xbow-side-pockets-inner-straps-black\/"},"modified":"2026-05-14T07:13:40","modified_gmt":"2026-05-14T05:13:40","slug":"maximal-armbrustkoffer-soft-xbow-seitentaschen-innenriemen-schwarz","status":"publish","type":"product","link":"https:\/\/bogensportdiscount.ch\/fr\/produit\/maximal-armbrustkoffer-soft-xbow-seitentaschen-innenriemen-schwarz\/","title":{"rendered":"MAXIMAL ARMBRUST-TASCHE SOFT MAXIMAL XBOW &#8211; SEITENTASCHEN &#8211; INNENGURTE &#8211; SCHWARZ"},"content":{"rendered":"<p>L'\u00e9tui souple MAXIMAL Soft Xbow est une housse de protection pour le transport et le rangement des arbal\u00e8tes. La version noire offre une enveloppe robuste qui prot\u00e8ge l'arbal\u00e8te contre les rayures et les chocs l\u00e9gers.<\/p>\n<p>Gr\u00e2ce aux sangles int\u00e9rieures int\u00e9gr\u00e9es, l'arbal\u00e8te peut \u00eatre fix\u00e9e de mani\u00e8re s\u00e9curis\u00e9e dans l'\u00e9tui afin de ne pas glisser lors du transport. Les poches ext\u00e9rieures lat\u00e9rales offrent un espace de rangement suppl\u00e9mentaire pour les fl\u00e8ches, les pi\u00e8ces de rechange et d'autres accessoires.<\/p>\n<ul>\n<li>Housse de protection souple pour arbal\u00e8tes<\/li>\n<li>Poches lat\u00e9rales pour accessoires<\/li>\n<li>Sangles int\u00e9rieures pour une fixation s\u00e9curis\u00e9e<\/li>\n<li>Couleur : Noir<\/li>\n<\/ul>","protected":false},"excerpt":{"rendered":"<table>\n<tr>\n<th>Propri\u00e9t\u00e9<\/th>\n<th>Valeur<\/th>\n<\/tr>\n<tr>\n<td>Marque<\/td>\n<td>Maximal<\/td>\n<\/tr>\n<tr>\n<td>Couleur<\/td>\n<td>Noir<\/td>\n<\/tr>\n<tr>\n<td>Pays d'origine<\/td>\n<td>Chine<\/td>\n<\/tr>\n<tr>\n<td>GTIN<\/td>\n<td>6017401828854<\/td>\n<\/tr>\n<\/table>","protected":false},"featured_media":447567,"comment_status":"open","ping_status":"closed","template":"","meta":[],"product_brand":[780],"product_cat":[4135,4373,27449],"product_tag":[3546],"class_list":{"0":"post-392486","1":"product","2":"type-product","3":"status-publish","4":"has-post-thumbnail","6":"product_brand-maximal","7":"product_cat-armbrust-zubehoer","8":"product_cat-armbrueste-taschen","9":"product_cat-taschen-koffer-armbrust-zubehoer-2","10":"product_tag-neuheit","11":"product_shipping_class-bsd-standard","13":"first","14":"instock","15":"shipping-taxable","16":"purchasable","17":"product-type-simple"},"yoast_head":"<!-- This site is optimized with the Yoast SEO plugin v27.6 - https:\/\/yoast.com\/product\/yoast-seo-wordpress\/ -->\n<title>MAXIMAL ARMBRUST-TASCHE SOFT MAXIMAL XBOW - SEITENTASCHEN - INNENGURTE - SCHWARZ - Bogensportdiscount \u2013 B\u00f6gen, Pfeile, Targets &amp; Zubeh\u00f6r<\/title>\n<meta name=\"description\" content=\"MAXIMAL ARMBRUST-TASCHE SOFT MAXIMAL XBOW - SEITENTASCHEN - INNENGURTE - SCHWARZ g\u00fcnstig kaufen bei Bogensportdiscount \u2013 Top-Marken, schneller Versand aus der Schweiz.\" \/>\n<meta name=\"robots\" content=\"index, follow, max-snippet:-1, max-image-preview:large, max-video-preview:-1\" \/>\n<link rel=\"canonical\" href=\"https:\/\/bogensportdiscount.ch\/fr\/produit\/maximal-armbrustkoffer-soft-xbow-seitentaschen-innenriemen-schwarz\/\" \/>\n<meta property=\"og:locale\" content=\"fr_FR\" \/>\n<meta property=\"og:type\" content=\"article\" \/>\n<meta property=\"og:title\" content=\"MAXIMAL ARMBRUST-TASCHE SOFT MAXIMAL XBOW - SEITENTASCHEN - INNENGURTE - SCHWARZ - Bogensportdiscount \u2013 B\u00f6gen, Pfeile, Targets &amp; Zubeh\u00f6r\" \/>\n<meta property=\"og:description\" content=\"MAXIMAL ARMBRUST-TASCHE SOFT MAXIMAL XBOW - SEITENTASCHEN - INNENGURTE - SCHWARZ g\u00fcnstig kaufen bei Bogensportdiscount \u2013 Top-Marken, schneller Versand aus der Schweiz.\" \/>\n<meta property=\"og:url\" content=\"https:\/\/bogensportdiscount.ch\/fr\/produit\/maximal-armbrustkoffer-soft-xbow-seitentaschen-innenriemen-schwarz\/\" \/>\n<meta property=\"og:site_name\" content=\"Bogensportdiscount \u2013 B\u00f6gen, Pfeile, Targets &amp; Zubeh\u00f6r\" \/>\n<meta property=\"article:modified_time\" content=\"2026-05-14T05:13:40+00:00\" \/>\n<meta property=\"og:image\" content=\"https:\/\/bogensportdiscount.ch\/wp-content\/uploads\/bsm-images\/A048318_1.png\" \/>\n\t<meta property=\"og:image:width\" content=\"3300\" \/>\n\t<meta property=\"og:image:height\" content=\"4316\" \/>\n\t<meta property=\"og:image:type\" content=\"image\/png\" \/>\n<meta name=\"twitter:card\" content=\"summary_large_image\" \/>\n<script type=\"application\/ld+json\" class=\"yoast-schema-graph\">{\"@context\":\"https:\\\/\\\/schema.org\",\"@graph\":[{\"@type\":\"WebPage\",\"@id\":\"https:\\\/\\\/bogensportdiscount.ch\\\/produkt\\\/maximal-armbrustkoffer-soft-xbow-seitentaschen-innenriemen-schwarz\\\/\",\"url\":\"https:\\\/\\\/bogensportdiscount.ch\\\/produkt\\\/maximal-armbrustkoffer-soft-xbow-seitentaschen-innenriemen-schwarz\\\/\",\"name\":\"MAXIMAL ARMBRUST-TASCHE SOFT MAXIMAL XBOW - SEITENTASCHEN - INNENGURTE - SCHWARZ - Bogensportdiscount \u2013 B\u00f6gen, Pfeile, Targets &amp; Zubeh\u00f6r\",\"isPartOf\":{\"@id\":\"https:\\\/\\\/bogensportdiscount.ch\\\/#website\"},\"primaryImageOfPage\":{\"@id\":\"https:\\\/\\\/bogensportdiscount.ch\\\/produkt\\\/maximal-armbrustkoffer-soft-xbow-seitentaschen-innenriemen-schwarz\\\/#primaryimage\"},\"image\":{\"@id\":\"https:\\\/\\\/bogensportdiscount.ch\\\/produkt\\\/maximal-armbrustkoffer-soft-xbow-seitentaschen-innenriemen-schwarz\\\/#primaryimage\"},\"thumbnailUrl\":\"https:\\\/\\\/bogensportdiscount.ch\\\/wp-content\\\/uploads\\\/bsm-images\\\/A048318_1.png\",\"datePublished\":\"2026-04-05T12:26:08+00:00\",\"dateModified\":\"2026-05-14T05:13:40+00:00\",\"description\":\"MAXIMAL ARMBRUST-TASCHE SOFT MAXIMAL XBOW - SEITENTASCHEN - INNENGURTE - SCHWARZ g\u00fcnstig kaufen bei Bogensportdiscount \u2013 Top-Marken, schneller Versand aus der Schweiz.\",\"breadcrumb\":{\"@id\":\"https:\\\/\\\/bogensportdiscount.ch\\\/produkt\\\/maximal-armbrustkoffer-soft-xbow-seitentaschen-innenriemen-schwarz\\\/#breadcrumb\"},\"inLanguage\":\"fr-FR\",\"potentialAction\":[{\"@type\":\"ReadAction\",\"target\":[\"https:\\\/\\\/bogensportdiscount.ch\\\/produkt\\\/maximal-armbrustkoffer-soft-xbow-seitentaschen-innenriemen-schwarz\\\/\"]}]},{\"@type\":\"ImageObject\",\"inLanguage\":\"fr-FR\",\"@id\":\"https:\\\/\\\/bogensportdiscount.ch\\\/produkt\\\/maximal-armbrustkoffer-soft-xbow-seitentaschen-innenriemen-schwarz\\\/#primaryimage\",\"url\":\"https:\\\/\\\/bogensportdiscount.ch\\\/wp-content\\\/uploads\\\/bsm-images\\\/A048318_1.png\",\"contentUrl\":\"https:\\\/\\\/bogensportdiscount.ch\\\/wp-content\\\/uploads\\\/bsm-images\\\/A048318_1.png\",\"width\":1911,\"height\":2500},{\"@type\":\"BreadcrumbList\",\"@id\":\"https:\\\/\\\/bogensportdiscount.ch\\\/produkt\\\/maximal-armbrustkoffer-soft-xbow-seitentaschen-innenriemen-schwarz\\\/#breadcrumb\",\"itemListElement\":[{\"@type\":\"ListItem\",\"position\":1,\"name\":\"Home\",\"item\":\"https:\\\/\\\/bogensportdiscount.ch\\\/\"},{\"@type\":\"ListItem\",\"position\":2,\"name\":\"Shop\",\"item\":\"https:\\\/\\\/bogensportdiscount.ch\\\/shop\\\/\"},{\"@type\":\"ListItem\",\"position\":3,\"name\":\"MAXIMAL CROSSBOW CASE SOFT MAXIMAL XBOW &#8211; SIDE POCKETS &#8211; INNER STRAPS &#8211; BLACK\"}]},{\"@type\":\"WebSite\",\"@id\":\"https:\\\/\\\/bogensportdiscount.ch\\\/#website\",\"url\":\"https:\\\/\\\/bogensportdiscount.ch\\\/\",\"name\":\"Bogensportdiscount\",\"description\":\"\",\"potentialAction\":[{\"@type\":\"SearchAction\",\"target\":{\"@type\":\"EntryPoint\",\"urlTemplate\":\"https:\\\/\\\/bogensportdiscount.ch\\\/?s={search_term_string}\"},\"query-input\":{\"@type\":\"PropertyValueSpecification\",\"valueRequired\":true,\"valueName\":\"search_term_string\"}}],\"inLanguage\":\"fr-FR\"}]}<\/script>\n<!-- \/ Yoast SEO plugin. -->","yoast_head_json":{"title":"MAXIMAL ARMBRUST-TASCHE SOFT MAXIMAL XBOW - SEITENTASCHEN - INNENGURTE - SCHWARZ - Bogensportdiscount \u2013 B\u00f6gen, Pfeile, Targets &amp; Zubeh\u00f6r","description":"MAXIMAL ARMBRUST-TASCHE SOFT MAXIMAL XBOW - SEITENTASCHEN - INNENGURTE - SCHWARZ g\u00fcnstig kaufen bei Bogensportdiscount \u2013 Top-Marken, schneller Versand aus der Schweiz.","robots":{"index":"index","follow":"follow","max-snippet":"max-snippet:-1","max-image-preview":"max-image-preview:large","max-video-preview":"max-video-preview:-1"},"canonical":"https:\/\/bogensportdiscount.ch\/fr\/produit\/maximal-armbrustkoffer-soft-xbow-seitentaschen-innenriemen-schwarz\/","og_locale":"fr_FR","og_type":"article","og_title":"MAXIMAL ARMBRUST-TASCHE SOFT MAXIMAL XBOW - SEITENTASCHEN - INNENGURTE - SCHWARZ - Bogensportdiscount \u2013 B\u00f6gen, Pfeile, Targets &amp; Zubeh\u00f6r","og_description":"MAXIMAL ARMBRUST-TASCHE SOFT MAXIMAL XBOW - SEITENTASCHEN - INNENGURTE - SCHWARZ g\u00fcnstig kaufen bei Bogensportdiscount \u2013 Top-Marken, schneller Versand aus der Schweiz.","og_url":"https:\/\/bogensportdiscount.ch\/fr\/produit\/maximal-armbrustkoffer-soft-xbow-seitentaschen-innenriemen-schwarz\/","og_site_name":"Bogensportdiscount \u2013 B\u00f6gen, Pfeile, Targets &amp; Zubeh\u00f6r","article_modified_time":"2026-05-14T05:13:40+00:00","og_image":[{"url":"https:\/\/bogensportdiscount.ch\/wp-content\/uploads\/bsm-images\/A048318_1.png","width":3300,"height":4316,"type":"image\/png"}],"twitter_card":"summary_large_image","schema":{"@context":"https:\/\/schema.org","@graph":[{"@type":"WebPage","@id":"https:\/\/bogensportdiscount.ch\/produkt\/maximal-armbrustkoffer-soft-xbow-seitentaschen-innenriemen-schwarz\/","url":"https:\/\/bogensportdiscount.ch\/produkt\/maximal-armbrustkoffer-soft-xbow-seitentaschen-innenriemen-schwarz\/","name":"MAXIMAL ARMBRUST-TASCHE SOFT MAXIMAL XBOW - SEITENTASCHEN - INNENGURTE - SCHWARZ - Bogensportdiscount \u2013 B\u00f6gen, Pfeile, Targets &amp; Zubeh\u00f6r","isPartOf":{"@id":"https:\/\/bogensportdiscount.ch\/#website"},"primaryImageOfPage":{"@id":"https:\/\/bogensportdiscount.ch\/produkt\/maximal-armbrustkoffer-soft-xbow-seitentaschen-innenriemen-schwarz\/#primaryimage"},"image":{"@id":"https:\/\/bogensportdiscount.ch\/produkt\/maximal-armbrustkoffer-soft-xbow-seitentaschen-innenriemen-schwarz\/#primaryimage"},"thumbnailUrl":"https:\/\/bogensportdiscount.ch\/wp-content\/uploads\/bsm-images\/A048318_1.png","datePublished":"2026-04-05T12:26:08+00:00","dateModified":"2026-05-14T05:13:40+00:00","description":"MAXIMAL ARMBRUST-TASCHE SOFT MAXIMAL XBOW - SEITENTASCHEN - INNENGURTE - SCHWARZ g\u00fcnstig kaufen bei Bogensportdiscount \u2013 Top-Marken, schneller Versand aus der Schweiz.","breadcrumb":{"@id":"https:\/\/bogensportdiscount.ch\/produkt\/maximal-armbrustkoffer-soft-xbow-seitentaschen-innenriemen-schwarz\/#breadcrumb"},"inLanguage":"fr-FR","potentialAction":[{"@type":"ReadAction","target":["https:\/\/bogensportdiscount.ch\/produkt\/maximal-armbrustkoffer-soft-xbow-seitentaschen-innenriemen-schwarz\/"]}]},{"@type":"ImageObject","inLanguage":"fr-FR","@id":"https:\/\/bogensportdiscount.ch\/produkt\/maximal-armbrustkoffer-soft-xbow-seitentaschen-innenriemen-schwarz\/#primaryimage","url":"https:\/\/bogensportdiscount.ch\/wp-content\/uploads\/bsm-images\/A048318_1.png","contentUrl":"https:\/\/bogensportdiscount.ch\/wp-content\/uploads\/bsm-images\/A048318_1.png","width":1911,"height":2500},{"@type":"BreadcrumbList","@id":"https:\/\/bogensportdiscount.ch\/produkt\/maximal-armbrustkoffer-soft-xbow-seitentaschen-innenriemen-schwarz\/#breadcrumb","itemListElement":[{"@type":"ListItem","position":1,"name":"Home","item":"https:\/\/bogensportdiscount.ch\/"},{"@type":"ListItem","position":2,"name":"Shop","item":"https:\/\/bogensportdiscount.ch\/shop\/"},{"@type":"ListItem","position":3,"name":"MAXIMAL CROSSBOW CASE SOFT MAXIMAL XBOW &#8211; SIDE POCKETS &#8211; INNER STRAPS &#8211; BLACK"}]},{"@type":"WebSite","@id":"https:\/\/bogensportdiscount.ch\/#website","url":"https:\/\/bogensportdiscount.ch\/","name":"Bogensportdiscount","description":"","potentialAction":[{"@type":"SearchAction","target":{"@type":"EntryPoint","urlTemplate":"https:\/\/bogensportdiscount.ch\/?s={search_term_string}"},"query-input":{"@type":"PropertyValueSpecification","valueRequired":true,"valueName":"search_term_string"}}],"inLanguage":"fr-FR"}]}},"_links":{"self":[{"href":"https:\/\/bogensportdiscount.ch\/fr\/wp-json\/wp\/v2\/product\/392486","targetHints":{"allow":["GET"]}}],"collection":[{"href":"https:\/\/bogensportdiscount.ch\/fr\/wp-json\/wp\/v2\/product"}],"about":[{"href":"https:\/\/bogensportdiscount.ch\/fr\/wp-json\/wp\/v2\/types\/product"}],"replies":[{"embeddable":true,"href":"https:\/\/bogensportdiscount.ch\/fr\/wp-json\/wp\/v2\/comments?post=392486"}],"wp:featuredmedia":[{"embeddable":true,"href":"https:\/\/bogensportdiscount.ch\/fr\/wp-json\/wp\/v2\/media\/447567"}],"wp:attachment":[{"href":"https:\/\/bogensportdiscount.ch\/fr\/wp-json\/wp\/v2\/media?parent=392486"}],"wp:term":[{"taxonomy":"product_brand","embeddable":true,"href":"https:\/\/bogensportdiscount.ch\/fr\/wp-json\/wp\/v2\/product_brand?post=392486"},{"taxonomy":"product_cat","embeddable":true,"href":"https:\/\/bogensportdiscount.ch\/fr\/wp-json\/wp\/v2\/product_cat?post=392486"},{"taxonomy":"product_tag","embeddable":true,"href":"https:\/\/bogensportdiscount.ch\/fr\/wp-json\/wp\/v2\/product_tag?post=392486"}],"curies":[{"name":"wp","href":"https:\/\/api.w.org\/{rel}","templated":true}]}}