{"id":392482,"date":"2026-04-05T14:26:08","date_gmt":"2026-04-05T12:26:08","guid":{"rendered":"https:\/\/bogensportdiscount.ch\/produkt\/decut-sius-cp-10-32-r-l-with-carbon-extension-black-compound-sight\/"},"modified":"2026-04-17T13:26:01","modified_gmt":"2026-04-17T11:26:01","slug":"decut-compound-visier-sius-cp-10-32-carbon-verlaengerung-schwarz","status":"publish","type":"product","link":"https:\/\/bogensportdiscount.ch\/fr\/produit\/decut-compound-visier-sius-cp-10-32-carbon-verlaengerung-schwarz\/","title":{"rendered":"DECUT SIUS-CP 10\/32 R\/L WITH CARBON EXTENSION BLACK COMPOUND SIGHT"},"content":{"rendered":"<p>Das DECUT Sius-CP ist ein Compound-Target-Visier, das f\u00fcr den Einsatz im Zielschuss-Bereich entwickelt wurde. Die Ausf\u00fchrung mit 10\/32-Zoll-Gewinde erm\u00f6glicht eine kompatible Montage an g\u00e4ngigen Compound-B\u00f6gen, und das Visier ist sowohl f\u00fcr Rechts- als auch f\u00fcr Linkshand-Sch\u00fctzen geeignet.<\/p>\n<p>Im Lieferumfang ist eine Carbon-Verl\u00e4ngerung enthalten, die eine flexible Positionierung des Visiers erm\u00f6glicht und durch das geringe Gewicht des Carbons die Balance des Bogens kaum beeinflusst. Die schwarze Ausf\u00fchrung sorgt f\u00fcr ein dezentes Erscheinungsbild.<\/p>\n<ul>\n<li>Gewindegr\u00f6sse: 10\/32 Zoll<\/li>\n<li>Geeignet f\u00fcr Rechts- und Linkshand<\/li>\n<li>Inklusive Carbon-Verl\u00e4ngerung<\/li>\n<li>Farbe: Schwarz<\/li>\n<\/ul>","protected":false},"excerpt":{"rendered":"<p><strong>Marque :<\/strong> Decut<br \/><strong>LH\/RH:<\/strong> Beidh\u00e4ndig<br \/><strong>Farbe:<\/strong> Schwarz<\/p>","protected":false},"featured_media":447548,"comment_status":"open","ping_status":"closed","template":"","meta":[],"product_brand":[817],"product_cat":[4261],"product_tag":[3546],"class_list":{"0":"post-392482","1":"product","2":"type-product","3":"status-publish","4":"has-post-thumbnail","6":"product_brand-decut","7":"product_cat-compound-visiere","8":"product_tag-neuheit","10":"first","11":"instock","12":"shipping-taxable","13":"purchasable","14":"product-type-simple"},"_links":{"self":[{"href":"https:\/\/bogensportdiscount.ch\/fr\/wp-json\/wp\/v2\/product\/392482","targetHints":{"allow":["GET"]}}],"collection":[{"href":"https:\/\/bogensportdiscount.ch\/fr\/wp-json\/wp\/v2\/product"}],"about":[{"href":"https:\/\/bogensportdiscount.ch\/fr\/wp-json\/wp\/v2\/types\/product"}],"replies":[{"embeddable":true,"href":"https:\/\/bogensportdiscount.ch\/fr\/wp-json\/wp\/v2\/comments?post=392482"}],"wp:featuredmedia":[{"embeddable":true,"href":"https:\/\/bogensportdiscount.ch\/fr\/wp-json\/wp\/v2\/media\/447548"}],"wp:attachment":[{"href":"https:\/\/bogensportdiscount.ch\/fr\/wp-json\/wp\/v2\/media?parent=392482"}],"wp:term":[{"taxonomy":"product_brand","embeddable":true,"href":"https:\/\/bogensportdiscount.ch\/fr\/wp-json\/wp\/v2\/product_brand?post=392482"},{"taxonomy":"product_cat","embeddable":true,"href":"https:\/\/bogensportdiscount.ch\/fr\/wp-json\/wp\/v2\/product_cat?post=392482"},{"taxonomy":"product_tag","embeddable":true,"href":"https:\/\/bogensportdiscount.ch\/fr\/wp-json\/wp\/v2\/product_tag?post=392482"}],"curies":[{"name":"wp","href":"https:\/\/api.w.org\/{rel}","templated":true}]}}