{"id":392479,"date":"2026-04-05T14:26:07","date_gmt":"2026-04-05T12:26:07","guid":{"rendered":"https:\/\/bogensportdiscount.ch\/produkt\/sanlida-compound-sights-x10-extension-6-rh-black\/"},"modified":"2026-04-15T12:14:04","modified_gmt":"2026-04-15T10:14:04","slug":"sanlida-compound-visier-x10-extension-6-rh-schwarz","status":"publish","type":"product","link":"https:\/\/bogensportdiscount.ch\/fr\/produit\/sanlida-compound-visier-x10-extension-6-rh-schwarz\/","title":{"rendered":"SANLIDA COMPOUND SIGHTS X10 EXTENSION 6\u2033 RH BLACK"},"content":{"rendered":"<p>Das SANLIDA Compound-Visier X10 Extension ist auf den Einsatz im Targetbogensport ausgelegt. Die 6-Zoll-Verl\u00e4ngerung (ca. 15 cm) vergr\u00f6ssert den Abstand zwischen Bogen und Visiereinheit, was eine feinere Zieleinstellung und eine verbesserte Genauigkeit beim Anvisieren erm\u00f6glicht.<\/p>\n<p>Das Visier ist in der Ausf\u00fchrung f\u00fcr Rechtsh\u00e4nder (RH) erh\u00e4ltlich und in Schwarz gehalten. Es ist f\u00fcr die Montage an Compound-B\u00f6gen konzipiert und erg\u00e4nzt das SANLIDA X10-Visiersystem.<\/p>\n<ul>\n<li>6-Zoll-Verl\u00e4ngerungsarm f\u00fcr gr\u00f6ssere Zielgenauigkeit<\/li>\n<li>Ausf\u00fchrung f\u00fcr Rechtsh\u00e4nder (RH)<\/li>\n<li>Farbe: Schwarz<\/li>\n<li>Kompatibel mit dem SANLIDA X10-Visiersystem<\/li>\n<\/ul>","protected":false},"excerpt":{"rendered":"<p><strong>Marque :<\/strong> Sanlida<br \/><strong>LH\/RH:<\/strong> RH<br \/><strong>Farbe:<\/strong> Schwarz<br \/><strong>L\u00e4nge (Zoll):<\/strong> 6<\/p>","protected":false},"featured_media":452742,"comment_status":"open","ping_status":"closed","template":"","meta":[],"product_brand":[459],"product_cat":[4261],"product_tag":[3546],"class_list":{"0":"post-392479","1":"product","2":"type-product","3":"status-publish","4":"has-post-thumbnail","6":"product_brand-sanlida","7":"product_cat-compound-visiere","8":"product_tag-neuheit","10":"first","11":"instock","12":"shipping-taxable","13":"purchasable","14":"product-type-simple"},"_links":{"self":[{"href":"https:\/\/bogensportdiscount.ch\/fr\/wp-json\/wp\/v2\/product\/392479","targetHints":{"allow":["GET"]}}],"collection":[{"href":"https:\/\/bogensportdiscount.ch\/fr\/wp-json\/wp\/v2\/product"}],"about":[{"href":"https:\/\/bogensportdiscount.ch\/fr\/wp-json\/wp\/v2\/types\/product"}],"replies":[{"embeddable":true,"href":"https:\/\/bogensportdiscount.ch\/fr\/wp-json\/wp\/v2\/comments?post=392479"}],"wp:featuredmedia":[{"embeddable":true,"href":"https:\/\/bogensportdiscount.ch\/fr\/wp-json\/wp\/v2\/media\/452742"}],"wp:attachment":[{"href":"https:\/\/bogensportdiscount.ch\/fr\/wp-json\/wp\/v2\/media?parent=392479"}],"wp:term":[{"taxonomy":"product_brand","embeddable":true,"href":"https:\/\/bogensportdiscount.ch\/fr\/wp-json\/wp\/v2\/product_brand?post=392479"},{"taxonomy":"product_cat","embeddable":true,"href":"https:\/\/bogensportdiscount.ch\/fr\/wp-json\/wp\/v2\/product_cat?post=392479"},{"taxonomy":"product_tag","embeddable":true,"href":"https:\/\/bogensportdiscount.ch\/fr\/wp-json\/wp\/v2\/product_tag?post=392479"}],"curies":[{"name":"wp","href":"https:\/\/api.w.org\/{rel}","templated":true}]}}