{"id":392430,"date":"2026-04-05T14:25:56","date_gmt":"2026-04-05T12:25:56","guid":{"rendered":"https:\/\/bogensportdiscount.ch\/produkt\/last-chance-magnetic-bowpress-parts-mag-strip\/"},"modified":"2026-05-14T07:13:40","modified_gmt":"2026-05-14T05:13:40","slug":"last-chance-bogenpress-ersatzteil-magnetstreifen","status":"publish","type":"product","link":"https:\/\/bogensportdiscount.ch\/fr\/produit\/last-chance-bogenpress-ersatzteil-magnetstreifen\/","title":{"rendered":"LAST CHANCE PI\u00c8CES PRESSE D'ARC MAGN\u00c9TIQUE MAG STRIP"},"content":{"rendered":"<p>Cette bande magn\u00e9tique est une pi\u00e8ce de rechange d'origine pour la Last Chance Magnetic Bowpress. Elle est n\u00e9cessaire lorsque la bande magn\u00e9tique existante est us\u00e9e ou doit \u00eatre remplac\u00e9e pour assurer le bon fonctionnement de la presse.<\/p>\n<p>La Last Chance Magnetic Bowpress utilise des bandes magn\u00e9tiques comme \u00e9l\u00e9ment central pour un maintien uniforme et s\u00e9curis\u00e9 de l'arc lors du processus de pressage. Avec la pi\u00e8ce de rechange appropri\u00e9e, la presse reste op\u00e9rationnelle en permanence.<\/p>\n<ul>\n<li>Pi\u00e8ce de rechange d'origine pour la Last Chance Magnetic Bowpress<\/li>\n<li>Remplacement facile en cas d'usure<\/li>\n<li>Assure un maintien s\u00e9curis\u00e9 de l'arc lors du processus de pressage<\/li>\n<\/ul>","protected":false},"excerpt":{"rendered":"<table>\n<tr>\n<th>Propri\u00e9t\u00e9<\/th>\n<th>Valeur<\/th>\n<\/tr>\n<tr>\n<td>Marque<\/td>\n<td>Last Chance<\/td>\n<\/tr>\n<tr>\n<td>Pays d'origine<\/td>\n<td>USA<\/td>\n<\/tr>\n<tr>\n<td>GTIN<\/td>\n<td>853510008109<\/td>\n<\/tr>\n<\/table>","protected":false},"featured_media":442501,"comment_status":"open","ping_status":"closed","template":"","meta":[],"product_brand":[499],"product_cat":[4121,4564,27444],"product_tag":[3546],"class_list":{"0":"post-392430","1":"product","2":"type-product","3":"status-publish","4":"has-post-thumbnail","6":"product_brand-lastchance","7":"product_cat-werkzeuge-training","8":"product_cat-bogenpressen-einzelteile","9":"product_cat-bogenpresse-zubehoer-einzelteile","10":"product_tag-neuheit","11":"product_shipping_class-bsd-standard","13":"first","14":"instock","15":"shipping-taxable","16":"purchasable","17":"product-type-simple"},"yoast_head":"<!-- This site is optimized with the Yoast SEO plugin v27.6 - https:\/\/yoast.com\/product\/yoast-seo-wordpress\/ -->\n<title>LAST CHANCE MAGNETIC BOGENPRESSE TEILE MAG STRIP - Bogensportdiscount \u2013 B\u00f6gen, Pfeile, Targets &amp; Zubeh\u00f6r<\/title>\n<meta name=\"description\" content=\"LAST CHANCE MAGNETIC BOGENPRESSE TEILE MAG STRIP g\u00fcnstig kaufen bei Bogensportdiscount \u2013 Top-Marken, schneller Versand aus der Schweiz.\" \/>\n<meta name=\"robots\" content=\"index, follow, max-snippet:-1, max-image-preview:large, max-video-preview:-1\" \/>\n<link rel=\"canonical\" href=\"https:\/\/bogensportdiscount.ch\/fr\/produit\/last-chance-bogenpress-ersatzteil-magnetstreifen\/\" \/>\n<meta property=\"og:locale\" content=\"fr_FR\" \/>\n<meta property=\"og:type\" content=\"article\" \/>\n<meta property=\"og:title\" content=\"LAST CHANCE MAGNETIC BOGENPRESSE TEILE MAG STRIP - Bogensportdiscount \u2013 B\u00f6gen, Pfeile, Targets &amp; Zubeh\u00f6r\" \/>\n<meta property=\"og:description\" content=\"LAST CHANCE MAGNETIC BOGENPRESSE TEILE MAG STRIP g\u00fcnstig kaufen bei Bogensportdiscount \u2013 Top-Marken, schneller Versand aus der Schweiz.\" \/>\n<meta property=\"og:url\" content=\"https:\/\/bogensportdiscount.ch\/fr\/produit\/last-chance-bogenpress-ersatzteil-magnetstreifen\/\" \/>\n<meta property=\"og:site_name\" content=\"Bogensportdiscount \u2013 B\u00f6gen, Pfeile, Targets &amp; Zubeh\u00f6r\" \/>\n<meta property=\"article:modified_time\" content=\"2026-05-14T05:13:40+00:00\" \/>\n<meta property=\"og:image\" content=\"https:\/\/bogensportdiscount.ch\/wp-content\/uploads\/bsm-images\/A047475_1.jpg\" \/>\n\t<meta property=\"og:image:width\" content=\"2500\" \/>\n\t<meta property=\"og:image:height\" content=\"1407\" \/>\n\t<meta property=\"og:image:type\" content=\"image\/jpeg\" \/>\n<meta name=\"twitter:card\" content=\"summary_large_image\" \/>\n<script type=\"application\/ld+json\" class=\"yoast-schema-graph\">{\"@context\":\"https:\\\/\\\/schema.org\",\"@graph\":[{\"@type\":\"WebPage\",\"@id\":\"https:\\\/\\\/bogensportdiscount.ch\\\/produkt\\\/last-chance-bogenpress-ersatzteil-magnetstreifen\\\/\",\"url\":\"https:\\\/\\\/bogensportdiscount.ch\\\/produkt\\\/last-chance-bogenpress-ersatzteil-magnetstreifen\\\/\",\"name\":\"LAST CHANCE MAGNETIC BOGENPRESSE TEILE MAG STRIP - Bogensportdiscount \u2013 B\u00f6gen, Pfeile, Targets &amp; Zubeh\u00f6r\",\"isPartOf\":{\"@id\":\"https:\\\/\\\/bogensportdiscount.ch\\\/#website\"},\"primaryImageOfPage\":{\"@id\":\"https:\\\/\\\/bogensportdiscount.ch\\\/produkt\\\/last-chance-bogenpress-ersatzteil-magnetstreifen\\\/#primaryimage\"},\"image\":{\"@id\":\"https:\\\/\\\/bogensportdiscount.ch\\\/produkt\\\/last-chance-bogenpress-ersatzteil-magnetstreifen\\\/#primaryimage\"},\"thumbnailUrl\":\"https:\\\/\\\/bogensportdiscount.ch\\\/wp-content\\\/uploads\\\/bsm-images\\\/A047475_1.jpg\",\"datePublished\":\"2026-04-05T12:25:56+00:00\",\"dateModified\":\"2026-05-14T05:13:40+00:00\",\"description\":\"LAST CHANCE MAGNETIC BOGENPRESSE TEILE MAG STRIP g\u00fcnstig kaufen bei Bogensportdiscount \u2013 Top-Marken, schneller Versand aus der Schweiz.\",\"breadcrumb\":{\"@id\":\"https:\\\/\\\/bogensportdiscount.ch\\\/produkt\\\/last-chance-bogenpress-ersatzteil-magnetstreifen\\\/#breadcrumb\"},\"inLanguage\":\"fr-FR\",\"potentialAction\":[{\"@type\":\"ReadAction\",\"target\":[\"https:\\\/\\\/bogensportdiscount.ch\\\/produkt\\\/last-chance-bogenpress-ersatzteil-magnetstreifen\\\/\"]}]},{\"@type\":\"ImageObject\",\"inLanguage\":\"fr-FR\",\"@id\":\"https:\\\/\\\/bogensportdiscount.ch\\\/produkt\\\/last-chance-bogenpress-ersatzteil-magnetstreifen\\\/#primaryimage\",\"url\":\"https:\\\/\\\/bogensportdiscount.ch\\\/wp-content\\\/uploads\\\/bsm-images\\\/A047475_1.jpg\",\"contentUrl\":\"https:\\\/\\\/bogensportdiscount.ch\\\/wp-content\\\/uploads\\\/bsm-images\\\/A047475_1.jpg\",\"width\":2500,\"height\":1407},{\"@type\":\"BreadcrumbList\",\"@id\":\"https:\\\/\\\/bogensportdiscount.ch\\\/produkt\\\/last-chance-bogenpress-ersatzteil-magnetstreifen\\\/#breadcrumb\",\"itemListElement\":[{\"@type\":\"ListItem\",\"position\":1,\"name\":\"Home\",\"item\":\"https:\\\/\\\/bogensportdiscount.ch\\\/\"},{\"@type\":\"ListItem\",\"position\":2,\"name\":\"Shop\",\"item\":\"https:\\\/\\\/bogensportdiscount.ch\\\/shop\\\/\"},{\"@type\":\"ListItem\",\"position\":3,\"name\":\"LAST CHANCE MAGNETIC BOWPRESS PARTS MAG STRIP\"}]},{\"@type\":\"WebSite\",\"@id\":\"https:\\\/\\\/bogensportdiscount.ch\\\/#website\",\"url\":\"https:\\\/\\\/bogensportdiscount.ch\\\/\",\"name\":\"Bogensportdiscount\",\"description\":\"\",\"potentialAction\":[{\"@type\":\"SearchAction\",\"target\":{\"@type\":\"EntryPoint\",\"urlTemplate\":\"https:\\\/\\\/bogensportdiscount.ch\\\/?s={search_term_string}\"},\"query-input\":{\"@type\":\"PropertyValueSpecification\",\"valueRequired\":true,\"valueName\":\"search_term_string\"}}],\"inLanguage\":\"fr-FR\"}]}<\/script>\n<!-- \/ Yoast SEO plugin. -->","yoast_head_json":{"title":"LAST CHANCE MAGNETIC BOGENPRESSE TEILE MAG STRIP - Bogensportdiscount \u2013 B\u00f6gen, Pfeile, Targets &amp; Zubeh\u00f6r","description":"LAST CHANCE MAGNETIC BOGENPRESSE TEILE MAG STRIP g\u00fcnstig kaufen bei Bogensportdiscount \u2013 Top-Marken, schneller Versand aus der Schweiz.","robots":{"index":"index","follow":"follow","max-snippet":"max-snippet:-1","max-image-preview":"max-image-preview:large","max-video-preview":"max-video-preview:-1"},"canonical":"https:\/\/bogensportdiscount.ch\/fr\/produit\/last-chance-bogenpress-ersatzteil-magnetstreifen\/","og_locale":"fr_FR","og_type":"article","og_title":"LAST CHANCE MAGNETIC BOGENPRESSE TEILE MAG STRIP - Bogensportdiscount \u2013 B\u00f6gen, Pfeile, Targets &amp; Zubeh\u00f6r","og_description":"LAST CHANCE MAGNETIC BOGENPRESSE TEILE MAG STRIP g\u00fcnstig kaufen bei Bogensportdiscount \u2013 Top-Marken, schneller Versand aus der Schweiz.","og_url":"https:\/\/bogensportdiscount.ch\/fr\/produit\/last-chance-bogenpress-ersatzteil-magnetstreifen\/","og_site_name":"Bogensportdiscount \u2013 B\u00f6gen, Pfeile, Targets &amp; Zubeh\u00f6r","article_modified_time":"2026-05-14T05:13:40+00:00","og_image":[{"width":2500,"height":1407,"url":"https:\/\/bogensportdiscount.ch\/wp-content\/uploads\/bsm-images\/A047475_1.jpg","type":"image\/jpeg"}],"twitter_card":"summary_large_image","schema":{"@context":"https:\/\/schema.org","@graph":[{"@type":"WebPage","@id":"https:\/\/bogensportdiscount.ch\/produkt\/last-chance-bogenpress-ersatzteil-magnetstreifen\/","url":"https:\/\/bogensportdiscount.ch\/produkt\/last-chance-bogenpress-ersatzteil-magnetstreifen\/","name":"LAST CHANCE MAGNETIC BOGENPRESSE TEILE MAG STRIP - Bogensportdiscount \u2013 B\u00f6gen, Pfeile, Targets &amp; Zubeh\u00f6r","isPartOf":{"@id":"https:\/\/bogensportdiscount.ch\/#website"},"primaryImageOfPage":{"@id":"https:\/\/bogensportdiscount.ch\/produkt\/last-chance-bogenpress-ersatzteil-magnetstreifen\/#primaryimage"},"image":{"@id":"https:\/\/bogensportdiscount.ch\/produkt\/last-chance-bogenpress-ersatzteil-magnetstreifen\/#primaryimage"},"thumbnailUrl":"https:\/\/bogensportdiscount.ch\/wp-content\/uploads\/bsm-images\/A047475_1.jpg","datePublished":"2026-04-05T12:25:56+00:00","dateModified":"2026-05-14T05:13:40+00:00","description":"LAST CHANCE MAGNETIC BOGENPRESSE TEILE MAG STRIP g\u00fcnstig kaufen bei Bogensportdiscount \u2013 Top-Marken, schneller Versand aus der Schweiz.","breadcrumb":{"@id":"https:\/\/bogensportdiscount.ch\/produkt\/last-chance-bogenpress-ersatzteil-magnetstreifen\/#breadcrumb"},"inLanguage":"fr-FR","potentialAction":[{"@type":"ReadAction","target":["https:\/\/bogensportdiscount.ch\/produkt\/last-chance-bogenpress-ersatzteil-magnetstreifen\/"]}]},{"@type":"ImageObject","inLanguage":"fr-FR","@id":"https:\/\/bogensportdiscount.ch\/produkt\/last-chance-bogenpress-ersatzteil-magnetstreifen\/#primaryimage","url":"https:\/\/bogensportdiscount.ch\/wp-content\/uploads\/bsm-images\/A047475_1.jpg","contentUrl":"https:\/\/bogensportdiscount.ch\/wp-content\/uploads\/bsm-images\/A047475_1.jpg","width":2500,"height":1407},{"@type":"BreadcrumbList","@id":"https:\/\/bogensportdiscount.ch\/produkt\/last-chance-bogenpress-ersatzteil-magnetstreifen\/#breadcrumb","itemListElement":[{"@type":"ListItem","position":1,"name":"Home","item":"https:\/\/bogensportdiscount.ch\/"},{"@type":"ListItem","position":2,"name":"Shop","item":"https:\/\/bogensportdiscount.ch\/shop\/"},{"@type":"ListItem","position":3,"name":"LAST CHANCE MAGNETIC BOWPRESS PARTS MAG STRIP"}]},{"@type":"WebSite","@id":"https:\/\/bogensportdiscount.ch\/#website","url":"https:\/\/bogensportdiscount.ch\/","name":"Bogensportdiscount","description":"","potentialAction":[{"@type":"SearchAction","target":{"@type":"EntryPoint","urlTemplate":"https:\/\/bogensportdiscount.ch\/?s={search_term_string}"},"query-input":{"@type":"PropertyValueSpecification","valueRequired":true,"valueName":"search_term_string"}}],"inLanguage":"fr-FR"}]}},"_links":{"self":[{"href":"https:\/\/bogensportdiscount.ch\/fr\/wp-json\/wp\/v2\/product\/392430","targetHints":{"allow":["GET"]}}],"collection":[{"href":"https:\/\/bogensportdiscount.ch\/fr\/wp-json\/wp\/v2\/product"}],"about":[{"href":"https:\/\/bogensportdiscount.ch\/fr\/wp-json\/wp\/v2\/types\/product"}],"replies":[{"embeddable":true,"href":"https:\/\/bogensportdiscount.ch\/fr\/wp-json\/wp\/v2\/comments?post=392430"}],"wp:featuredmedia":[{"embeddable":true,"href":"https:\/\/bogensportdiscount.ch\/fr\/wp-json\/wp\/v2\/media\/442501"}],"wp:attachment":[{"href":"https:\/\/bogensportdiscount.ch\/fr\/wp-json\/wp\/v2\/media?parent=392430"}],"wp:term":[{"taxonomy":"product_brand","embeddable":true,"href":"https:\/\/bogensportdiscount.ch\/fr\/wp-json\/wp\/v2\/product_brand?post=392430"},{"taxonomy":"product_cat","embeddable":true,"href":"https:\/\/bogensportdiscount.ch\/fr\/wp-json\/wp\/v2\/product_cat?post=392430"},{"taxonomy":"product_tag","embeddable":true,"href":"https:\/\/bogensportdiscount.ch\/fr\/wp-json\/wp\/v2\/product_tag?post=392430"}],"curies":[{"name":"wp","href":"https:\/\/api.w.org\/{rel}","templated":true}]}}