{"id":392420,"date":"2026-04-05T14:25:55","date_gmt":"2026-04-05T12:25:55","guid":{"rendered":"https:\/\/bogensportdiscount.ch\/produkt\/killerinstict-killer-instinct-slayer-crossbow-soft-case\/"},"modified":"2026-05-14T07:13:39","modified_gmt":"2026-05-14T05:13:39","slug":"killer-instinct-armbrust-softcase-slayer","status":"publish","type":"product","link":"https:\/\/bogensportdiscount.ch\/fr\/produit\/killer-instinct-armbrust-softcase-slayer\/","title":{"rendered":"KILLERINSTINCT KILLER INSTINCT SLAYER HOUSSE SOUPLE POUR ARBAL\u00c8TE"},"content":{"rendered":"<p>La housse souple Killer Instinct est sp\u00e9cialement con\u00e7ue pour l'arbal\u00e8te Slayer et offre une protection fiable pour le transport et le stockage. La version souple prot\u00e8ge l'arbal\u00e8te contre les dommages superficiels et la salet\u00e9.<\/p>\n<p>Une housse souple convient pour une utilisation quotidienne et de loisir sans complication, lorsqu'aucune mallette rigide n'est n\u00e9cessaire. La housse est l\u00e9g\u00e8re et se range de fa\u00e7on compacte.<\/p>\n<ul>\n<li>Ajustement pr\u00e9cis pour l'arbal\u00e8te Killer Instinct Slayer<\/li>\n<li>Protection contre les rayures et la salet\u00e9<\/li>\n<li>Construction souple l\u00e9g\u00e8re et maniable<\/li>\n<li>Convient pour le transport et le stockage<\/li>\n<\/ul>","protected":false},"excerpt":{"rendered":"<table>\n<tr>\n<th>Propri\u00e9t\u00e9<\/th>\n<th>Valeur<\/th>\n<\/tr>\n<tr>\n<td>Marque<\/td>\n<td>Killer Instinct<\/td>\n<\/tr>\n<tr>\n<td>Couleur<\/td>\n<td>Noir<\/td>\n<\/tr>\n<tr>\n<td>Pays d'origine<\/td>\n<td>Chine<\/td>\n<\/tr>\n<tr>\n<td>GTIN<\/td>\n<td>859826007263<\/td>\n<\/tr>\n<\/table>","protected":false},"featured_media":442511,"comment_status":"open","ping_status":"closed","template":"","meta":[],"product_brand":[627],"product_cat":[4135,4373,27449],"product_tag":[3546],"class_list":{"0":"post-392420","1":"product","2":"type-product","3":"status-publish","4":"has-post-thumbnail","6":"product_brand-killerinstict","7":"product_cat-armbrust-zubehoer","8":"product_cat-armbrueste-taschen","9":"product_cat-taschen-koffer-armbrust-zubehoer-2","10":"product_tag-neuheit","11":"product_shipping_class-bsd-standard","13":"first","14":"instock","15":"shipping-taxable","16":"purchasable","17":"product-type-simple"},"yoast_head":"<!-- This site is optimized with the Yoast SEO plugin v27.6 - https:\/\/yoast.com\/product\/yoast-seo-wordpress\/ -->\n<title>KILLERINSTINCT KILLER INSTINCT SLAYER ARMBRUST SOFTCASE - Bogensportdiscount \u2013 B\u00f6gen, Pfeile, Targets &amp; Zubeh\u00f6r<\/title>\n<meta name=\"description\" content=\"KILLERINSTINCT KILLER INSTINCT SLAYER ARMBRUST SOFTCASE g\u00fcnstig kaufen bei Bogensportdiscount \u2013 Top-Marken, schneller Versand aus der Schweiz.\" \/>\n<meta name=\"robots\" content=\"index, follow, max-snippet:-1, max-image-preview:large, max-video-preview:-1\" \/>\n<link rel=\"canonical\" href=\"https:\/\/bogensportdiscount.ch\/fr\/produit\/killer-instinct-armbrust-softcase-slayer\/\" \/>\n<meta property=\"og:locale\" content=\"fr_FR\" \/>\n<meta property=\"og:type\" content=\"article\" \/>\n<meta property=\"og:title\" content=\"KILLERINSTINCT KILLER INSTINCT SLAYER ARMBRUST SOFTCASE - Bogensportdiscount \u2013 B\u00f6gen, Pfeile, Targets &amp; Zubeh\u00f6r\" \/>\n<meta property=\"og:description\" content=\"KILLERINSTINCT KILLER INSTINCT SLAYER ARMBRUST SOFTCASE g\u00fcnstig kaufen bei Bogensportdiscount \u2013 Top-Marken, schneller Versand aus der Schweiz.\" \/>\n<meta property=\"og:url\" content=\"https:\/\/bogensportdiscount.ch\/fr\/produit\/killer-instinct-armbrust-softcase-slayer\/\" \/>\n<meta property=\"og:site_name\" content=\"Bogensportdiscount \u2013 B\u00f6gen, Pfeile, Targets &amp; Zubeh\u00f6r\" \/>\n<meta property=\"article:modified_time\" content=\"2026-05-14T05:13:39+00:00\" \/>\n<meta property=\"og:image\" content=\"https:\/\/bogensportdiscount.ch\/wp-content\/uploads\/bsm-images\/A047347_1.png\" \/>\n\t<meta property=\"og:image:width\" content=\"3859\" \/>\n\t<meta property=\"og:image:height\" content=\"2665\" \/>\n\t<meta property=\"og:image:type\" content=\"image\/png\" \/>\n<meta name=\"twitter:card\" content=\"summary_large_image\" \/>\n<script type=\"application\/ld+json\" class=\"yoast-schema-graph\">{\"@context\":\"https:\\\/\\\/schema.org\",\"@graph\":[{\"@type\":\"WebPage\",\"@id\":\"https:\\\/\\\/bogensportdiscount.ch\\\/produkt\\\/killer-instinct-armbrust-softcase-slayer\\\/\",\"url\":\"https:\\\/\\\/bogensportdiscount.ch\\\/produkt\\\/killer-instinct-armbrust-softcase-slayer\\\/\",\"name\":\"KILLERINSTINCT KILLER INSTINCT SLAYER ARMBRUST SOFTCASE - Bogensportdiscount \u2013 B\u00f6gen, Pfeile, Targets &amp; Zubeh\u00f6r\",\"isPartOf\":{\"@id\":\"https:\\\/\\\/bogensportdiscount.ch\\\/#website\"},\"primaryImageOfPage\":{\"@id\":\"https:\\\/\\\/bogensportdiscount.ch\\\/produkt\\\/killer-instinct-armbrust-softcase-slayer\\\/#primaryimage\"},\"image\":{\"@id\":\"https:\\\/\\\/bogensportdiscount.ch\\\/produkt\\\/killer-instinct-armbrust-softcase-slayer\\\/#primaryimage\"},\"thumbnailUrl\":\"https:\\\/\\\/bogensportdiscount.ch\\\/wp-content\\\/uploads\\\/bsm-images\\\/A047347_1.png\",\"datePublished\":\"2026-04-05T12:25:55+00:00\",\"dateModified\":\"2026-05-14T05:13:39+00:00\",\"description\":\"KILLERINSTINCT KILLER INSTINCT SLAYER ARMBRUST SOFTCASE g\u00fcnstig kaufen bei Bogensportdiscount \u2013 Top-Marken, schneller Versand aus der Schweiz.\",\"breadcrumb\":{\"@id\":\"https:\\\/\\\/bogensportdiscount.ch\\\/produkt\\\/killer-instinct-armbrust-softcase-slayer\\\/#breadcrumb\"},\"inLanguage\":\"fr-FR\",\"potentialAction\":[{\"@type\":\"ReadAction\",\"target\":[\"https:\\\/\\\/bogensportdiscount.ch\\\/produkt\\\/killer-instinct-armbrust-softcase-slayer\\\/\"]}]},{\"@type\":\"ImageObject\",\"inLanguage\":\"fr-FR\",\"@id\":\"https:\\\/\\\/bogensportdiscount.ch\\\/produkt\\\/killer-instinct-armbrust-softcase-slayer\\\/#primaryimage\",\"url\":\"https:\\\/\\\/bogensportdiscount.ch\\\/wp-content\\\/uploads\\\/bsm-images\\\/A047347_1.png\",\"contentUrl\":\"https:\\\/\\\/bogensportdiscount.ch\\\/wp-content\\\/uploads\\\/bsm-images\\\/A047347_1.png\",\"width\":3859,\"height\":2665},{\"@type\":\"BreadcrumbList\",\"@id\":\"https:\\\/\\\/bogensportdiscount.ch\\\/produkt\\\/killer-instinct-armbrust-softcase-slayer\\\/#breadcrumb\",\"itemListElement\":[{\"@type\":\"ListItem\",\"position\":1,\"name\":\"Home\",\"item\":\"https:\\\/\\\/bogensportdiscount.ch\\\/\"},{\"@type\":\"ListItem\",\"position\":2,\"name\":\"Shop\",\"item\":\"https:\\\/\\\/bogensportdiscount.ch\\\/shop\\\/\"},{\"@type\":\"ListItem\",\"position\":3,\"name\":\"KILLERINSTICT KILLER INSTINCT SLAYER CROSSBOW SOFT CASE\"}]},{\"@type\":\"WebSite\",\"@id\":\"https:\\\/\\\/bogensportdiscount.ch\\\/#website\",\"url\":\"https:\\\/\\\/bogensportdiscount.ch\\\/\",\"name\":\"Bogensportdiscount\",\"description\":\"\",\"potentialAction\":[{\"@type\":\"SearchAction\",\"target\":{\"@type\":\"EntryPoint\",\"urlTemplate\":\"https:\\\/\\\/bogensportdiscount.ch\\\/?s={search_term_string}\"},\"query-input\":{\"@type\":\"PropertyValueSpecification\",\"valueRequired\":true,\"valueName\":\"search_term_string\"}}],\"inLanguage\":\"fr-FR\"}]}<\/script>\n<!-- \/ Yoast SEO plugin. -->","yoast_head_json":{"title":"KILLERINSTINCT KILLER INSTINCT SLAYER ARMBRUST SOFTCASE - Bogensportdiscount \u2013 B\u00f6gen, Pfeile, Targets &amp; Zubeh\u00f6r","description":"KILLERINSTINCT KILLER INSTINCT SLAYER ARMBRUST SOFTCASE g\u00fcnstig kaufen bei Bogensportdiscount \u2013 Top-Marken, schneller Versand aus der Schweiz.","robots":{"index":"index","follow":"follow","max-snippet":"max-snippet:-1","max-image-preview":"max-image-preview:large","max-video-preview":"max-video-preview:-1"},"canonical":"https:\/\/bogensportdiscount.ch\/fr\/produit\/killer-instinct-armbrust-softcase-slayer\/","og_locale":"fr_FR","og_type":"article","og_title":"KILLERINSTINCT KILLER INSTINCT SLAYER ARMBRUST SOFTCASE - Bogensportdiscount \u2013 B\u00f6gen, Pfeile, Targets &amp; Zubeh\u00f6r","og_description":"KILLERINSTINCT KILLER INSTINCT SLAYER ARMBRUST SOFTCASE g\u00fcnstig kaufen bei Bogensportdiscount \u2013 Top-Marken, schneller Versand aus der Schweiz.","og_url":"https:\/\/bogensportdiscount.ch\/fr\/produit\/killer-instinct-armbrust-softcase-slayer\/","og_site_name":"Bogensportdiscount \u2013 B\u00f6gen, Pfeile, Targets &amp; Zubeh\u00f6r","article_modified_time":"2026-05-14T05:13:39+00:00","og_image":[{"url":"https:\/\/bogensportdiscount.ch\/wp-content\/uploads\/bsm-images\/A047347_1.png","width":3859,"height":2665,"type":"image\/png"}],"twitter_card":"summary_large_image","schema":{"@context":"https:\/\/schema.org","@graph":[{"@type":"WebPage","@id":"https:\/\/bogensportdiscount.ch\/produkt\/killer-instinct-armbrust-softcase-slayer\/","url":"https:\/\/bogensportdiscount.ch\/produkt\/killer-instinct-armbrust-softcase-slayer\/","name":"KILLERINSTINCT KILLER INSTINCT SLAYER ARMBRUST SOFTCASE - Bogensportdiscount \u2013 B\u00f6gen, Pfeile, Targets &amp; Zubeh\u00f6r","isPartOf":{"@id":"https:\/\/bogensportdiscount.ch\/#website"},"primaryImageOfPage":{"@id":"https:\/\/bogensportdiscount.ch\/produkt\/killer-instinct-armbrust-softcase-slayer\/#primaryimage"},"image":{"@id":"https:\/\/bogensportdiscount.ch\/produkt\/killer-instinct-armbrust-softcase-slayer\/#primaryimage"},"thumbnailUrl":"https:\/\/bogensportdiscount.ch\/wp-content\/uploads\/bsm-images\/A047347_1.png","datePublished":"2026-04-05T12:25:55+00:00","dateModified":"2026-05-14T05:13:39+00:00","description":"KILLERINSTINCT KILLER INSTINCT SLAYER ARMBRUST SOFTCASE g\u00fcnstig kaufen bei Bogensportdiscount \u2013 Top-Marken, schneller Versand aus der Schweiz.","breadcrumb":{"@id":"https:\/\/bogensportdiscount.ch\/produkt\/killer-instinct-armbrust-softcase-slayer\/#breadcrumb"},"inLanguage":"fr-FR","potentialAction":[{"@type":"ReadAction","target":["https:\/\/bogensportdiscount.ch\/produkt\/killer-instinct-armbrust-softcase-slayer\/"]}]},{"@type":"ImageObject","inLanguage":"fr-FR","@id":"https:\/\/bogensportdiscount.ch\/produkt\/killer-instinct-armbrust-softcase-slayer\/#primaryimage","url":"https:\/\/bogensportdiscount.ch\/wp-content\/uploads\/bsm-images\/A047347_1.png","contentUrl":"https:\/\/bogensportdiscount.ch\/wp-content\/uploads\/bsm-images\/A047347_1.png","width":3859,"height":2665},{"@type":"BreadcrumbList","@id":"https:\/\/bogensportdiscount.ch\/produkt\/killer-instinct-armbrust-softcase-slayer\/#breadcrumb","itemListElement":[{"@type":"ListItem","position":1,"name":"Home","item":"https:\/\/bogensportdiscount.ch\/"},{"@type":"ListItem","position":2,"name":"Shop","item":"https:\/\/bogensportdiscount.ch\/shop\/"},{"@type":"ListItem","position":3,"name":"KILLERINSTICT KILLER INSTINCT SLAYER CROSSBOW SOFT CASE"}]},{"@type":"WebSite","@id":"https:\/\/bogensportdiscount.ch\/#website","url":"https:\/\/bogensportdiscount.ch\/","name":"Bogensportdiscount","description":"","potentialAction":[{"@type":"SearchAction","target":{"@type":"EntryPoint","urlTemplate":"https:\/\/bogensportdiscount.ch\/?s={search_term_string}"},"query-input":{"@type":"PropertyValueSpecification","valueRequired":true,"valueName":"search_term_string"}}],"inLanguage":"fr-FR"}]}},"_links":{"self":[{"href":"https:\/\/bogensportdiscount.ch\/fr\/wp-json\/wp\/v2\/product\/392420","targetHints":{"allow":["GET"]}}],"collection":[{"href":"https:\/\/bogensportdiscount.ch\/fr\/wp-json\/wp\/v2\/product"}],"about":[{"href":"https:\/\/bogensportdiscount.ch\/fr\/wp-json\/wp\/v2\/types\/product"}],"replies":[{"embeddable":true,"href":"https:\/\/bogensportdiscount.ch\/fr\/wp-json\/wp\/v2\/comments?post=392420"}],"wp:featuredmedia":[{"embeddable":true,"href":"https:\/\/bogensportdiscount.ch\/fr\/wp-json\/wp\/v2\/media\/442511"}],"wp:attachment":[{"href":"https:\/\/bogensportdiscount.ch\/fr\/wp-json\/wp\/v2\/media?parent=392420"}],"wp:term":[{"taxonomy":"product_brand","embeddable":true,"href":"https:\/\/bogensportdiscount.ch\/fr\/wp-json\/wp\/v2\/product_brand?post=392420"},{"taxonomy":"product_cat","embeddable":true,"href":"https:\/\/bogensportdiscount.ch\/fr\/wp-json\/wp\/v2\/product_cat?post=392420"},{"taxonomy":"product_tag","embeddable":true,"href":"https:\/\/bogensportdiscount.ch\/fr\/wp-json\/wp\/v2\/product_tag?post=392420"}],"curies":[{"name":"wp","href":"https:\/\/api.w.org\/{rel}","templated":true}]}}