{"id":392405,"date":"2026-04-05T14:25:51","date_gmt":"2026-04-05T12:25:51","guid":{"rendered":"https:\/\/bogensportdiscount.ch\/produkt\/mantis-x8-archery-shooting-analysis-system\/"},"modified":"2026-04-15T12:14:01","modified_gmt":"2026-04-15T10:14:01","slug":"mantis-x8-archery-schiessanalyse-system","status":"publish","type":"product","link":"https:\/\/bogensportdiscount.ch\/fr\/produit\/mantis-x8-archery-schiessanalyse-system\/","title":{"rendered":"MANTIS X8 SYST\u00c8ME D'ANALYSE DE TIR \u00c0 L'ARC"},"content":{"rendered":"<p>Das MANTIS X8 ist ein Schiessanalyse-System speziell f\u00fcr den Bogensport. Es erfasst mithilfe von Sensoren die Bewegungen des Bogens w\u00e4hrend des gesamten Schussablaufs \u2013 von der Ausholbewegung bis zum Pfeilabgang \u2013 und \u00fcbertr\u00e4gt die Daten in Echtzeit an eine kompatible App.<\/p>\n<p>Die ausgewerteten Daten helfen Bogensch\u00fctzen, Fehler in der Schusstechnik zu erkennen und gezielt daran zu arbeiten. Das System eignet sich sowohl f\u00fcr das Training mit Pfeil als auch f\u00fcr das Trockentraining.<\/p>\n<ul>\n<li>Echtzeit-Analyse des Schussablaufs<\/li>\n<li>Kompatibel mit der MANTIS App (iOS &amp; Android)<\/li>\n<li>Geeignet f\u00fcr Recurve- und Compoundbogen<\/li>\n<li>Unterst\u00fctzt Trockentraining und scharfes Training<\/li>\n<\/ul>","protected":false},"excerpt":{"rendered":"<p>Das MANTIS X8 Archery Shooting Analysis System ist ein elektronisches Trainingsger\u00e4t f\u00fcr Bogensch\u00fctzen. Es analysiert Bewegungsabl\u00e4ufe beim Schuss und liefert detailliertes Feedback zur Verbesserung der Schusstechnik. Das System ist aus den USA und wird direkt am Bogen befestigt.<\/p>","protected":false},"featured_media":446655,"comment_status":"open","ping_status":"closed","template":"","meta":[],"product_brand":[832],"product_cat":[4380],"product_tag":[3546],"class_list":{"0":"post-392405","1":"product","2":"type-product","3":"status-publish","4":"has-post-thumbnail","6":"product_brand-mantis","7":"product_cat-other","8":"product_tag-neuheit","10":"first","11":"instock","12":"shipping-taxable","13":"purchasable","14":"product-type-simple"},"_links":{"self":[{"href":"https:\/\/bogensportdiscount.ch\/fr\/wp-json\/wp\/v2\/product\/392405","targetHints":{"allow":["GET"]}}],"collection":[{"href":"https:\/\/bogensportdiscount.ch\/fr\/wp-json\/wp\/v2\/product"}],"about":[{"href":"https:\/\/bogensportdiscount.ch\/fr\/wp-json\/wp\/v2\/types\/product"}],"replies":[{"embeddable":true,"href":"https:\/\/bogensportdiscount.ch\/fr\/wp-json\/wp\/v2\/comments?post=392405"}],"wp:featuredmedia":[{"embeddable":true,"href":"https:\/\/bogensportdiscount.ch\/fr\/wp-json\/wp\/v2\/media\/446655"}],"wp:attachment":[{"href":"https:\/\/bogensportdiscount.ch\/fr\/wp-json\/wp\/v2\/media?parent=392405"}],"wp:term":[{"taxonomy":"product_brand","embeddable":true,"href":"https:\/\/bogensportdiscount.ch\/fr\/wp-json\/wp\/v2\/product_brand?post=392405"},{"taxonomy":"product_cat","embeddable":true,"href":"https:\/\/bogensportdiscount.ch\/fr\/wp-json\/wp\/v2\/product_cat?post=392405"},{"taxonomy":"product_tag","embeddable":true,"href":"https:\/\/bogensportdiscount.ch\/fr\/wp-json\/wp\/v2\/product_tag?post=392405"}],"curies":[{"name":"wp","href":"https:\/\/api.w.org\/{rel}","templated":true}]}}