{"id":392397,"date":"2026-04-05T14:25:50","date_gmt":"2026-04-05T12:25:50","guid":{"rendered":"https:\/\/bogensportdiscount.ch\/produkt\/mathews-engage-compound-bowstands-limb-leg-black-mathews-bows-only\/"},"modified":"2026-05-14T07:13:39","modified_gmt":"2026-05-14T05:13:39","slug":"mathews-engage-compound-bogenstaender-limb-leg-schwarz","status":"publish","type":"product","link":"https:\/\/bogensportdiscount.ch\/fr\/produit\/mathews-engage-compound-bogenstaender-limb-leg-schwarz\/","title":{"rendered":"MATHEWS ENGAGE SUPPORT D'ARC \u00c0 POULIES BRANCHES NOIR &#8211; UNIQUEMENT POUR ARCS MATHEWS"},"content":{"rendered":"<p>Le porte-arc MATHEWS Engage a \u00e9t\u00e9 sp\u00e9cialement d\u00e9velopp\u00e9 pour les arcs \u00e0 poulies de la marque MATHEWS. Gr\u00e2ce \u00e0 la construction Limb Leg, le support repose sur la branche inf\u00e9rieure de l'arc et offre ainsi une tenue s\u00fbre et stable.<\/p>\n<p>Le support est exclusivement compatible avec les arcs MATHEWS et ne doit pas \u00eatre utilis\u00e9 avec d'autres marques. La version noire s'int\u00e8gre visuellement de mani\u00e8re harmonieuse dans le design typique des arcs \u00e0 poulies MATHEWS.<\/p>\n<ul>\n<li>Con\u00e7u sp\u00e9cialement pour les arcs \u00e0 poulies MATHEWS<\/li>\n<li>Principe de fixation Limb Leg pour une tenue stable<\/li>\n<li>Couleur : Noir<\/li>\n<li>Maintient l'arc en toute s\u00e9curit\u00e9 en position verticale<\/li>\n<\/ul>","protected":false},"excerpt":{"rendered":"<table>\n<tr>\n<th>Propri\u00e9t\u00e9<\/th>\n<th>Valeur<\/th>\n<\/tr>\n<tr>\n<td>Marque<\/td>\n<td>Mathews<\/td>\n<\/tr>\n<tr>\n<td>Type<\/td>\n<td>Fixed<\/td>\n<\/tr>\n<tr>\n<td>Couleur<\/td>\n<td>Noir<\/td>\n<\/tr>\n<tr>\n<td>Pays d'origine<\/td>\n<td>USA<\/td>\n<\/tr>\n<\/table>","protected":false},"featured_media":446664,"comment_status":"open","ping_status":"closed","template":"","meta":[],"product_brand":[427],"product_cat":[4124,4183,4187],"product_tag":[3546],"class_list":{"0":"post-392397","1":"product","2":"type-product","3":"status-publish","4":"has-post-thumbnail","6":"product_brand-mathews","7":"product_cat-bogenschuetzer-ausruestung","8":"product_cat-bogenstand","9":"product_cat-compound-bogenstand","10":"product_tag-neuheit","11":"product_shipping_class-bsd-standard","13":"first","14":"instock","15":"shipping-taxable","16":"purchasable","17":"product-type-simple"},"yoast_head":"<!-- This site is optimized with the Yoast SEO plugin v27.6 - https:\/\/yoast.com\/product\/yoast-seo-wordpress\/ -->\n<title>MATHEWS ENGAGE COMPOUNDBOGEN BOGENST\u00c4NDER WURFARME SCHWARZ - NUR F\u00dcR MATHEWS B\u00d6GEN - Bogensportdiscount \u2013 B\u00f6gen, Pfeile, Targets &amp; Zubeh\u00f6r<\/title>\n<meta name=\"description\" content=\"MATHEWS ENGAGE COMPOUNDBOGEN BOGENST\u00c4NDER WURFARME SCHWARZ - NUR F\u00dcR MATHEWS B\u00d6GEN g\u00fcnstig kaufen bei Bogensportdiscount \u2013 Top-Marken, schneller Versand aus der Schweiz.\" \/>\n<meta name=\"robots\" content=\"index, follow, max-snippet:-1, max-image-preview:large, max-video-preview:-1\" \/>\n<link rel=\"canonical\" href=\"https:\/\/bogensportdiscount.ch\/fr\/produit\/mathews-engage-compound-bogenstaender-limb-leg-schwarz\/\" \/>\n<meta property=\"og:locale\" content=\"fr_FR\" \/>\n<meta property=\"og:type\" content=\"article\" \/>\n<meta property=\"og:title\" content=\"MATHEWS ENGAGE COMPOUNDBOGEN BOGENST\u00c4NDER WURFARME SCHWARZ - NUR F\u00dcR MATHEWS B\u00d6GEN - Bogensportdiscount \u2013 B\u00f6gen, Pfeile, Targets &amp; Zubeh\u00f6r\" \/>\n<meta property=\"og:description\" content=\"MATHEWS ENGAGE COMPOUNDBOGEN BOGENST\u00c4NDER WURFARME SCHWARZ - NUR F\u00dcR MATHEWS B\u00d6GEN g\u00fcnstig kaufen bei Bogensportdiscount \u2013 Top-Marken, schneller Versand aus der Schweiz.\" \/>\n<meta property=\"og:url\" content=\"https:\/\/bogensportdiscount.ch\/fr\/produit\/mathews-engage-compound-bogenstaender-limb-leg-schwarz\/\" \/>\n<meta property=\"og:site_name\" content=\"Bogensportdiscount \u2013 B\u00f6gen, Pfeile, Targets &amp; Zubeh\u00f6r\" \/>\n<meta property=\"article:modified_time\" content=\"2026-05-14T05:13:39+00:00\" \/>\n<meta property=\"og:image\" content=\"https:\/\/bogensportdiscount.ch\/wp-content\/uploads\/bsm-images\/A046342_1.png\" \/>\n\t<meta property=\"og:image:width\" content=\"2560\" \/>\n\t<meta property=\"og:image:height\" content=\"2336\" \/>\n\t<meta property=\"og:image:type\" content=\"image\/png\" \/>\n<meta name=\"twitter:card\" content=\"summary_large_image\" \/>\n<script type=\"application\/ld+json\" class=\"yoast-schema-graph\">{\"@context\":\"https:\\\/\\\/schema.org\",\"@graph\":[{\"@type\":\"WebPage\",\"@id\":\"https:\\\/\\\/bogensportdiscount.ch\\\/produkt\\\/mathews-engage-compound-bogenstaender-limb-leg-schwarz\\\/\",\"url\":\"https:\\\/\\\/bogensportdiscount.ch\\\/produkt\\\/mathews-engage-compound-bogenstaender-limb-leg-schwarz\\\/\",\"name\":\"MATHEWS ENGAGE COMPOUNDBOGEN BOGENST\u00c4NDER WURFARME SCHWARZ - NUR F\u00dcR MATHEWS B\u00d6GEN - Bogensportdiscount \u2013 B\u00f6gen, Pfeile, Targets &amp; Zubeh\u00f6r\",\"isPartOf\":{\"@id\":\"https:\\\/\\\/bogensportdiscount.ch\\\/#website\"},\"primaryImageOfPage\":{\"@id\":\"https:\\\/\\\/bogensportdiscount.ch\\\/produkt\\\/mathews-engage-compound-bogenstaender-limb-leg-schwarz\\\/#primaryimage\"},\"image\":{\"@id\":\"https:\\\/\\\/bogensportdiscount.ch\\\/produkt\\\/mathews-engage-compound-bogenstaender-limb-leg-schwarz\\\/#primaryimage\"},\"thumbnailUrl\":\"https:\\\/\\\/bogensportdiscount.ch\\\/wp-content\\\/uploads\\\/bsm-images\\\/A046342_1.png\",\"datePublished\":\"2026-04-05T12:25:50+00:00\",\"dateModified\":\"2026-05-14T05:13:39+00:00\",\"description\":\"MATHEWS ENGAGE COMPOUNDBOGEN BOGENST\u00c4NDER WURFARME SCHWARZ - NUR F\u00dcR MATHEWS B\u00d6GEN g\u00fcnstig kaufen bei Bogensportdiscount \u2013 Top-Marken, schneller Versand aus der Schweiz.\",\"breadcrumb\":{\"@id\":\"https:\\\/\\\/bogensportdiscount.ch\\\/produkt\\\/mathews-engage-compound-bogenstaender-limb-leg-schwarz\\\/#breadcrumb\"},\"inLanguage\":\"fr-FR\",\"potentialAction\":[{\"@type\":\"ReadAction\",\"target\":[\"https:\\\/\\\/bogensportdiscount.ch\\\/produkt\\\/mathews-engage-compound-bogenstaender-limb-leg-schwarz\\\/\"]}]},{\"@type\":\"ImageObject\",\"inLanguage\":\"fr-FR\",\"@id\":\"https:\\\/\\\/bogensportdiscount.ch\\\/produkt\\\/mathews-engage-compound-bogenstaender-limb-leg-schwarz\\\/#primaryimage\",\"url\":\"https:\\\/\\\/bogensportdiscount.ch\\\/wp-content\\\/uploads\\\/bsm-images\\\/A046342_1.png\",\"contentUrl\":\"https:\\\/\\\/bogensportdiscount.ch\\\/wp-content\\\/uploads\\\/bsm-images\\\/A046342_1.png\",\"width\":2560,\"height\":2336},{\"@type\":\"BreadcrumbList\",\"@id\":\"https:\\\/\\\/bogensportdiscount.ch\\\/produkt\\\/mathews-engage-compound-bogenstaender-limb-leg-schwarz\\\/#breadcrumb\",\"itemListElement\":[{\"@type\":\"ListItem\",\"position\":1,\"name\":\"Home\",\"item\":\"https:\\\/\\\/bogensportdiscount.ch\\\/\"},{\"@type\":\"ListItem\",\"position\":2,\"name\":\"Shop\",\"item\":\"https:\\\/\\\/bogensportdiscount.ch\\\/shop\\\/\"},{\"@type\":\"ListItem\",\"position\":3,\"name\":\"MATHEWS ENGAGE COMPOUND BOWSTANDS LIMB LEG BLACK &#8211; MATHEWS BOWS ONLY\"}]},{\"@type\":\"WebSite\",\"@id\":\"https:\\\/\\\/bogensportdiscount.ch\\\/#website\",\"url\":\"https:\\\/\\\/bogensportdiscount.ch\\\/\",\"name\":\"Bogensportdiscount\",\"description\":\"\",\"potentialAction\":[{\"@type\":\"SearchAction\",\"target\":{\"@type\":\"EntryPoint\",\"urlTemplate\":\"https:\\\/\\\/bogensportdiscount.ch\\\/?s={search_term_string}\"},\"query-input\":{\"@type\":\"PropertyValueSpecification\",\"valueRequired\":true,\"valueName\":\"search_term_string\"}}],\"inLanguage\":\"fr-FR\"}]}<\/script>\n<!-- \/ Yoast SEO plugin. -->","yoast_head_json":{"title":"MATHEWS ENGAGE COMPOUNDBOGEN BOGENST\u00c4NDER WURFARME SCHWARZ - NUR F\u00dcR MATHEWS B\u00d6GEN - Bogensportdiscount \u2013 B\u00f6gen, Pfeile, Targets &amp; Zubeh\u00f6r","description":"MATHEWS ENGAGE COMPOUNDBOGEN BOGENST\u00c4NDER WURFARME SCHWARZ - NUR F\u00dcR MATHEWS B\u00d6GEN g\u00fcnstig kaufen bei Bogensportdiscount \u2013 Top-Marken, schneller Versand aus der Schweiz.","robots":{"index":"index","follow":"follow","max-snippet":"max-snippet:-1","max-image-preview":"max-image-preview:large","max-video-preview":"max-video-preview:-1"},"canonical":"https:\/\/bogensportdiscount.ch\/fr\/produit\/mathews-engage-compound-bogenstaender-limb-leg-schwarz\/","og_locale":"fr_FR","og_type":"article","og_title":"MATHEWS ENGAGE COMPOUNDBOGEN BOGENST\u00c4NDER WURFARME SCHWARZ - NUR F\u00dcR MATHEWS B\u00d6GEN - Bogensportdiscount \u2013 B\u00f6gen, Pfeile, Targets &amp; Zubeh\u00f6r","og_description":"MATHEWS ENGAGE COMPOUNDBOGEN BOGENST\u00c4NDER WURFARME SCHWARZ - NUR F\u00dcR MATHEWS B\u00d6GEN g\u00fcnstig kaufen bei Bogensportdiscount \u2013 Top-Marken, schneller Versand aus der Schweiz.","og_url":"https:\/\/bogensportdiscount.ch\/fr\/produit\/mathews-engage-compound-bogenstaender-limb-leg-schwarz\/","og_site_name":"Bogensportdiscount \u2013 B\u00f6gen, Pfeile, Targets &amp; Zubeh\u00f6r","article_modified_time":"2026-05-14T05:13:39+00:00","og_image":[{"width":2560,"height":2336,"url":"https:\/\/bogensportdiscount.ch\/wp-content\/uploads\/bsm-images\/A046342_1.png","type":"image\/png"}],"twitter_card":"summary_large_image","schema":{"@context":"https:\/\/schema.org","@graph":[{"@type":"WebPage","@id":"https:\/\/bogensportdiscount.ch\/produkt\/mathews-engage-compound-bogenstaender-limb-leg-schwarz\/","url":"https:\/\/bogensportdiscount.ch\/produkt\/mathews-engage-compound-bogenstaender-limb-leg-schwarz\/","name":"MATHEWS ENGAGE COMPOUNDBOGEN BOGENST\u00c4NDER WURFARME SCHWARZ - NUR F\u00dcR MATHEWS B\u00d6GEN - Bogensportdiscount \u2013 B\u00f6gen, Pfeile, Targets &amp; Zubeh\u00f6r","isPartOf":{"@id":"https:\/\/bogensportdiscount.ch\/#website"},"primaryImageOfPage":{"@id":"https:\/\/bogensportdiscount.ch\/produkt\/mathews-engage-compound-bogenstaender-limb-leg-schwarz\/#primaryimage"},"image":{"@id":"https:\/\/bogensportdiscount.ch\/produkt\/mathews-engage-compound-bogenstaender-limb-leg-schwarz\/#primaryimage"},"thumbnailUrl":"https:\/\/bogensportdiscount.ch\/wp-content\/uploads\/bsm-images\/A046342_1.png","datePublished":"2026-04-05T12:25:50+00:00","dateModified":"2026-05-14T05:13:39+00:00","description":"MATHEWS ENGAGE COMPOUNDBOGEN BOGENST\u00c4NDER WURFARME SCHWARZ - NUR F\u00dcR MATHEWS B\u00d6GEN g\u00fcnstig kaufen bei Bogensportdiscount \u2013 Top-Marken, schneller Versand aus der Schweiz.","breadcrumb":{"@id":"https:\/\/bogensportdiscount.ch\/produkt\/mathews-engage-compound-bogenstaender-limb-leg-schwarz\/#breadcrumb"},"inLanguage":"fr-FR","potentialAction":[{"@type":"ReadAction","target":["https:\/\/bogensportdiscount.ch\/produkt\/mathews-engage-compound-bogenstaender-limb-leg-schwarz\/"]}]},{"@type":"ImageObject","inLanguage":"fr-FR","@id":"https:\/\/bogensportdiscount.ch\/produkt\/mathews-engage-compound-bogenstaender-limb-leg-schwarz\/#primaryimage","url":"https:\/\/bogensportdiscount.ch\/wp-content\/uploads\/bsm-images\/A046342_1.png","contentUrl":"https:\/\/bogensportdiscount.ch\/wp-content\/uploads\/bsm-images\/A046342_1.png","width":2560,"height":2336},{"@type":"BreadcrumbList","@id":"https:\/\/bogensportdiscount.ch\/produkt\/mathews-engage-compound-bogenstaender-limb-leg-schwarz\/#breadcrumb","itemListElement":[{"@type":"ListItem","position":1,"name":"Home","item":"https:\/\/bogensportdiscount.ch\/"},{"@type":"ListItem","position":2,"name":"Shop","item":"https:\/\/bogensportdiscount.ch\/shop\/"},{"@type":"ListItem","position":3,"name":"MATHEWS ENGAGE COMPOUND BOWSTANDS LIMB LEG BLACK &#8211; MATHEWS BOWS ONLY"}]},{"@type":"WebSite","@id":"https:\/\/bogensportdiscount.ch\/#website","url":"https:\/\/bogensportdiscount.ch\/","name":"Bogensportdiscount","description":"","potentialAction":[{"@type":"SearchAction","target":{"@type":"EntryPoint","urlTemplate":"https:\/\/bogensportdiscount.ch\/?s={search_term_string}"},"query-input":{"@type":"PropertyValueSpecification","valueRequired":true,"valueName":"search_term_string"}}],"inLanguage":"fr-FR"}]}},"_links":{"self":[{"href":"https:\/\/bogensportdiscount.ch\/fr\/wp-json\/wp\/v2\/product\/392397","targetHints":{"allow":["GET"]}}],"collection":[{"href":"https:\/\/bogensportdiscount.ch\/fr\/wp-json\/wp\/v2\/product"}],"about":[{"href":"https:\/\/bogensportdiscount.ch\/fr\/wp-json\/wp\/v2\/types\/product"}],"replies":[{"embeddable":true,"href":"https:\/\/bogensportdiscount.ch\/fr\/wp-json\/wp\/v2\/comments?post=392397"}],"wp:featuredmedia":[{"embeddable":true,"href":"https:\/\/bogensportdiscount.ch\/fr\/wp-json\/wp\/v2\/media\/446664"}],"wp:attachment":[{"href":"https:\/\/bogensportdiscount.ch\/fr\/wp-json\/wp\/v2\/media?parent=392397"}],"wp:term":[{"taxonomy":"product_brand","embeddable":true,"href":"https:\/\/bogensportdiscount.ch\/fr\/wp-json\/wp\/v2\/product_brand?post=392397"},{"taxonomy":"product_cat","embeddable":true,"href":"https:\/\/bogensportdiscount.ch\/fr\/wp-json\/wp\/v2\/product_cat?post=392397"},{"taxonomy":"product_tag","embeddable":true,"href":"https:\/\/bogensportdiscount.ch\/fr\/wp-json\/wp\/v2\/product_tag?post=392397"}],"curies":[{"name":"wp","href":"https:\/\/api.w.org\/{rel}","templated":true}]}}