{"id":392396,"date":"2026-04-05T14:25:49","date_gmt":"2026-04-05T12:25:49","guid":{"rendered":"https:\/\/bogensportdiscount.ch\/produkt\/buck-trail-traditional-soft-case-horsebow-130cm-x-30cm-black-green-with-arrowtube-straps\/"},"modified":"2026-05-14T07:13:39","modified_gmt":"2026-05-14T05:13:39","slug":"bucktrail-traditionelle-softcase-tasche-horsebow-130cm-30cm-schwarz-gruen-mit-pfeilkocher-halterung","status":"publish","type":"product","link":"https:\/\/bogensportdiscount.ch\/fr\/produit\/bucktrail-traditionelle-softcase-tasche-horsebow-130cm-30cm-schwarz-gruen-mit-pfeilkocher-halterung\/","title":{"rendered":"BUCK TRAIL TRADITIONNEL SOFTCASE ARC HORSE 130CM x 30CM NOIR\/VERT AVEC SANGLES CARQUOIS \u00c0 FL\u00c8CHES"},"content":{"rendered":"<p>La housse souple BUCKTRAIL est sp\u00e9cialement con\u00e7ue pour les arcs de cheval traditionnels (Horsebows) et offre, avec ses dimensions de 130 cm x 30 cm, suffisamment d'espace pour les mod\u00e8les d'arcs compacts. Le bo\u00eetier souple prot\u00e8ge l'arc de mani\u00e8re fiable contre les rayures et les chocs l\u00e9gers pendant le transport et le stockage.<\/p>\n<p>Les sangles pour tube \u00e0 fl\u00e8ches (Arrowtube Straps) int\u00e9gr\u00e9es permettent de fixer les fl\u00e8ches directement sur la housse, de sorte que l'ensemble de l'\u00e9quipement reste bien organis\u00e9. La combinaison de couleurs noir\/vert conf\u00e8re \u00e0 la housse un aspect clair et sportif.<\/p>\n<ul>\n<li>Dimensions : 130 cm x 30 cm \u2013 adapt\u00e9e aux tailles courantes de Horsebow<\/li>\n<li>Construction Softcase pour une protection contre les rayures et les chocs l\u00e9gers<\/li>\n<li>Arrowtube Straps int\u00e9gr\u00e9es pour la fixation des fl\u00e8ches<\/li>\n<li>Coloris : Noir\/Vert<\/li>\n<\/ul>","protected":false},"excerpt":{"rendered":"<table>\n<tr>\n<th>Propri\u00e9t\u00e9<\/th>\n<th>Valeur<\/th>\n<\/tr>\n<tr>\n<td>Marque<\/td>\n<td>Buck Trail<\/td>\n<\/tr>\n<tr>\n<td>Couleur<\/td>\n<td>Black-Green<\/td>\n<\/tr>\n<tr>\n<td>Pays d'origine<\/td>\n<td>Chine<\/td>\n<\/tr>\n<tr>\n<td>GTIN<\/td>\n<td>6017402256236<\/td>\n<\/tr>\n<\/table>","protected":false},"featured_media":446685,"comment_status":"open","ping_status":"closed","template":"","meta":[],"product_brand":[432],"product_cat":[4124,4125,4127],"product_tag":[3546],"class_list":{"0":"post-392396","1":"product","2":"type-product","3":"status-publish","4":"has-post-thumbnail","6":"product_brand-bucktrail","7":"product_cat-bogenschuetzer-ausruestung","8":"product_cat-taschen-koffer","9":"product_cat-traditioneller-bogentaschen","10":"product_tag-neuheit","11":"product_shipping_class-bsd-standard","13":"first","14":"instock","15":"shipping-taxable","16":"purchasable","17":"product-type-simple"},"yoast_head":"<!-- This site is optimized with the Yoast SEO plugin v27.6 - https:\/\/yoast.com\/product\/yoast-seo-wordpress\/ -->\n<title>BUCK TRAIL TRADITIONELLE SOFTCASE HORSEBOGEN 130CM x 30CM SCHWARZ\/GR\u00dcN MIT PFEILK\u00d6CHER GURTE - Bogensportdiscount \u2013 B\u00f6gen, Pfeile, Targets &amp; Zubeh\u00f6r<\/title>\n<meta name=\"description\" content=\"BUCK TRAIL TRADITIONELLE SOFTCASE HORSEBOGEN 130CM x 30CM SCHWARZ\/GR\u00dcN MIT PFEILK\u00d6CHER GURTE g\u00fcnstig kaufen bei Bogensportdiscount \u2013 Top-Marken, schneller Versand aus der Schweiz.\" \/>\n<meta name=\"robots\" content=\"index, follow, max-snippet:-1, max-image-preview:large, max-video-preview:-1\" \/>\n<link rel=\"canonical\" href=\"https:\/\/bogensportdiscount.ch\/fr\/produit\/bucktrail-traditionelle-softcase-tasche-horsebow-130cm-30cm-schwarz-gruen-mit-pfeilkocher-halterung\/\" \/>\n<meta property=\"og:locale\" content=\"fr_FR\" \/>\n<meta property=\"og:type\" content=\"article\" \/>\n<meta property=\"og:title\" content=\"BUCK TRAIL TRADITIONELLE SOFTCASE HORSEBOGEN 130CM x 30CM SCHWARZ\/GR\u00dcN MIT PFEILK\u00d6CHER GURTE - Bogensportdiscount \u2013 B\u00f6gen, Pfeile, Targets &amp; Zubeh\u00f6r\" \/>\n<meta property=\"og:description\" content=\"BUCK TRAIL TRADITIONELLE SOFTCASE HORSEBOGEN 130CM x 30CM SCHWARZ\/GR\u00dcN MIT PFEILK\u00d6CHER GURTE g\u00fcnstig kaufen bei Bogensportdiscount \u2013 Top-Marken, schneller Versand aus der Schweiz.\" \/>\n<meta property=\"og:url\" content=\"https:\/\/bogensportdiscount.ch\/fr\/produit\/bucktrail-traditionelle-softcase-tasche-horsebow-130cm-30cm-schwarz-gruen-mit-pfeilkocher-halterung\/\" \/>\n<meta property=\"og:site_name\" content=\"Bogensportdiscount \u2013 B\u00f6gen, Pfeile, Targets &amp; Zubeh\u00f6r\" \/>\n<meta property=\"article:modified_time\" content=\"2026-05-14T05:13:39+00:00\" \/>\n<meta property=\"og:image\" content=\"https:\/\/bogensportdiscount.ch\/wp-content\/uploads\/bsm-images\/A046321_1.png\" \/>\n\t<meta property=\"og:image:width\" content=\"7360\" \/>\n\t<meta property=\"og:image:height\" content=\"4360\" \/>\n\t<meta property=\"og:image:type\" content=\"image\/png\" \/>\n<meta name=\"twitter:card\" content=\"summary_large_image\" \/>\n<meta name=\"twitter:label1\" content=\"Dur\u00e9e de lecture estim\u00e9e\" \/>\n\t<meta name=\"twitter:data1\" content=\"1 minute\" \/>\n<script type=\"application\/ld+json\" class=\"yoast-schema-graph\">{\"@context\":\"https:\\\/\\\/schema.org\",\"@graph\":[{\"@type\":\"WebPage\",\"@id\":\"https:\\\/\\\/bogensportdiscount.ch\\\/produkt\\\/bucktrail-traditionelle-softcase-tasche-horsebow-130cm-30cm-schwarz-gruen-mit-pfeilkocher-halterung\\\/\",\"url\":\"https:\\\/\\\/bogensportdiscount.ch\\\/produkt\\\/bucktrail-traditionelle-softcase-tasche-horsebow-130cm-30cm-schwarz-gruen-mit-pfeilkocher-halterung\\\/\",\"name\":\"BUCK TRAIL TRADITIONELLE SOFTCASE HORSEBOGEN 130CM x 30CM SCHWARZ\\\/GR\u00dcN MIT PFEILK\u00d6CHER GURTE - Bogensportdiscount \u2013 B\u00f6gen, Pfeile, Targets &amp; Zubeh\u00f6r\",\"isPartOf\":{\"@id\":\"https:\\\/\\\/bogensportdiscount.ch\\\/#website\"},\"primaryImageOfPage\":{\"@id\":\"https:\\\/\\\/bogensportdiscount.ch\\\/produkt\\\/bucktrail-traditionelle-softcase-tasche-horsebow-130cm-30cm-schwarz-gruen-mit-pfeilkocher-halterung\\\/#primaryimage\"},\"image\":{\"@id\":\"https:\\\/\\\/bogensportdiscount.ch\\\/produkt\\\/bucktrail-traditionelle-softcase-tasche-horsebow-130cm-30cm-schwarz-gruen-mit-pfeilkocher-halterung\\\/#primaryimage\"},\"thumbnailUrl\":\"https:\\\/\\\/bogensportdiscount.ch\\\/wp-content\\\/uploads\\\/bsm-images\\\/A046321_1.png\",\"datePublished\":\"2026-04-05T12:25:49+00:00\",\"dateModified\":\"2026-05-14T05:13:39+00:00\",\"description\":\"BUCK TRAIL TRADITIONELLE SOFTCASE HORSEBOGEN 130CM x 30CM SCHWARZ\\\/GR\u00dcN MIT PFEILK\u00d6CHER GURTE g\u00fcnstig kaufen bei Bogensportdiscount \u2013 Top-Marken, schneller Versand aus der Schweiz.\",\"breadcrumb\":{\"@id\":\"https:\\\/\\\/bogensportdiscount.ch\\\/produkt\\\/bucktrail-traditionelle-softcase-tasche-horsebow-130cm-30cm-schwarz-gruen-mit-pfeilkocher-halterung\\\/#breadcrumb\"},\"inLanguage\":\"fr-FR\",\"potentialAction\":[{\"@type\":\"ReadAction\",\"target\":[\"https:\\\/\\\/bogensportdiscount.ch\\\/produkt\\\/bucktrail-traditionelle-softcase-tasche-horsebow-130cm-30cm-schwarz-gruen-mit-pfeilkocher-halterung\\\/\"]}]},{\"@type\":\"ImageObject\",\"inLanguage\":\"fr-FR\",\"@id\":\"https:\\\/\\\/bogensportdiscount.ch\\\/produkt\\\/bucktrail-traditionelle-softcase-tasche-horsebow-130cm-30cm-schwarz-gruen-mit-pfeilkocher-halterung\\\/#primaryimage\",\"url\":\"https:\\\/\\\/bogensportdiscount.ch\\\/wp-content\\\/uploads\\\/bsm-images\\\/A046321_1.png\",\"contentUrl\":\"https:\\\/\\\/bogensportdiscount.ch\\\/wp-content\\\/uploads\\\/bsm-images\\\/A046321_1.png\",\"width\":2500,\"height\":1481},{\"@type\":\"BreadcrumbList\",\"@id\":\"https:\\\/\\\/bogensportdiscount.ch\\\/produkt\\\/bucktrail-traditionelle-softcase-tasche-horsebow-130cm-30cm-schwarz-gruen-mit-pfeilkocher-halterung\\\/#breadcrumb\",\"itemListElement\":[{\"@type\":\"ListItem\",\"position\":1,\"name\":\"Home\",\"item\":\"https:\\\/\\\/bogensportdiscount.ch\\\/\"},{\"@type\":\"ListItem\",\"position\":2,\"name\":\"Shop\",\"item\":\"https:\\\/\\\/bogensportdiscount.ch\\\/shop\\\/\"},{\"@type\":\"ListItem\",\"position\":3,\"name\":\"BUCK TRAIL TRADITIONAL SOFT CASE HORSEBOW 130CM x 30CM BLACK\\\/GREEN WITH ARROWTUBE STRAPS\"}]},{\"@type\":\"WebSite\",\"@id\":\"https:\\\/\\\/bogensportdiscount.ch\\\/#website\",\"url\":\"https:\\\/\\\/bogensportdiscount.ch\\\/\",\"name\":\"Bogensportdiscount\",\"description\":\"\",\"potentialAction\":[{\"@type\":\"SearchAction\",\"target\":{\"@type\":\"EntryPoint\",\"urlTemplate\":\"https:\\\/\\\/bogensportdiscount.ch\\\/?s={search_term_string}\"},\"query-input\":{\"@type\":\"PropertyValueSpecification\",\"valueRequired\":true,\"valueName\":\"search_term_string\"}}],\"inLanguage\":\"fr-FR\"}]}<\/script>\n<!-- \/ Yoast SEO plugin. -->","yoast_head_json":{"title":"BUCK TRAIL TRADITIONELLE SOFTCASE HORSEBOGEN 130CM x 30CM SCHWARZ\/GR\u00dcN MIT PFEILK\u00d6CHER GURTE - Bogensportdiscount \u2013 B\u00f6gen, Pfeile, Targets &amp; Zubeh\u00f6r","description":"BUCK TRAIL TRADITIONELLE SOFTCASE HORSEBOGEN 130CM x 30CM SCHWARZ\/GR\u00dcN MIT PFEILK\u00d6CHER GURTE g\u00fcnstig kaufen bei Bogensportdiscount \u2013 Top-Marken, schneller Versand aus der Schweiz.","robots":{"index":"index","follow":"follow","max-snippet":"max-snippet:-1","max-image-preview":"max-image-preview:large","max-video-preview":"max-video-preview:-1"},"canonical":"https:\/\/bogensportdiscount.ch\/fr\/produit\/bucktrail-traditionelle-softcase-tasche-horsebow-130cm-30cm-schwarz-gruen-mit-pfeilkocher-halterung\/","og_locale":"fr_FR","og_type":"article","og_title":"BUCK TRAIL TRADITIONELLE SOFTCASE HORSEBOGEN 130CM x 30CM SCHWARZ\/GR\u00dcN MIT PFEILK\u00d6CHER GURTE - Bogensportdiscount \u2013 B\u00f6gen, Pfeile, Targets &amp; Zubeh\u00f6r","og_description":"BUCK TRAIL TRADITIONELLE SOFTCASE HORSEBOGEN 130CM x 30CM SCHWARZ\/GR\u00dcN MIT PFEILK\u00d6CHER GURTE g\u00fcnstig kaufen bei Bogensportdiscount \u2013 Top-Marken, schneller Versand aus der Schweiz.","og_url":"https:\/\/bogensportdiscount.ch\/fr\/produit\/bucktrail-traditionelle-softcase-tasche-horsebow-130cm-30cm-schwarz-gruen-mit-pfeilkocher-halterung\/","og_site_name":"Bogensportdiscount \u2013 B\u00f6gen, Pfeile, Targets &amp; Zubeh\u00f6r","article_modified_time":"2026-05-14T05:13:39+00:00","og_image":[{"url":"https:\/\/bogensportdiscount.ch\/wp-content\/uploads\/bsm-images\/A046321_1.png","width":7360,"height":4360,"type":"image\/png"}],"twitter_card":"summary_large_image","twitter_misc":{"Dur\u00e9e de lecture estim\u00e9e":"1 minute"},"schema":{"@context":"https:\/\/schema.org","@graph":[{"@type":"WebPage","@id":"https:\/\/bogensportdiscount.ch\/produkt\/bucktrail-traditionelle-softcase-tasche-horsebow-130cm-30cm-schwarz-gruen-mit-pfeilkocher-halterung\/","url":"https:\/\/bogensportdiscount.ch\/produkt\/bucktrail-traditionelle-softcase-tasche-horsebow-130cm-30cm-schwarz-gruen-mit-pfeilkocher-halterung\/","name":"BUCK TRAIL TRADITIONELLE SOFTCASE HORSEBOGEN 130CM x 30CM SCHWARZ\/GR\u00dcN MIT PFEILK\u00d6CHER GURTE - Bogensportdiscount \u2013 B\u00f6gen, Pfeile, Targets &amp; Zubeh\u00f6r","isPartOf":{"@id":"https:\/\/bogensportdiscount.ch\/#website"},"primaryImageOfPage":{"@id":"https:\/\/bogensportdiscount.ch\/produkt\/bucktrail-traditionelle-softcase-tasche-horsebow-130cm-30cm-schwarz-gruen-mit-pfeilkocher-halterung\/#primaryimage"},"image":{"@id":"https:\/\/bogensportdiscount.ch\/produkt\/bucktrail-traditionelle-softcase-tasche-horsebow-130cm-30cm-schwarz-gruen-mit-pfeilkocher-halterung\/#primaryimage"},"thumbnailUrl":"https:\/\/bogensportdiscount.ch\/wp-content\/uploads\/bsm-images\/A046321_1.png","datePublished":"2026-04-05T12:25:49+00:00","dateModified":"2026-05-14T05:13:39+00:00","description":"BUCK TRAIL TRADITIONELLE SOFTCASE HORSEBOGEN 130CM x 30CM SCHWARZ\/GR\u00dcN MIT PFEILK\u00d6CHER GURTE g\u00fcnstig kaufen bei Bogensportdiscount \u2013 Top-Marken, schneller Versand aus der Schweiz.","breadcrumb":{"@id":"https:\/\/bogensportdiscount.ch\/produkt\/bucktrail-traditionelle-softcase-tasche-horsebow-130cm-30cm-schwarz-gruen-mit-pfeilkocher-halterung\/#breadcrumb"},"inLanguage":"fr-FR","potentialAction":[{"@type":"ReadAction","target":["https:\/\/bogensportdiscount.ch\/produkt\/bucktrail-traditionelle-softcase-tasche-horsebow-130cm-30cm-schwarz-gruen-mit-pfeilkocher-halterung\/"]}]},{"@type":"ImageObject","inLanguage":"fr-FR","@id":"https:\/\/bogensportdiscount.ch\/produkt\/bucktrail-traditionelle-softcase-tasche-horsebow-130cm-30cm-schwarz-gruen-mit-pfeilkocher-halterung\/#primaryimage","url":"https:\/\/bogensportdiscount.ch\/wp-content\/uploads\/bsm-images\/A046321_1.png","contentUrl":"https:\/\/bogensportdiscount.ch\/wp-content\/uploads\/bsm-images\/A046321_1.png","width":2500,"height":1481},{"@type":"BreadcrumbList","@id":"https:\/\/bogensportdiscount.ch\/produkt\/bucktrail-traditionelle-softcase-tasche-horsebow-130cm-30cm-schwarz-gruen-mit-pfeilkocher-halterung\/#breadcrumb","itemListElement":[{"@type":"ListItem","position":1,"name":"Home","item":"https:\/\/bogensportdiscount.ch\/"},{"@type":"ListItem","position":2,"name":"Shop","item":"https:\/\/bogensportdiscount.ch\/shop\/"},{"@type":"ListItem","position":3,"name":"BUCK TRAIL TRADITIONAL SOFT CASE HORSEBOW 130CM x 30CM BLACK\/GREEN WITH ARROWTUBE STRAPS"}]},{"@type":"WebSite","@id":"https:\/\/bogensportdiscount.ch\/#website","url":"https:\/\/bogensportdiscount.ch\/","name":"Bogensportdiscount","description":"","potentialAction":[{"@type":"SearchAction","target":{"@type":"EntryPoint","urlTemplate":"https:\/\/bogensportdiscount.ch\/?s={search_term_string}"},"query-input":{"@type":"PropertyValueSpecification","valueRequired":true,"valueName":"search_term_string"}}],"inLanguage":"fr-FR"}]}},"_links":{"self":[{"href":"https:\/\/bogensportdiscount.ch\/fr\/wp-json\/wp\/v2\/product\/392396","targetHints":{"allow":["GET"]}}],"collection":[{"href":"https:\/\/bogensportdiscount.ch\/fr\/wp-json\/wp\/v2\/product"}],"about":[{"href":"https:\/\/bogensportdiscount.ch\/fr\/wp-json\/wp\/v2\/types\/product"}],"replies":[{"embeddable":true,"href":"https:\/\/bogensportdiscount.ch\/fr\/wp-json\/wp\/v2\/comments?post=392396"}],"wp:featuredmedia":[{"embeddable":true,"href":"https:\/\/bogensportdiscount.ch\/fr\/wp-json\/wp\/v2\/media\/446685"}],"wp:attachment":[{"href":"https:\/\/bogensportdiscount.ch\/fr\/wp-json\/wp\/v2\/media?parent=392396"}],"wp:term":[{"taxonomy":"product_brand","embeddable":true,"href":"https:\/\/bogensportdiscount.ch\/fr\/wp-json\/wp\/v2\/product_brand?post=392396"},{"taxonomy":"product_cat","embeddable":true,"href":"https:\/\/bogensportdiscount.ch\/fr\/wp-json\/wp\/v2\/product_cat?post=392396"},{"taxonomy":"product_tag","embeddable":true,"href":"https:\/\/bogensportdiscount.ch\/fr\/wp-json\/wp\/v2\/product_tag?post=392396"}],"curies":[{"name":"wp","href":"https:\/\/api.w.org\/{rel}","templated":true}]}}