{"id":392395,"date":"2026-04-05T14:25:49","date_gmt":"2026-04-05T12:25:49","guid":{"rendered":"https:\/\/bogensportdiscount.ch\/produkt\/wild-life-3d-target-lizard-dim170x62x23cm-group-2\/"},"modified":"2026-05-14T07:13:39","modified_gmt":"2026-05-14T05:13:39","slug":"wildlife-3d-ziel-lizard-170x62x23cm-gruppe-2","status":"publish","type":"product","link":"https:\/\/bogensportdiscount.ch\/fr\/produit\/wildlife-3d-ziel-lizard-170x62x23cm-gruppe-2\/","title":{"rendered":"WILD LIFE CIBLE 3D L\u00c9ZARD &#8211; MASS:170x62x23CM GROUPE 2"},"content":{"rendered":"<p>La cible 3D WILDLIFE L\u00e9zard repr\u00e9sente un l\u00e9zard en taille naturelle et offre aux archers une cible r\u00e9aliste pour le tir \u00e0 l'arc 3D. Les dimensions de 170 x 62 x 23 cm font de cette cible un \u00e9l\u00e9ment marquant sur tout parcours 3D.<\/p>\n<p>L'appartenance au groupe 2 d\u00e9finit les zones de score conform\u00e9ment aux r\u00e8glements courants du tir \u00e0 l'arc 3D et permet l'utilisation lors de tournois officiels ainsi qu'\u00e0 l'entra\u00eenement priv\u00e9.<\/p>\n<ul>\n<li>Dimensions : 170 x 62 x 23 cm<\/li>\n<li>Groupe 2 conform\u00e9ment au r\u00e8glement de tir \u00e0 l'arc 3D<\/li>\n<li>Repr\u00e9sentation r\u00e9aliste d'un l\u00e9zard pour un entra\u00eenement proche de la nature<\/li>\n<li>Convient pour les tournois et l'entra\u00eenement<\/li>\n<\/ul>","protected":false},"excerpt":{"rendered":"<table>\n<tr>\n<th>Propri\u00e9t\u00e9<\/th>\n<th>Valeur<\/th>\n<\/tr>\n<tr>\n<td>Marque<\/td>\n<td>Wild Life<\/td>\n<\/tr>\n<tr>\n<td>Type<\/td>\n<td>Group 2<\/td>\n<\/tr>\n<tr>\n<td>Pays d'origine<\/td>\n<td>Italie<\/td>\n<\/tr>\n<\/table>","protected":false},"featured_media":446684,"comment_status":"open","ping_status":"closed","template":"","meta":[],"product_brand":[778],"product_cat":[4143,4144,4318],"product_tag":[3546],"class_list":{"0":"post-392395","1":"product","2":"type-product","3":"status-publish","4":"has-post-thumbnail","6":"product_brand-wildlife","7":"product_cat-ziele-auflagen","8":"product_cat-3d-ziele","9":"product_cat-amphibien-reptilien","10":"product_tag-neuheit","11":"product_shipping_class-bsd-sperrgut","13":"first","14":"instock","15":"shipping-taxable","16":"purchasable","17":"product-type-simple"},"yoast_head":"<!-- This site is optimized with the Yoast SEO plugin v27.6 - https:\/\/yoast.com\/product\/yoast-seo-wordpress\/ -->\n<title>WILD LIFE 3D-ZIEL ECHSE - MASS:170x62x23CM GRUPPE 2 - Bogensportdiscount \u2013 B\u00f6gen, Pfeile, Targets &amp; Zubeh\u00f6r<\/title>\n<meta name=\"description\" content=\"WILD LIFE 3D-ZIEL ECHSE - MASS:170x62x23CM GRUPPE 2 g\u00fcnstig kaufen bei Bogensportdiscount \u2013 Top-Marken, schneller Versand aus der Schweiz.\" \/>\n<meta name=\"robots\" content=\"index, follow, max-snippet:-1, max-image-preview:large, max-video-preview:-1\" \/>\n<link rel=\"canonical\" href=\"https:\/\/bogensportdiscount.ch\/fr\/produit\/wildlife-3d-ziel-lizard-170x62x23cm-gruppe-2\/\" \/>\n<meta property=\"og:locale\" content=\"fr_FR\" \/>\n<meta property=\"og:type\" content=\"article\" \/>\n<meta property=\"og:title\" content=\"WILD LIFE 3D-ZIEL ECHSE - MASS:170x62x23CM GRUPPE 2 - Bogensportdiscount \u2013 B\u00f6gen, Pfeile, Targets &amp; Zubeh\u00f6r\" \/>\n<meta property=\"og:description\" content=\"WILD LIFE 3D-ZIEL ECHSE - MASS:170x62x23CM GRUPPE 2 g\u00fcnstig kaufen bei Bogensportdiscount \u2013 Top-Marken, schneller Versand aus der Schweiz.\" \/>\n<meta property=\"og:url\" content=\"https:\/\/bogensportdiscount.ch\/fr\/produit\/wildlife-3d-ziel-lizard-170x62x23cm-gruppe-2\/\" \/>\n<meta property=\"og:site_name\" content=\"Bogensportdiscount \u2013 B\u00f6gen, Pfeile, Targets &amp; Zubeh\u00f6r\" \/>\n<meta property=\"article:modified_time\" content=\"2026-05-14T05:13:39+00:00\" \/>\n<meta property=\"og:image\" content=\"https:\/\/bogensportdiscount.ch\/wp-content\/uploads\/bsm-images\/A046240_1.png\" \/>\n\t<meta property=\"og:image:width\" content=\"5141\" \/>\n\t<meta property=\"og:image:height\" content=\"1964\" \/>\n\t<meta property=\"og:image:type\" content=\"image\/png\" \/>\n<meta name=\"twitter:card\" content=\"summary_large_image\" \/>\n<script type=\"application\/ld+json\" class=\"yoast-schema-graph\">{\"@context\":\"https:\\\/\\\/schema.org\",\"@graph\":[{\"@type\":\"WebPage\",\"@id\":\"https:\\\/\\\/bogensportdiscount.ch\\\/produkt\\\/wildlife-3d-ziel-lizard-170x62x23cm-gruppe-2\\\/\",\"url\":\"https:\\\/\\\/bogensportdiscount.ch\\\/produkt\\\/wildlife-3d-ziel-lizard-170x62x23cm-gruppe-2\\\/\",\"name\":\"WILD LIFE 3D-ZIEL ECHSE - MASS:170x62x23CM GRUPPE 2 - Bogensportdiscount \u2013 B\u00f6gen, Pfeile, Targets &amp; Zubeh\u00f6r\",\"isPartOf\":{\"@id\":\"https:\\\/\\\/bogensportdiscount.ch\\\/#website\"},\"primaryImageOfPage\":{\"@id\":\"https:\\\/\\\/bogensportdiscount.ch\\\/produkt\\\/wildlife-3d-ziel-lizard-170x62x23cm-gruppe-2\\\/#primaryimage\"},\"image\":{\"@id\":\"https:\\\/\\\/bogensportdiscount.ch\\\/produkt\\\/wildlife-3d-ziel-lizard-170x62x23cm-gruppe-2\\\/#primaryimage\"},\"thumbnailUrl\":\"https:\\\/\\\/bogensportdiscount.ch\\\/wp-content\\\/uploads\\\/bsm-images\\\/A046240_1.png\",\"datePublished\":\"2026-04-05T12:25:49+00:00\",\"dateModified\":\"2026-05-14T05:13:39+00:00\",\"description\":\"WILD LIFE 3D-ZIEL ECHSE - MASS:170x62x23CM GRUPPE 2 g\u00fcnstig kaufen bei Bogensportdiscount \u2013 Top-Marken, schneller Versand aus der Schweiz.\",\"breadcrumb\":{\"@id\":\"https:\\\/\\\/bogensportdiscount.ch\\\/produkt\\\/wildlife-3d-ziel-lizard-170x62x23cm-gruppe-2\\\/#breadcrumb\"},\"inLanguage\":\"fr-FR\",\"potentialAction\":[{\"@type\":\"ReadAction\",\"target\":[\"https:\\\/\\\/bogensportdiscount.ch\\\/produkt\\\/wildlife-3d-ziel-lizard-170x62x23cm-gruppe-2\\\/\"]}]},{\"@type\":\"ImageObject\",\"inLanguage\":\"fr-FR\",\"@id\":\"https:\\\/\\\/bogensportdiscount.ch\\\/produkt\\\/wildlife-3d-ziel-lizard-170x62x23cm-gruppe-2\\\/#primaryimage\",\"url\":\"https:\\\/\\\/bogensportdiscount.ch\\\/wp-content\\\/uploads\\\/bsm-images\\\/A046240_1.png\",\"contentUrl\":\"https:\\\/\\\/bogensportdiscount.ch\\\/wp-content\\\/uploads\\\/bsm-images\\\/A046240_1.png\",\"width\":5141,\"height\":1964},{\"@type\":\"BreadcrumbList\",\"@id\":\"https:\\\/\\\/bogensportdiscount.ch\\\/produkt\\\/wildlife-3d-ziel-lizard-170x62x23cm-gruppe-2\\\/#breadcrumb\",\"itemListElement\":[{\"@type\":\"ListItem\",\"position\":1,\"name\":\"Home\",\"item\":\"https:\\\/\\\/bogensportdiscount.ch\\\/\"},{\"@type\":\"ListItem\",\"position\":2,\"name\":\"Shop\",\"item\":\"https:\\\/\\\/bogensportdiscount.ch\\\/shop\\\/\"},{\"@type\":\"ListItem\",\"position\":3,\"name\":\"WILD LIFE 3D TARGET LIZARD &#8211; DIM:170x62x23CM GROUP 2\"}]},{\"@type\":\"WebSite\",\"@id\":\"https:\\\/\\\/bogensportdiscount.ch\\\/#website\",\"url\":\"https:\\\/\\\/bogensportdiscount.ch\\\/\",\"name\":\"Bogensportdiscount\",\"description\":\"\",\"potentialAction\":[{\"@type\":\"SearchAction\",\"target\":{\"@type\":\"EntryPoint\",\"urlTemplate\":\"https:\\\/\\\/bogensportdiscount.ch\\\/?s={search_term_string}\"},\"query-input\":{\"@type\":\"PropertyValueSpecification\",\"valueRequired\":true,\"valueName\":\"search_term_string\"}}],\"inLanguage\":\"fr-FR\"}]}<\/script>\n<!-- \/ Yoast SEO plugin. -->","yoast_head_json":{"title":"WILD LIFE 3D-ZIEL ECHSE - MASS:170x62x23CM GRUPPE 2 - Bogensportdiscount \u2013 B\u00f6gen, Pfeile, Targets &amp; Zubeh\u00f6r","description":"WILD LIFE 3D-ZIEL ECHSE - MASS:170x62x23CM GRUPPE 2 g\u00fcnstig kaufen bei Bogensportdiscount \u2013 Top-Marken, schneller Versand aus der Schweiz.","robots":{"index":"index","follow":"follow","max-snippet":"max-snippet:-1","max-image-preview":"max-image-preview:large","max-video-preview":"max-video-preview:-1"},"canonical":"https:\/\/bogensportdiscount.ch\/fr\/produit\/wildlife-3d-ziel-lizard-170x62x23cm-gruppe-2\/","og_locale":"fr_FR","og_type":"article","og_title":"WILD LIFE 3D-ZIEL ECHSE - MASS:170x62x23CM GRUPPE 2 - Bogensportdiscount \u2013 B\u00f6gen, Pfeile, Targets &amp; Zubeh\u00f6r","og_description":"WILD LIFE 3D-ZIEL ECHSE - MASS:170x62x23CM GRUPPE 2 g\u00fcnstig kaufen bei Bogensportdiscount \u2013 Top-Marken, schneller Versand aus der Schweiz.","og_url":"https:\/\/bogensportdiscount.ch\/fr\/produit\/wildlife-3d-ziel-lizard-170x62x23cm-gruppe-2\/","og_site_name":"Bogensportdiscount \u2013 B\u00f6gen, Pfeile, Targets &amp; Zubeh\u00f6r","article_modified_time":"2026-05-14T05:13:39+00:00","og_image":[{"url":"https:\/\/bogensportdiscount.ch\/wp-content\/uploads\/bsm-images\/A046240_1.png","width":5141,"height":1964,"type":"image\/png"}],"twitter_card":"summary_large_image","schema":{"@context":"https:\/\/schema.org","@graph":[{"@type":"WebPage","@id":"https:\/\/bogensportdiscount.ch\/produkt\/wildlife-3d-ziel-lizard-170x62x23cm-gruppe-2\/","url":"https:\/\/bogensportdiscount.ch\/produkt\/wildlife-3d-ziel-lizard-170x62x23cm-gruppe-2\/","name":"WILD LIFE 3D-ZIEL ECHSE - MASS:170x62x23CM GRUPPE 2 - Bogensportdiscount \u2013 B\u00f6gen, Pfeile, Targets &amp; Zubeh\u00f6r","isPartOf":{"@id":"https:\/\/bogensportdiscount.ch\/#website"},"primaryImageOfPage":{"@id":"https:\/\/bogensportdiscount.ch\/produkt\/wildlife-3d-ziel-lizard-170x62x23cm-gruppe-2\/#primaryimage"},"image":{"@id":"https:\/\/bogensportdiscount.ch\/produkt\/wildlife-3d-ziel-lizard-170x62x23cm-gruppe-2\/#primaryimage"},"thumbnailUrl":"https:\/\/bogensportdiscount.ch\/wp-content\/uploads\/bsm-images\/A046240_1.png","datePublished":"2026-04-05T12:25:49+00:00","dateModified":"2026-05-14T05:13:39+00:00","description":"WILD LIFE 3D-ZIEL ECHSE - MASS:170x62x23CM GRUPPE 2 g\u00fcnstig kaufen bei Bogensportdiscount \u2013 Top-Marken, schneller Versand aus der Schweiz.","breadcrumb":{"@id":"https:\/\/bogensportdiscount.ch\/produkt\/wildlife-3d-ziel-lizard-170x62x23cm-gruppe-2\/#breadcrumb"},"inLanguage":"fr-FR","potentialAction":[{"@type":"ReadAction","target":["https:\/\/bogensportdiscount.ch\/produkt\/wildlife-3d-ziel-lizard-170x62x23cm-gruppe-2\/"]}]},{"@type":"ImageObject","inLanguage":"fr-FR","@id":"https:\/\/bogensportdiscount.ch\/produkt\/wildlife-3d-ziel-lizard-170x62x23cm-gruppe-2\/#primaryimage","url":"https:\/\/bogensportdiscount.ch\/wp-content\/uploads\/bsm-images\/A046240_1.png","contentUrl":"https:\/\/bogensportdiscount.ch\/wp-content\/uploads\/bsm-images\/A046240_1.png","width":5141,"height":1964},{"@type":"BreadcrumbList","@id":"https:\/\/bogensportdiscount.ch\/produkt\/wildlife-3d-ziel-lizard-170x62x23cm-gruppe-2\/#breadcrumb","itemListElement":[{"@type":"ListItem","position":1,"name":"Home","item":"https:\/\/bogensportdiscount.ch\/"},{"@type":"ListItem","position":2,"name":"Shop","item":"https:\/\/bogensportdiscount.ch\/shop\/"},{"@type":"ListItem","position":3,"name":"WILD LIFE 3D TARGET LIZARD &#8211; DIM:170x62x23CM GROUP 2"}]},{"@type":"WebSite","@id":"https:\/\/bogensportdiscount.ch\/#website","url":"https:\/\/bogensportdiscount.ch\/","name":"Bogensportdiscount","description":"","potentialAction":[{"@type":"SearchAction","target":{"@type":"EntryPoint","urlTemplate":"https:\/\/bogensportdiscount.ch\/?s={search_term_string}"},"query-input":{"@type":"PropertyValueSpecification","valueRequired":true,"valueName":"search_term_string"}}],"inLanguage":"fr-FR"}]}},"_links":{"self":[{"href":"https:\/\/bogensportdiscount.ch\/fr\/wp-json\/wp\/v2\/product\/392395","targetHints":{"allow":["GET"]}}],"collection":[{"href":"https:\/\/bogensportdiscount.ch\/fr\/wp-json\/wp\/v2\/product"}],"about":[{"href":"https:\/\/bogensportdiscount.ch\/fr\/wp-json\/wp\/v2\/types\/product"}],"replies":[{"embeddable":true,"href":"https:\/\/bogensportdiscount.ch\/fr\/wp-json\/wp\/v2\/comments?post=392395"}],"wp:featuredmedia":[{"embeddable":true,"href":"https:\/\/bogensportdiscount.ch\/fr\/wp-json\/wp\/v2\/media\/446684"}],"wp:attachment":[{"href":"https:\/\/bogensportdiscount.ch\/fr\/wp-json\/wp\/v2\/media?parent=392395"}],"wp:term":[{"taxonomy":"product_brand","embeddable":true,"href":"https:\/\/bogensportdiscount.ch\/fr\/wp-json\/wp\/v2\/product_brand?post=392395"},{"taxonomy":"product_cat","embeddable":true,"href":"https:\/\/bogensportdiscount.ch\/fr\/wp-json\/wp\/v2\/product_cat?post=392395"},{"taxonomy":"product_tag","embeddable":true,"href":"https:\/\/bogensportdiscount.ch\/fr\/wp-json\/wp\/v2\/product_tag?post=392395"}],"curies":[{"name":"wp","href":"https:\/\/api.w.org\/{rel}","templated":true}]}}