{"id":392393,"date":"2026-04-05T14:25:49","date_gmt":"2026-04-05T12:25:49","guid":{"rendered":"https:\/\/bogensportdiscount.ch\/produkt\/maximal-aimfaze-pivot-micro-1-pin-019-rh-lh-incl-sight-light-hunting-3d-sights\/"},"modified":"2026-04-19T11:42:19","modified_gmt":"2026-04-19T09:42:19","slug":"maximal-jagd-3d-visier-aimfaze-pivot-micro-1-pin-019-beidhaendig","status":"publish","type":"product","link":"https:\/\/bogensportdiscount.ch\/fr\/produit\/maximal-jagd-3d-visier-aimfaze-pivot-micro-1-pin-019-beidhaendig\/","title":{"rendered":"MAXIMAL AIMFAZE PIVOT MICRO 1 PIN .019&#8243; RH\/LH INKL. SIGHT LIGHT JAGD &amp; 3D VISIERE"},"content":{"rendered":"<p>Le MAXIMAL Aimfaze Pivot Micro est une vis\u00e9e \u00e0 1 pin pour la chasse et le tir \u00e0 l'arc 3D. Il convient aux archers droitiers et gauchers et est livr\u00e9 avec un \u00e9clairage de vis\u00e9e.<\/p>\n<p>Le pin unique d'une taille de .019&#8243; permet une acquisition de cible pr\u00e9cise dans diff\u00e9rentes conditions de luminosit\u00e9. Le syst\u00e8me micro-pivot permet un r\u00e9glage de distance simple et rapide sur le terrain.<\/p>\n<ul>\n<li>Syst\u00e8me 1 pin avec taille de pin .019&#8243;<\/li>\n<li>Utilisable des deux mains (LH\/RH)<\/li>\n<li>\u00c9clairage de vis\u00e9e inclus<\/li>\n<li>Version en noir<\/li>\n<\/ul>","protected":false},"excerpt":{"rendered":"<table>\n<tr>\n<th>Propri\u00e9t\u00e9<\/th>\n<th>Valeur<\/th>\n<\/tr>\n<tr>\n<td>Marque<\/td>\n<td>Maximal<\/td>\n<\/tr>\n<tr>\n<td>Mod\u00e8le<\/td>\n<td>Aimfaze Pivot Micro<\/td>\n<\/tr>\n<tr>\n<td>Lat\u00e9ralit\u00e9<\/td>\n<td>Ambidextre (LH\/RH)<\/td>\n<\/tr>\n<tr>\n<td>Couleur<\/td>\n<td>Noir<\/td>\n<\/tr>\n<tr>\n<td>Nombre de pins<\/td>\n<td>1<\/td>\n<\/tr>\n<tr>\n<td>Taille du pin<\/td>\n<td>.019&#8243;<\/td>\n<\/tr>\n<\/table>","protected":false},"featured_media":446678,"comment_status":"open","ping_status":"closed","template":"","meta":[],"product_brand":[780],"product_cat":[4263],"product_tag":[3546],"class_list":{"0":"post-392393","1":"product","2":"type-product","3":"status-publish","4":"has-post-thumbnail","6":"product_brand-maximal","7":"product_cat-jagd-und-3d-visiere","8":"product_tag-neuheit","10":"first","11":"instock","12":"shipping-taxable","13":"purchasable","14":"product-type-simple"},"yoast_head":"<!-- This site is optimized with the Yoast SEO plugin v27.4 - https:\/\/yoast.com\/product\/yoast-seo-wordpress\/ -->\n<title>MAXIMAL AIMFAZE PIVOT MICRO 1 PIN .019&quot; RH\/LH INKL. SIGHT LIGHT JAGD &amp; 3D VISIERE - Bogensportdiscount \u2013 B\u00f6gen, Pfeile, Targets &amp; Zubeh\u00f6r<\/title>\n<meta name=\"robots\" content=\"noindex, follow, max-snippet:-1, max-image-preview:large, max-video-preview:-1\" \/>\n<meta property=\"og:locale\" content=\"fr_FR\" \/>\n<meta property=\"og:type\" content=\"article\" \/>\n<meta property=\"og:title\" content=\"MAXIMAL AIMFAZE PIVOT MICRO 1 PIN .019&quot; RH\/LH INKL. SIGHT LIGHT JAGD &amp; 3D VISIERE - Bogensportdiscount \u2013 B\u00f6gen, Pfeile, Targets &amp; Zubeh\u00f6r\" \/>\n<meta property=\"og:description\" content=\"EigenschaftWertMarkeMaximalModellAimfaze Pivot MicroH\u00e4ndigkeitBeidh\u00e4ndig (LH\/RH)FarbeSchwarzAnzahl Pins1Pin-Gr\u00f6sse.019&quot;\" \/>\n<meta property=\"og:url\" content=\"https:\/\/bogensportdiscount.ch\/fr\/produit\/maximal-jagd-3d-visier-aimfaze-pivot-micro-1-pin-019-beidhaendig\/\" \/>\n<meta property=\"og:site_name\" content=\"Bogensportdiscount \u2013 B\u00f6gen, Pfeile, Targets &amp; Zubeh\u00f6r\" \/>\n<meta property=\"article:modified_time\" content=\"2026-04-19T09:42:19+00:00\" \/>\n<meta property=\"og:image\" content=\"https:\/\/bogensportdiscount.ch\/wp-content\/uploads\/bsm-images\/A046232_1.png\" \/>\n\t<meta property=\"og:image:width\" content=\"3083\" \/>\n\t<meta property=\"og:image:height\" content=\"1754\" \/>\n\t<meta property=\"og:image:type\" content=\"image\/png\" \/>\n<meta name=\"twitter:card\" content=\"summary_large_image\" \/>\n<script type=\"application\/ld+json\" class=\"yoast-schema-graph\">{\"@context\":\"https:\\\/\\\/schema.org\",\"@graph\":[{\"@type\":\"WebPage\",\"@id\":\"https:\\\/\\\/bogensportdiscount.ch\\\/fr\\\/produit\\\/maximal-jagd-3d-visier-aimfaze-pivot-micro-1-pin-019-beidhaendig\\\/\",\"url\":\"https:\\\/\\\/bogensportdiscount.ch\\\/fr\\\/produit\\\/maximal-jagd-3d-visier-aimfaze-pivot-micro-1-pin-019-beidhaendig\\\/\",\"name\":\"MAXIMAL AIMFAZE PIVOT MICRO 1 PIN .019\\\" RH\\\/LH INKL. SIGHT LIGHT JAGD &amp; 3D VISIERE - Bogensportdiscount \u2013 B\u00f6gen, Pfeile, Targets &amp; Zubeh\u00f6r\",\"isPartOf\":{\"@id\":\"https:\\\/\\\/bogensportdiscount.ch\\\/#website\"},\"primaryImageOfPage\":{\"@id\":\"https:\\\/\\\/bogensportdiscount.ch\\\/fr\\\/produit\\\/maximal-jagd-3d-visier-aimfaze-pivot-micro-1-pin-019-beidhaendig\\\/#primaryimage\"},\"image\":{\"@id\":\"https:\\\/\\\/bogensportdiscount.ch\\\/fr\\\/produit\\\/maximal-jagd-3d-visier-aimfaze-pivot-micro-1-pin-019-beidhaendig\\\/#primaryimage\"},\"thumbnailUrl\":\"https:\\\/\\\/bogensportdiscount.ch\\\/wp-content\\\/uploads\\\/bsm-images\\\/A046232_1.png\",\"datePublished\":\"2026-04-05T12:25:49+00:00\",\"dateModified\":\"2026-04-19T09:42:19+00:00\",\"breadcrumb\":{\"@id\":\"https:\\\/\\\/bogensportdiscount.ch\\\/fr\\\/produit\\\/maximal-jagd-3d-visier-aimfaze-pivot-micro-1-pin-019-beidhaendig\\\/#breadcrumb\"},\"inLanguage\":\"fr-FR\",\"potentialAction\":[{\"@type\":\"ReadAction\",\"target\":[\"https:\\\/\\\/bogensportdiscount.ch\\\/fr\\\/produit\\\/maximal-jagd-3d-visier-aimfaze-pivot-micro-1-pin-019-beidhaendig\\\/\"]}]},{\"@type\":\"ImageObject\",\"inLanguage\":\"fr-FR\",\"@id\":\"https:\\\/\\\/bogensportdiscount.ch\\\/fr\\\/produit\\\/maximal-jagd-3d-visier-aimfaze-pivot-micro-1-pin-019-beidhaendig\\\/#primaryimage\",\"url\":\"https:\\\/\\\/bogensportdiscount.ch\\\/wp-content\\\/uploads\\\/bsm-images\\\/A046232_1.png\",\"contentUrl\":\"https:\\\/\\\/bogensportdiscount.ch\\\/wp-content\\\/uploads\\\/bsm-images\\\/A046232_1.png\",\"width\":3083,\"height\":1754},{\"@type\":\"BreadcrumbList\",\"@id\":\"https:\\\/\\\/bogensportdiscount.ch\\\/fr\\\/produit\\\/maximal-jagd-3d-visier-aimfaze-pivot-micro-1-pin-019-beidhaendig\\\/#breadcrumb\",\"itemListElement\":[{\"@type\":\"ListItem\",\"position\":1,\"name\":\"Home\",\"item\":\"https:\\\/\\\/bogensportdiscount.ch\\\/\"},{\"@type\":\"ListItem\",\"position\":2,\"name\":\"Shop\",\"item\":\"https:\\\/\\\/bogensportdiscount.ch\\\/shop\\\/\"},{\"@type\":\"ListItem\",\"position\":3,\"name\":\"MAXIMAL AIMFAZE PIVOT MICRO 1 PIN .019&#8243; RH\\\/LH INKL. SIGHT LIGHT JAGD &amp; 3D VISIERE\"}]},{\"@type\":\"WebSite\",\"@id\":\"https:\\\/\\\/bogensportdiscount.ch\\\/#website\",\"url\":\"https:\\\/\\\/bogensportdiscount.ch\\\/\",\"name\":\"Bogensportdiscount\",\"description\":\"\",\"potentialAction\":[{\"@type\":\"SearchAction\",\"target\":{\"@type\":\"EntryPoint\",\"urlTemplate\":\"https:\\\/\\\/bogensportdiscount.ch\\\/?s={search_term_string}\"},\"query-input\":{\"@type\":\"PropertyValueSpecification\",\"valueRequired\":true,\"valueName\":\"search_term_string\"}}],\"inLanguage\":\"fr-FR\"}]}<\/script>\n<!-- \/ Yoast SEO plugin. -->","yoast_head_json":{"title":"MAXIMAL AIMFAZE PIVOT MICRO 1 PIN .019\" RH\/LH INKL. SIGHT LIGHT JAGD &amp; 3D VISIERE - Bogensportdiscount \u2013 B\u00f6gen, Pfeile, Targets &amp; Zubeh\u00f6r","robots":{"index":"noindex","follow":"follow","max-snippet":"max-snippet:-1","max-image-preview":"max-image-preview:large","max-video-preview":"max-video-preview:-1"},"og_locale":"fr_FR","og_type":"article","og_title":"MAXIMAL AIMFAZE PIVOT MICRO 1 PIN .019\" RH\/LH INKL. SIGHT LIGHT JAGD &amp; 3D VISIERE - Bogensportdiscount \u2013 B\u00f6gen, Pfeile, Targets &amp; Zubeh\u00f6r","og_description":"EigenschaftWertMarkeMaximalModellAimfaze Pivot MicroH\u00e4ndigkeitBeidh\u00e4ndig (LH\/RH)FarbeSchwarzAnzahl Pins1Pin-Gr\u00f6sse.019\"","og_url":"https:\/\/bogensportdiscount.ch\/fr\/produit\/maximal-jagd-3d-visier-aimfaze-pivot-micro-1-pin-019-beidhaendig\/","og_site_name":"Bogensportdiscount \u2013 B\u00f6gen, Pfeile, Targets &amp; Zubeh\u00f6r","article_modified_time":"2026-04-19T09:42:19+00:00","og_image":[{"url":"https:\/\/bogensportdiscount.ch\/wp-content\/uploads\/bsm-images\/A046232_1.png","width":3083,"height":1754,"type":"image\/png"}],"twitter_card":"summary_large_image","schema":{"@context":"https:\/\/schema.org","@graph":[{"@type":"WebPage","@id":"https:\/\/bogensportdiscount.ch\/fr\/produit\/maximal-jagd-3d-visier-aimfaze-pivot-micro-1-pin-019-beidhaendig\/","url":"https:\/\/bogensportdiscount.ch\/fr\/produit\/maximal-jagd-3d-visier-aimfaze-pivot-micro-1-pin-019-beidhaendig\/","name":"MAXIMAL AIMFAZE PIVOT MICRO 1 PIN .019\" RH\/LH INKL. SIGHT LIGHT JAGD &amp; 3D VISIERE - Bogensportdiscount \u2013 B\u00f6gen, Pfeile, Targets &amp; Zubeh\u00f6r","isPartOf":{"@id":"https:\/\/bogensportdiscount.ch\/#website"},"primaryImageOfPage":{"@id":"https:\/\/bogensportdiscount.ch\/fr\/produit\/maximal-jagd-3d-visier-aimfaze-pivot-micro-1-pin-019-beidhaendig\/#primaryimage"},"image":{"@id":"https:\/\/bogensportdiscount.ch\/fr\/produit\/maximal-jagd-3d-visier-aimfaze-pivot-micro-1-pin-019-beidhaendig\/#primaryimage"},"thumbnailUrl":"https:\/\/bogensportdiscount.ch\/wp-content\/uploads\/bsm-images\/A046232_1.png","datePublished":"2026-04-05T12:25:49+00:00","dateModified":"2026-04-19T09:42:19+00:00","breadcrumb":{"@id":"https:\/\/bogensportdiscount.ch\/fr\/produit\/maximal-jagd-3d-visier-aimfaze-pivot-micro-1-pin-019-beidhaendig\/#breadcrumb"},"inLanguage":"fr-FR","potentialAction":[{"@type":"ReadAction","target":["https:\/\/bogensportdiscount.ch\/fr\/produit\/maximal-jagd-3d-visier-aimfaze-pivot-micro-1-pin-019-beidhaendig\/"]}]},{"@type":"ImageObject","inLanguage":"fr-FR","@id":"https:\/\/bogensportdiscount.ch\/fr\/produit\/maximal-jagd-3d-visier-aimfaze-pivot-micro-1-pin-019-beidhaendig\/#primaryimage","url":"https:\/\/bogensportdiscount.ch\/wp-content\/uploads\/bsm-images\/A046232_1.png","contentUrl":"https:\/\/bogensportdiscount.ch\/wp-content\/uploads\/bsm-images\/A046232_1.png","width":3083,"height":1754},{"@type":"BreadcrumbList","@id":"https:\/\/bogensportdiscount.ch\/fr\/produit\/maximal-jagd-3d-visier-aimfaze-pivot-micro-1-pin-019-beidhaendig\/#breadcrumb","itemListElement":[{"@type":"ListItem","position":1,"name":"Home","item":"https:\/\/bogensportdiscount.ch\/"},{"@type":"ListItem","position":2,"name":"Shop","item":"https:\/\/bogensportdiscount.ch\/shop\/"},{"@type":"ListItem","position":3,"name":"MAXIMAL AIMFAZE PIVOT MICRO 1 PIN .019&#8243; RH\/LH INKL. SIGHT LIGHT JAGD &amp; 3D VISIERE"}]},{"@type":"WebSite","@id":"https:\/\/bogensportdiscount.ch\/#website","url":"https:\/\/bogensportdiscount.ch\/","name":"Bogensportdiscount","description":"","potentialAction":[{"@type":"SearchAction","target":{"@type":"EntryPoint","urlTemplate":"https:\/\/bogensportdiscount.ch\/?s={search_term_string}"},"query-input":{"@type":"PropertyValueSpecification","valueRequired":true,"valueName":"search_term_string"}}],"inLanguage":"fr-FR"}]}},"_links":{"self":[{"href":"https:\/\/bogensportdiscount.ch\/fr\/wp-json\/wp\/v2\/product\/392393","targetHints":{"allow":["GET"]}}],"collection":[{"href":"https:\/\/bogensportdiscount.ch\/fr\/wp-json\/wp\/v2\/product"}],"about":[{"href":"https:\/\/bogensportdiscount.ch\/fr\/wp-json\/wp\/v2\/types\/product"}],"replies":[{"embeddable":true,"href":"https:\/\/bogensportdiscount.ch\/fr\/wp-json\/wp\/v2\/comments?post=392393"}],"wp:featuredmedia":[{"embeddable":true,"href":"https:\/\/bogensportdiscount.ch\/fr\/wp-json\/wp\/v2\/media\/446678"}],"wp:attachment":[{"href":"https:\/\/bogensportdiscount.ch\/fr\/wp-json\/wp\/v2\/media?parent=392393"}],"wp:term":[{"taxonomy":"product_brand","embeddable":true,"href":"https:\/\/bogensportdiscount.ch\/fr\/wp-json\/wp\/v2\/product_brand?post=392393"},{"taxonomy":"product_cat","embeddable":true,"href":"https:\/\/bogensportdiscount.ch\/fr\/wp-json\/wp\/v2\/product_cat?post=392393"},{"taxonomy":"product_tag","embeddable":true,"href":"https:\/\/bogensportdiscount.ch\/fr\/wp-json\/wp\/v2\/product_tag?post=392393"}],"curies":[{"name":"wp","href":"https:\/\/api.w.org\/{rel}","templated":true}]}}