{"id":392390,"date":"2026-04-05T14:25:48","date_gmt":"2026-04-05T12:25:48","guid":{"rendered":"https:\/\/bogensportdiscount.ch\/produkt\/flex-archery-serving-tool-i-winder\/"},"modified":"2026-05-14T07:13:39","modified_gmt":"2026-05-14T05:13:39","slug":"flexarchery-aufwickelwerkzeug-i-winder","status":"publish","type":"product","link":"https:\/\/bogensportdiscount.ch\/fr\/produit\/flexarchery-aufwickelwerkzeug-i-winder\/","title":{"rendered":"FLEX ARCHERY OUTIL DE SERVICE I-WINDER"},"content":{"rendered":"<p>Le I-Winder de FLEXARCHERY est un outil d'aide \u00e0 la fabrication et au r\u00e9glage des cordes. Cet outil de serving permet d'appliquer le mat\u00e9riau de serving de mani\u00e8re contr\u00f4l\u00e9e et uniforme sur la corde, ce qui garantit un r\u00e9sultat propre et durable.<\/p>\n<p>Cet outil convient aux archers qui souhaitent fabriquer ou entretenir eux-m\u00eames leurs cordes, et est adapt\u00e9 \u00e0 diff\u00e9rentes \u00e9paisseurs de mat\u00e9riaux de serving.<\/p>\n<ul>\n<li>Outil de serving pour la fabrication de cordes<\/li>\n<li>Enroulement uniforme du mat\u00e9riau de serving<\/li>\n<li>Pour la fabrication et l'entretien des cordes d'arc<\/li>\n<li>De FLEXARCHERY<\/li>\n<\/ul>","protected":false},"excerpt":{"rendered":"<table>\n<tr>\n<th>Propri\u00e9t\u00e9<\/th>\n<th>Valeur<\/th>\n<\/tr>\n<tr>\n<td>Marque<\/td>\n<td>Flex-Archery<\/td>\n<\/tr>\n<tr>\n<td>Pays d'origine<\/td>\n<td>Italie<\/td>\n<\/tr>\n<\/table>","protected":false},"featured_media":446703,"comment_status":"open","ping_status":"closed","template":"","meta":[],"product_brand":[447],"product_cat":[4121,4166,4368],"product_tag":[3546],"class_list":{"0":"post-392390","1":"product","2":"type-product","3":"status-publish","4":"has-post-thumbnail","6":"product_brand-flexarchery","7":"product_cat-werkzeuge-training","8":"product_cat-sehnen-herstellung","9":"product_cat-wickelwerkzeuge-einzelteile","10":"product_tag-neuheit","11":"product_shipping_class-bsd-standard","13":"first","14":"instock","15":"shipping-taxable","16":"purchasable","17":"product-type-simple"},"yoast_head":"<!-- This site is optimized with the Yoast SEO plugin v27.6 - https:\/\/yoast.com\/product\/yoast-seo-wordpress\/ -->\n<title>OUTIL D&#x27;ENTRA\u00ceNEMENT POUR FLEX ARCHERY I-WINDER - Bogensportdiscount \u2013 Arcs, fl\u00e8ches, cibles et accessoires<\/title>\n<meta name=\"description\" content=\"Achetez l&#x27;outil d&#x27;enroulement FLEX ARCHERY I-WINDER \u00e0 un prix avantageux chez Bogensportdiscount \u2013 Les meilleures marques, livraison rapide depuis la Suisse.\" \/>\n<meta name=\"robots\" content=\"index, follow, max-snippet:-1, max-image-preview:large, max-video-preview:-1\" \/>\n<link rel=\"canonical\" href=\"https:\/\/bogensportdiscount.ch\/fr\/produit\/flexarchery-aufwickelwerkzeug-i-winder\/\" \/>\n<meta property=\"og:locale\" content=\"fr_FR\" \/>\n<meta property=\"og:type\" content=\"article\" \/>\n<meta property=\"og:title\" content=\"OUTIL D&#x27;ENTRA\u00ceNEMENT POUR FLEX ARCHERY I-WINDER - Bogensportdiscount \u2013 Arcs, fl\u00e8ches, cibles et accessoires\" \/>\n<meta property=\"og:description\" content=\"Achetez l&#x27;outil d&#x27;enroulement FLEX ARCHERY I-WINDER \u00e0 un prix avantageux chez Bogensportdiscount \u2013 Les meilleures marques, livraison rapide depuis la Suisse.\" \/>\n<meta property=\"og:url\" content=\"https:\/\/bogensportdiscount.ch\/fr\/produit\/flexarchery-aufwickelwerkzeug-i-winder\/\" \/>\n<meta property=\"og:site_name\" content=\"Bogensportdiscount \u2013 B\u00f6gen, Pfeile, Targets &amp; Zubeh\u00f6r\" \/>\n<meta property=\"article:modified_time\" content=\"2026-05-14T05:13:39+00:00\" \/>\n<meta property=\"og:image\" content=\"https:\/\/bogensportdiscount.ch\/wp-content\/uploads\/bsm-images\/A046189_2.png\" \/>\n\t<meta property=\"og:image:width\" content=\"2520\" \/>\n\t<meta property=\"og:image:height\" content=\"2444\" \/>\n\t<meta property=\"og:image:type\" content=\"image\/png\" \/>\n<meta name=\"twitter:card\" content=\"summary_large_image\" \/>\n<script type=\"application\/ld+json\" class=\"yoast-schema-graph\">{\"@context\":\"https:\\\/\\\/schema.org\",\"@graph\":[{\"@type\":\"WebPage\",\"@id\":\"https:\\\/\\\/bogensportdiscount.ch\\\/produkt\\\/flexarchery-aufwickelwerkzeug-i-winder\\\/\",\"url\":\"https:\\\/\\\/bogensportdiscount.ch\\\/produkt\\\/flexarchery-aufwickelwerkzeug-i-winder\\\/\",\"name\":\"FLEX ARCHERY SERVING TOOL I-WINDER - Bogensportdiscount \u2013 B\u00f6gen, Pfeile, Targets &amp; Zubeh\u00f6r\",\"isPartOf\":{\"@id\":\"https:\\\/\\\/bogensportdiscount.ch\\\/#website\"},\"primaryImageOfPage\":{\"@id\":\"https:\\\/\\\/bogensportdiscount.ch\\\/produkt\\\/flexarchery-aufwickelwerkzeug-i-winder\\\/#primaryimage\"},\"image\":{\"@id\":\"https:\\\/\\\/bogensportdiscount.ch\\\/produkt\\\/flexarchery-aufwickelwerkzeug-i-winder\\\/#primaryimage\"},\"thumbnailUrl\":\"https:\\\/\\\/bogensportdiscount.ch\\\/wp-content\\\/uploads\\\/bsm-images\\\/A046189_2.png\",\"datePublished\":\"2026-04-05T12:25:48+00:00\",\"dateModified\":\"2026-05-14T05:13:39+00:00\",\"description\":\"FLEX ARCHERY SERVING TOOL I-WINDER g\u00fcnstig kaufen bei Bogensportdiscount \u2013 Top-Marken, schneller Versand aus der Schweiz.\",\"breadcrumb\":{\"@id\":\"https:\\\/\\\/bogensportdiscount.ch\\\/produkt\\\/flexarchery-aufwickelwerkzeug-i-winder\\\/#breadcrumb\"},\"inLanguage\":\"fr-FR\",\"potentialAction\":[{\"@type\":\"ReadAction\",\"target\":[\"https:\\\/\\\/bogensportdiscount.ch\\\/produkt\\\/flexarchery-aufwickelwerkzeug-i-winder\\\/\"]}]},{\"@type\":\"ImageObject\",\"inLanguage\":\"fr-FR\",\"@id\":\"https:\\\/\\\/bogensportdiscount.ch\\\/produkt\\\/flexarchery-aufwickelwerkzeug-i-winder\\\/#primaryimage\",\"url\":\"https:\\\/\\\/bogensportdiscount.ch\\\/wp-content\\\/uploads\\\/bsm-images\\\/A046189_2.png\",\"contentUrl\":\"https:\\\/\\\/bogensportdiscount.ch\\\/wp-content\\\/uploads\\\/bsm-images\\\/A046189_2.png\",\"width\":2520,\"height\":2444},{\"@type\":\"BreadcrumbList\",\"@id\":\"https:\\\/\\\/bogensportdiscount.ch\\\/produkt\\\/flexarchery-aufwickelwerkzeug-i-winder\\\/#breadcrumb\",\"itemListElement\":[{\"@type\":\"ListItem\",\"position\":1,\"name\":\"Home\",\"item\":\"https:\\\/\\\/bogensportdiscount.ch\\\/\"},{\"@type\":\"ListItem\",\"position\":2,\"name\":\"Shop\",\"item\":\"https:\\\/\\\/bogensportdiscount.ch\\\/shop\\\/\"},{\"@type\":\"ListItem\",\"position\":3,\"name\":\"FLEX ARCHERY SERVING TOOL I-WINDER\"}]},{\"@type\":\"WebSite\",\"@id\":\"https:\\\/\\\/bogensportdiscount.ch\\\/#website\",\"url\":\"https:\\\/\\\/bogensportdiscount.ch\\\/\",\"name\":\"Bogensportdiscount\",\"description\":\"\",\"potentialAction\":[{\"@type\":\"SearchAction\",\"target\":{\"@type\":\"EntryPoint\",\"urlTemplate\":\"https:\\\/\\\/bogensportdiscount.ch\\\/?s={search_term_string}\"},\"query-input\":{\"@type\":\"PropertyValueSpecification\",\"valueRequired\":true,\"valueName\":\"search_term_string\"}}],\"inLanguage\":\"fr-FR\"}]}<\/script>\n<!-- \/ Yoast SEO plugin. -->","yoast_head_json":{"title":"OUTIL D&#x27;ENTRA\u00ceNEMENT POUR FLEX ARCHERY I-WINDER - Bogensportdiscount \u2013 Arcs, fl\u00e8ches, cibles et accessoires","description":"Achetez l&#x27;outil d&#x27;enroulement FLEX ARCHERY I-WINDER \u00e0 un prix avantageux chez Bogensportdiscount \u2013 Les meilleures marques, livraison rapide depuis la Suisse.","robots":{"index":"index","follow":"follow","max-snippet":"max-snippet:-1","max-image-preview":"max-image-preview:large","max-video-preview":"max-video-preview:-1"},"canonical":"https:\/\/bogensportdiscount.ch\/fr\/produit\/flexarchery-aufwickelwerkzeug-i-winder\/","og_locale":"fr_FR","og_type":"article","og_title":"OUTIL D&#x27;ENTRA\u00ceNEMENT POUR FLEX ARCHERY I-WINDER - Bogensportdiscount \u2013 Arcs, fl\u00e8ches, cibles et accessoires","og_description":"Achetez l&#x27;outil d&#x27;enroulement FLEX ARCHERY I-WINDER \u00e0 un prix avantageux chez Bogensportdiscount \u2013 Les meilleures marques, livraison rapide depuis la Suisse.","og_url":"https:\/\/bogensportdiscount.ch\/fr\/produit\/flexarchery-aufwickelwerkzeug-i-winder\/","og_site_name":"Bogensportdiscount \u2013 B\u00f6gen, Pfeile, Targets &amp; Zubeh\u00f6r","article_modified_time":"2026-05-14T05:13:39+00:00","og_image":[{"url":"https:\/\/bogensportdiscount.ch\/wp-content\/uploads\/bsm-images\/A046189_2.png","width":2520,"height":2444,"type":"image\/png"}],"twitter_card":"summary_large_image","schema":{"@context":"https:\/\/schema.org","@graph":[{"@type":"WebPage","@id":"https:\/\/bogensportdiscount.ch\/produkt\/flexarchery-aufwickelwerkzeug-i-winder\/","url":"https:\/\/bogensportdiscount.ch\/produkt\/flexarchery-aufwickelwerkzeug-i-winder\/","name":"OUTIL D&#x27;ENTRA\u00ceNEMENT POUR FLEX ARCHERY I-WINDER - Bogensportdiscount \u2013 Arcs, fl\u00e8ches, cibles et accessoires","isPartOf":{"@id":"https:\/\/bogensportdiscount.ch\/#website"},"primaryImageOfPage":{"@id":"https:\/\/bogensportdiscount.ch\/produkt\/flexarchery-aufwickelwerkzeug-i-winder\/#primaryimage"},"image":{"@id":"https:\/\/bogensportdiscount.ch\/produkt\/flexarchery-aufwickelwerkzeug-i-winder\/#primaryimage"},"thumbnailUrl":"https:\/\/bogensportdiscount.ch\/wp-content\/uploads\/bsm-images\/A046189_2.png","datePublished":"2026-04-05T12:25:48+00:00","dateModified":"2026-05-14T05:13:39+00:00","description":"Achetez l&#x27;outil d&#x27;enroulement FLEX ARCHERY I-WINDER \u00e0 un prix avantageux chez Bogensportdiscount \u2013 Les meilleures marques, livraison rapide depuis la Suisse.","breadcrumb":{"@id":"https:\/\/bogensportdiscount.ch\/produkt\/flexarchery-aufwickelwerkzeug-i-winder\/#breadcrumb"},"inLanguage":"fr-FR","potentialAction":[{"@type":"ReadAction","target":["https:\/\/bogensportdiscount.ch\/produkt\/flexarchery-aufwickelwerkzeug-i-winder\/"]}]},{"@type":"ImageObject","inLanguage":"fr-FR","@id":"https:\/\/bogensportdiscount.ch\/produkt\/flexarchery-aufwickelwerkzeug-i-winder\/#primaryimage","url":"https:\/\/bogensportdiscount.ch\/wp-content\/uploads\/bsm-images\/A046189_2.png","contentUrl":"https:\/\/bogensportdiscount.ch\/wp-content\/uploads\/bsm-images\/A046189_2.png","width":2520,"height":2444},{"@type":"BreadcrumbList","@id":"https:\/\/bogensportdiscount.ch\/produkt\/flexarchery-aufwickelwerkzeug-i-winder\/#breadcrumb","itemListElement":[{"@type":"ListItem","position":1,"name":"Home","item":"https:\/\/bogensportdiscount.ch\/"},{"@type":"ListItem","position":2,"name":"Shop","item":"https:\/\/bogensportdiscount.ch\/shop\/"},{"@type":"ListItem","position":3,"name":"FLEX ARCHERY SERVING TOOL I-WINDER"}]},{"@type":"WebSite","@id":"https:\/\/bogensportdiscount.ch\/#website","url":"https:\/\/bogensportdiscount.ch\/","name":"Bogensportdiscount","description":"","potentialAction":[{"@type":"SearchAction","target":{"@type":"EntryPoint","urlTemplate":"https:\/\/bogensportdiscount.ch\/?s={search_term_string}"},"query-input":{"@type":"PropertyValueSpecification","valueRequired":true,"valueName":"search_term_string"}}],"inLanguage":"fr-FR"}]}},"_links":{"self":[{"href":"https:\/\/bogensportdiscount.ch\/fr\/wp-json\/wp\/v2\/product\/392390","targetHints":{"allow":["GET"]}}],"collection":[{"href":"https:\/\/bogensportdiscount.ch\/fr\/wp-json\/wp\/v2\/product"}],"about":[{"href":"https:\/\/bogensportdiscount.ch\/fr\/wp-json\/wp\/v2\/types\/product"}],"replies":[{"embeddable":true,"href":"https:\/\/bogensportdiscount.ch\/fr\/wp-json\/wp\/v2\/comments?post=392390"}],"wp:featuredmedia":[{"embeddable":true,"href":"https:\/\/bogensportdiscount.ch\/fr\/wp-json\/wp\/v2\/media\/446703"}],"wp:attachment":[{"href":"https:\/\/bogensportdiscount.ch\/fr\/wp-json\/wp\/v2\/media?parent=392390"}],"wp:term":[{"taxonomy":"product_brand","embeddable":true,"href":"https:\/\/bogensportdiscount.ch\/fr\/wp-json\/wp\/v2\/product_brand?post=392390"},{"taxonomy":"product_cat","embeddable":true,"href":"https:\/\/bogensportdiscount.ch\/fr\/wp-json\/wp\/v2\/product_cat?post=392390"},{"taxonomy":"product_tag","embeddable":true,"href":"https:\/\/bogensportdiscount.ch\/fr\/wp-json\/wp\/v2\/product_tag?post=392390"}],"curies":[{"name":"wp","href":"https:\/\/api.w.org\/{rel}","templated":true}]}}