{"id":392389,"date":"2026-04-05T14:25:48","date_gmt":"2026-04-05T12:25:48","guid":{"rendered":"https:\/\/bogensportdiscount.ch\/produkt\/paradox-pbse-with-leather-mount-olive-xtra-wrist-sling\/"},"modified":"2026-04-15T12:14:00","modified_gmt":"2026-04-15T10:14:00","slug":"paradox-handgelenkschlinge-pbse-lederhalterung-olive-xtra","status":"publish","type":"product","link":"https:\/\/bogensportdiscount.ch\/fr\/produit\/paradox-handgelenkschlinge-pbse-lederhalterung-olive-xtra\/","title":{"rendered":"PARADOX PBSE WITH LEATHER MOUNT OLIVE XTRA WRIST SLING"},"content":{"rendered":"<p>Die PARADOX PBSE Handgelenkschlinge ist mit einer Lederhalterung ausgestattet und im Farbmuster Olive Xtra gehalten. Handgelenkschlingen werden am Bogen befestigt und verhindern, dass der Bogen nach dem Schuss aus der Hand f\u00e4llt, ohne dass die Hand den Bogen aktiv festhalten muss.<\/p>\n<p>Dank der Lederhalterung bietet die PBSE eine robuste Befestigung am Bogen. Das Tarnmuster Olive Xtra macht sie besonders f\u00fcr Jagdbogensch\u00fctzen interessant, die Wert auf ein unauff\u00e4lliges Erscheinungsbild legen.<\/p>\n<ul>\n<li>Handgelenkschlinge mit Lederhalterung<\/li>\n<li>Farbmuster: Olive Xtra<\/li>\n<li>Verhindert das Herunterfallen des Bogens nach dem Schuss<\/li>\n<li>Geeignet f\u00fcr Jagd- und Outdooreinsatz<\/li>\n<\/ul>","protected":false},"excerpt":{"rendered":"<p><strong>Marque :<\/strong> Paradox<br \/><strong>Farbe:<\/strong> Camo<\/p>","protected":false},"featured_media":446702,"comment_status":"open","ping_status":"closed","template":"","meta":[],"product_brand":[793],"product_cat":[4332],"product_tag":[3546],"class_list":{"0":"post-392389","1":"product","2":"type-product","3":"status-publish","4":"has-post-thumbnail","6":"product_brand-paradox","7":"product_cat-bogen-handgelenkschlinge","8":"product_tag-neuheit","10":"first","11":"instock","12":"shipping-taxable","13":"purchasable","14":"product-type-simple"},"_links":{"self":[{"href":"https:\/\/bogensportdiscount.ch\/fr\/wp-json\/wp\/v2\/product\/392389","targetHints":{"allow":["GET"]}}],"collection":[{"href":"https:\/\/bogensportdiscount.ch\/fr\/wp-json\/wp\/v2\/product"}],"about":[{"href":"https:\/\/bogensportdiscount.ch\/fr\/wp-json\/wp\/v2\/types\/product"}],"replies":[{"embeddable":true,"href":"https:\/\/bogensportdiscount.ch\/fr\/wp-json\/wp\/v2\/comments?post=392389"}],"wp:featuredmedia":[{"embeddable":true,"href":"https:\/\/bogensportdiscount.ch\/fr\/wp-json\/wp\/v2\/media\/446702"}],"wp:attachment":[{"href":"https:\/\/bogensportdiscount.ch\/fr\/wp-json\/wp\/v2\/media?parent=392389"}],"wp:term":[{"taxonomy":"product_brand","embeddable":true,"href":"https:\/\/bogensportdiscount.ch\/fr\/wp-json\/wp\/v2\/product_brand?post=392389"},{"taxonomy":"product_cat","embeddable":true,"href":"https:\/\/bogensportdiscount.ch\/fr\/wp-json\/wp\/v2\/product_cat?post=392389"},{"taxonomy":"product_tag","embeddable":true,"href":"https:\/\/bogensportdiscount.ch\/fr\/wp-json\/wp\/v2\/product_tag?post=392389"}],"curies":[{"name":"wp","href":"https:\/\/api.w.org\/{rel}","templated":true}]}}