{"id":392384,"date":"2026-04-05T14:25:47","date_gmt":"2026-04-05T12:25:47","guid":{"rendered":"https:\/\/bogensportdiscount.ch\/produkt\/scott-index-finger-releases-wildcat-2-buckle-strap-black\/"},"modified":"2026-05-14T07:13:39","modified_gmt":"2026-05-14T05:13:39","slug":"scott-handgelenk-release-wildcat-2-zeigefinger-schnallenriemen-schwarz","status":"publish","type":"product","link":"https:\/\/bogensportdiscount.ch\/fr\/produit\/scott-handgelenk-release-wildcat-2-zeigefinger-schnallenriemen-schwarz\/","title":{"rendered":"SCOTT D\u00c9COCHEURS \u00c0 INDEX WILDCAT 2 &#8211; SANGLE \u00c0 BOUCLE NOIR"},"content":{"rendered":"<p>Le SCOTT Wildcat 2 est un d\u00e9cocheur de poignet pour archers \u00e0 arc \u00e0 poulies, d\u00e9clench\u00e9 par l'index. La sangle \u00e0 boucle r\u00e9glable assure un maintien s\u00fbr au poignet et un ajustement uniforme pour diff\u00e9rentes tailles de poignet.<\/p>\n<p>Gr\u00e2ce \u00e0 la m\u00e9canique \u00e9prouv\u00e9e de SCOTT, le Wildcat 2 offre un point de d\u00e9clenchement contr\u00f4l\u00e9 et reproductible, ce qui contribue \u00e0 la pr\u00e9cision du tir. La version en noir est intemporelle et robuste pour une utilisation quotidienne \u00e0 l'entra\u00eenement et en comp\u00e9tition.<\/p>\n<ul>\n<li>Type de d\u00e9clenchement : index<\/li>\n<li>Fixation : sangle \u00e0 boucle au poignet<\/li>\n<li>Couleur : Noir<\/li>\n<li>Adapt\u00e9 au tir \u00e0 l'arc compound<\/li>\n<\/ul>","protected":false},"excerpt":{"rendered":"<table>\n<tr>\n<th>Propri\u00e9t\u00e9<\/th>\n<th>Valeur<\/th>\n<\/tr>\n<tr>\n<td>Marque<\/td>\n<td>Scott<\/td>\n<\/tr>\n<tr>\n<td>Type<\/td>\n<td>Buckle<\/td>\n<\/tr>\n<tr>\n<td>Couleur<\/td>\n<td>Noir<\/td>\n<\/tr>\n<tr>\n<td>Gr\u00f6\u00dfen<\/td>\n<td>L<\/td>\n<\/tr>\n<tr>\n<td>Pays d'origine<\/td>\n<td>USA<\/td>\n<\/tr>\n<\/table>","protected":false},"featured_media":452682,"comment_status":"open","ping_status":"closed","template":"","meta":[],"product_brand":[614],"product_cat":[4124,4208,4210],"product_tag":[3546],"class_list":{"0":"post-392384","1":"product","2":"type-product","3":"status-publish","4":"has-post-thumbnail","6":"product_brand-scott","7":"product_cat-bogenschuetzer-ausruestung","8":"product_cat-releases-bogenschuetzer-ausruestung","9":"product_cat-index-finger-releases","10":"product_tag-neuheit","11":"product_shipping_class-bsd-standard","13":"first","14":"instock","15":"shipping-taxable","16":"purchasable","17":"product-type-simple"},"yoast_head":"<!-- This site is optimized with the Yoast SEO plugin v27.6 - https:\/\/yoast.com\/product\/yoast-seo-wordpress\/ -->\n<title>SCOTT ZEIGEFINGER-RELEASES WILDCAT 2 - SCHNALLENGURT SCHWARZ - Bogensportdiscount \u2013 B\u00f6gen, Pfeile, Targets &amp; Zubeh\u00f6r<\/title>\n<meta name=\"description\" content=\"SCOTT ZEIGEFINGER-RELEASES WILDCAT 2 - SCHNALLENGURT SCHWARZ g\u00fcnstig kaufen bei Bogensportdiscount \u2013 Top-Marken, schneller Versand aus der Schweiz.\" \/>\n<meta name=\"robots\" content=\"index, follow, max-snippet:-1, max-image-preview:large, max-video-preview:-1\" \/>\n<link rel=\"canonical\" href=\"https:\/\/bogensportdiscount.ch\/fr\/produit\/scott-handgelenk-release-wildcat-2-zeigefinger-schnallenriemen-schwarz\/\" \/>\n<meta property=\"og:locale\" content=\"fr_FR\" \/>\n<meta property=\"og:type\" content=\"article\" \/>\n<meta property=\"og:title\" content=\"SCOTT ZEIGEFINGER-RELEASES WILDCAT 2 - SCHNALLENGURT SCHWARZ - Bogensportdiscount \u2013 B\u00f6gen, Pfeile, Targets &amp; Zubeh\u00f6r\" \/>\n<meta property=\"og:description\" content=\"SCOTT ZEIGEFINGER-RELEASES WILDCAT 2 - SCHNALLENGURT SCHWARZ g\u00fcnstig kaufen bei Bogensportdiscount \u2013 Top-Marken, schneller Versand aus der Schweiz.\" \/>\n<meta property=\"og:url\" content=\"https:\/\/bogensportdiscount.ch\/fr\/produit\/scott-handgelenk-release-wildcat-2-zeigefinger-schnallenriemen-schwarz\/\" \/>\n<meta property=\"og:site_name\" content=\"Bogensportdiscount \u2013 B\u00f6gen, Pfeile, Targets &amp; Zubeh\u00f6r\" \/>\n<meta property=\"article:modified_time\" content=\"2026-05-14T05:13:39+00:00\" \/>\n<meta property=\"og:image\" content=\"https:\/\/bogensportdiscount.ch\/wp-content\/uploads\/bsm-images\/a046099_1.jpg\" \/>\n\t<meta property=\"og:image:width\" content=\"400\" \/>\n\t<meta property=\"og:image:height\" content=\"266\" \/>\n\t<meta property=\"og:image:type\" content=\"image\/jpeg\" \/>\n<meta name=\"twitter:card\" content=\"summary_large_image\" \/>\n<script type=\"application\/ld+json\" class=\"yoast-schema-graph\">{\"@context\":\"https:\\\/\\\/schema.org\",\"@graph\":[{\"@type\":\"WebPage\",\"@id\":\"https:\\\/\\\/bogensportdiscount.ch\\\/produkt\\\/scott-handgelenk-release-wildcat-2-zeigefinger-schnallenriemen-schwarz\\\/\",\"url\":\"https:\\\/\\\/bogensportdiscount.ch\\\/produkt\\\/scott-handgelenk-release-wildcat-2-zeigefinger-schnallenriemen-schwarz\\\/\",\"name\":\"SCOTT ZEIGEFINGER-RELEASES WILDCAT 2 - SCHNALLENGURT SCHWARZ - Bogensportdiscount \u2013 B\u00f6gen, Pfeile, Targets &amp; Zubeh\u00f6r\",\"isPartOf\":{\"@id\":\"https:\\\/\\\/bogensportdiscount.ch\\\/#website\"},\"primaryImageOfPage\":{\"@id\":\"https:\\\/\\\/bogensportdiscount.ch\\\/produkt\\\/scott-handgelenk-release-wildcat-2-zeigefinger-schnallenriemen-schwarz\\\/#primaryimage\"},\"image\":{\"@id\":\"https:\\\/\\\/bogensportdiscount.ch\\\/produkt\\\/scott-handgelenk-release-wildcat-2-zeigefinger-schnallenriemen-schwarz\\\/#primaryimage\"},\"thumbnailUrl\":\"https:\\\/\\\/bogensportdiscount.ch\\\/wp-content\\\/uploads\\\/bsm-images\\\/a046099_1.jpg\",\"datePublished\":\"2026-04-05T12:25:47+00:00\",\"dateModified\":\"2026-05-14T05:13:39+00:00\",\"description\":\"SCOTT ZEIGEFINGER-RELEASES WILDCAT 2 - SCHNALLENGURT SCHWARZ g\u00fcnstig kaufen bei Bogensportdiscount \u2013 Top-Marken, schneller Versand aus der Schweiz.\",\"breadcrumb\":{\"@id\":\"https:\\\/\\\/bogensportdiscount.ch\\\/produkt\\\/scott-handgelenk-release-wildcat-2-zeigefinger-schnallenriemen-schwarz\\\/#breadcrumb\"},\"inLanguage\":\"fr-FR\",\"potentialAction\":[{\"@type\":\"ReadAction\",\"target\":[\"https:\\\/\\\/bogensportdiscount.ch\\\/produkt\\\/scott-handgelenk-release-wildcat-2-zeigefinger-schnallenriemen-schwarz\\\/\"]}]},{\"@type\":\"ImageObject\",\"inLanguage\":\"fr-FR\",\"@id\":\"https:\\\/\\\/bogensportdiscount.ch\\\/produkt\\\/scott-handgelenk-release-wildcat-2-zeigefinger-schnallenriemen-schwarz\\\/#primaryimage\",\"url\":\"https:\\\/\\\/bogensportdiscount.ch\\\/wp-content\\\/uploads\\\/bsm-images\\\/a046099_1.jpg\",\"contentUrl\":\"https:\\\/\\\/bogensportdiscount.ch\\\/wp-content\\\/uploads\\\/bsm-images\\\/a046099_1.jpg\",\"width\":400,\"height\":266},{\"@type\":\"BreadcrumbList\",\"@id\":\"https:\\\/\\\/bogensportdiscount.ch\\\/produkt\\\/scott-handgelenk-release-wildcat-2-zeigefinger-schnallenriemen-schwarz\\\/#breadcrumb\",\"itemListElement\":[{\"@type\":\"ListItem\",\"position\":1,\"name\":\"Home\",\"item\":\"https:\\\/\\\/bogensportdiscount.ch\\\/\"},{\"@type\":\"ListItem\",\"position\":2,\"name\":\"Shop\",\"item\":\"https:\\\/\\\/bogensportdiscount.ch\\\/shop\\\/\"},{\"@type\":\"ListItem\",\"position\":3,\"name\":\"SCOTT INDEX FINGER RELEASES WILDCAT 2 &#8211; BUCKLE STRAP BLACK\"}]},{\"@type\":\"WebSite\",\"@id\":\"https:\\\/\\\/bogensportdiscount.ch\\\/#website\",\"url\":\"https:\\\/\\\/bogensportdiscount.ch\\\/\",\"name\":\"Bogensportdiscount\",\"description\":\"\",\"potentialAction\":[{\"@type\":\"SearchAction\",\"target\":{\"@type\":\"EntryPoint\",\"urlTemplate\":\"https:\\\/\\\/bogensportdiscount.ch\\\/?s={search_term_string}\"},\"query-input\":{\"@type\":\"PropertyValueSpecification\",\"valueRequired\":true,\"valueName\":\"search_term_string\"}}],\"inLanguage\":\"fr-FR\"}]}<\/script>\n<!-- \/ Yoast SEO plugin. -->","yoast_head_json":{"title":"SCOTT ZEIGEFINGER-RELEASES WILDCAT 2 - SCHNALLENGURT SCHWARZ - Bogensportdiscount \u2013 B\u00f6gen, Pfeile, Targets &amp; Zubeh\u00f6r","description":"SCOTT ZEIGEFINGER-RELEASES WILDCAT 2 - SCHNALLENGURT SCHWARZ g\u00fcnstig kaufen bei Bogensportdiscount \u2013 Top-Marken, schneller Versand aus der Schweiz.","robots":{"index":"index","follow":"follow","max-snippet":"max-snippet:-1","max-image-preview":"max-image-preview:large","max-video-preview":"max-video-preview:-1"},"canonical":"https:\/\/bogensportdiscount.ch\/fr\/produit\/scott-handgelenk-release-wildcat-2-zeigefinger-schnallenriemen-schwarz\/","og_locale":"fr_FR","og_type":"article","og_title":"SCOTT ZEIGEFINGER-RELEASES WILDCAT 2 - SCHNALLENGURT SCHWARZ - Bogensportdiscount \u2013 B\u00f6gen, Pfeile, Targets &amp; Zubeh\u00f6r","og_description":"SCOTT ZEIGEFINGER-RELEASES WILDCAT 2 - SCHNALLENGURT SCHWARZ g\u00fcnstig kaufen bei Bogensportdiscount \u2013 Top-Marken, schneller Versand aus der Schweiz.","og_url":"https:\/\/bogensportdiscount.ch\/fr\/produit\/scott-handgelenk-release-wildcat-2-zeigefinger-schnallenriemen-schwarz\/","og_site_name":"Bogensportdiscount \u2013 B\u00f6gen, Pfeile, Targets &amp; Zubeh\u00f6r","article_modified_time":"2026-05-14T05:13:39+00:00","og_image":[{"width":400,"height":266,"url":"https:\/\/bogensportdiscount.ch\/wp-content\/uploads\/bsm-images\/a046099_1.jpg","type":"image\/jpeg"}],"twitter_card":"summary_large_image","schema":{"@context":"https:\/\/schema.org","@graph":[{"@type":"WebPage","@id":"https:\/\/bogensportdiscount.ch\/produkt\/scott-handgelenk-release-wildcat-2-zeigefinger-schnallenriemen-schwarz\/","url":"https:\/\/bogensportdiscount.ch\/produkt\/scott-handgelenk-release-wildcat-2-zeigefinger-schnallenriemen-schwarz\/","name":"SCOTT ZEIGEFINGER-RELEASES WILDCAT 2 - SCHNALLENGURT SCHWARZ - Bogensportdiscount \u2013 B\u00f6gen, Pfeile, Targets &amp; Zubeh\u00f6r","isPartOf":{"@id":"https:\/\/bogensportdiscount.ch\/#website"},"primaryImageOfPage":{"@id":"https:\/\/bogensportdiscount.ch\/produkt\/scott-handgelenk-release-wildcat-2-zeigefinger-schnallenriemen-schwarz\/#primaryimage"},"image":{"@id":"https:\/\/bogensportdiscount.ch\/produkt\/scott-handgelenk-release-wildcat-2-zeigefinger-schnallenriemen-schwarz\/#primaryimage"},"thumbnailUrl":"https:\/\/bogensportdiscount.ch\/wp-content\/uploads\/bsm-images\/a046099_1.jpg","datePublished":"2026-04-05T12:25:47+00:00","dateModified":"2026-05-14T05:13:39+00:00","description":"SCOTT ZEIGEFINGER-RELEASES WILDCAT 2 - SCHNALLENGURT SCHWARZ g\u00fcnstig kaufen bei Bogensportdiscount \u2013 Top-Marken, schneller Versand aus der Schweiz.","breadcrumb":{"@id":"https:\/\/bogensportdiscount.ch\/produkt\/scott-handgelenk-release-wildcat-2-zeigefinger-schnallenriemen-schwarz\/#breadcrumb"},"inLanguage":"fr-FR","potentialAction":[{"@type":"ReadAction","target":["https:\/\/bogensportdiscount.ch\/produkt\/scott-handgelenk-release-wildcat-2-zeigefinger-schnallenriemen-schwarz\/"]}]},{"@type":"ImageObject","inLanguage":"fr-FR","@id":"https:\/\/bogensportdiscount.ch\/produkt\/scott-handgelenk-release-wildcat-2-zeigefinger-schnallenriemen-schwarz\/#primaryimage","url":"https:\/\/bogensportdiscount.ch\/wp-content\/uploads\/bsm-images\/a046099_1.jpg","contentUrl":"https:\/\/bogensportdiscount.ch\/wp-content\/uploads\/bsm-images\/a046099_1.jpg","width":400,"height":266},{"@type":"BreadcrumbList","@id":"https:\/\/bogensportdiscount.ch\/produkt\/scott-handgelenk-release-wildcat-2-zeigefinger-schnallenriemen-schwarz\/#breadcrumb","itemListElement":[{"@type":"ListItem","position":1,"name":"Home","item":"https:\/\/bogensportdiscount.ch\/"},{"@type":"ListItem","position":2,"name":"Shop","item":"https:\/\/bogensportdiscount.ch\/shop\/"},{"@type":"ListItem","position":3,"name":"SCOTT INDEX FINGER RELEASES WILDCAT 2 &#8211; BUCKLE STRAP BLACK"}]},{"@type":"WebSite","@id":"https:\/\/bogensportdiscount.ch\/#website","url":"https:\/\/bogensportdiscount.ch\/","name":"Bogensportdiscount","description":"","potentialAction":[{"@type":"SearchAction","target":{"@type":"EntryPoint","urlTemplate":"https:\/\/bogensportdiscount.ch\/?s={search_term_string}"},"query-input":{"@type":"PropertyValueSpecification","valueRequired":true,"valueName":"search_term_string"}}],"inLanguage":"fr-FR"}]}},"_links":{"self":[{"href":"https:\/\/bogensportdiscount.ch\/fr\/wp-json\/wp\/v2\/product\/392384","targetHints":{"allow":["GET"]}}],"collection":[{"href":"https:\/\/bogensportdiscount.ch\/fr\/wp-json\/wp\/v2\/product"}],"about":[{"href":"https:\/\/bogensportdiscount.ch\/fr\/wp-json\/wp\/v2\/types\/product"}],"replies":[{"embeddable":true,"href":"https:\/\/bogensportdiscount.ch\/fr\/wp-json\/wp\/v2\/comments?post=392384"}],"wp:featuredmedia":[{"embeddable":true,"href":"https:\/\/bogensportdiscount.ch\/fr\/wp-json\/wp\/v2\/media\/452682"}],"wp:attachment":[{"href":"https:\/\/bogensportdiscount.ch\/fr\/wp-json\/wp\/v2\/media?parent=392384"}],"wp:term":[{"taxonomy":"product_brand","embeddable":true,"href":"https:\/\/bogensportdiscount.ch\/fr\/wp-json\/wp\/v2\/product_brand?post=392384"},{"taxonomy":"product_cat","embeddable":true,"href":"https:\/\/bogensportdiscount.ch\/fr\/wp-json\/wp\/v2\/product_cat?post=392384"},{"taxonomy":"product_tag","embeddable":true,"href":"https:\/\/bogensportdiscount.ch\/fr\/wp-json\/wp\/v2\/product_tag?post=392384"}],"curies":[{"name":"wp","href":"https:\/\/api.w.org\/{rel}","templated":true}]}}