{"id":392367,"date":"2026-04-05T14:25:44","date_gmt":"2026-04-05T12:25:44","guid":{"rendered":"https:\/\/bogensportdiscount.ch\/produkt\/ek-poelang-compound-crossbow-sets-blade-340fps-black-175lbs-scope-accessories\/"},"modified":"2026-04-20T12:47:44","modified_gmt":"2026-04-20T10:47:44","slug":"ekpoelang-compound-armbrust-set-blade-plus-340fps-schwarz-175lbs","status":"publish","type":"product","link":"https:\/\/bogensportdiscount.ch\/fr\/produit\/ekpoelang-compound-armbrust-set-blade-plus-340fps-schwarz-175lbs\/","title":{"rendered":"EK POELANG COMPOUND CROSSBOW SETS BLADE+ 340fps BLACK 175lbs. ZIELFERNROHR &#038; ZUBEHOER"},"content":{"rendered":"<p>Die EKPOELANG Blade+ ist eine Compound-Armbrust f\u00fcr J\u00e4ger und Sportsch\u00fctzen, die hohe Leistung und Schussbereitschaft ab dem ersten Tag suchen. Mit einem Zuggewicht von 175 lbs erreicht die Armbrust Pfeilgeschwindigkeiten von bis zu 340 fps, was sie f\u00fcr den Einsatz auf der Jagd ebenso wie im Zielschiesssport geeignet macht.<\/p>\n<p>Das Set wird komplett geliefert und enth\u00e4lt neben der Armbrust selbst ein Zielfernrohr sowie weiteres Zubeh\u00f6r, sodass keine zus\u00e4tzlichen Anschaffungen f\u00fcr den Grundbetrieb notwendig sind. Die schwarze Ausf\u00fchrung sorgt f\u00fcr ein unauff\u00e4lliges Erscheinungsbild im Gel\u00e4nde.<\/p>\n<ul>\n<li>Zuggewicht: 175 lbs<\/li>\n<li>Pfeilgeschwindigkeit: bis zu 340 fps<\/li>\n<li>Inklusive Zielfernrohr und Zubeh\u00f6r<\/li>\n<li>Couleur : Noir<\/li>\n<\/ul>","protected":false},"excerpt":{"rendered":"<p><strong>Marque :<\/strong> EK &#8211; Poelang<br \/><strong>Poids de tir (Lbs):<\/strong> 175<br \/><strong>Couleur:<\/strong> Noir<br \/><strong>FPS:<\/strong> 340<br \/><strong>GTIN:<\/strong> 4710933461293<\/p>","protected":false},"featured_media":453631,"comment_status":"open","ping_status":"closed","template":"","meta":[],"product_brand":[471],"product_cat":[4162],"product_tag":[3546],"class_list":{"0":"post-392367","1":"product","2":"type-product","3":"status-publish","4":"has-post-thumbnail","6":"product_brand-ekpoelang","7":"product_cat-compound-armbrueste-armbueste","8":"product_tag-neuheit","10":"first","11":"instock","12":"shipping-taxable","13":"purchasable","14":"product-type-simple"},"yoast_head":"<!-- This site is optimized with the Yoast SEO plugin v27.4 - https:\/\/yoast.com\/product\/yoast-seo-wordpress\/ -->\n<title>ENSEMBLES D&#x27;ARCS EK POELANG COMPOUND BLADE+ 340 fps NOIR 175 lbs. LUNETTE DE VIS\u00c9E ET ACCESSOIRES - Bogensportdiscount \u2013 Arcs, fl\u00e8ches, cibles et accessoires<\/title>\n<meta name=\"description\" content=\"Ensembles d&#x27;arbal\u00e8tes EK POELANG COMPOUND BLADE+ 340 fps NOIR 175 lbs. Lunette de vis\u00e9e et accessoires \u00e0 prix avantageux chez Bogensportdiscount \u2013 Grandes marques, livraison rapide depuis la Suisse.\" \/>\n<meta name=\"robots\" content=\"noindex, follow, max-snippet:-1, max-image-preview:large, max-video-preview:-1\" \/>\n<meta property=\"og:locale\" content=\"fr_FR\" \/>\n<meta property=\"og:type\" content=\"article\" \/>\n<meta property=\"og:title\" content=\"ENSEMBLES D&#x27;ARBRES \u00c0 ARCOUCHE EK POELANG COMPOUND BLADE+ 340 fps NOIR 175 lbs. LUNETTE DE VIS\u00c9E ET ACCESSOIRES - Bogensportdiscount \u2013 Arcs, fl\u00e8ches, cibles et accessoires\" \/>\n<meta property=\"og:description\" content=\"Ensembles d&#x27;arbal\u00e8tes EK POELANG COMPOUND BLADE+ 340 fps NOIR 175 lbs. Lunette de vis\u00e9e et accessoires \u00e0 prix avantageux chez Bogensportdiscount \u2013 Grandes marques, livraison rapide depuis la Suisse.\" \/>\n<meta property=\"og:url\" content=\"https:\/\/bogensportdiscount.ch\/fr\/prodotto\/ekpoelang-compound-armbrust-set-blade-plus-340fps-schwarz-175lbs\/\" \/>\n<meta property=\"og:site_name\" content=\"Bogensportdiscount \u2013 B\u00f6gen, Pfeile, Targets &amp; Zubeh\u00f6r\" \/>\n<meta property=\"article:modified_time\" content=\"2026-04-20T10:47:44+00:00\" \/>\n<meta property=\"og:image\" content=\"https:\/\/bogensportdiscount.ch\/wp-content\/uploads\/bsm-images\/A045858_1.png\" \/>\n\t<meta property=\"og:image:width\" content=\"1200\" \/>\n\t<meta property=\"og:image:height\" content=\"800\" \/>\n\t<meta property=\"og:image:type\" content=\"image\/png\" \/>\n<meta name=\"twitter:card\" content=\"summary_large_image\" \/>\n<meta name=\"twitter:label1\" content=\"Dur\u00e9e de lecture estim\u00e9e\" \/>\n\t<meta name=\"twitter:data1\" content=\"1 minute\" \/>\n<script type=\"application\/ld+json\" class=\"yoast-schema-graph\">{\"@context\":\"https:\\\/\\\/schema.org\",\"@graph\":[{\"@type\":\"WebPage\",\"@id\":\"https:\\\/\\\/bogensportdiscount.ch\\\/it\\\/prodotto\\\/ekpoelang-compound-armbrust-set-blade-plus-340fps-schwarz-175lbs\\\/\",\"url\":\"https:\\\/\\\/bogensportdiscount.ch\\\/it\\\/prodotto\\\/ekpoelang-compound-armbrust-set-blade-plus-340fps-schwarz-175lbs\\\/\",\"name\":\"EK POELANG COMPOUND CROSSBOW SETS BLADE+ 340fps BLACK 175lbs. ZIELFERNROHR & ZUBEHOER - Bogensportdiscount \u2013 B\u00f6gen, Pfeile, Targets &amp; Zubeh\u00f6r\",\"isPartOf\":{\"@id\":\"https:\\\/\\\/bogensportdiscount.ch\\\/#website\"},\"primaryImageOfPage\":{\"@id\":\"https:\\\/\\\/bogensportdiscount.ch\\\/it\\\/prodotto\\\/ekpoelang-compound-armbrust-set-blade-plus-340fps-schwarz-175lbs\\\/#primaryimage\"},\"image\":{\"@id\":\"https:\\\/\\\/bogensportdiscount.ch\\\/it\\\/prodotto\\\/ekpoelang-compound-armbrust-set-blade-plus-340fps-schwarz-175lbs\\\/#primaryimage\"},\"thumbnailUrl\":\"https:\\\/\\\/bogensportdiscount.ch\\\/wp-content\\\/uploads\\\/2026\\\/04\\\/bogensportdiscount.ch-pfeile-boegen-zubehoer-fuer-anfaenger-und-profis-zum-besten-preis-Symbolbild-kein-foto-zu-diesem-artikel_01.jpg\",\"datePublished\":\"2026-04-05T12:25:44+00:00\",\"dateModified\":\"2026-04-20T10:47:44+00:00\",\"description\":\"EK POELANG COMPOUND CROSSBOW SETS BLADE+ 340fps BLACK 175lbs. ZIELFERNROHR & ZUBEHOER g\u00fcnstig kaufen bei Bogensportdiscount \u2013 Top-Marken, schneller Versand aus der Schweiz.\",\"breadcrumb\":{\"@id\":\"https:\\\/\\\/bogensportdiscount.ch\\\/it\\\/prodotto\\\/ekpoelang-compound-armbrust-set-blade-plus-340fps-schwarz-175lbs\\\/#breadcrumb\"},\"inLanguage\":\"fr-FR\",\"potentialAction\":[{\"@type\":\"ReadAction\",\"target\":[\"https:\\\/\\\/bogensportdiscount.ch\\\/it\\\/prodotto\\\/ekpoelang-compound-armbrust-set-blade-plus-340fps-schwarz-175lbs\\\/\"]}]},{\"@type\":\"ImageObject\",\"inLanguage\":\"fr-FR\",\"@id\":\"https:\\\/\\\/bogensportdiscount.ch\\\/it\\\/prodotto\\\/ekpoelang-compound-armbrust-set-blade-plus-340fps-schwarz-175lbs\\\/#primaryimage\",\"url\":\"https:\\\/\\\/bogensportdiscount.ch\\\/wp-content\\\/uploads\\\/2026\\\/04\\\/bogensportdiscount.ch-pfeile-boegen-zubehoer-fuer-anfaenger-und-profis-zum-besten-preis-Symbolbild-kein-foto-zu-diesem-artikel_01.jpg\",\"contentUrl\":\"https:\\\/\\\/bogensportdiscount.ch\\\/wp-content\\\/uploads\\\/2026\\\/04\\\/bogensportdiscount.ch-pfeile-boegen-zubehoer-fuer-anfaenger-und-profis-zum-besten-preis-Symbolbild-kein-foto-zu-diesem-artikel_01.jpg\",\"width\":1080,\"height\":1080},{\"@type\":\"BreadcrumbList\",\"@id\":\"https:\\\/\\\/bogensportdiscount.ch\\\/it\\\/prodotto\\\/ekpoelang-compound-armbrust-set-blade-plus-340fps-schwarz-175lbs\\\/#breadcrumb\",\"itemListElement\":[{\"@type\":\"ListItem\",\"position\":1,\"name\":\"Home\",\"item\":\"https:\\\/\\\/bogensportdiscount.ch\\\/\"},{\"@type\":\"ListItem\",\"position\":2,\"name\":\"Shop\",\"item\":\"https:\\\/\\\/bogensportdiscount.ch\\\/shop\\\/\"},{\"@type\":\"ListItem\",\"position\":3,\"name\":\"EK POELANG COMPOUND CROSSBOW SETS BLADE+ 340fps BLACK 175lbs. ZIELFERNROHR &#038; ZUBEHOER\"}]},{\"@type\":\"WebSite\",\"@id\":\"https:\\\/\\\/bogensportdiscount.ch\\\/#website\",\"url\":\"https:\\\/\\\/bogensportdiscount.ch\\\/\",\"name\":\"Bogensportdiscount\",\"description\":\"\",\"potentialAction\":[{\"@type\":\"SearchAction\",\"target\":{\"@type\":\"EntryPoint\",\"urlTemplate\":\"https:\\\/\\\/bogensportdiscount.ch\\\/?s={search_term_string}\"},\"query-input\":{\"@type\":\"PropertyValueSpecification\",\"valueRequired\":true,\"valueName\":\"search_term_string\"}}],\"inLanguage\":\"fr-FR\"}]}<\/script>\n<!-- \/ Yoast SEO plugin. -->","yoast_head_json":{"title":"ENSEMBLES D&#x27;ARCS EK POELANG COMPOUND BLADE+ 340 fps NOIR 175 lbs. LUNETTE DE VIS\u00c9E ET ACCESSOIRES - Bogensportdiscount \u2013 Arcs, fl\u00e8ches, cibles et accessoires","description":"Ensembles d&#x27;arbal\u00e8tes EK POELANG COMPOUND BLADE+ 340 fps NOIR 175 lbs. Lunette de vis\u00e9e et accessoires \u00e0 prix avantageux chez Bogensportdiscount \u2013 Grandes marques, livraison rapide depuis la Suisse.","robots":{"index":"noindex","follow":"follow","max-snippet":"max-snippet:-1","max-image-preview":"max-image-preview:large","max-video-preview":"max-video-preview:-1"},"og_locale":"fr_FR","og_type":"article","og_title":"ENSEMBLES D&#x27;ARBRES \u00c0 ARCOUCHE EK POELANG COMPOUND BLADE+ 340 fps NOIR 175 lbs. LUNETTE DE VIS\u00c9E ET ACCESSOIRES - Bogensportdiscount \u2013 Arcs, fl\u00e8ches, cibles et accessoires","og_description":"Ensembles d&#x27;arbal\u00e8tes EK POELANG COMPOUND BLADE+ 340 fps NOIR 175 lbs. Lunette de vis\u00e9e et accessoires \u00e0 prix avantageux chez Bogensportdiscount \u2013 Grandes marques, livraison rapide depuis la Suisse.","og_url":"https:\/\/bogensportdiscount.ch\/fr\/prodotto\/ekpoelang-compound-armbrust-set-blade-plus-340fps-schwarz-175lbs\/","og_site_name":"Bogensportdiscount \u2013 B\u00f6gen, Pfeile, Targets &amp; Zubeh\u00f6r","article_modified_time":"2026-04-20T10:47:44+00:00","og_image":[{"width":1200,"height":800,"url":"https:\/\/bogensportdiscount.ch\/wp-content\/uploads\/bsm-images\/A045858_1.png","type":"image\/png"}],"twitter_card":"summary_large_image","twitter_misc":{"Dur\u00e9e de lecture estim\u00e9e":"1 minute"},"schema":{"@context":"https:\/\/schema.org","@graph":[{"@type":"WebPage","@id":"https:\/\/bogensportdiscount.ch\/it\/prodotto\/ekpoelang-compound-armbrust-set-blade-plus-340fps-schwarz-175lbs\/","url":"https:\/\/bogensportdiscount.ch\/it\/prodotto\/ekpoelang-compound-armbrust-set-blade-plus-340fps-schwarz-175lbs\/","name":"ENSEMBLES D&#x27;ARBRES \u00c0 ARCOUCHE EK POELANG COMPOUND BLADE+ 340 fps NOIR 175 lbs. LUNETTE DE VIS\u00c9E ET ACCESSOIRES - Bogensportdiscount \u2013 Arcs, fl\u00e8ches, cibles et accessoires","isPartOf":{"@id":"https:\/\/bogensportdiscount.ch\/#website"},"primaryImageOfPage":{"@id":"https:\/\/bogensportdiscount.ch\/it\/prodotto\/ekpoelang-compound-armbrust-set-blade-plus-340fps-schwarz-175lbs\/#primaryimage"},"image":{"@id":"https:\/\/bogensportdiscount.ch\/it\/prodotto\/ekpoelang-compound-armbrust-set-blade-plus-340fps-schwarz-175lbs\/#primaryimage"},"thumbnailUrl":"https:\/\/bogensportdiscount.ch\/wp-content\/uploads\/2026\/04\/bogensportdiscount.ch-pfeile-boegen-zubehoer-fuer-anfaenger-und-profis-zum-besten-preis-Symbolbild-kein-foto-zu-diesem-artikel_01.jpg","datePublished":"2026-04-05T12:25:44+00:00","dateModified":"2026-04-20T10:47:44+00:00","description":"Ensembles d&#x27;arbal\u00e8tes EK POELANG COMPOUND BLADE+ 340 fps NOIR 175 lbs. Lunette de vis\u00e9e et accessoires \u00e0 prix avantageux chez Bogensportdiscount \u2013 Grandes marques, livraison rapide depuis la Suisse.","breadcrumb":{"@id":"https:\/\/bogensportdiscount.ch\/it\/prodotto\/ekpoelang-compound-armbrust-set-blade-plus-340fps-schwarz-175lbs\/#breadcrumb"},"inLanguage":"fr-FR","potentialAction":[{"@type":"ReadAction","target":["https:\/\/bogensportdiscount.ch\/it\/prodotto\/ekpoelang-compound-armbrust-set-blade-plus-340fps-schwarz-175lbs\/"]}]},{"@type":"ImageObject","inLanguage":"fr-FR","@id":"https:\/\/bogensportdiscount.ch\/it\/prodotto\/ekpoelang-compound-armbrust-set-blade-plus-340fps-schwarz-175lbs\/#primaryimage","url":"https:\/\/bogensportdiscount.ch\/wp-content\/uploads\/2026\/04\/bogensportdiscount.ch-pfeile-boegen-zubehoer-fuer-anfaenger-und-profis-zum-besten-preis-Symbolbild-kein-foto-zu-diesem-artikel_01.jpg","contentUrl":"https:\/\/bogensportdiscount.ch\/wp-content\/uploads\/2026\/04\/bogensportdiscount.ch-pfeile-boegen-zubehoer-fuer-anfaenger-und-profis-zum-besten-preis-Symbolbild-kein-foto-zu-diesem-artikel_01.jpg","width":1080,"height":1080},{"@type":"BreadcrumbList","@id":"https:\/\/bogensportdiscount.ch\/it\/prodotto\/ekpoelang-compound-armbrust-set-blade-plus-340fps-schwarz-175lbs\/#breadcrumb","itemListElement":[{"@type":"ListItem","position":1,"name":"Home","item":"https:\/\/bogensportdiscount.ch\/"},{"@type":"ListItem","position":2,"name":"Shop","item":"https:\/\/bogensportdiscount.ch\/shop\/"},{"@type":"ListItem","position":3,"name":"EK POELANG COMPOUND CROSSBOW SETS BLADE+ 340fps BLACK 175lbs. ZIELFERNROHR &#038; ZUBEHOER"}]},{"@type":"WebSite","@id":"https:\/\/bogensportdiscount.ch\/#website","url":"https:\/\/bogensportdiscount.ch\/","name":"Bogensportdiscount","description":"","potentialAction":[{"@type":"SearchAction","target":{"@type":"EntryPoint","urlTemplate":"https:\/\/bogensportdiscount.ch\/?s={search_term_string}"},"query-input":{"@type":"PropertyValueSpecification","valueRequired":true,"valueName":"search_term_string"}}],"inLanguage":"fr-FR"}]}},"_links":{"self":[{"href":"https:\/\/bogensportdiscount.ch\/fr\/wp-json\/wp\/v2\/product\/392367","targetHints":{"allow":["GET"]}}],"collection":[{"href":"https:\/\/bogensportdiscount.ch\/fr\/wp-json\/wp\/v2\/product"}],"about":[{"href":"https:\/\/bogensportdiscount.ch\/fr\/wp-json\/wp\/v2\/types\/product"}],"replies":[{"embeddable":true,"href":"https:\/\/bogensportdiscount.ch\/fr\/wp-json\/wp\/v2\/comments?post=392367"}],"wp:featuredmedia":[{"embeddable":true,"href":"https:\/\/bogensportdiscount.ch\/fr\/wp-json\/wp\/v2\/media\/453631"}],"wp:attachment":[{"href":"https:\/\/bogensportdiscount.ch\/fr\/wp-json\/wp\/v2\/media?parent=392367"}],"wp:term":[{"taxonomy":"product_brand","embeddable":true,"href":"https:\/\/bogensportdiscount.ch\/fr\/wp-json\/wp\/v2\/product_brand?post=392367"},{"taxonomy":"product_cat","embeddable":true,"href":"https:\/\/bogensportdiscount.ch\/fr\/wp-json\/wp\/v2\/product_cat?post=392367"},{"taxonomy":"product_tag","embeddable":true,"href":"https:\/\/bogensportdiscount.ch\/fr\/wp-json\/wp\/v2\/product_tag?post=392367"}],"curies":[{"name":"wp","href":"https:\/\/api.w.org\/{rel}","templated":true}]}}