{"id":392364,"date":"2026-04-05T14:25:44","date_gmt":"2026-04-05T12:25:44","guid":{"rendered":"https:\/\/bogensportdiscount.ch\/produkt\/avalon-covers-for-short-stabilizer-fleece-with-snap-fastener-50cm\/"},"modified":"2026-05-14T07:13:39","modified_gmt":"2026-05-14T05:13:39","slug":"avalon-fleece-schutzhuelle-kurz-stabilisator-druckknopf-50cm","status":"publish","type":"product","link":"https:\/\/bogensportdiscount.ch\/fr\/produit\/avalon-fleece-schutzhuelle-kurz-stabilisator-druckknopf-50cm\/","title":{"rendered":"AVALON SCHUTZH\u00dcLLEN F\u00dcR KURZE STABILISATOREN FLEECE MIT DRUCKKN\u00d6PFEN 50cm"},"content":{"rendered":"<p>Cette housse de protection AVALON est sp\u00e9cialement con\u00e7ue pour les stabilisateurs courts jusqu'\u00e0 50 cm de longueur. Le doux mat\u00e9riau en polaire prot\u00e8ge la surface du stabilisateur de mani\u00e8re fiable contre les dommages de transport, les rayures et la poussi\u00e8re.<\/p>\n<p>Le bouton-pression int\u00e9gr\u00e9 assure un maintien s\u00e9curis\u00e9 et permet une ouverture et une fermeture rapides. La housse est une solution simple et \u00e9conomique pour le transport et le rangement s\u00e9curis\u00e9s du stabilisateur.<\/p>\n<ul>\n<li>Compatible avec les stabilisateurs courts jusqu'\u00e0 50 cm<\/li>\n<li>Mat\u00e9riau polaire doux prot\u00e8ge contre les rayures<\/li>\n<li>Bouton-pression pour un maintien s\u00e9curis\u00e9<\/li>\n<li>L\u00e9ger et compact pour sac ou housse<\/li>\n<\/ul>","protected":false},"excerpt":{"rendered":"<table>\n<tr>\n<th>Propri\u00e9t\u00e9<\/th>\n<th>Valeur<\/th>\n<\/tr>\n<tr>\n<td>Marque<\/td>\n<td>Avalon<\/td>\n<\/tr>\n<tr>\n<td>Couleur<\/td>\n<td>Noir<\/td>\n<\/tr>\n<tr>\n<td>Pays d'origine<\/td>\n<td>Chine<\/td>\n<\/tr>\n<tr>\n<td>GTIN<\/td>\n<td>6017422259231<\/td>\n<\/tr>\n<\/table>","protected":false},"featured_media":442525,"comment_status":"open","ping_status":"closed","template":"","meta":[],"product_brand":[449],"product_cat":[4124,4125,4126],"product_tag":[3546],"class_list":{"0":"post-392364","1":"product","2":"type-product","3":"status-publish","4":"has-post-thumbnail","6":"product_brand-avalon","7":"product_cat-bogenschuetzer-ausruestung","8":"product_cat-taschen-koffer","9":"product_cat-huellen","10":"product_tag-neuheit","11":"product_shipping_class-bsd-standard","13":"first","14":"instock","15":"shipping-taxable","16":"purchasable","17":"product-type-simple"},"yoast_head":"<!-- This site is optimized with the Yoast SEO plugin v27.6 - https:\/\/yoast.com\/product\/yoast-seo-wordpress\/ -->\n<title>AVALON SCHUTZH\u00dcLLEN F\u00dcR KURZE STABILISATOREN FLEECE MIT DRUCKKN\u00d6PFEN 50cm - Bogensportdiscount \u2013 B\u00f6gen, Pfeile, Targets &amp; Zubeh\u00f6r<\/title>\n<meta name=\"description\" content=\"AVALON SCHUTZH\u00dcLLEN F\u00dcR KURZE STABILISATOREN FLEECE MIT DRUCKKN\u00d6PFEN 50cm g\u00fcnstig kaufen bei Bogensportdiscount \u2013 Top-Marken, schneller Versand aus der Schweiz.\" \/>\n<meta name=\"robots\" content=\"index, follow, max-snippet:-1, max-image-preview:large, max-video-preview:-1\" \/>\n<link rel=\"canonical\" href=\"https:\/\/bogensportdiscount.ch\/fr\/produit\/avalon-fleece-schutzhuelle-kurz-stabilisator-druckknopf-50cm\/\" \/>\n<meta property=\"og:locale\" content=\"fr_FR\" \/>\n<meta property=\"og:type\" content=\"article\" \/>\n<meta property=\"og:title\" content=\"AVALON SCHUTZH\u00dcLLEN F\u00dcR KURZE STABILISATOREN FLEECE MIT DRUCKKN\u00d6PFEN 50cm - Bogensportdiscount \u2013 B\u00f6gen, Pfeile, Targets &amp; Zubeh\u00f6r\" \/>\n<meta property=\"og:description\" content=\"AVALON SCHUTZH\u00dcLLEN F\u00dcR KURZE STABILISATOREN FLEECE MIT DRUCKKN\u00d6PFEN 50cm g\u00fcnstig kaufen bei Bogensportdiscount \u2013 Top-Marken, schneller Versand aus der Schweiz.\" \/>\n<meta property=\"og:url\" content=\"https:\/\/bogensportdiscount.ch\/fr\/produit\/avalon-fleece-schutzhuelle-kurz-stabilisator-druckknopf-50cm\/\" \/>\n<meta property=\"og:site_name\" content=\"Bogensportdiscount \u2013 B\u00f6gen, Pfeile, Targets &amp; Zubeh\u00f6r\" \/>\n<meta property=\"article:modified_time\" content=\"2026-05-14T05:13:39+00:00\" \/>\n<meta property=\"og:image\" content=\"https:\/\/bogensportdiscount.ch\/wp-content\/uploads\/bsm-images\/A045791_1.png\" \/>\n\t<meta property=\"og:image:width\" content=\"3720\" \/>\n\t<meta property=\"og:image:height\" content=\"2228\" \/>\n\t<meta property=\"og:image:type\" content=\"image\/png\" \/>\n<meta name=\"twitter:card\" content=\"summary_large_image\" \/>\n<script type=\"application\/ld+json\" class=\"yoast-schema-graph\">{\"@context\":\"https:\\\/\\\/schema.org\",\"@graph\":[{\"@type\":\"WebPage\",\"@id\":\"https:\\\/\\\/bogensportdiscount.ch\\\/produkt\\\/avalon-fleece-schutzhuelle-kurz-stabilisator-druckknopf-50cm\\\/\",\"url\":\"https:\\\/\\\/bogensportdiscount.ch\\\/produkt\\\/avalon-fleece-schutzhuelle-kurz-stabilisator-druckknopf-50cm\\\/\",\"name\":\"AVALON SCHUTZH\u00dcLLEN F\u00dcR KURZE STABILISATOREN FLEECE MIT DRUCKKN\u00d6PFEN 50cm - Bogensportdiscount \u2013 B\u00f6gen, Pfeile, Targets &amp; Zubeh\u00f6r\",\"isPartOf\":{\"@id\":\"https:\\\/\\\/bogensportdiscount.ch\\\/#website\"},\"primaryImageOfPage\":{\"@id\":\"https:\\\/\\\/bogensportdiscount.ch\\\/produkt\\\/avalon-fleece-schutzhuelle-kurz-stabilisator-druckknopf-50cm\\\/#primaryimage\"},\"image\":{\"@id\":\"https:\\\/\\\/bogensportdiscount.ch\\\/produkt\\\/avalon-fleece-schutzhuelle-kurz-stabilisator-druckknopf-50cm\\\/#primaryimage\"},\"thumbnailUrl\":\"https:\\\/\\\/bogensportdiscount.ch\\\/wp-content\\\/uploads\\\/bsm-images\\\/A045791_1.png\",\"datePublished\":\"2026-04-05T12:25:44+00:00\",\"dateModified\":\"2026-05-14T05:13:39+00:00\",\"description\":\"AVALON SCHUTZH\u00dcLLEN F\u00dcR KURZE STABILISATOREN FLEECE MIT DRUCKKN\u00d6PFEN 50cm g\u00fcnstig kaufen bei Bogensportdiscount \u2013 Top-Marken, schneller Versand aus der Schweiz.\",\"breadcrumb\":{\"@id\":\"https:\\\/\\\/bogensportdiscount.ch\\\/produkt\\\/avalon-fleece-schutzhuelle-kurz-stabilisator-druckknopf-50cm\\\/#breadcrumb\"},\"inLanguage\":\"fr-FR\",\"potentialAction\":[{\"@type\":\"ReadAction\",\"target\":[\"https:\\\/\\\/bogensportdiscount.ch\\\/produkt\\\/avalon-fleece-schutzhuelle-kurz-stabilisator-druckknopf-50cm\\\/\"]}]},{\"@type\":\"ImageObject\",\"inLanguage\":\"fr-FR\",\"@id\":\"https:\\\/\\\/bogensportdiscount.ch\\\/produkt\\\/avalon-fleece-schutzhuelle-kurz-stabilisator-druckknopf-50cm\\\/#primaryimage\",\"url\":\"https:\\\/\\\/bogensportdiscount.ch\\\/wp-content\\\/uploads\\\/bsm-images\\\/A045791_1.png\",\"contentUrl\":\"https:\\\/\\\/bogensportdiscount.ch\\\/wp-content\\\/uploads\\\/bsm-images\\\/A045791_1.png\",\"width\":3720,\"height\":2228},{\"@type\":\"BreadcrumbList\",\"@id\":\"https:\\\/\\\/bogensportdiscount.ch\\\/produkt\\\/avalon-fleece-schutzhuelle-kurz-stabilisator-druckknopf-50cm\\\/#breadcrumb\",\"itemListElement\":[{\"@type\":\"ListItem\",\"position\":1,\"name\":\"Home\",\"item\":\"https:\\\/\\\/bogensportdiscount.ch\\\/\"},{\"@type\":\"ListItem\",\"position\":2,\"name\":\"Shop\",\"item\":\"https:\\\/\\\/bogensportdiscount.ch\\\/shop\\\/\"},{\"@type\":\"ListItem\",\"position\":3,\"name\":\"AVALON COVERS FOR SHORT STABILIZER FLEECE WITH SNAP-FASTENER 50cm\"}]},{\"@type\":\"WebSite\",\"@id\":\"https:\\\/\\\/bogensportdiscount.ch\\\/#website\",\"url\":\"https:\\\/\\\/bogensportdiscount.ch\\\/\",\"name\":\"Bogensportdiscount\",\"description\":\"\",\"potentialAction\":[{\"@type\":\"SearchAction\",\"target\":{\"@type\":\"EntryPoint\",\"urlTemplate\":\"https:\\\/\\\/bogensportdiscount.ch\\\/?s={search_term_string}\"},\"query-input\":{\"@type\":\"PropertyValueSpecification\",\"valueRequired\":true,\"valueName\":\"search_term_string\"}}],\"inLanguage\":\"fr-FR\"}]}<\/script>\n<!-- \/ Yoast SEO plugin. -->","yoast_head_json":{"title":"AVALON SCHUTZH\u00dcLLEN F\u00dcR KURZE STABILISATOREN FLEECE MIT DRUCKKN\u00d6PFEN 50cm - Bogensportdiscount \u2013 B\u00f6gen, Pfeile, Targets &amp; Zubeh\u00f6r","description":"AVALON SCHUTZH\u00dcLLEN F\u00dcR KURZE STABILISATOREN FLEECE MIT DRUCKKN\u00d6PFEN 50cm g\u00fcnstig kaufen bei Bogensportdiscount \u2013 Top-Marken, schneller Versand aus der Schweiz.","robots":{"index":"index","follow":"follow","max-snippet":"max-snippet:-1","max-image-preview":"max-image-preview:large","max-video-preview":"max-video-preview:-1"},"canonical":"https:\/\/bogensportdiscount.ch\/fr\/produit\/avalon-fleece-schutzhuelle-kurz-stabilisator-druckknopf-50cm\/","og_locale":"fr_FR","og_type":"article","og_title":"AVALON SCHUTZH\u00dcLLEN F\u00dcR KURZE STABILISATOREN FLEECE MIT DRUCKKN\u00d6PFEN 50cm - Bogensportdiscount \u2013 B\u00f6gen, Pfeile, Targets &amp; Zubeh\u00f6r","og_description":"AVALON SCHUTZH\u00dcLLEN F\u00dcR KURZE STABILISATOREN FLEECE MIT DRUCKKN\u00d6PFEN 50cm g\u00fcnstig kaufen bei Bogensportdiscount \u2013 Top-Marken, schneller Versand aus der Schweiz.","og_url":"https:\/\/bogensportdiscount.ch\/fr\/produit\/avalon-fleece-schutzhuelle-kurz-stabilisator-druckknopf-50cm\/","og_site_name":"Bogensportdiscount \u2013 B\u00f6gen, Pfeile, Targets &amp; Zubeh\u00f6r","article_modified_time":"2026-05-14T05:13:39+00:00","og_image":[{"url":"https:\/\/bogensportdiscount.ch\/wp-content\/uploads\/bsm-images\/A045791_1.png","width":3720,"height":2228,"type":"image\/png"}],"twitter_card":"summary_large_image","schema":{"@context":"https:\/\/schema.org","@graph":[{"@type":"WebPage","@id":"https:\/\/bogensportdiscount.ch\/produkt\/avalon-fleece-schutzhuelle-kurz-stabilisator-druckknopf-50cm\/","url":"https:\/\/bogensportdiscount.ch\/produkt\/avalon-fleece-schutzhuelle-kurz-stabilisator-druckknopf-50cm\/","name":"AVALON SCHUTZH\u00dcLLEN F\u00dcR KURZE STABILISATOREN FLEECE MIT DRUCKKN\u00d6PFEN 50cm - Bogensportdiscount \u2013 B\u00f6gen, Pfeile, Targets &amp; Zubeh\u00f6r","isPartOf":{"@id":"https:\/\/bogensportdiscount.ch\/#website"},"primaryImageOfPage":{"@id":"https:\/\/bogensportdiscount.ch\/produkt\/avalon-fleece-schutzhuelle-kurz-stabilisator-druckknopf-50cm\/#primaryimage"},"image":{"@id":"https:\/\/bogensportdiscount.ch\/produkt\/avalon-fleece-schutzhuelle-kurz-stabilisator-druckknopf-50cm\/#primaryimage"},"thumbnailUrl":"https:\/\/bogensportdiscount.ch\/wp-content\/uploads\/bsm-images\/A045791_1.png","datePublished":"2026-04-05T12:25:44+00:00","dateModified":"2026-05-14T05:13:39+00:00","description":"AVALON SCHUTZH\u00dcLLEN F\u00dcR KURZE STABILISATOREN FLEECE MIT DRUCKKN\u00d6PFEN 50cm g\u00fcnstig kaufen bei Bogensportdiscount \u2013 Top-Marken, schneller Versand aus der Schweiz.","breadcrumb":{"@id":"https:\/\/bogensportdiscount.ch\/produkt\/avalon-fleece-schutzhuelle-kurz-stabilisator-druckknopf-50cm\/#breadcrumb"},"inLanguage":"fr-FR","potentialAction":[{"@type":"ReadAction","target":["https:\/\/bogensportdiscount.ch\/produkt\/avalon-fleece-schutzhuelle-kurz-stabilisator-druckknopf-50cm\/"]}]},{"@type":"ImageObject","inLanguage":"fr-FR","@id":"https:\/\/bogensportdiscount.ch\/produkt\/avalon-fleece-schutzhuelle-kurz-stabilisator-druckknopf-50cm\/#primaryimage","url":"https:\/\/bogensportdiscount.ch\/wp-content\/uploads\/bsm-images\/A045791_1.png","contentUrl":"https:\/\/bogensportdiscount.ch\/wp-content\/uploads\/bsm-images\/A045791_1.png","width":3720,"height":2228},{"@type":"BreadcrumbList","@id":"https:\/\/bogensportdiscount.ch\/produkt\/avalon-fleece-schutzhuelle-kurz-stabilisator-druckknopf-50cm\/#breadcrumb","itemListElement":[{"@type":"ListItem","position":1,"name":"Home","item":"https:\/\/bogensportdiscount.ch\/"},{"@type":"ListItem","position":2,"name":"Shop","item":"https:\/\/bogensportdiscount.ch\/shop\/"},{"@type":"ListItem","position":3,"name":"AVALON COVERS FOR SHORT STABILIZER FLEECE WITH SNAP-FASTENER 50cm"}]},{"@type":"WebSite","@id":"https:\/\/bogensportdiscount.ch\/#website","url":"https:\/\/bogensportdiscount.ch\/","name":"Bogensportdiscount","description":"","potentialAction":[{"@type":"SearchAction","target":{"@type":"EntryPoint","urlTemplate":"https:\/\/bogensportdiscount.ch\/?s={search_term_string}"},"query-input":{"@type":"PropertyValueSpecification","valueRequired":true,"valueName":"search_term_string"}}],"inLanguage":"fr-FR"}]}},"_links":{"self":[{"href":"https:\/\/bogensportdiscount.ch\/fr\/wp-json\/wp\/v2\/product\/392364","targetHints":{"allow":["GET"]}}],"collection":[{"href":"https:\/\/bogensportdiscount.ch\/fr\/wp-json\/wp\/v2\/product"}],"about":[{"href":"https:\/\/bogensportdiscount.ch\/fr\/wp-json\/wp\/v2\/types\/product"}],"replies":[{"embeddable":true,"href":"https:\/\/bogensportdiscount.ch\/fr\/wp-json\/wp\/v2\/comments?post=392364"}],"wp:featuredmedia":[{"embeddable":true,"href":"https:\/\/bogensportdiscount.ch\/fr\/wp-json\/wp\/v2\/media\/442525"}],"wp:attachment":[{"href":"https:\/\/bogensportdiscount.ch\/fr\/wp-json\/wp\/v2\/media?parent=392364"}],"wp:term":[{"taxonomy":"product_brand","embeddable":true,"href":"https:\/\/bogensportdiscount.ch\/fr\/wp-json\/wp\/v2\/product_brand?post=392364"},{"taxonomy":"product_cat","embeddable":true,"href":"https:\/\/bogensportdiscount.ch\/fr\/wp-json\/wp\/v2\/product_cat?post=392364"},{"taxonomy":"product_tag","embeddable":true,"href":"https:\/\/bogensportdiscount.ch\/fr\/wp-json\/wp\/v2\/product_tag?post=392364"}],"curies":[{"name":"wp","href":"https:\/\/api.w.org\/{rel}","templated":true}]}}