{"id":392363,"date":"2026-04-05T14:25:44","date_gmt":"2026-04-05T12:25:44","guid":{"rendered":"https:\/\/bogensportdiscount.ch\/produkt\/avalon-covers-for-long-stabilizer-fleece-with-snap-fastener-100cm-x-10cm\/"},"modified":"2026-05-14T07:13:39","modified_gmt":"2026-05-14T05:13:39","slug":"avalon-fleece-schutzhuelle-langstabilisator-druckknopf-100cm-10cm","status":"publish","type":"product","link":"https:\/\/bogensportdiscount.ch\/fr\/produit\/avalon-fleece-schutzhuelle-langstabilisator-druckknopf-100cm-10cm\/","title":{"rendered":"AVALON SCHUTZH\u00dcLLEN F\u00dcR LANGE STABILISATOREN FLEECE MIT DRUCKKN\u00d6PFEN 100cm x 10cm"},"content":{"rendered":"<p>La housse de protection en polaire AVALON est con\u00e7ue pour les stabilisateurs longs d'une longueur de 100 cm et d'un diam\u00e8tre allant jusqu'\u00e0 10 cm. Le doux mat\u00e9riau en polaire prot\u00e8ge le stabilisateur contre les dommages de surface lors du transport et du stockage.<\/p>\n<p>La fermeture \u00e0 pression int\u00e9gr\u00e9e garantit une manipulation ais\u00e9e et maintient la housse solidement ferm\u00e9e. La housse de protection convient aux archers pratiquant l'arc classique et l'arc \u00e0 poulies qui souhaitent prot\u00e9ger leur stabilisateur de mani\u00e8re fiable.<\/p>\n<ul>\n<li>Doux mat\u00e9riau en polaire pour une protection contre les rayures<\/li>\n<li>Fermeture \u00e0 pression pour une manipulation facile<\/li>\n<li>Taille : 100 cm x 10 cm<\/li>\n<li>Compatible avec les stabilisateurs longs courants<\/li>\n<\/ul>","protected":false},"excerpt":{"rendered":"<table>\n<tr>\n<th>Propri\u00e9t\u00e9<\/th>\n<th>Valeur<\/th>\n<\/tr>\n<tr>\n<td>Marque<\/td>\n<td>Avalon<\/td>\n<\/tr>\n<tr>\n<td>Couleur<\/td>\n<td>Noir<\/td>\n<\/tr>\n<tr>\n<td>Pays d'origine<\/td>\n<td>Chine<\/td>\n<\/tr>\n<tr>\n<td>GTIN<\/td>\n<td>6017416831887<\/td>\n<\/tr>\n<\/table>","protected":false},"featured_media":442524,"comment_status":"open","ping_status":"closed","template":"","meta":[],"product_brand":[449],"product_cat":[4124,4125,4126],"product_tag":[3546],"class_list":{"0":"post-392363","1":"product","2":"type-product","3":"status-publish","4":"has-post-thumbnail","6":"product_brand-avalon","7":"product_cat-bogenschuetzer-ausruestung","8":"product_cat-taschen-koffer","9":"product_cat-huellen","10":"product_tag-neuheit","11":"product_shipping_class-bsd-standard","13":"first","14":"instock","15":"shipping-taxable","16":"purchasable","17":"product-type-simple"},"yoast_head":"<!-- This site is optimized with the Yoast SEO plugin v27.6 - https:\/\/yoast.com\/product\/yoast-seo-wordpress\/ -->\n<title>AVALON SCHUTZH\u00dcLLEN F\u00dcR LANGE STABILISATOREN FLEECE MIT DRUCKKN\u00d6PFEN 100cm x 10cm - Bogensportdiscount \u2013 B\u00f6gen, Pfeile, Targets &amp; Zubeh\u00f6r<\/title>\n<meta name=\"description\" content=\"AVALON SCHUTZH\u00dcLLEN F\u00dcR LANGE STABILISATOREN FLEECE MIT DRUCKKN\u00d6PFEN 100cm x 10cm g\u00fcnstig kaufen bei Bogensportdiscount \u2013 Top-Marken, schneller Versand aus der Schweiz.\" \/>\n<meta name=\"robots\" content=\"index, follow, max-snippet:-1, max-image-preview:large, max-video-preview:-1\" \/>\n<link rel=\"canonical\" href=\"https:\/\/bogensportdiscount.ch\/fr\/produit\/avalon-fleece-schutzhuelle-langstabilisator-druckknopf-100cm-10cm\/\" \/>\n<meta property=\"og:locale\" content=\"fr_FR\" \/>\n<meta property=\"og:type\" content=\"article\" \/>\n<meta property=\"og:title\" content=\"AVALON SCHUTZH\u00dcLLEN F\u00dcR LANGE STABILISATOREN FLEECE MIT DRUCKKN\u00d6PFEN 100cm x 10cm - Bogensportdiscount \u2013 B\u00f6gen, Pfeile, Targets &amp; Zubeh\u00f6r\" \/>\n<meta property=\"og:description\" content=\"AVALON SCHUTZH\u00dcLLEN F\u00dcR LANGE STABILISATOREN FLEECE MIT DRUCKKN\u00d6PFEN 100cm x 10cm g\u00fcnstig kaufen bei Bogensportdiscount \u2013 Top-Marken, schneller Versand aus der Schweiz.\" \/>\n<meta property=\"og:url\" content=\"https:\/\/bogensportdiscount.ch\/fr\/produit\/avalon-fleece-schutzhuelle-langstabilisator-druckknopf-100cm-10cm\/\" \/>\n<meta property=\"og:site_name\" content=\"Bogensportdiscount \u2013 B\u00f6gen, Pfeile, Targets &amp; Zubeh\u00f6r\" \/>\n<meta property=\"article:modified_time\" content=\"2026-05-14T05:13:39+00:00\" \/>\n<meta property=\"og:image\" content=\"https:\/\/bogensportdiscount.ch\/wp-content\/uploads\/bsm-images\/A045788_1.png\" \/>\n\t<meta property=\"og:image:width\" content=\"6190\" \/>\n\t<meta property=\"og:image:height\" content=\"3235\" \/>\n\t<meta property=\"og:image:type\" content=\"image\/png\" \/>\n<meta name=\"twitter:card\" content=\"summary_large_image\" \/>\n<script type=\"application\/ld+json\" class=\"yoast-schema-graph\">{\"@context\":\"https:\\\/\\\/schema.org\",\"@graph\":[{\"@type\":\"WebPage\",\"@id\":\"https:\\\/\\\/bogensportdiscount.ch\\\/produkt\\\/avalon-fleece-schutzhuelle-langstabilisator-druckknopf-100cm-10cm\\\/\",\"url\":\"https:\\\/\\\/bogensportdiscount.ch\\\/produkt\\\/avalon-fleece-schutzhuelle-langstabilisator-druckknopf-100cm-10cm\\\/\",\"name\":\"AVALON SCHUTZH\u00dcLLEN F\u00dcR LANGE STABILISATOREN FLEECE MIT DRUCKKN\u00d6PFEN 100cm x 10cm - Bogensportdiscount \u2013 B\u00f6gen, Pfeile, Targets &amp; Zubeh\u00f6r\",\"isPartOf\":{\"@id\":\"https:\\\/\\\/bogensportdiscount.ch\\\/#website\"},\"primaryImageOfPage\":{\"@id\":\"https:\\\/\\\/bogensportdiscount.ch\\\/produkt\\\/avalon-fleece-schutzhuelle-langstabilisator-druckknopf-100cm-10cm\\\/#primaryimage\"},\"image\":{\"@id\":\"https:\\\/\\\/bogensportdiscount.ch\\\/produkt\\\/avalon-fleece-schutzhuelle-langstabilisator-druckknopf-100cm-10cm\\\/#primaryimage\"},\"thumbnailUrl\":\"https:\\\/\\\/bogensportdiscount.ch\\\/wp-content\\\/uploads\\\/bsm-images\\\/A045788_1.png\",\"datePublished\":\"2026-04-05T12:25:44+00:00\",\"dateModified\":\"2026-05-14T05:13:39+00:00\",\"description\":\"AVALON SCHUTZH\u00dcLLEN F\u00dcR LANGE STABILISATOREN FLEECE MIT DRUCKKN\u00d6PFEN 100cm x 10cm g\u00fcnstig kaufen bei Bogensportdiscount \u2013 Top-Marken, schneller Versand aus der Schweiz.\",\"breadcrumb\":{\"@id\":\"https:\\\/\\\/bogensportdiscount.ch\\\/produkt\\\/avalon-fleece-schutzhuelle-langstabilisator-druckknopf-100cm-10cm\\\/#breadcrumb\"},\"inLanguage\":\"fr-FR\",\"potentialAction\":[{\"@type\":\"ReadAction\",\"target\":[\"https:\\\/\\\/bogensportdiscount.ch\\\/produkt\\\/avalon-fleece-schutzhuelle-langstabilisator-druckknopf-100cm-10cm\\\/\"]}]},{\"@type\":\"ImageObject\",\"inLanguage\":\"fr-FR\",\"@id\":\"https:\\\/\\\/bogensportdiscount.ch\\\/produkt\\\/avalon-fleece-schutzhuelle-langstabilisator-druckknopf-100cm-10cm\\\/#primaryimage\",\"url\":\"https:\\\/\\\/bogensportdiscount.ch\\\/wp-content\\\/uploads\\\/bsm-images\\\/A045788_1.png\",\"contentUrl\":\"https:\\\/\\\/bogensportdiscount.ch\\\/wp-content\\\/uploads\\\/bsm-images\\\/A045788_1.png\",\"width\":6190,\"height\":3235},{\"@type\":\"BreadcrumbList\",\"@id\":\"https:\\\/\\\/bogensportdiscount.ch\\\/produkt\\\/avalon-fleece-schutzhuelle-langstabilisator-druckknopf-100cm-10cm\\\/#breadcrumb\",\"itemListElement\":[{\"@type\":\"ListItem\",\"position\":1,\"name\":\"Home\",\"item\":\"https:\\\/\\\/bogensportdiscount.ch\\\/\"},{\"@type\":\"ListItem\",\"position\":2,\"name\":\"Shop\",\"item\":\"https:\\\/\\\/bogensportdiscount.ch\\\/shop\\\/\"},{\"@type\":\"ListItem\",\"position\":3,\"name\":\"AVALON COVERS FOR LONG STABILIZER FLEECE WITH SNAP-FASTENER 100cm x 10cm\"}]},{\"@type\":\"WebSite\",\"@id\":\"https:\\\/\\\/bogensportdiscount.ch\\\/#website\",\"url\":\"https:\\\/\\\/bogensportdiscount.ch\\\/\",\"name\":\"Bogensportdiscount\",\"description\":\"\",\"potentialAction\":[{\"@type\":\"SearchAction\",\"target\":{\"@type\":\"EntryPoint\",\"urlTemplate\":\"https:\\\/\\\/bogensportdiscount.ch\\\/?s={search_term_string}\"},\"query-input\":{\"@type\":\"PropertyValueSpecification\",\"valueRequired\":true,\"valueName\":\"search_term_string\"}}],\"inLanguage\":\"fr-FR\"}]}<\/script>\n<!-- \/ Yoast SEO plugin. -->","yoast_head_json":{"title":"AVALON SCHUTZH\u00dcLLEN F\u00dcR LANGE STABILISATOREN FLEECE MIT DRUCKKN\u00d6PFEN 100cm x 10cm - Bogensportdiscount \u2013 B\u00f6gen, Pfeile, Targets &amp; Zubeh\u00f6r","description":"AVALON SCHUTZH\u00dcLLEN F\u00dcR LANGE STABILISATOREN FLEECE MIT DRUCKKN\u00d6PFEN 100cm x 10cm g\u00fcnstig kaufen bei Bogensportdiscount \u2013 Top-Marken, schneller Versand aus der Schweiz.","robots":{"index":"index","follow":"follow","max-snippet":"max-snippet:-1","max-image-preview":"max-image-preview:large","max-video-preview":"max-video-preview:-1"},"canonical":"https:\/\/bogensportdiscount.ch\/fr\/produit\/avalon-fleece-schutzhuelle-langstabilisator-druckknopf-100cm-10cm\/","og_locale":"fr_FR","og_type":"article","og_title":"AVALON SCHUTZH\u00dcLLEN F\u00dcR LANGE STABILISATOREN FLEECE MIT DRUCKKN\u00d6PFEN 100cm x 10cm - Bogensportdiscount \u2013 B\u00f6gen, Pfeile, Targets &amp; Zubeh\u00f6r","og_description":"AVALON SCHUTZH\u00dcLLEN F\u00dcR LANGE STABILISATOREN FLEECE MIT DRUCKKN\u00d6PFEN 100cm x 10cm g\u00fcnstig kaufen bei Bogensportdiscount \u2013 Top-Marken, schneller Versand aus der Schweiz.","og_url":"https:\/\/bogensportdiscount.ch\/fr\/produit\/avalon-fleece-schutzhuelle-langstabilisator-druckknopf-100cm-10cm\/","og_site_name":"Bogensportdiscount \u2013 B\u00f6gen, Pfeile, Targets &amp; Zubeh\u00f6r","article_modified_time":"2026-05-14T05:13:39+00:00","og_image":[{"url":"https:\/\/bogensportdiscount.ch\/wp-content\/uploads\/bsm-images\/A045788_1.png","width":6190,"height":3235,"type":"image\/png"}],"twitter_card":"summary_large_image","schema":{"@context":"https:\/\/schema.org","@graph":[{"@type":"WebPage","@id":"https:\/\/bogensportdiscount.ch\/produkt\/avalon-fleece-schutzhuelle-langstabilisator-druckknopf-100cm-10cm\/","url":"https:\/\/bogensportdiscount.ch\/produkt\/avalon-fleece-schutzhuelle-langstabilisator-druckknopf-100cm-10cm\/","name":"AVALON SCHUTZH\u00dcLLEN F\u00dcR LANGE STABILISATOREN FLEECE MIT DRUCKKN\u00d6PFEN 100cm x 10cm - Bogensportdiscount \u2013 B\u00f6gen, Pfeile, Targets &amp; Zubeh\u00f6r","isPartOf":{"@id":"https:\/\/bogensportdiscount.ch\/#website"},"primaryImageOfPage":{"@id":"https:\/\/bogensportdiscount.ch\/produkt\/avalon-fleece-schutzhuelle-langstabilisator-druckknopf-100cm-10cm\/#primaryimage"},"image":{"@id":"https:\/\/bogensportdiscount.ch\/produkt\/avalon-fleece-schutzhuelle-langstabilisator-druckknopf-100cm-10cm\/#primaryimage"},"thumbnailUrl":"https:\/\/bogensportdiscount.ch\/wp-content\/uploads\/bsm-images\/A045788_1.png","datePublished":"2026-04-05T12:25:44+00:00","dateModified":"2026-05-14T05:13:39+00:00","description":"AVALON SCHUTZH\u00dcLLEN F\u00dcR LANGE STABILISATOREN FLEECE MIT DRUCKKN\u00d6PFEN 100cm x 10cm g\u00fcnstig kaufen bei Bogensportdiscount \u2013 Top-Marken, schneller Versand aus der Schweiz.","breadcrumb":{"@id":"https:\/\/bogensportdiscount.ch\/produkt\/avalon-fleece-schutzhuelle-langstabilisator-druckknopf-100cm-10cm\/#breadcrumb"},"inLanguage":"fr-FR","potentialAction":[{"@type":"ReadAction","target":["https:\/\/bogensportdiscount.ch\/produkt\/avalon-fleece-schutzhuelle-langstabilisator-druckknopf-100cm-10cm\/"]}]},{"@type":"ImageObject","inLanguage":"fr-FR","@id":"https:\/\/bogensportdiscount.ch\/produkt\/avalon-fleece-schutzhuelle-langstabilisator-druckknopf-100cm-10cm\/#primaryimage","url":"https:\/\/bogensportdiscount.ch\/wp-content\/uploads\/bsm-images\/A045788_1.png","contentUrl":"https:\/\/bogensportdiscount.ch\/wp-content\/uploads\/bsm-images\/A045788_1.png","width":6190,"height":3235},{"@type":"BreadcrumbList","@id":"https:\/\/bogensportdiscount.ch\/produkt\/avalon-fleece-schutzhuelle-langstabilisator-druckknopf-100cm-10cm\/#breadcrumb","itemListElement":[{"@type":"ListItem","position":1,"name":"Home","item":"https:\/\/bogensportdiscount.ch\/"},{"@type":"ListItem","position":2,"name":"Shop","item":"https:\/\/bogensportdiscount.ch\/shop\/"},{"@type":"ListItem","position":3,"name":"AVALON COVERS FOR LONG STABILIZER FLEECE WITH SNAP-FASTENER 100cm x 10cm"}]},{"@type":"WebSite","@id":"https:\/\/bogensportdiscount.ch\/#website","url":"https:\/\/bogensportdiscount.ch\/","name":"Bogensportdiscount","description":"","potentialAction":[{"@type":"SearchAction","target":{"@type":"EntryPoint","urlTemplate":"https:\/\/bogensportdiscount.ch\/?s={search_term_string}"},"query-input":{"@type":"PropertyValueSpecification","valueRequired":true,"valueName":"search_term_string"}}],"inLanguage":"fr-FR"}]}},"_links":{"self":[{"href":"https:\/\/bogensportdiscount.ch\/fr\/wp-json\/wp\/v2\/product\/392363","targetHints":{"allow":["GET"]}}],"collection":[{"href":"https:\/\/bogensportdiscount.ch\/fr\/wp-json\/wp\/v2\/product"}],"about":[{"href":"https:\/\/bogensportdiscount.ch\/fr\/wp-json\/wp\/v2\/types\/product"}],"replies":[{"embeddable":true,"href":"https:\/\/bogensportdiscount.ch\/fr\/wp-json\/wp\/v2\/comments?post=392363"}],"wp:featuredmedia":[{"embeddable":true,"href":"https:\/\/bogensportdiscount.ch\/fr\/wp-json\/wp\/v2\/media\/442524"}],"wp:attachment":[{"href":"https:\/\/bogensportdiscount.ch\/fr\/wp-json\/wp\/v2\/media?parent=392363"}],"wp:term":[{"taxonomy":"product_brand","embeddable":true,"href":"https:\/\/bogensportdiscount.ch\/fr\/wp-json\/wp\/v2\/product_brand?post=392363"},{"taxonomy":"product_cat","embeddable":true,"href":"https:\/\/bogensportdiscount.ch\/fr\/wp-json\/wp\/v2\/product_cat?post=392363"},{"taxonomy":"product_tag","embeddable":true,"href":"https:\/\/bogensportdiscount.ch\/fr\/wp-json\/wp\/v2\/product_tag?post=392363"}],"curies":[{"name":"wp","href":"https:\/\/api.w.org\/{rel}","templated":true}]}}