{"id":392362,"date":"2026-04-05T14:25:44","date_gmt":"2026-04-05T12:25:44","guid":{"rendered":"https:\/\/bogensportdiscount.ch\/produkt\/avalon-cover-for-limbs-in-fleece-with-snap-fastener-per-pair\/"},"modified":"2026-05-14T07:13:39","modified_gmt":"2026-05-14T05:13:39","slug":"avalon-wurfarm-schutzhuelle-fleece-druckknopf-paar","status":"publish","type":"product","link":"https:\/\/bogensportdiscount.ch\/fr\/produit\/avalon-wurfarm-schutzhuelle-fleece-druckknopf-paar\/","title":{"rendered":"AVALON SCHUTZH\u00dcLLE F\u00dcR WURFARME AUS FLEECE MIT DRUCKKN\u00d6PFEN PRO PAAR"},"content":{"rendered":"<p>Ces prot\u00e8ge-branches de AVALON sont fabriqu\u00e9s en polaire douce et prot\u00e8gent de mani\u00e8re fiable les branches d'un arc classique contre les dommages. La fermeture \u00e0 pression int\u00e9gr\u00e9e assure un maintien s\u00e9curis\u00e9 et emp\u00eache la housse de glisser ou de tomber involontairement lors du transport.<\/p>\n<p>Le mat\u00e9riau en polaire est doux pour la surface des branches et convient aussi bien pour le rangement \u00e0 domicile que pour le transport \u00e0 l'entra\u00eenement ou en comp\u00e9tition. La livraison comprend une paire de housses, soit une housse pour la branche sup\u00e9rieure et une pour la branche inf\u00e9rieure.<\/p>\n<ul>\n<li>Mat\u00e9riau en polaire douce prot\u00e8ge contre les rayures et la poussi\u00e8re<\/li>\n<li>Bouton-pression pour un maintien s\u00e9curis\u00e9<\/li>\n<li>Convient pour le transport et le stockage<\/li>\n<li>Contenu de la livraison : 1 paire (2 pi\u00e8ces)<\/li>\n<\/ul>","protected":false},"excerpt":{"rendered":"<table>\n<tr>\n<th>Propri\u00e9t\u00e9<\/th>\n<th>Valeur<\/th>\n<\/tr>\n<tr>\n<td>Marque<\/td>\n<td>Avalon<\/td>\n<\/tr>\n<tr>\n<td>Couleur<\/td>\n<td>Noir<\/td>\n<\/tr>\n<tr>\n<td>Pays d'origine<\/td>\n<td>Chine<\/td>\n<\/tr>\n<tr>\n<td>GTIN<\/td>\n<td>6017446633697<\/td>\n<\/tr>\n<\/table>","protected":false},"featured_media":442523,"comment_status":"open","ping_status":"closed","template":"","meta":[],"product_brand":[449],"product_cat":[4124,4125,4126],"product_tag":[3546],"class_list":{"0":"post-392362","1":"product","2":"type-product","3":"status-publish","4":"has-post-thumbnail","6":"product_brand-avalon","7":"product_cat-bogenschuetzer-ausruestung","8":"product_cat-taschen-koffer","9":"product_cat-huellen","10":"product_tag-neuheit","11":"product_shipping_class-bsd-standard","13":"first","14":"instock","15":"shipping-taxable","16":"purchasable","17":"product-type-simple"},"yoast_head":"<!-- This site is optimized with the Yoast SEO plugin v27.6 - https:\/\/yoast.com\/product\/yoast-seo-wordpress\/ -->\n<title>AVALON SCHUTZH\u00dcLLE F\u00dcR WURFARME AUS FLEECE MIT DRUCKKN\u00d6PFEN PRO PAAR - Bogensportdiscount \u2013 B\u00f6gen, Pfeile, Targets &amp; Zubeh\u00f6r<\/title>\n<meta name=\"description\" content=\"AVALON SCHUTZH\u00dcLLE F\u00dcR WURFARME AUS FLEECE MIT DRUCKKN\u00d6PFEN PRO PAAR g\u00fcnstig kaufen bei Bogensportdiscount \u2013 Top-Marken, schneller Versand aus der Schweiz.\" \/>\n<meta name=\"robots\" content=\"index, follow, max-snippet:-1, max-image-preview:large, max-video-preview:-1\" \/>\n<link rel=\"canonical\" href=\"https:\/\/bogensportdiscount.ch\/fr\/produit\/avalon-wurfarm-schutzhuelle-fleece-druckknopf-paar\/\" \/>\n<meta property=\"og:locale\" content=\"fr_FR\" \/>\n<meta property=\"og:type\" content=\"article\" \/>\n<meta property=\"og:title\" content=\"AVALON SCHUTZH\u00dcLLE F\u00dcR WURFARME AUS FLEECE MIT DRUCKKN\u00d6PFEN PRO PAAR - Bogensportdiscount \u2013 B\u00f6gen, Pfeile, Targets &amp; Zubeh\u00f6r\" \/>\n<meta property=\"og:description\" content=\"AVALON SCHUTZH\u00dcLLE F\u00dcR WURFARME AUS FLEECE MIT DRUCKKN\u00d6PFEN PRO PAAR g\u00fcnstig kaufen bei Bogensportdiscount \u2013 Top-Marken, schneller Versand aus der Schweiz.\" \/>\n<meta property=\"og:url\" content=\"https:\/\/bogensportdiscount.ch\/fr\/produit\/avalon-wurfarm-schutzhuelle-fleece-druckknopf-paar\/\" \/>\n<meta property=\"og:site_name\" content=\"Bogensportdiscount \u2013 B\u00f6gen, Pfeile, Targets &amp; Zubeh\u00f6r\" \/>\n<meta property=\"article:modified_time\" content=\"2026-05-14T05:13:39+00:00\" \/>\n<meta property=\"og:image\" content=\"https:\/\/bogensportdiscount.ch\/wp-content\/uploads\/bsm-images\/A045786_1.png\" \/>\n\t<meta property=\"og:image:width\" content=\"5118\" \/>\n\t<meta property=\"og:image:height\" content=\"2281\" \/>\n\t<meta property=\"og:image:type\" content=\"image\/png\" \/>\n<meta name=\"twitter:card\" content=\"summary_large_image\" \/>\n<meta name=\"twitter:label1\" content=\"Dur\u00e9e de lecture estim\u00e9e\" \/>\n\t<meta name=\"twitter:data1\" content=\"1 minute\" \/>\n<script type=\"application\/ld+json\" class=\"yoast-schema-graph\">{\"@context\":\"https:\\\/\\\/schema.org\",\"@graph\":[{\"@type\":\"WebPage\",\"@id\":\"https:\\\/\\\/bogensportdiscount.ch\\\/produkt\\\/avalon-wurfarm-schutzhuelle-fleece-druckknopf-paar\\\/\",\"url\":\"https:\\\/\\\/bogensportdiscount.ch\\\/produkt\\\/avalon-wurfarm-schutzhuelle-fleece-druckknopf-paar\\\/\",\"name\":\"AVALON SCHUTZH\u00dcLLE F\u00dcR WURFARME AUS FLEECE MIT DRUCKKN\u00d6PFEN PRO PAAR - Bogensportdiscount \u2013 B\u00f6gen, Pfeile, Targets &amp; Zubeh\u00f6r\",\"isPartOf\":{\"@id\":\"https:\\\/\\\/bogensportdiscount.ch\\\/#website\"},\"primaryImageOfPage\":{\"@id\":\"https:\\\/\\\/bogensportdiscount.ch\\\/produkt\\\/avalon-wurfarm-schutzhuelle-fleece-druckknopf-paar\\\/#primaryimage\"},\"image\":{\"@id\":\"https:\\\/\\\/bogensportdiscount.ch\\\/produkt\\\/avalon-wurfarm-schutzhuelle-fleece-druckknopf-paar\\\/#primaryimage\"},\"thumbnailUrl\":\"https:\\\/\\\/bogensportdiscount.ch\\\/wp-content\\\/uploads\\\/bsm-images\\\/A045786_1.png\",\"datePublished\":\"2026-04-05T12:25:44+00:00\",\"dateModified\":\"2026-05-14T05:13:39+00:00\",\"description\":\"AVALON SCHUTZH\u00dcLLE F\u00dcR WURFARME AUS FLEECE MIT DRUCKKN\u00d6PFEN PRO PAAR g\u00fcnstig kaufen bei Bogensportdiscount \u2013 Top-Marken, schneller Versand aus der Schweiz.\",\"breadcrumb\":{\"@id\":\"https:\\\/\\\/bogensportdiscount.ch\\\/produkt\\\/avalon-wurfarm-schutzhuelle-fleece-druckknopf-paar\\\/#breadcrumb\"},\"inLanguage\":\"fr-FR\",\"potentialAction\":[{\"@type\":\"ReadAction\",\"target\":[\"https:\\\/\\\/bogensportdiscount.ch\\\/produkt\\\/avalon-wurfarm-schutzhuelle-fleece-druckknopf-paar\\\/\"]}]},{\"@type\":\"ImageObject\",\"inLanguage\":\"fr-FR\",\"@id\":\"https:\\\/\\\/bogensportdiscount.ch\\\/produkt\\\/avalon-wurfarm-schutzhuelle-fleece-druckknopf-paar\\\/#primaryimage\",\"url\":\"https:\\\/\\\/bogensportdiscount.ch\\\/wp-content\\\/uploads\\\/bsm-images\\\/A045786_1.png\",\"contentUrl\":\"https:\\\/\\\/bogensportdiscount.ch\\\/wp-content\\\/uploads\\\/bsm-images\\\/A045786_1.png\",\"width\":5118,\"height\":2281},{\"@type\":\"BreadcrumbList\",\"@id\":\"https:\\\/\\\/bogensportdiscount.ch\\\/produkt\\\/avalon-wurfarm-schutzhuelle-fleece-druckknopf-paar\\\/#breadcrumb\",\"itemListElement\":[{\"@type\":\"ListItem\",\"position\":1,\"name\":\"Home\",\"item\":\"https:\\\/\\\/bogensportdiscount.ch\\\/\"},{\"@type\":\"ListItem\",\"position\":2,\"name\":\"Shop\",\"item\":\"https:\\\/\\\/bogensportdiscount.ch\\\/shop\\\/\"},{\"@type\":\"ListItem\",\"position\":3,\"name\":\"AVALON COVER FOR LIMBS IN FLEECE WITH SNAP-FASTENER PER PAIR\"}]},{\"@type\":\"WebSite\",\"@id\":\"https:\\\/\\\/bogensportdiscount.ch\\\/#website\",\"url\":\"https:\\\/\\\/bogensportdiscount.ch\\\/\",\"name\":\"Bogensportdiscount\",\"description\":\"\",\"potentialAction\":[{\"@type\":\"SearchAction\",\"target\":{\"@type\":\"EntryPoint\",\"urlTemplate\":\"https:\\\/\\\/bogensportdiscount.ch\\\/?s={search_term_string}\"},\"query-input\":{\"@type\":\"PropertyValueSpecification\",\"valueRequired\":true,\"valueName\":\"search_term_string\"}}],\"inLanguage\":\"fr-FR\"}]}<\/script>\n<!-- \/ Yoast SEO plugin. -->","yoast_head_json":{"title":"AVALON SCHUTZH\u00dcLLE F\u00dcR WURFARME AUS FLEECE MIT DRUCKKN\u00d6PFEN PRO PAAR - Bogensportdiscount \u2013 B\u00f6gen, Pfeile, Targets &amp; Zubeh\u00f6r","description":"AVALON SCHUTZH\u00dcLLE F\u00dcR WURFARME AUS FLEECE MIT DRUCKKN\u00d6PFEN PRO PAAR g\u00fcnstig kaufen bei Bogensportdiscount \u2013 Top-Marken, schneller Versand aus der Schweiz.","robots":{"index":"index","follow":"follow","max-snippet":"max-snippet:-1","max-image-preview":"max-image-preview:large","max-video-preview":"max-video-preview:-1"},"canonical":"https:\/\/bogensportdiscount.ch\/fr\/produit\/avalon-wurfarm-schutzhuelle-fleece-druckknopf-paar\/","og_locale":"fr_FR","og_type":"article","og_title":"AVALON SCHUTZH\u00dcLLE F\u00dcR WURFARME AUS FLEECE MIT DRUCKKN\u00d6PFEN PRO PAAR - Bogensportdiscount \u2013 B\u00f6gen, Pfeile, Targets &amp; Zubeh\u00f6r","og_description":"AVALON SCHUTZH\u00dcLLE F\u00dcR WURFARME AUS FLEECE MIT DRUCKKN\u00d6PFEN PRO PAAR g\u00fcnstig kaufen bei Bogensportdiscount \u2013 Top-Marken, schneller Versand aus der Schweiz.","og_url":"https:\/\/bogensportdiscount.ch\/fr\/produit\/avalon-wurfarm-schutzhuelle-fleece-druckknopf-paar\/","og_site_name":"Bogensportdiscount \u2013 B\u00f6gen, Pfeile, Targets &amp; Zubeh\u00f6r","article_modified_time":"2026-05-14T05:13:39+00:00","og_image":[{"url":"https:\/\/bogensportdiscount.ch\/wp-content\/uploads\/bsm-images\/A045786_1.png","width":5118,"height":2281,"type":"image\/png"}],"twitter_card":"summary_large_image","twitter_misc":{"Dur\u00e9e de lecture estim\u00e9e":"1 minute"},"schema":{"@context":"https:\/\/schema.org","@graph":[{"@type":"WebPage","@id":"https:\/\/bogensportdiscount.ch\/produkt\/avalon-wurfarm-schutzhuelle-fleece-druckknopf-paar\/","url":"https:\/\/bogensportdiscount.ch\/produkt\/avalon-wurfarm-schutzhuelle-fleece-druckknopf-paar\/","name":"AVALON SCHUTZH\u00dcLLE F\u00dcR WURFARME AUS FLEECE MIT DRUCKKN\u00d6PFEN PRO PAAR - Bogensportdiscount \u2013 B\u00f6gen, Pfeile, Targets &amp; Zubeh\u00f6r","isPartOf":{"@id":"https:\/\/bogensportdiscount.ch\/#website"},"primaryImageOfPage":{"@id":"https:\/\/bogensportdiscount.ch\/produkt\/avalon-wurfarm-schutzhuelle-fleece-druckknopf-paar\/#primaryimage"},"image":{"@id":"https:\/\/bogensportdiscount.ch\/produkt\/avalon-wurfarm-schutzhuelle-fleece-druckknopf-paar\/#primaryimage"},"thumbnailUrl":"https:\/\/bogensportdiscount.ch\/wp-content\/uploads\/bsm-images\/A045786_1.png","datePublished":"2026-04-05T12:25:44+00:00","dateModified":"2026-05-14T05:13:39+00:00","description":"AVALON SCHUTZH\u00dcLLE F\u00dcR WURFARME AUS FLEECE MIT DRUCKKN\u00d6PFEN PRO PAAR g\u00fcnstig kaufen bei Bogensportdiscount \u2013 Top-Marken, schneller Versand aus der Schweiz.","breadcrumb":{"@id":"https:\/\/bogensportdiscount.ch\/produkt\/avalon-wurfarm-schutzhuelle-fleece-druckknopf-paar\/#breadcrumb"},"inLanguage":"fr-FR","potentialAction":[{"@type":"ReadAction","target":["https:\/\/bogensportdiscount.ch\/produkt\/avalon-wurfarm-schutzhuelle-fleece-druckknopf-paar\/"]}]},{"@type":"ImageObject","inLanguage":"fr-FR","@id":"https:\/\/bogensportdiscount.ch\/produkt\/avalon-wurfarm-schutzhuelle-fleece-druckknopf-paar\/#primaryimage","url":"https:\/\/bogensportdiscount.ch\/wp-content\/uploads\/bsm-images\/A045786_1.png","contentUrl":"https:\/\/bogensportdiscount.ch\/wp-content\/uploads\/bsm-images\/A045786_1.png","width":5118,"height":2281},{"@type":"BreadcrumbList","@id":"https:\/\/bogensportdiscount.ch\/produkt\/avalon-wurfarm-schutzhuelle-fleece-druckknopf-paar\/#breadcrumb","itemListElement":[{"@type":"ListItem","position":1,"name":"Home","item":"https:\/\/bogensportdiscount.ch\/"},{"@type":"ListItem","position":2,"name":"Shop","item":"https:\/\/bogensportdiscount.ch\/shop\/"},{"@type":"ListItem","position":3,"name":"AVALON COVER FOR LIMBS IN FLEECE WITH SNAP-FASTENER PER PAIR"}]},{"@type":"WebSite","@id":"https:\/\/bogensportdiscount.ch\/#website","url":"https:\/\/bogensportdiscount.ch\/","name":"Bogensportdiscount","description":"","potentialAction":[{"@type":"SearchAction","target":{"@type":"EntryPoint","urlTemplate":"https:\/\/bogensportdiscount.ch\/?s={search_term_string}"},"query-input":{"@type":"PropertyValueSpecification","valueRequired":true,"valueName":"search_term_string"}}],"inLanguage":"fr-FR"}]}},"_links":{"self":[{"href":"https:\/\/bogensportdiscount.ch\/fr\/wp-json\/wp\/v2\/product\/392362","targetHints":{"allow":["GET"]}}],"collection":[{"href":"https:\/\/bogensportdiscount.ch\/fr\/wp-json\/wp\/v2\/product"}],"about":[{"href":"https:\/\/bogensportdiscount.ch\/fr\/wp-json\/wp\/v2\/types\/product"}],"replies":[{"embeddable":true,"href":"https:\/\/bogensportdiscount.ch\/fr\/wp-json\/wp\/v2\/comments?post=392362"}],"wp:featuredmedia":[{"embeddable":true,"href":"https:\/\/bogensportdiscount.ch\/fr\/wp-json\/wp\/v2\/media\/442523"}],"wp:attachment":[{"href":"https:\/\/bogensportdiscount.ch\/fr\/wp-json\/wp\/v2\/media?parent=392362"}],"wp:term":[{"taxonomy":"product_brand","embeddable":true,"href":"https:\/\/bogensportdiscount.ch\/fr\/wp-json\/wp\/v2\/product_brand?post=392362"},{"taxonomy":"product_cat","embeddable":true,"href":"https:\/\/bogensportdiscount.ch\/fr\/wp-json\/wp\/v2\/product_cat?post=392362"},{"taxonomy":"product_tag","embeddable":true,"href":"https:\/\/bogensportdiscount.ch\/fr\/wp-json\/wp\/v2\/product_tag?post=392362"}],"curies":[{"name":"wp","href":"https:\/\/api.w.org\/{rel}","templated":true}]}}