{"id":392360,"date":"2026-04-05T14:25:43","date_gmt":"2026-04-05T12:25:43","guid":{"rendered":"https:\/\/bogensportdiscount.ch\/produkt\/beiter-lock-mountset-2-hole-nut-turner-m13-wrench-5-32-all-key\/"},"modified":"2026-04-15T12:13:58","modified_gmt":"2026-04-15T10:13:58","slug":"beiter-lock-mountset-2-loch-mutternschluessel-m13-inbusschluessel-5-32","status":"publish","type":"product","link":"https:\/\/bogensportdiscount.ch\/fr\/produit\/beiter-lock-mountset-2-loch-mutternschluessel-m13-inbusschluessel-5-32\/","title":{"rendered":"BEITER LOCK MOUNTSET 2-HOLE NUT TURNER M13 WRENCH 5\/32 ALL &amp; KEY"},"content":{"rendered":"<p>Das BEITER Lock Mountset 2-Loch ist ein Werkzeugset f\u00fcr die Montage und Wartung von Bogensport-Zubeh\u00f6r. Es beinhaltet einen Mutternschl\u00fcssel M13 mit 2-Loch-Aufnahme sowie einen Inbusschl\u00fcssel der Gr\u00f6sse 5\/32 Zoll. Das Set ist speziell auf BEITER-Komponenten abgestimmt und vereinfacht Einstellarbeiten am Schiesssystem.<\/p>\n<p>Das All &amp; Key Format macht das Set zu einem kompakten Hilfsmittel f\u00fcr den Einsatz auf dem Schiessstand oder in der Werkstatt. Dank der aufeinander abgestimmten Werkzeuge lassen sich Befestigungen sicher und ohne Besch\u00e4digung der Komponenten l\u00f6sen und festziehen.<\/p>\n<ul>\n<li>Mutternschl\u00fcssel M13 mit 2-Loch-Aufnahme<\/li>\n<li>Inbusschl\u00fcssel 5\/32 Zoll enthalten<\/li>\n<li>Auf BEITER-Komponenten abgestimmt<\/li>\n<li>Kompaktes Set f\u00fcr Schiessstand und Werkstatt<\/li>\n<\/ul>","protected":false},"excerpt":{"rendered":"<p><strong>Marque :<\/strong> Beiter<\/p>","protected":false},"featured_media":442533,"comment_status":"open","ping_status":"closed","template":"","meta":[],"product_brand":[419],"product_cat":[4243],"product_tag":[3546],"class_list":{"0":"post-392360","1":"product","2":"type-product","3":"status-publish","4":"has-post-thumbnail","6":"product_brand-beiter","7":"product_cat-allen-wrenches-torx-sets","8":"product_tag-neuheit","10":"first","11":"instock","12":"shipping-taxable","13":"purchasable","14":"product-type-simple"},"_links":{"self":[{"href":"https:\/\/bogensportdiscount.ch\/fr\/wp-json\/wp\/v2\/product\/392360","targetHints":{"allow":["GET"]}}],"collection":[{"href":"https:\/\/bogensportdiscount.ch\/fr\/wp-json\/wp\/v2\/product"}],"about":[{"href":"https:\/\/bogensportdiscount.ch\/fr\/wp-json\/wp\/v2\/types\/product"}],"replies":[{"embeddable":true,"href":"https:\/\/bogensportdiscount.ch\/fr\/wp-json\/wp\/v2\/comments?post=392360"}],"wp:featuredmedia":[{"embeddable":true,"href":"https:\/\/bogensportdiscount.ch\/fr\/wp-json\/wp\/v2\/media\/442533"}],"wp:attachment":[{"href":"https:\/\/bogensportdiscount.ch\/fr\/wp-json\/wp\/v2\/media?parent=392360"}],"wp:term":[{"taxonomy":"product_brand","embeddable":true,"href":"https:\/\/bogensportdiscount.ch\/fr\/wp-json\/wp\/v2\/product_brand?post=392360"},{"taxonomy":"product_cat","embeddable":true,"href":"https:\/\/bogensportdiscount.ch\/fr\/wp-json\/wp\/v2\/product_cat?post=392360"},{"taxonomy":"product_tag","embeddable":true,"href":"https:\/\/bogensportdiscount.ch\/fr\/wp-json\/wp\/v2\/product_tag?post=392360"}],"curies":[{"name":"wp","href":"https:\/\/api.w.org\/{rel}","templated":true}]}}