{"id":392359,"date":"2026-04-05T14:25:43","date_gmt":"2026-04-05T12:25:43","guid":{"rendered":"https:\/\/bogensportdiscount.ch\/produkt\/axcel-curve-rx-drilled-lens-pro-14mm-010-red-fiber-fire-ring-rheostat-black-recurve-scope\/"},"modified":"2026-04-20T12:47:43","modified_gmt":"2026-04-20T10:47:43","slug":"axcel-recurve-zielfernrohr-curve-rx-drilled-lens-pro-14mm-010-rote-faser-fire-ring-rheostat-schwarz","status":"publish","type":"product","link":"https:\/\/bogensportdiscount.ch\/fr\/produit\/axcel-recurve-zielfernrohr-curve-rx-drilled-lens-pro-14mm-010-rote-faser-fire-ring-rheostat-schwarz\/","title":{"rendered":"AXCEL CURVE RX DRILLED LENS PRO 14mm \/ .010&#8243; RED FIBER FIRE RING \/ RHEOSTAT BLACK RECURVE ZIELFERNROHR"},"content":{"rendered":"<p>Das AXCEL Curve RX Drilled Lens Pro ist ein Zielfernrohr, das speziell f\u00fcr den Einsatz am Recurve-Bogen entwickelt wurde. Die gebohrte Pro-Linse mit 14 mm Durchmesser sorgt f\u00fcr ein klares Sichtfeld, w\u00e4hrend der rote Faseroptik-Fire-Ring (.010&#8243;) eine pr\u00e4zise Zielaufnahme auch bei wechselnden Lichtverh\u00e4ltnissen erm\u00f6glicht.<\/p>\n<p>Der integrierte schwarze Rheostat erlaubt eine individuelle Anpassung der Leuchtintensit\u00e4t des Fire-Rings, sodass das Visier sowohl in hellen als auch in schw\u00e4cheren Lichtsituationen zuverl\u00e4ssig funktioniert. Das Scope ist in schwarzer Ausf\u00fchrung gehalten und f\u00fcgt sich optisch unauff\u00e4llig in die Ausr\u00fcstung ein.<\/p>\n<ul>\n<li>Gebohrte Pro-Linse, 14 mm Durchmesser<\/li>\n<li>Roter Faseroptik-Fire-Ring, .010&#8243;<\/li>\n<li>Rheostat zur Helligkeitsregelung, Farbe Schwarz<\/li>\n<li>Ausgelegt f\u00fcr Recurve-B\u00f6gen<\/li>\n<\/ul>","protected":false},"excerpt":{"rendered":"<p><strong>Marque :<\/strong> Axcel<br \/><strong>LH\/RH:<\/strong> Ambidextre<br \/><strong>Couleur:<\/strong> Noir<br \/><strong>Pin color:<\/strong> Rouge<br \/><strong>Taille du pin :<\/strong> 010<\/p>","protected":false},"featured_media":453631,"comment_status":"open","ping_status":"closed","template":"","meta":[],"product_brand":[467],"product_cat":[4370],"product_tag":[3546],"class_list":{"0":"post-392359","1":"product","2":"type-product","3":"status-publish","4":"has-post-thumbnail","6":"product_brand-axcel","7":"product_cat-recurve-scope-komplett","8":"product_tag-neuheit","10":"first","11":"instock","12":"shipping-taxable","13":"purchasable","14":"product-type-simple"},"yoast_head":"<!-- This site is optimized with the Yoast SEO plugin v27.4 - https:\/\/yoast.com\/product\/yoast-seo-wordpress\/ -->\n<title>AXCEL CURVE RX DRILLED LENS PRO 14 mm \/ anneau de vis\u00e9e en fibre rouge de 0,010&quot; \/ lunette de vis\u00e9e Recurve noire avec rh\u00e9ostat - Bogensportdiscount \u2013 Arcs, fl\u00e8ches, cibles et accessoires<\/title>\n<meta name=\"description\" content=\"AXCEL CURVE RX DRILLED LENS PRO 14 mm \/ anneau lumineux en fibre rouge de 0,010&quot; \/ lunette de vis\u00e9e Recurve noire avec rh\u00e9ostat : achetez-la \u00e0 prix avantageux chez Bogensportdiscount \u2013 grandes marques, livraison rapide depuis la Suisse.\" \/>\n<meta name=\"robots\" content=\"noindex, follow, max-snippet:-1, max-image-preview:large, max-video-preview:-1\" \/>\n<meta property=\"og:locale\" content=\"fr_FR\" \/>\n<meta property=\"og:type\" content=\"article\" \/>\n<meta property=\"og:title\" content=\"AXCEL CURVE RX DRILLED LENS PRO 14 mm \/ anneau de vis\u00e9e en fibre rouge de 0,010&quot; \/ lunette de vis\u00e9e Recurve noire avec rh\u00e9ostat - Bogensportdiscount \u2013 Arcs, fl\u00e8ches, cibles et accessoires\" \/>\n<meta property=\"og:description\" content=\"AXCEL CURVE RX DRILLED LENS PRO 14 mm \/ anneau lumineux en fibre rouge de 0,010&quot; \/ lunette de vis\u00e9e Recurve noire avec rh\u00e9ostat : achetez-la \u00e0 prix avantageux chez Bogensportdiscount \u2013 grandes marques, livraison rapide depuis la Suisse.\" \/>\n<meta property=\"og:url\" content=\"https:\/\/bogensportdiscount.ch\/fr\/prodotto\/axcel-recurve-zielfernrohr-curve-rx-drilled-lens-pro-14mm-010-rote-faser-fire-ring-rheostat-schwarz\/\" \/>\n<meta property=\"og:site_name\" content=\"Bogensportdiscount \u2013 B\u00f6gen, Pfeile, Targets &amp; Zubeh\u00f6r\" \/>\n<meta property=\"article:modified_time\" content=\"2026-04-20T10:47:43+00:00\" \/>\n<meta property=\"og:image\" content=\"https:\/\/bogensportdiscount.ch\/wp-content\/uploads\/bsm-images\/A045714_1.png\" \/>\n\t<meta property=\"og:image:width\" content=\"2048\" \/>\n\t<meta property=\"og:image:height\" content=\"1345\" \/>\n\t<meta property=\"og:image:type\" content=\"image\/png\" \/>\n<meta name=\"twitter:card\" content=\"summary_large_image\" \/>\n<meta name=\"twitter:label1\" content=\"Dur\u00e9e de lecture estim\u00e9e\" \/>\n\t<meta name=\"twitter:data1\" content=\"1 minute\" \/>\n<script type=\"application\/ld+json\" class=\"yoast-schema-graph\">{\"@context\":\"https:\\\/\\\/schema.org\",\"@graph\":[{\"@type\":\"WebPage\",\"@id\":\"https:\\\/\\\/bogensportdiscount.ch\\\/it\\\/prodotto\\\/axcel-recurve-zielfernrohr-curve-rx-drilled-lens-pro-14mm-010-rote-faser-fire-ring-rheostat-schwarz\\\/\",\"url\":\"https:\\\/\\\/bogensportdiscount.ch\\\/it\\\/prodotto\\\/axcel-recurve-zielfernrohr-curve-rx-drilled-lens-pro-14mm-010-rote-faser-fire-ring-rheostat-schwarz\\\/\",\"name\":\"AXCEL CURVE RX DRILLED LENS PRO 14mm \\\/ .010\\\" RED FIBER FIRE RING \\\/ RHEOSTAT BLACK RECURVE ZIELFERNROHR - Bogensportdiscount \u2013 B\u00f6gen, Pfeile, Targets &amp; Zubeh\u00f6r\",\"isPartOf\":{\"@id\":\"https:\\\/\\\/bogensportdiscount.ch\\\/#website\"},\"primaryImageOfPage\":{\"@id\":\"https:\\\/\\\/bogensportdiscount.ch\\\/it\\\/prodotto\\\/axcel-recurve-zielfernrohr-curve-rx-drilled-lens-pro-14mm-010-rote-faser-fire-ring-rheostat-schwarz\\\/#primaryimage\"},\"image\":{\"@id\":\"https:\\\/\\\/bogensportdiscount.ch\\\/it\\\/prodotto\\\/axcel-recurve-zielfernrohr-curve-rx-drilled-lens-pro-14mm-010-rote-faser-fire-ring-rheostat-schwarz\\\/#primaryimage\"},\"thumbnailUrl\":\"https:\\\/\\\/bogensportdiscount.ch\\\/wp-content\\\/uploads\\\/2026\\\/04\\\/bogensportdiscount.ch-pfeile-boegen-zubehoer-fuer-anfaenger-und-profis-zum-besten-preis-Symbolbild-kein-foto-zu-diesem-artikel_01.jpg\",\"datePublished\":\"2026-04-05T12:25:43+00:00\",\"dateModified\":\"2026-04-20T10:47:43+00:00\",\"description\":\"AXCEL CURVE RX DRILLED LENS PRO 14mm \\\/ .010\\\" RED FIBER FIRE RING \\\/ RHEOSTAT BLACK RECURVE ZIELFERNROHR g\u00fcnstig kaufen bei Bogensportdiscount \u2013 Top-Marken, schneller Versand aus der Schweiz.\",\"breadcrumb\":{\"@id\":\"https:\\\/\\\/bogensportdiscount.ch\\\/it\\\/prodotto\\\/axcel-recurve-zielfernrohr-curve-rx-drilled-lens-pro-14mm-010-rote-faser-fire-ring-rheostat-schwarz\\\/#breadcrumb\"},\"inLanguage\":\"fr-FR\",\"potentialAction\":[{\"@type\":\"ReadAction\",\"target\":[\"https:\\\/\\\/bogensportdiscount.ch\\\/it\\\/prodotto\\\/axcel-recurve-zielfernrohr-curve-rx-drilled-lens-pro-14mm-010-rote-faser-fire-ring-rheostat-schwarz\\\/\"]}]},{\"@type\":\"ImageObject\",\"inLanguage\":\"fr-FR\",\"@id\":\"https:\\\/\\\/bogensportdiscount.ch\\\/it\\\/prodotto\\\/axcel-recurve-zielfernrohr-curve-rx-drilled-lens-pro-14mm-010-rote-faser-fire-ring-rheostat-schwarz\\\/#primaryimage\",\"url\":\"https:\\\/\\\/bogensportdiscount.ch\\\/wp-content\\\/uploads\\\/2026\\\/04\\\/bogensportdiscount.ch-pfeile-boegen-zubehoer-fuer-anfaenger-und-profis-zum-besten-preis-Symbolbild-kein-foto-zu-diesem-artikel_01.jpg\",\"contentUrl\":\"https:\\\/\\\/bogensportdiscount.ch\\\/wp-content\\\/uploads\\\/2026\\\/04\\\/bogensportdiscount.ch-pfeile-boegen-zubehoer-fuer-anfaenger-und-profis-zum-besten-preis-Symbolbild-kein-foto-zu-diesem-artikel_01.jpg\",\"width\":1080,\"height\":1080},{\"@type\":\"BreadcrumbList\",\"@id\":\"https:\\\/\\\/bogensportdiscount.ch\\\/it\\\/prodotto\\\/axcel-recurve-zielfernrohr-curve-rx-drilled-lens-pro-14mm-010-rote-faser-fire-ring-rheostat-schwarz\\\/#breadcrumb\",\"itemListElement\":[{\"@type\":\"ListItem\",\"position\":1,\"name\":\"Home\",\"item\":\"https:\\\/\\\/bogensportdiscount.ch\\\/\"},{\"@type\":\"ListItem\",\"position\":2,\"name\":\"Shop\",\"item\":\"https:\\\/\\\/bogensportdiscount.ch\\\/shop\\\/\"},{\"@type\":\"ListItem\",\"position\":3,\"name\":\"AXCEL CURVE RX DRILLED LENS PRO 14mm \\\/ .010&#8243; RED FIBER FIRE RING \\\/ RHEOSTAT BLACK RECURVE ZIELFERNROHR\"}]},{\"@type\":\"WebSite\",\"@id\":\"https:\\\/\\\/bogensportdiscount.ch\\\/#website\",\"url\":\"https:\\\/\\\/bogensportdiscount.ch\\\/\",\"name\":\"Bogensportdiscount\",\"description\":\"\",\"potentialAction\":[{\"@type\":\"SearchAction\",\"target\":{\"@type\":\"EntryPoint\",\"urlTemplate\":\"https:\\\/\\\/bogensportdiscount.ch\\\/?s={search_term_string}\"},\"query-input\":{\"@type\":\"PropertyValueSpecification\",\"valueRequired\":true,\"valueName\":\"search_term_string\"}}],\"inLanguage\":\"fr-FR\"}]}<\/script>\n<!-- \/ Yoast SEO plugin. -->","yoast_head_json":{"title":"AXCEL CURVE RX DRILLED LENS PRO 14 mm \/ anneau de vis\u00e9e en fibre rouge de 0,010&quot; \/ lunette de vis\u00e9e Recurve noire avec rh\u00e9ostat - Bogensportdiscount \u2013 Arcs, fl\u00e8ches, cibles et accessoires","description":"AXCEL CURVE RX DRILLED LENS PRO 14 mm \/ anneau lumineux en fibre rouge de 0,010&quot; \/ lunette de vis\u00e9e Recurve noire avec rh\u00e9ostat : achetez-la \u00e0 prix avantageux chez Bogensportdiscount \u2013 grandes marques, livraison rapide depuis la Suisse.","robots":{"index":"noindex","follow":"follow","max-snippet":"max-snippet:-1","max-image-preview":"max-image-preview:large","max-video-preview":"max-video-preview:-1"},"og_locale":"fr_FR","og_type":"article","og_title":"AXCEL CURVE RX DRILLED LENS PRO 14 mm \/ anneau de vis\u00e9e en fibre rouge de 0,010&quot; \/ lunette de vis\u00e9e Recurve noire avec rh\u00e9ostat - Bogensportdiscount \u2013 Arcs, fl\u00e8ches, cibles et accessoires","og_description":"AXCEL CURVE RX DRILLED LENS PRO 14 mm \/ anneau lumineux en fibre rouge de 0,010&quot; \/ lunette de vis\u00e9e Recurve noire avec rh\u00e9ostat : achetez-la \u00e0 prix avantageux chez Bogensportdiscount \u2013 grandes marques, livraison rapide depuis la Suisse.","og_url":"https:\/\/bogensportdiscount.ch\/fr\/prodotto\/axcel-recurve-zielfernrohr-curve-rx-drilled-lens-pro-14mm-010-rote-faser-fire-ring-rheostat-schwarz\/","og_site_name":"Bogensportdiscount \u2013 B\u00f6gen, Pfeile, Targets &amp; Zubeh\u00f6r","article_modified_time":"2026-04-20T10:47:43+00:00","og_image":[{"width":2048,"height":1345,"url":"https:\/\/bogensportdiscount.ch\/wp-content\/uploads\/bsm-images\/A045714_1.png","type":"image\/png"}],"twitter_card":"summary_large_image","twitter_misc":{"Dur\u00e9e de lecture estim\u00e9e":"1 minute"},"schema":{"@context":"https:\/\/schema.org","@graph":[{"@type":"WebPage","@id":"https:\/\/bogensportdiscount.ch\/it\/prodotto\/axcel-recurve-zielfernrohr-curve-rx-drilled-lens-pro-14mm-010-rote-faser-fire-ring-rheostat-schwarz\/","url":"https:\/\/bogensportdiscount.ch\/it\/prodotto\/axcel-recurve-zielfernrohr-curve-rx-drilled-lens-pro-14mm-010-rote-faser-fire-ring-rheostat-schwarz\/","name":"AXCEL CURVE RX DRILLED LENS PRO 14 mm \/ anneau de vis\u00e9e en fibre rouge de 0,010&quot; \/ lunette de vis\u00e9e Recurve noire avec rh\u00e9ostat - Bogensportdiscount \u2013 Arcs, fl\u00e8ches, cibles et accessoires","isPartOf":{"@id":"https:\/\/bogensportdiscount.ch\/#website"},"primaryImageOfPage":{"@id":"https:\/\/bogensportdiscount.ch\/it\/prodotto\/axcel-recurve-zielfernrohr-curve-rx-drilled-lens-pro-14mm-010-rote-faser-fire-ring-rheostat-schwarz\/#primaryimage"},"image":{"@id":"https:\/\/bogensportdiscount.ch\/it\/prodotto\/axcel-recurve-zielfernrohr-curve-rx-drilled-lens-pro-14mm-010-rote-faser-fire-ring-rheostat-schwarz\/#primaryimage"},"thumbnailUrl":"https:\/\/bogensportdiscount.ch\/wp-content\/uploads\/2026\/04\/bogensportdiscount.ch-pfeile-boegen-zubehoer-fuer-anfaenger-und-profis-zum-besten-preis-Symbolbild-kein-foto-zu-diesem-artikel_01.jpg","datePublished":"2026-04-05T12:25:43+00:00","dateModified":"2026-04-20T10:47:43+00:00","description":"AXCEL CURVE RX DRILLED LENS PRO 14 mm \/ anneau lumineux en fibre rouge de 0,010&quot; \/ lunette de vis\u00e9e Recurve noire avec rh\u00e9ostat : achetez-la \u00e0 prix avantageux chez Bogensportdiscount \u2013 grandes marques, livraison rapide depuis la Suisse.","breadcrumb":{"@id":"https:\/\/bogensportdiscount.ch\/it\/prodotto\/axcel-recurve-zielfernrohr-curve-rx-drilled-lens-pro-14mm-010-rote-faser-fire-ring-rheostat-schwarz\/#breadcrumb"},"inLanguage":"fr-FR","potentialAction":[{"@type":"ReadAction","target":["https:\/\/bogensportdiscount.ch\/it\/prodotto\/axcel-recurve-zielfernrohr-curve-rx-drilled-lens-pro-14mm-010-rote-faser-fire-ring-rheostat-schwarz\/"]}]},{"@type":"ImageObject","inLanguage":"fr-FR","@id":"https:\/\/bogensportdiscount.ch\/it\/prodotto\/axcel-recurve-zielfernrohr-curve-rx-drilled-lens-pro-14mm-010-rote-faser-fire-ring-rheostat-schwarz\/#primaryimage","url":"https:\/\/bogensportdiscount.ch\/wp-content\/uploads\/2026\/04\/bogensportdiscount.ch-pfeile-boegen-zubehoer-fuer-anfaenger-und-profis-zum-besten-preis-Symbolbild-kein-foto-zu-diesem-artikel_01.jpg","contentUrl":"https:\/\/bogensportdiscount.ch\/wp-content\/uploads\/2026\/04\/bogensportdiscount.ch-pfeile-boegen-zubehoer-fuer-anfaenger-und-profis-zum-besten-preis-Symbolbild-kein-foto-zu-diesem-artikel_01.jpg","width":1080,"height":1080},{"@type":"BreadcrumbList","@id":"https:\/\/bogensportdiscount.ch\/it\/prodotto\/axcel-recurve-zielfernrohr-curve-rx-drilled-lens-pro-14mm-010-rote-faser-fire-ring-rheostat-schwarz\/#breadcrumb","itemListElement":[{"@type":"ListItem","position":1,"name":"Home","item":"https:\/\/bogensportdiscount.ch\/"},{"@type":"ListItem","position":2,"name":"Shop","item":"https:\/\/bogensportdiscount.ch\/shop\/"},{"@type":"ListItem","position":3,"name":"AXCEL CURVE RX DRILLED LENS PRO 14mm \/ .010&#8243; RED FIBER FIRE RING \/ RHEOSTAT BLACK RECURVE ZIELFERNROHR"}]},{"@type":"WebSite","@id":"https:\/\/bogensportdiscount.ch\/#website","url":"https:\/\/bogensportdiscount.ch\/","name":"Bogensportdiscount","description":"","potentialAction":[{"@type":"SearchAction","target":{"@type":"EntryPoint","urlTemplate":"https:\/\/bogensportdiscount.ch\/?s={search_term_string}"},"query-input":{"@type":"PropertyValueSpecification","valueRequired":true,"valueName":"search_term_string"}}],"inLanguage":"fr-FR"}]}},"_links":{"self":[{"href":"https:\/\/bogensportdiscount.ch\/fr\/wp-json\/wp\/v2\/product\/392359","targetHints":{"allow":["GET"]}}],"collection":[{"href":"https:\/\/bogensportdiscount.ch\/fr\/wp-json\/wp\/v2\/product"}],"about":[{"href":"https:\/\/bogensportdiscount.ch\/fr\/wp-json\/wp\/v2\/types\/product"}],"replies":[{"embeddable":true,"href":"https:\/\/bogensportdiscount.ch\/fr\/wp-json\/wp\/v2\/comments?post=392359"}],"wp:featuredmedia":[{"embeddable":true,"href":"https:\/\/bogensportdiscount.ch\/fr\/wp-json\/wp\/v2\/media\/453631"}],"wp:attachment":[{"href":"https:\/\/bogensportdiscount.ch\/fr\/wp-json\/wp\/v2\/media?parent=392359"}],"wp:term":[{"taxonomy":"product_brand","embeddable":true,"href":"https:\/\/bogensportdiscount.ch\/fr\/wp-json\/wp\/v2\/product_brand?post=392359"},{"taxonomy":"product_cat","embeddable":true,"href":"https:\/\/bogensportdiscount.ch\/fr\/wp-json\/wp\/v2\/product_cat?post=392359"},{"taxonomy":"product_tag","embeddable":true,"href":"https:\/\/bogensportdiscount.ch\/fr\/wp-json\/wp\/v2\/product_tag?post=392359"}],"curies":[{"name":"wp","href":"https:\/\/api.w.org\/{rel}","templated":true}]}}